{"id":769,"date":"2021-05-13T07:06:48","date_gmt":"2021-05-13T07:06:48","guid":{"rendered":"https:\/\/loshopdicamilla.net\/?post_type=product&#038;p=769"},"modified":"2023-07-19T20:32:59","modified_gmt":"2023-07-19T20:32:59","slug":"mymask-superfood-pure-pelli-miste-e-impure","status":"publish","type":"product","link":"https:\/\/loshopdicamilla.net\/it\/prodotto\/mymask-superfood-pure-pelli-miste-e-impure\/","title":{"rendered":"Mymask Superfood Pure Pelli Miste e Impure"},"content":{"rendered":"<p>\u00c8 adatta alla mia pelle? Ispirata alla forza benefica dei Superfood, la maschera viso Pure di Mymask \u00e8 adatta alle pelli miste o impure, bisognose di eliminare le impurit\u00e0 per ritrovare la naturale luminosit\u00e0 e purezza. Come si compone? La Maschera viso Pure di MyMask \u00e8 stata specificamente formulata per purificare e rivitalizzare la pelle in profondit\u00e0. Questa maschera in crema combina diversi principi attivi e superfood come l&#8217;argilla verde e l&#8217;alga spirulina, che riducono le imperfezioni della cute e rendono la pelle levigata, liscia e vitale. L&#8217;Argilla Verde grazie alle sue propriet\u00e0 purificanti, aiuta a controllare l&#8217;eccesso di sebo e a migliorarne l&#8217;aspetto. Mentre l&#8217;alga Spirulina, idratante, migliora l&#8217;elasticit\u00e0 della pelle. Dermatologicamente testata.<\/p>\n<p>La Linea Superfood di MyMask utilizza tutta la forza dei superfood ingredienti naturali ricchi di nutritivi, per dare vitalit\u00e0 alla tua pelle.<\/p>\n<div class=\"col-md-12\">\n<h3><b>Caratteristiche<\/b><\/h3>\n<\/div>\n<div class=\"col-md-12\">Purificante + Rivitalizzante<br \/>\nCon Alga Spirulina e Argilla Verde<br \/>\nDermatologicamente Testata<\/div>\n<div>\n<div class=\"col-md-12\">\n<h3><b>Preparazione e uso<\/b><\/h3>\n<\/div>\n<div class=\"col-md-12\">Per pelli miste e impure Come si applica? Utilizzare una o due volte a settimana. Applicare il prodotto sulla pelle detersa e asciutta, evitando il contorno degli occhi e della bocca e massaggiare delicatamente. Lasciare agire per 10-15 minuti e rimuovere gli eventuali residui con cotone inumidito o con una spugnetta e sciacquare con acqua.<\/div>\n<div>\n<div class=\"col-md-12\">\n<h3><b>Avertenze di sicurezza<\/b><\/h3>\n<\/div>\n<div class=\"col-md-12\">AVVERTENZE Solo per uso esterno. Le maschere all&#8217;argilla non sono per pelli sensibili, sottili e delicate. Applicare su cute integra. Evitare il contatto con occhi e labbra. Confezione monodose. In caso di irritazione, sciacquare con acqua fredda e sospendere l&#8217;uso. Non utilizzare detergenti. Tenere fuori dalla portata dei bambini.<\/div>\n<\/div>\n<\/div>\n<span class=\"et_bloom_bottom_trigger\"><\/span>","protected":false},"excerpt":{"rendered":"<p>\u00c8 adatta alla mia pelle? Ispirata alla forza benefica dei Superfood, la maschera viso Pure di Mymask \u00e8 adatta alle pelli miste o impure, bisognose di eliminare le impurit\u00e0 per ritrovare la naturale luminosit\u00e0 e purezza. Come si compone? La Maschera viso Pure di MyMask \u00e8 stata specificamente formulata per purificare e rivitalizzare la pelle [&hellip;]<\/p>\n","protected":false},"featured_media":774,"comment_status":"open","ping_status":"closed","template":"","meta":{"_et_pb_use_builder":"","_et_pb_old_content":"","_et_gb_content_width":""},"product_brand":[],"product_cat":[211,84],"product_tag":[213,214,212],"class_list":{"0":"post-769","1":"product","2":"type-product","3":"status-publish","4":"has-post-thumbnail","6":"product_cat-cura-del-viso","7":"product_cat-salute-e-benessere","8":"product_tag-maschera-faccia","9":"product_tag-maschera-viso","10":"product_tag-mymask","11":"product_shipping_class-0-2-kg","12":"pa_google-merchant-category-368","14":"first","15":"instock","16":"sale","17":"taxable","18":"shipping-taxable","19":"purchasable","20":"product-type-simple"},"yoast_head":"<!-- This site is optimized with the Yoast SEO plugin v26.5 - https:\/\/yoast.com\/wordpress\/plugins\/seo\/ -->\n<title>Mymask Superfood Pure Pelli Miste e Impure - Lo Shop di Camilla<\/title>\n<meta name=\"description\" content=\"Mymask Superfood Pure\" \/>\n<meta name=\"robots\" content=\"index, follow, max-snippet:-1, max-image-preview:large, max-video-preview:-1\" \/>\n<link rel=\"canonical\" href=\"https:\/\/loshopdicamilla.net\/it\/prodotto\/mymask-superfood-pure-pelli-miste-e-impure\/\" \/>\n<meta property=\"og:locale\" content=\"it_IT\" \/>\n<meta property=\"og:type\" content=\"article\" \/>\n<meta property=\"og:title\" content=\"Mymask Superfood Pure Pelli Miste e Impure - Lo Shop di Camilla\" \/>\n<meta property=\"og:description\" content=\"Mymask Superfood Pure\" \/>\n<meta property=\"og:url\" content=\"https:\/\/loshopdicamilla.net\/it\/prodotto\/mymask-superfood-pure-pelli-miste-e-impure\/\" \/>\n<meta property=\"og:site_name\" content=\"Lo Shop di Camilla\" \/>\n<meta property=\"article:modified_time\" content=\"2023-07-19T20:32:59+00:00\" \/>\n<meta property=\"og:image\" content=\"https:\/\/i0.wp.com\/loshopdicamilla.net\/wp-content\/uploads\/2021\/05\/mymask-superfood-pure.png?fit=1200%2C1200&ssl=1\" \/>\n\t<meta property=\"og:image:width\" content=\"1200\" \/>\n\t<meta property=\"og:image:height\" content=\"1200\" \/>\n\t<meta property=\"og:image:type\" content=\"image\/png\" \/>\n<meta name=\"twitter:card\" content=\"summary_large_image\" \/>\n<meta name=\"twitter:label1\" content=\"Tempo di lettura stimato\" \/>\n\t<meta name=\"twitter:data1\" content=\"2 minuti\" \/>\n<script type=\"application\/ld+json\" class=\"yoast-schema-graph\">{\"@context\":\"https:\/\/schema.org\",\"@graph\":[{\"@type\":\"WebPage\",\"@id\":\"https:\/\/loshopdicamilla.net\/it\/prodotto\/mymask-superfood-pure-pelli-miste-e-impure\/\",\"url\":\"https:\/\/loshopdicamilla.net\/it\/prodotto\/mymask-superfood-pure-pelli-miste-e-impure\/\",\"name\":\"Mymask Superfood Pure Pelli Miste e Impure - Lo Shop di Camilla\",\"isPartOf\":{\"@id\":\"https:\/\/loshopdicamilla.net\/it\/#website\"},\"primaryImageOfPage\":{\"@id\":\"https:\/\/loshopdicamilla.net\/it\/prodotto\/mymask-superfood-pure-pelli-miste-e-impure\/#primaryimage\"},\"image\":{\"@id\":\"https:\/\/loshopdicamilla.net\/it\/prodotto\/mymask-superfood-pure-pelli-miste-e-impure\/#primaryimage\"},\"thumbnailUrl\":\"https:\/\/i0.wp.com\/loshopdicamilla.net\/wp-content\/uploads\/2021\/05\/mymask-superfood-pure.png?fit=1200%2C1200&ssl=1\",\"datePublished\":\"2021-05-13T07:06:48+00:00\",\"dateModified\":\"2023-07-19T20:32:59+00:00\",\"description\":\"Mymask Superfood Pure\",\"breadcrumb\":{\"@id\":\"https:\/\/loshopdicamilla.net\/it\/prodotto\/mymask-superfood-pure-pelli-miste-e-impure\/#breadcrumb\"},\"inLanguage\":\"it-IT\",\"potentialAction\":[{\"@type\":\"ReadAction\",\"target\":[\"https:\/\/loshopdicamilla.net\/it\/prodotto\/mymask-superfood-pure-pelli-miste-e-impure\/\"]}]},{\"@type\":\"ImageObject\",\"inLanguage\":\"it-IT\",\"@id\":\"https:\/\/loshopdicamilla.net\/it\/prodotto\/mymask-superfood-pure-pelli-miste-e-impure\/#primaryimage\",\"url\":\"https:\/\/i0.wp.com\/loshopdicamilla.net\/wp-content\/uploads\/2021\/05\/mymask-superfood-pure.png?fit=1200%2C1200&ssl=1\",\"contentUrl\":\"https:\/\/i0.wp.com\/loshopdicamilla.net\/wp-content\/uploads\/2021\/05\/mymask-superfood-pure.png?fit=1200%2C1200&ssl=1\",\"width\":1200,\"height\":1200},{\"@type\":\"BreadcrumbList\",\"@id\":\"https:\/\/loshopdicamilla.net\/it\/prodotto\/mymask-superfood-pure-pelli-miste-e-impure\/#breadcrumb\",\"itemListElement\":[{\"@type\":\"ListItem\",\"position\":1,\"name\":\"Home\",\"item\":\"https:\/\/loshopdicamilla.net\/it\/\"},{\"@type\":\"ListItem\",\"position\":2,\"name\":\"Shop\",\"item\":\"https:\/\/loshopdicamilla.net\/it\/negozio\/\"},{\"@type\":\"ListItem\",\"position\":3,\"name\":\"Mymask Superfood Pure Pelli Miste e Impure\"}]},{\"@type\":\"WebSite\",\"@id\":\"https:\/\/loshopdicamilla.net\/it\/#website\",\"url\":\"https:\/\/loshopdicamilla.net\/it\/\",\"name\":\"Lo Shop di Camilla\",\"description\":\"Idee Originalit\u00e0 Simpatia\",\"potentialAction\":[{\"@type\":\"SearchAction\",\"target\":{\"@type\":\"EntryPoint\",\"urlTemplate\":\"https:\/\/loshopdicamilla.net\/it\/?s={search_term_string}\"},\"query-input\":{\"@type\":\"PropertyValueSpecification\",\"valueRequired\":true,\"valueName\":\"search_term_string\"}}],\"inLanguage\":\"it-IT\"}]}<\/script>\n<!-- \/ Yoast SEO plugin. -->","yoast_head_json":{"title":"Mymask Superfood Pure Pelli Miste e Impure - Lo Shop di Camilla","description":"Mymask Superfood Pure","robots":{"index":"index","follow":"follow","max-snippet":"max-snippet:-1","max-image-preview":"max-image-preview:large","max-video-preview":"max-video-preview:-1"},"canonical":"https:\/\/loshopdicamilla.net\/it\/prodotto\/mymask-superfood-pure-pelli-miste-e-impure\/","og_locale":"it_IT","og_type":"article","og_title":"Mymask Superfood Pure Pelli Miste e Impure - Lo Shop di Camilla","og_description":"Mymask Superfood Pure","og_url":"https:\/\/loshopdicamilla.net\/it\/prodotto\/mymask-superfood-pure-pelli-miste-e-impure\/","og_site_name":"Lo Shop di Camilla","article_modified_time":"2023-07-19T20:32:59+00:00","og_image":[{"width":1200,"height":1200,"url":"https:\/\/i0.wp.com\/loshopdicamilla.net\/wp-content\/uploads\/2021\/05\/mymask-superfood-pure.png?fit=1200%2C1200&ssl=1","type":"image\/png"}],"twitter_card":"summary_large_image","twitter_misc":{"Tempo di lettura stimato":"2 minuti"},"schema":{"@context":"https:\/\/schema.org","@graph":[{"@type":"WebPage","@id":"https:\/\/loshopdicamilla.net\/it\/prodotto\/mymask-superfood-pure-pelli-miste-e-impure\/","url":"https:\/\/loshopdicamilla.net\/it\/prodotto\/mymask-superfood-pure-pelli-miste-e-impure\/","name":"Mymask Superfood Pure Pelli Miste e Impure - Lo Shop di Camilla","isPartOf":{"@id":"https:\/\/loshopdicamilla.net\/it\/#website"},"primaryImageOfPage":{"@id":"https:\/\/loshopdicamilla.net\/it\/prodotto\/mymask-superfood-pure-pelli-miste-e-impure\/#primaryimage"},"image":{"@id":"https:\/\/loshopdicamilla.net\/it\/prodotto\/mymask-superfood-pure-pelli-miste-e-impure\/#primaryimage"},"thumbnailUrl":"https:\/\/i0.wp.com\/loshopdicamilla.net\/wp-content\/uploads\/2021\/05\/mymask-superfood-pure.png?fit=1200%2C1200&ssl=1","datePublished":"2021-05-13T07:06:48+00:00","dateModified":"2023-07-19T20:32:59+00:00","description":"Mymask Superfood Pure","breadcrumb":{"@id":"https:\/\/loshopdicamilla.net\/it\/prodotto\/mymask-superfood-pure-pelli-miste-e-impure\/#breadcrumb"},"inLanguage":"it-IT","potentialAction":[{"@type":"ReadAction","target":["https:\/\/loshopdicamilla.net\/it\/prodotto\/mymask-superfood-pure-pelli-miste-e-impure\/"]}]},{"@type":"ImageObject","inLanguage":"it-IT","@id":"https:\/\/loshopdicamilla.net\/it\/prodotto\/mymask-superfood-pure-pelli-miste-e-impure\/#primaryimage","url":"https:\/\/i0.wp.com\/loshopdicamilla.net\/wp-content\/uploads\/2021\/05\/mymask-superfood-pure.png?fit=1200%2C1200&ssl=1","contentUrl":"https:\/\/i0.wp.com\/loshopdicamilla.net\/wp-content\/uploads\/2021\/05\/mymask-superfood-pure.png?fit=1200%2C1200&ssl=1","width":1200,"height":1200},{"@type":"BreadcrumbList","@id":"https:\/\/loshopdicamilla.net\/it\/prodotto\/mymask-superfood-pure-pelli-miste-e-impure\/#breadcrumb","itemListElement":[{"@type":"ListItem","position":1,"name":"Home","item":"https:\/\/loshopdicamilla.net\/it\/"},{"@type":"ListItem","position":2,"name":"Shop","item":"https:\/\/loshopdicamilla.net\/it\/negozio\/"},{"@type":"ListItem","position":3,"name":"Mymask Superfood Pure Pelli Miste e Impure"}]},{"@type":"WebSite","@id":"https:\/\/loshopdicamilla.net\/it\/#website","url":"https:\/\/loshopdicamilla.net\/it\/","name":"Lo Shop di Camilla","description":"Idee Originalit\u00e0 Simpatia","potentialAction":[{"@type":"SearchAction","target":{"@type":"EntryPoint","urlTemplate":"https:\/\/loshopdicamilla.net\/it\/?s={search_term_string}"},"query-input":{"@type":"PropertyValueSpecification","valueRequired":true,"valueName":"search_term_string"}}],"inLanguage":"it-IT"}]}},"jetpack-related-posts":[],"jetpack_sharing_enabled":true,"_links":{"self":[{"href":"https:\/\/loshopdicamilla.net\/it\/wp-json\/wp\/v2\/product\/769","targetHints":{"allow":["GET"]}}],"collection":[{"href":"https:\/\/loshopdicamilla.net\/it\/wp-json\/wp\/v2\/product"}],"about":[{"href":"https:\/\/loshopdicamilla.net\/it\/wp-json\/wp\/v2\/types\/product"}],"replies":[{"embeddable":true,"href":"https:\/\/loshopdicamilla.net\/it\/wp-json\/wp\/v2\/comments?post=769"}],"wp:featuredmedia":[{"embeddable":true,"href":"https:\/\/loshopdicamilla.net\/it\/wp-json\/wp\/v2\/media\/774"}],"wp:attachment":[{"href":"https:\/\/loshopdicamilla.net\/it\/wp-json\/wp\/v2\/media?parent=769"}],"wp:term":[{"taxonomy":"product_brand","embeddable":true,"href":"https:\/\/loshopdicamilla.net\/it\/wp-json\/wp\/v2\/product_brand?post=769"},{"taxonomy":"product_cat","embeddable":true,"href":"https:\/\/loshopdicamilla.net\/it\/wp-json\/wp\/v2\/product_cat?post=769"},{"taxonomy":"product_tag","embeddable":true,"href":"https:\/\/loshopdicamilla.net\/it\/wp-json\/wp\/v2\/product_tag?post=769"}],"curies":[{"name":"wp","href":"https:\/\/api.w.org\/{rel}","templated":true}]}}