{"id":521,"date":"2021-05-01T20:11:42","date_gmt":"2021-05-01T20:11:42","guid":{"rendered":"https:\/\/loshopdicamilla.net\/?post_type=product&#038;p=521"},"modified":"2026-01-30T18:38:38","modified_gmt":"2026-01-30T18:38:38","slug":"bullock-trattamento-anti-gelo-diesel","status":"publish","type":"product","link":"https:\/\/loshopdicamilla.net\/it\/prodotto\/bullock-trattamento-anti-gelo-diesel\/","title":{"rendered":"Bullock Trattamento Anti-Gelo Diesel"},"content":{"rendered":"<p><strong>Bullock Trattamento Anti-Gelo Diesel<\/strong> \u00e8 un prodotto della linea <strong>Bullock Additivi<\/strong>, adatto all&#8217;uso con <strong>motori Diesel<\/strong>.<\/p>\n<p>Appositamente studiato per evitare il congelamento del circuito di alimentazione durante i mesi pi\u00f9 freddi, prevenendo i problemi di fluidit\u00e0 del carburante e proteggendo da corrosione e ruggine, migliorare la guidabilit\u00e0 della vettura.<\/p>\n<p>La sua formula detergente con <strong>tecnologia Keep-Clean<\/strong> previene l\u2019accumulo di depositi sugli iniettori e preserva l\u2019efficienza dell\u2019intero sistema di alimentazione. Formula concentrata, <strong>adatta a tutti i motori diesel<\/strong>, compresi DI, IDI e common rail.<\/p>\n<h2><strong>Bullock Trattamento Anti-Gelo Diesel, caratteristiche:<\/strong><\/h2>\n<ul>\n<li>evita il congelamento del circuito di alimentazione<\/li>\n<li>previene i problemi di fluidit\u00e0 del carburante<\/li>\n<li>protegge da corrosione e ruggine<\/li>\n<li>previene l\u2019accumulo di depositi sugli iniettori<\/li>\n<li>preserva l\u2019efficienza dell\u2019intero sistema di alimentazione<\/li>\n<\/ul>\n<h3><strong>MODO D&#8217;USO<\/strong><\/h3>\n<p>200 ml trattano un pieno di carburante (fino a 60 lt).<br \/>\nDa utilizzare ad ogni pieno.<\/p>\n<p><strong>FORMATO 200 ML<\/strong><\/p>\n<span class=\"et_bloom_bottom_trigger\"><\/span>","protected":false},"excerpt":{"rendered":"<p><strong>Bullock Trattamento Anti-Gelo Diesel<\/strong> \u00e8 un prodotto della linea <strong>Bullock Additivi<\/strong>, adatto all&#8217;uso con <strong>motori Diesel<\/strong>.<\/p>\n<p><strong>FORMATO 200 ML<\/strong><\/p>\n","protected":false},"featured_media":522,"comment_status":"open","ping_status":"closed","template":"","meta":{"_et_pb_use_builder":"","_et_pb_old_content":"","_et_gb_content_width":""},"product_brand":[],"product_cat":[140,33],"product_tag":[143,142],"class_list":{"0":"post-521","1":"product","2":"type-product","3":"status-publish","4":"has-post-thumbnail","6":"product_cat-additivi-benzina-e-gasolio","7":"product_cat-cura-dellauto","8":"product_tag-bullock","9":"product_tag-bullock-additivi","10":"product_shipping_class-0-2-kg","11":"pa_google-merchant-category-375","13":"first","14":"instock","15":"taxable","16":"shipping-taxable","17":"purchasable","18":"product-type-simple"},"yoast_head":"<!-- This site is optimized with the Yoast SEO plugin v26.5 - https:\/\/yoast.com\/wordpress\/plugins\/seo\/ -->\n<title>Bullock Trattamento Anti-Gelo Diesel - Lo Shop di Camilla<\/title>\n<meta name=\"description\" content=\"Bullock Trattamento Anti-Gelo Diesel \u00e8 un prodotto della linea Bullock Additivi, adatto all&#039;uso con motori Diesel. Scopri di pi\u00f9.\" \/>\n<meta name=\"robots\" content=\"index, follow, max-snippet:-1, max-image-preview:large, max-video-preview:-1\" \/>\n<link rel=\"canonical\" href=\"https:\/\/loshopdicamilla.net\/it\/prodotto\/bullock-trattamento-anti-gelo-diesel\/\" \/>\n<meta property=\"og:locale\" content=\"it_IT\" \/>\n<meta property=\"og:type\" content=\"article\" \/>\n<meta property=\"og:title\" content=\"Bullock Trattamento Anti-Gelo Diesel - Lo Shop di Camilla\" \/>\n<meta property=\"og:description\" content=\"Bullock Trattamento Anti-Gelo Diesel \u00e8 un prodotto della linea Bullock Additivi, adatto all&#039;uso con motori Diesel. Scopri di pi\u00f9.\" \/>\n<meta property=\"og:url\" content=\"https:\/\/loshopdicamilla.net\/it\/prodotto\/bullock-trattamento-anti-gelo-diesel\/\" \/>\n<meta property=\"og:site_name\" content=\"Lo Shop di Camilla\" \/>\n<meta property=\"article:modified_time\" content=\"2026-01-30T18:38:38+00:00\" \/>\n<meta property=\"og:image\" content=\"https:\/\/i0.wp.com\/loshopdicamilla.net\/wp-content\/uploads\/2021\/05\/bullock-trattamento-anti-gelo-diesel.png?fit=1200%2C1200&ssl=1\" \/>\n\t<meta property=\"og:image:width\" content=\"1200\" \/>\n\t<meta property=\"og:image:height\" content=\"1200\" \/>\n\t<meta property=\"og:image:type\" content=\"image\/png\" \/>\n<meta name=\"twitter:card\" content=\"summary_large_image\" \/>\n<meta name=\"twitter:label1\" content=\"Tempo di lettura stimato\" \/>\n\t<meta name=\"twitter:data1\" content=\"1 minuto\" \/>\n<script type=\"application\/ld+json\" class=\"yoast-schema-graph\">{\"@context\":\"https:\/\/schema.org\",\"@graph\":[{\"@type\":\"WebPage\",\"@id\":\"https:\/\/loshopdicamilla.net\/it\/prodotto\/bullock-trattamento-anti-gelo-diesel\/\",\"url\":\"https:\/\/loshopdicamilla.net\/it\/prodotto\/bullock-trattamento-anti-gelo-diesel\/\",\"name\":\"Bullock Trattamento Anti-Gelo Diesel - Lo Shop di Camilla\",\"isPartOf\":{\"@id\":\"https:\/\/loshopdicamilla.net\/it\/#website\"},\"primaryImageOfPage\":{\"@id\":\"https:\/\/loshopdicamilla.net\/it\/prodotto\/bullock-trattamento-anti-gelo-diesel\/#primaryimage\"},\"image\":{\"@id\":\"https:\/\/loshopdicamilla.net\/it\/prodotto\/bullock-trattamento-anti-gelo-diesel\/#primaryimage\"},\"thumbnailUrl\":\"https:\/\/i0.wp.com\/loshopdicamilla.net\/wp-content\/uploads\/2021\/05\/bullock-trattamento-anti-gelo-diesel.png?fit=1200%2C1200&ssl=1\",\"datePublished\":\"2021-05-01T20:11:42+00:00\",\"dateModified\":\"2026-01-30T18:38:38+00:00\",\"description\":\"Bullock Trattamento Anti-Gelo Diesel \u00e8 un prodotto della linea Bullock Additivi, adatto all'uso con motori Diesel. Scopri di pi\u00f9.\",\"breadcrumb\":{\"@id\":\"https:\/\/loshopdicamilla.net\/it\/prodotto\/bullock-trattamento-anti-gelo-diesel\/#breadcrumb\"},\"inLanguage\":\"it-IT\",\"potentialAction\":[{\"@type\":\"ReadAction\",\"target\":[\"https:\/\/loshopdicamilla.net\/it\/prodotto\/bullock-trattamento-anti-gelo-diesel\/\"]}]},{\"@type\":\"ImageObject\",\"inLanguage\":\"it-IT\",\"@id\":\"https:\/\/loshopdicamilla.net\/it\/prodotto\/bullock-trattamento-anti-gelo-diesel\/#primaryimage\",\"url\":\"https:\/\/i0.wp.com\/loshopdicamilla.net\/wp-content\/uploads\/2021\/05\/bullock-trattamento-anti-gelo-diesel.png?fit=1200%2C1200&ssl=1\",\"contentUrl\":\"https:\/\/i0.wp.com\/loshopdicamilla.net\/wp-content\/uploads\/2021\/05\/bullock-trattamento-anti-gelo-diesel.png?fit=1200%2C1200&ssl=1\",\"width\":1200,\"height\":1200,\"caption\":\"Bullock Trattamento Anti-Gelo Diesel\"},{\"@type\":\"BreadcrumbList\",\"@id\":\"https:\/\/loshopdicamilla.net\/it\/prodotto\/bullock-trattamento-anti-gelo-diesel\/#breadcrumb\",\"itemListElement\":[{\"@type\":\"ListItem\",\"position\":1,\"name\":\"Home\",\"item\":\"https:\/\/loshopdicamilla.net\/it\/\"},{\"@type\":\"ListItem\",\"position\":2,\"name\":\"Shop\",\"item\":\"https:\/\/loshopdicamilla.net\/it\/negozio\/\"},{\"@type\":\"ListItem\",\"position\":3,\"name\":\"Bullock Trattamento Anti-Gelo Diesel\"}]},{\"@type\":\"WebSite\",\"@id\":\"https:\/\/loshopdicamilla.net\/it\/#website\",\"url\":\"https:\/\/loshopdicamilla.net\/it\/\",\"name\":\"Lo Shop di Camilla\",\"description\":\"Idee Originalit\u00e0 Simpatia\",\"potentialAction\":[{\"@type\":\"SearchAction\",\"target\":{\"@type\":\"EntryPoint\",\"urlTemplate\":\"https:\/\/loshopdicamilla.net\/it\/?s={search_term_string}\"},\"query-input\":{\"@type\":\"PropertyValueSpecification\",\"valueRequired\":true,\"valueName\":\"search_term_string\"}}],\"inLanguage\":\"it-IT\"}]}<\/script>\n<!-- \/ Yoast SEO plugin. -->","yoast_head_json":{"title":"Bullock Trattamento Anti-Gelo Diesel - Lo Shop di Camilla","description":"Bullock Trattamento Anti-Gelo Diesel \u00e8 un prodotto della linea Bullock Additivi, adatto all'uso con motori Diesel. Scopri di pi\u00f9.","robots":{"index":"index","follow":"follow","max-snippet":"max-snippet:-1","max-image-preview":"max-image-preview:large","max-video-preview":"max-video-preview:-1"},"canonical":"https:\/\/loshopdicamilla.net\/it\/prodotto\/bullock-trattamento-anti-gelo-diesel\/","og_locale":"it_IT","og_type":"article","og_title":"Bullock Trattamento Anti-Gelo Diesel - Lo Shop di Camilla","og_description":"Bullock Trattamento Anti-Gelo Diesel \u00e8 un prodotto della linea Bullock Additivi, adatto all'uso con motori Diesel. Scopri di pi\u00f9.","og_url":"https:\/\/loshopdicamilla.net\/it\/prodotto\/bullock-trattamento-anti-gelo-diesel\/","og_site_name":"Lo Shop di Camilla","article_modified_time":"2026-01-30T18:38:38+00:00","og_image":[{"width":1200,"height":1200,"url":"https:\/\/i0.wp.com\/loshopdicamilla.net\/wp-content\/uploads\/2021\/05\/bullock-trattamento-anti-gelo-diesel.png?fit=1200%2C1200&ssl=1","type":"image\/png"}],"twitter_card":"summary_large_image","twitter_misc":{"Tempo di lettura stimato":"1 minuto"},"schema":{"@context":"https:\/\/schema.org","@graph":[{"@type":"WebPage","@id":"https:\/\/loshopdicamilla.net\/it\/prodotto\/bullock-trattamento-anti-gelo-diesel\/","url":"https:\/\/loshopdicamilla.net\/it\/prodotto\/bullock-trattamento-anti-gelo-diesel\/","name":"Bullock Trattamento Anti-Gelo Diesel - Lo Shop di Camilla","isPartOf":{"@id":"https:\/\/loshopdicamilla.net\/it\/#website"},"primaryImageOfPage":{"@id":"https:\/\/loshopdicamilla.net\/it\/prodotto\/bullock-trattamento-anti-gelo-diesel\/#primaryimage"},"image":{"@id":"https:\/\/loshopdicamilla.net\/it\/prodotto\/bullock-trattamento-anti-gelo-diesel\/#primaryimage"},"thumbnailUrl":"https:\/\/i0.wp.com\/loshopdicamilla.net\/wp-content\/uploads\/2021\/05\/bullock-trattamento-anti-gelo-diesel.png?fit=1200%2C1200&ssl=1","datePublished":"2021-05-01T20:11:42+00:00","dateModified":"2026-01-30T18:38:38+00:00","description":"Bullock Trattamento Anti-Gelo Diesel \u00e8 un prodotto della linea Bullock Additivi, adatto all'uso con motori Diesel. Scopri di pi\u00f9.","breadcrumb":{"@id":"https:\/\/loshopdicamilla.net\/it\/prodotto\/bullock-trattamento-anti-gelo-diesel\/#breadcrumb"},"inLanguage":"it-IT","potentialAction":[{"@type":"ReadAction","target":["https:\/\/loshopdicamilla.net\/it\/prodotto\/bullock-trattamento-anti-gelo-diesel\/"]}]},{"@type":"ImageObject","inLanguage":"it-IT","@id":"https:\/\/loshopdicamilla.net\/it\/prodotto\/bullock-trattamento-anti-gelo-diesel\/#primaryimage","url":"https:\/\/i0.wp.com\/loshopdicamilla.net\/wp-content\/uploads\/2021\/05\/bullock-trattamento-anti-gelo-diesel.png?fit=1200%2C1200&ssl=1","contentUrl":"https:\/\/i0.wp.com\/loshopdicamilla.net\/wp-content\/uploads\/2021\/05\/bullock-trattamento-anti-gelo-diesel.png?fit=1200%2C1200&ssl=1","width":1200,"height":1200,"caption":"Bullock Trattamento Anti-Gelo Diesel"},{"@type":"BreadcrumbList","@id":"https:\/\/loshopdicamilla.net\/it\/prodotto\/bullock-trattamento-anti-gelo-diesel\/#breadcrumb","itemListElement":[{"@type":"ListItem","position":1,"name":"Home","item":"https:\/\/loshopdicamilla.net\/it\/"},{"@type":"ListItem","position":2,"name":"Shop","item":"https:\/\/loshopdicamilla.net\/it\/negozio\/"},{"@type":"ListItem","position":3,"name":"Bullock Trattamento Anti-Gelo Diesel"}]},{"@type":"WebSite","@id":"https:\/\/loshopdicamilla.net\/it\/#website","url":"https:\/\/loshopdicamilla.net\/it\/","name":"Lo Shop di Camilla","description":"Idee Originalit\u00e0 Simpatia","potentialAction":[{"@type":"SearchAction","target":{"@type":"EntryPoint","urlTemplate":"https:\/\/loshopdicamilla.net\/it\/?s={search_term_string}"},"query-input":{"@type":"PropertyValueSpecification","valueRequired":true,"valueName":"search_term_string"}}],"inLanguage":"it-IT"}]}},"jetpack-related-posts":[],"jetpack_sharing_enabled":true,"_links":{"self":[{"href":"https:\/\/loshopdicamilla.net\/it\/wp-json\/wp\/v2\/product\/521","targetHints":{"allow":["GET"]}}],"collection":[{"href":"https:\/\/loshopdicamilla.net\/it\/wp-json\/wp\/v2\/product"}],"about":[{"href":"https:\/\/loshopdicamilla.net\/it\/wp-json\/wp\/v2\/types\/product"}],"replies":[{"embeddable":true,"href":"https:\/\/loshopdicamilla.net\/it\/wp-json\/wp\/v2\/comments?post=521"}],"wp:featuredmedia":[{"embeddable":true,"href":"https:\/\/loshopdicamilla.net\/it\/wp-json\/wp\/v2\/media\/522"}],"wp:attachment":[{"href":"https:\/\/loshopdicamilla.net\/it\/wp-json\/wp\/v2\/media?parent=521"}],"wp:term":[{"taxonomy":"product_brand","embeddable":true,"href":"https:\/\/loshopdicamilla.net\/it\/wp-json\/wp\/v2\/product_brand?post=521"},{"taxonomy":"product_cat","embeddable":true,"href":"https:\/\/loshopdicamilla.net\/it\/wp-json\/wp\/v2\/product_cat?post=521"},{"taxonomy":"product_tag","embeddable":true,"href":"https:\/\/loshopdicamilla.net\/it\/wp-json\/wp\/v2\/product_tag?post=521"}],"curies":[{"name":"wp","href":"https:\/\/api.w.org\/{rel}","templated":true}]}}