{"id":3706,"date":"2026-01-31T17:28:56","date_gmt":"2026-01-31T17:28:56","guid":{"rendered":"https:\/\/loshopdicamilla.net\/?post_type=product&#038;p=3706"},"modified":"2026-02-01T15:01:14","modified_gmt":"2026-02-01T15:01:14","slug":"a-spasso-con-bob-james-bowen","status":"publish","type":"product","link":"https:\/\/loshopdicamilla.net\/it\/prodotto\/a-spasso-con-bob-james-bowen\/","title":{"rendered":"A Spasso con Bob &#8211; James Bowen"},"content":{"rendered":"<p><strong>A spasso con Bob<\/strong> \u00e8 una storia tenera e commovente che parla di amicizia, felicit\u00e0 e amore. Un messaggio di speranza che, nel mondo, ha gi\u00e0 toccato il cuore di 7 milioni di lettori.<\/p>\n<p>Quando <strong>James Bowen<\/strong> trova davanti alla porta del suo alloggio popolare un gatto rosso, rannicchiato in un angolo, impaurito e malato, non immagina quanto la sua vita stia per cambiare. <strong>James<\/strong>, ventisette anni, un passato di alcol e droga, non ha un lavoro n\u00e9 una famiglia su cui contare. Vive alla giornata per le vie di Londra, e raccoglie qualche spicciolo suonando la chitarra davanti a Covent Garden e nelle stazioni della metropolitana. L&#8217;ultima cosa di cui ha bisogno \u00e8 un animale domestico. Eppure non resiste a quella palla di pelo, che subito battezza <strong>Bob<\/strong>. Pian piano <strong>James<\/strong> riesce a farlo guarire, e a quel punto lascia il gatto libero di andare per la sua strada, convinto di non rivederlo pi\u00f9. Ma <strong>Bob<\/strong> \u00e8 di tutt&#8217;altro avviso: per nulla al mondo intende separarsi dal suo nuovo amico e lo segue ovunque. Instancabile. Finch\u00e9 a <strong>James<\/strong> non rimane che arrendersi. \u00c8 l&#8217;inizio di una meravigliosa amicizia e di una serie di singolari, divertenti e a volte pericolose avventure che trasformeranno la vita di entrambi, rimarginando lentamente le vecchie ferite, anche quelle pi\u00f9 profonde.<\/p>\n<h2><strong>A Spasso con Bob, caratteristiche:<\/strong><\/h2>\n<ul>\n<li><strong>Titolo<\/strong>: A spasso con Bob<\/li>\n<li><strong>Autore<\/strong>: James Bowen<\/li>\n<li><strong>Editore<\/strong>: Sperling &amp; Cupfer<\/li>\n<li><strong>Edizione<\/strong>: Prima edizione, maggio 2012<\/li>\n<li><strong>Altro<\/strong>: Copertina rigida, pag. 239<\/li>\n<li><strong>Stato<\/strong>: Usato come nuovo<\/li>\n<li>Testo in italiano<\/li>\n<li><strong>ISBN<\/strong>: 9788820061111<\/li>\n<\/ul>\n<span class=\"et_bloom_bottom_trigger\"><\/span>","protected":false},"excerpt":{"rendered":"<p><strong>A spasso con Bob<\/strong> \u00e8 una storia tenera e commovente che parla di amicizia, felicit\u00e0 e amore. Un messaggio di speranza che, nel mondo, ha gi\u00e0 toccato il cuore di 7 milioni di lettori.<\/p>\n","protected":false},"featured_media":3709,"comment_status":"open","ping_status":"closed","template":"","meta":{"_et_pb_use_builder":"","_et_pb_old_content":"","_et_gb_content_width":""},"product_brand":[763],"product_cat":[695],"product_tag":[764,766,765],"class_list":{"0":"post-3706","1":"product","2":"type-product","3":"status-publish","4":"has-post-thumbnail","6":"product_brand-sperling-kupfer","7":"product_cat-narrativa","8":"product_tag-a-spasso-con-bob","9":"product_tag-nacconti","10":"product_tag-storie-di-gatti","12":"first","13":"instock","14":"taxable","15":"shipping-taxable","16":"purchasable","17":"product-type-simple"},"yoast_head":"<!-- This site is optimized with the Yoast SEO plugin v26.5 - https:\/\/yoast.com\/wordpress\/plugins\/seo\/ -->\n<title>A Spasso con Bob - James Bowen - Lo Shop di Camilla<\/title>\n<meta name=\"description\" content=\"A spasso con Bob \u00e8 una storia tenera e commovente che parla di amicizia, felicit\u00e0 e amore. Un messaggio di speranza. Scopri di pi\u00f9.\" \/>\n<meta name=\"robots\" content=\"index, follow, max-snippet:-1, max-image-preview:large, max-video-preview:-1\" \/>\n<link rel=\"canonical\" href=\"https:\/\/loshopdicamilla.net\/it\/prodotto\/a-spasso-con-bob-james-bowen\/\" \/>\n<meta property=\"og:locale\" content=\"it_IT\" \/>\n<meta property=\"og:type\" content=\"article\" \/>\n<meta property=\"og:title\" content=\"A Spasso con Bob - James Bowen - Lo Shop di Camilla\" \/>\n<meta property=\"og:description\" content=\"A spasso con Bob \u00e8 una storia tenera e commovente che parla di amicizia, felicit\u00e0 e amore. Un messaggio di speranza. Scopri di pi\u00f9.\" \/>\n<meta property=\"og:url\" content=\"https:\/\/loshopdicamilla.net\/it\/prodotto\/a-spasso-con-bob-james-bowen\/\" \/>\n<meta property=\"og:site_name\" content=\"Lo Shop di Camilla\" \/>\n<meta property=\"article:modified_time\" content=\"2026-02-01T15:01:14+00:00\" \/>\n<meta property=\"og:image\" content=\"https:\/\/loshopdicamilla.net\/wp-content\/uploads\/2026\/01\/a-spasso-con-bob-james-bowen-1w.webp\" \/>\n\t<meta property=\"og:image:width\" content=\"1200\" \/>\n\t<meta property=\"og:image:height\" content=\"1200\" \/>\n\t<meta property=\"og:image:type\" content=\"image\/webp\" \/>\n<meta name=\"twitter:card\" content=\"summary_large_image\" \/>\n<meta name=\"twitter:label1\" content=\"Tempo di lettura stimato\" \/>\n\t<meta name=\"twitter:data1\" content=\"2 minuti\" \/>\n<script type=\"application\/ld+json\" class=\"yoast-schema-graph\">{\"@context\":\"https:\/\/schema.org\",\"@graph\":[{\"@type\":\"WebPage\",\"@id\":\"https:\/\/loshopdicamilla.net\/it\/prodotto\/a-spasso-con-bob-james-bowen\/\",\"url\":\"https:\/\/loshopdicamilla.net\/it\/prodotto\/a-spasso-con-bob-james-bowen\/\",\"name\":\"A Spasso con Bob - James Bowen - Lo Shop di Camilla\",\"isPartOf\":{\"@id\":\"https:\/\/loshopdicamilla.net\/it\/#website\"},\"primaryImageOfPage\":{\"@id\":\"https:\/\/loshopdicamilla.net\/it\/prodotto\/a-spasso-con-bob-james-bowen\/#primaryimage\"},\"image\":{\"@id\":\"https:\/\/loshopdicamilla.net\/it\/prodotto\/a-spasso-con-bob-james-bowen\/#primaryimage\"},\"thumbnailUrl\":\"https:\/\/i0.wp.com\/loshopdicamilla.net\/wp-content\/uploads\/2026\/01\/a-spasso-con-bob-james-bowen-1w.webp?fit=1200%2C1200&ssl=1\",\"datePublished\":\"2026-01-31T17:28:56+00:00\",\"dateModified\":\"2026-02-01T15:01:14+00:00\",\"description\":\"A spasso con Bob \u00e8 una storia tenera e commovente che parla di amicizia, felicit\u00e0 e amore. Un messaggio di speranza. Scopri di pi\u00f9.\",\"breadcrumb\":{\"@id\":\"https:\/\/loshopdicamilla.net\/it\/prodotto\/a-spasso-con-bob-james-bowen\/#breadcrumb\"},\"inLanguage\":\"it-IT\",\"potentialAction\":[{\"@type\":\"ReadAction\",\"target\":[\"https:\/\/loshopdicamilla.net\/it\/prodotto\/a-spasso-con-bob-james-bowen\/\"]}]},{\"@type\":\"ImageObject\",\"inLanguage\":\"it-IT\",\"@id\":\"https:\/\/loshopdicamilla.net\/it\/prodotto\/a-spasso-con-bob-james-bowen\/#primaryimage\",\"url\":\"https:\/\/i0.wp.com\/loshopdicamilla.net\/wp-content\/uploads\/2026\/01\/a-spasso-con-bob-james-bowen-1w.webp?fit=1200%2C1200&ssl=1\",\"contentUrl\":\"https:\/\/i0.wp.com\/loshopdicamilla.net\/wp-content\/uploads\/2026\/01\/a-spasso-con-bob-james-bowen-1w.webp?fit=1200%2C1200&ssl=1\",\"width\":1200,\"height\":1200,\"caption\":\"A Spasso con Bob\"},{\"@type\":\"BreadcrumbList\",\"@id\":\"https:\/\/loshopdicamilla.net\/it\/prodotto\/a-spasso-con-bob-james-bowen\/#breadcrumb\",\"itemListElement\":[{\"@type\":\"ListItem\",\"position\":1,\"name\":\"Home\",\"item\":\"https:\/\/loshopdicamilla.net\/it\/\"},{\"@type\":\"ListItem\",\"position\":2,\"name\":\"Shop\",\"item\":\"https:\/\/loshopdicamilla.net\/it\/negozio\/\"},{\"@type\":\"ListItem\",\"position\":3,\"name\":\"A Spasso con Bob &#8211; James Bowen\"}]},{\"@type\":\"WebSite\",\"@id\":\"https:\/\/loshopdicamilla.net\/it\/#website\",\"url\":\"https:\/\/loshopdicamilla.net\/it\/\",\"name\":\"Lo Shop di Camilla\",\"description\":\"Idee Originalit\u00e0 Simpatia\",\"potentialAction\":[{\"@type\":\"SearchAction\",\"target\":{\"@type\":\"EntryPoint\",\"urlTemplate\":\"https:\/\/loshopdicamilla.net\/it\/?s={search_term_string}\"},\"query-input\":{\"@type\":\"PropertyValueSpecification\",\"valueRequired\":true,\"valueName\":\"search_term_string\"}}],\"inLanguage\":\"it-IT\"}]}<\/script>\n<!-- \/ Yoast SEO plugin. -->","yoast_head_json":{"title":"A Spasso con Bob - James Bowen - Lo Shop di Camilla","description":"A spasso con Bob \u00e8 una storia tenera e commovente che parla di amicizia, felicit\u00e0 e amore. Un messaggio di speranza. Scopri di pi\u00f9.","robots":{"index":"index","follow":"follow","max-snippet":"max-snippet:-1","max-image-preview":"max-image-preview:large","max-video-preview":"max-video-preview:-1"},"canonical":"https:\/\/loshopdicamilla.net\/it\/prodotto\/a-spasso-con-bob-james-bowen\/","og_locale":"it_IT","og_type":"article","og_title":"A Spasso con Bob - James Bowen - Lo Shop di Camilla","og_description":"A spasso con Bob \u00e8 una storia tenera e commovente che parla di amicizia, felicit\u00e0 e amore. Un messaggio di speranza. Scopri di pi\u00f9.","og_url":"https:\/\/loshopdicamilla.net\/it\/prodotto\/a-spasso-con-bob-james-bowen\/","og_site_name":"Lo Shop di Camilla","article_modified_time":"2026-02-01T15:01:14+00:00","og_image":[{"width":1200,"height":1200,"url":"https:\/\/loshopdicamilla.net\/wp-content\/uploads\/2026\/01\/a-spasso-con-bob-james-bowen-1w.webp","type":"image\/webp"}],"twitter_card":"summary_large_image","twitter_misc":{"Tempo di lettura stimato":"2 minuti"},"schema":{"@context":"https:\/\/schema.org","@graph":[{"@type":"WebPage","@id":"https:\/\/loshopdicamilla.net\/it\/prodotto\/a-spasso-con-bob-james-bowen\/","url":"https:\/\/loshopdicamilla.net\/it\/prodotto\/a-spasso-con-bob-james-bowen\/","name":"A Spasso con Bob - James Bowen - Lo Shop di Camilla","isPartOf":{"@id":"https:\/\/loshopdicamilla.net\/it\/#website"},"primaryImageOfPage":{"@id":"https:\/\/loshopdicamilla.net\/it\/prodotto\/a-spasso-con-bob-james-bowen\/#primaryimage"},"image":{"@id":"https:\/\/loshopdicamilla.net\/it\/prodotto\/a-spasso-con-bob-james-bowen\/#primaryimage"},"thumbnailUrl":"https:\/\/i0.wp.com\/loshopdicamilla.net\/wp-content\/uploads\/2026\/01\/a-spasso-con-bob-james-bowen-1w.webp?fit=1200%2C1200&ssl=1","datePublished":"2026-01-31T17:28:56+00:00","dateModified":"2026-02-01T15:01:14+00:00","description":"A spasso con Bob \u00e8 una storia tenera e commovente che parla di amicizia, felicit\u00e0 e amore. Un messaggio di speranza. Scopri di pi\u00f9.","breadcrumb":{"@id":"https:\/\/loshopdicamilla.net\/it\/prodotto\/a-spasso-con-bob-james-bowen\/#breadcrumb"},"inLanguage":"it-IT","potentialAction":[{"@type":"ReadAction","target":["https:\/\/loshopdicamilla.net\/it\/prodotto\/a-spasso-con-bob-james-bowen\/"]}]},{"@type":"ImageObject","inLanguage":"it-IT","@id":"https:\/\/loshopdicamilla.net\/it\/prodotto\/a-spasso-con-bob-james-bowen\/#primaryimage","url":"https:\/\/i0.wp.com\/loshopdicamilla.net\/wp-content\/uploads\/2026\/01\/a-spasso-con-bob-james-bowen-1w.webp?fit=1200%2C1200&ssl=1","contentUrl":"https:\/\/i0.wp.com\/loshopdicamilla.net\/wp-content\/uploads\/2026\/01\/a-spasso-con-bob-james-bowen-1w.webp?fit=1200%2C1200&ssl=1","width":1200,"height":1200,"caption":"A Spasso con Bob"},{"@type":"BreadcrumbList","@id":"https:\/\/loshopdicamilla.net\/it\/prodotto\/a-spasso-con-bob-james-bowen\/#breadcrumb","itemListElement":[{"@type":"ListItem","position":1,"name":"Home","item":"https:\/\/loshopdicamilla.net\/it\/"},{"@type":"ListItem","position":2,"name":"Shop","item":"https:\/\/loshopdicamilla.net\/it\/negozio\/"},{"@type":"ListItem","position":3,"name":"A Spasso con Bob &#8211; James Bowen"}]},{"@type":"WebSite","@id":"https:\/\/loshopdicamilla.net\/it\/#website","url":"https:\/\/loshopdicamilla.net\/it\/","name":"Lo Shop di Camilla","description":"Idee Originalit\u00e0 Simpatia","potentialAction":[{"@type":"SearchAction","target":{"@type":"EntryPoint","urlTemplate":"https:\/\/loshopdicamilla.net\/it\/?s={search_term_string}"},"query-input":{"@type":"PropertyValueSpecification","valueRequired":true,"valueName":"search_term_string"}}],"inLanguage":"it-IT"}]}},"jetpack-related-posts":[],"jetpack_sharing_enabled":true,"_links":{"self":[{"href":"https:\/\/loshopdicamilla.net\/it\/wp-json\/wp\/v2\/product\/3706","targetHints":{"allow":["GET"]}}],"collection":[{"href":"https:\/\/loshopdicamilla.net\/it\/wp-json\/wp\/v2\/product"}],"about":[{"href":"https:\/\/loshopdicamilla.net\/it\/wp-json\/wp\/v2\/types\/product"}],"replies":[{"embeddable":true,"href":"https:\/\/loshopdicamilla.net\/it\/wp-json\/wp\/v2\/comments?post=3706"}],"wp:featuredmedia":[{"embeddable":true,"href":"https:\/\/loshopdicamilla.net\/it\/wp-json\/wp\/v2\/media\/3709"}],"wp:attachment":[{"href":"https:\/\/loshopdicamilla.net\/it\/wp-json\/wp\/v2\/media?parent=3706"}],"wp:term":[{"taxonomy":"product_brand","embeddable":true,"href":"https:\/\/loshopdicamilla.net\/it\/wp-json\/wp\/v2\/product_brand?post=3706"},{"taxonomy":"product_cat","embeddable":true,"href":"https:\/\/loshopdicamilla.net\/it\/wp-json\/wp\/v2\/product_cat?post=3706"},{"taxonomy":"product_tag","embeddable":true,"href":"https:\/\/loshopdicamilla.net\/it\/wp-json\/wp\/v2\/product_tag?post=3706"}],"curies":[{"name":"wp","href":"https:\/\/api.w.org\/{rel}","templated":true}]}}