{"id":3353,"date":"2026-03-03T21:34:56","date_gmt":"2026-03-03T21:34:56","guid":{"rendered":"https:\/\/loshopdicamilla.net\/?post_type=product&#038;p=3353"},"modified":"2026-03-04T21:53:15","modified_gmt":"2026-03-04T21:53:15","slug":"1983-lucio-dalla-vinile-rca","status":"publish","type":"product","link":"https:\/\/loshopdicamilla.net\/it\/prodotto\/1983-lucio-dalla-vinile-rca\/","title":{"rendered":"1983 \u2013 Lucio Dalla &#8211; Vinile RCA &#8211; PL 31692"},"content":{"rendered":"<h3 data-start=\"485\" data-end=\"574\"><em>Un disco di passaggio nella carriera di <strong>Lucio Dalla<\/strong> \u2013 oggi ricercato dai collezionisti<\/em><\/h3>\n<p data-start=\"576\" data-end=\"863\">L\u2019album <strong data-start=\"584\" data-end=\"609\">\u201c1983\u201d di Lucio Dalla<\/strong> rappresenta uno dei momenti pi\u00f9 interessanti della sua produzione artistica. Pubblicato da <strong data-start=\"701\" data-end=\"726\">RCA Italiana nel 1983<\/strong>, questo LP segna <strong data-start=\"744\" data-end=\"794\">l\u2019ultima collaborazione stabile con gli Stadio<\/strong>, gruppo che di l\u00ec a poco intraprender\u00e0 il proprio percorso autonomo.<\/p>\n<p data-start=\"865\" data-end=\"1045\">Proprio questa caratteristica rende il disco <strong data-start=\"910\" data-end=\"987\">storicamente significativo per gli appassionati del cantautorato italiano<\/strong> e per i collezionisti di vinili originali degli anni \u201980.<\/p>\n<p data-start=\"1047\" data-end=\"1215\">Rispetto ai lavori pi\u00f9 celebri come <em data-start=\"1083\" data-end=\"1097\">Dalla (1980)<\/em>, questo album mostra <strong data-start=\"1119\" data-end=\"1155\">una fase di transizione musicale<\/strong>, con sonorit\u00e0 pi\u00f9 mature e una scrittura pi\u00f9 introspettiva.<\/p>\n<h2 data-start=\"1222\" data-end=\"1251\"><strong>1983, caratteristiche:<\/strong><\/h2>\n<p data-start=\"1253\" data-end=\"1532\"><strong data-start=\"1253\" data-end=\"1264\">Titolo:<\/strong> 1983<br data-start=\"1269\" data-end=\"1272\" \/><strong data-start=\"1272\" data-end=\"1284\">Artista:<\/strong> Lucio Dalla<br data-start=\"1296\" data-end=\"1299\" \/><strong data-start=\"1299\" data-end=\"1308\">Anno:<\/strong> 1983<br data-start=\"1313\" data-end=\"1316\" \/><strong data-start=\"1316\" data-end=\"1330\">Etichetta:<\/strong> RCA Italiana<br data-start=\"1343\" data-end=\"1346\" \/><strong data-start=\"1346\" data-end=\"1369\">Numero di catalogo:<\/strong> PL 31692<br data-start=\"1378\" data-end=\"1381\" \/><strong data-start=\"1381\" data-end=\"1393\">Formato:<\/strong> LP 33 giri \u2013 Vinile<br data-start=\"1413\" data-end=\"1416\" \/><strong data-start=\"1416\" data-end=\"1430\">Copertina:<\/strong> Gatefold apribile<br data-start=\"1448\" data-end=\"1451\" \/><strong data-start=\"1451\" data-end=\"1471\">Paese di stampa:<\/strong> Italia<br data-start=\"1478\" data-end=\"1481\" \/><strong data-start=\"1481\" data-end=\"1489\">EAN:<\/strong> non presente (edizione originale anni &#8217;80)<br \/>\n<strong data-start=\"3508\" data-end=\"3523\">Condizione:<\/strong> Near Mint<br data-start=\"3533\" data-end=\"3536\" \/><strong data-start=\"3536\" data-end=\"3549\">Edizione:<\/strong> Prima stampa italiana 1983<br data-start=\"3576\" data-end=\"3579\" \/><strong data-start=\"3579\" data-end=\"3591\">Formato:<\/strong> LP 33 giri<br data-start=\"3602\" data-end=\"3605\" \/><strong data-start=\"3605\" data-end=\"3619\">Copertina:<\/strong> Gatefold<\/p>\n<p data-start=\"1534\" data-end=\"1571\">\u2714 <strong data-start=\"1536\" data-end=\"1571\">Prima edizione italiana d\u2019epoca<\/strong><\/p>\n<h3 data-start=\"1578\" data-end=\"1601\"><strong>Condizioni del disco<\/strong><\/h3>\n<ul>\n<li data-start=\"1605\" data-end=\"1633\"><strong data-start=\"1605\" data-end=\"1616\">Vinile:<\/strong> Near Mint (NM)<\/li>\n<li data-start=\"1605\" data-end=\"1633\"><strong data-start=\"1636\" data-end=\"1659\">Copertina gatefold:<\/strong> Excellent+ \/ Near Mint (leggera usura da scaffale)<\/li>\n<li data-start=\"1715\" data-end=\"1745\"><strong data-start=\"1715\" data-end=\"1733\">Busta interna:<\/strong> Near Mint<\/li>\n<\/ul>\n<p data-start=\"1747\" data-end=\"1798\">\ud83d\udcc0 <strong data-start=\"1750\" data-end=\"1777\">Condizione complessiva:<\/strong> quasi pari al nuovo.<\/p>\n<p data-start=\"1800\" data-end=\"1892\">Disco conservato con grande cura, ideale per <strong data-start=\"1845\" data-end=\"1891\">collezionisti di vinili italiani originali<\/strong>.<\/p>\n<h3 data-start=\"1899\" data-end=\"1929\"><strong>Tracklist originale dell\u2019LP<\/strong><\/h3>\n<p data-start=\"1931\" data-end=\"1941\"><strong data-start=\"1931\" data-end=\"1941\">Side A<\/strong><\/p>\n<ol data-start=\"1943\" data-end=\"2017\">\n<li data-start=\"1943\" data-end=\"1959\">\n<p data-start=\"1946\" data-end=\"1959\">1983 \u2013 5:58<\/p>\n<\/li>\n<li data-start=\"1960\" data-end=\"1981\">\n<p data-start=\"1963\" data-end=\"1981\">Pecorella \u2013 5:02<\/p>\n<\/li>\n<li data-start=\"1982\" data-end=\"2017\">\n<p data-start=\"1985\" data-end=\"2017\">L\u2019altra parte del mondo \u2013 6:27<\/p>\n<\/li>\n<\/ol>\n<p data-start=\"2019\" data-end=\"2029\"><strong data-start=\"2019\" data-end=\"2029\">Side B<\/strong><\/p>\n<ol start=\"4\" data-start=\"2031\" data-end=\"2111\">\n<li data-start=\"2031\" data-end=\"2049\">\n<p data-start=\"2034\" data-end=\"2049\">Camion \u2013 5:41<\/p>\n<\/li>\n<li data-start=\"2050\" data-end=\"2074\">\n<p data-start=\"2053\" data-end=\"2074\">Noi come voi \u2013 4:02<\/p>\n<\/li>\n<li data-start=\"2075\" data-end=\"2094\">\n<p data-start=\"2078\" data-end=\"2094\">Stronzo \u2013 3:56<\/p>\n<\/li>\n<li data-start=\"2095\" data-end=\"2111\">\n<p data-start=\"2098\" data-end=\"2111\">Solo \u2013 5:22<\/p>\n<\/li>\n<\/ol>\n<h3 data-start=\"2118\" data-end=\"2176\"><strong>Perch\u00e9 questo vinile \u00e8 interessante<\/strong><\/h3>\n<p data-start=\"2178\" data-end=\"2323\">Questo LP non \u00e8 il classico Dalla da hit radiofoniche.<br data-start=\"2232\" data-end=\"2235\" \/>\u00c8 invece un album <strong data-start=\"2253\" data-end=\"2302\">apprezzato dagli appassionati pi\u00f9 consapevoli<\/strong>, perch\u00e9 rappresenta:<\/p>\n<ul>\n<li data-start=\"2327\" data-end=\"2380\">l\u2019<strong data-start=\"2329\" data-end=\"2380\">ultima fase della collaborazione con gli Stadio<\/strong><\/li>\n<li data-start=\"2383\" data-end=\"2455\">un momento di <strong data-start=\"2397\" data-end=\"2455\">transizione artistica nella discografia di Lucio Dalla<\/strong><\/li>\n<li data-start=\"2458\" data-end=\"2501\">una <strong data-start=\"2462\" data-end=\"2501\">prima stampa italiana originale RCA<\/strong><\/li>\n<li data-start=\"2504\" data-end=\"2575\">un <strong data-start=\"2507\" data-end=\"2575\">vinile anni &#8217;80 sempre pi\u00f9 difficile da trovare in condizioni NM<\/strong><\/li>\n<\/ul>\n<p data-start=\"2577\" data-end=\"2703\">Per questo motivo \u00e8 un disco che negli ultimi anni ha acquisito <strong data-start=\"2641\" data-end=\"2702\">maggiore interesse nel mercato del collezionismo musicale<\/strong>.<\/p>\n<h3 data-start=\"2710\" data-end=\"2735\"><strong>Perfetto per chi cerca<\/strong><\/h3>\n<ul>\n<li data-start=\"2739\" data-end=\"2771\">vinili <strong data-start=\"2746\" data-end=\"2771\">Lucio Dalla originali<\/strong><\/li>\n<li data-start=\"2774\" data-end=\"2801\"><strong data-start=\"2774\" data-end=\"2801\">LP RCA Italiana anni 80<\/strong><\/li>\n<li data-start=\"2804\" data-end=\"2839\"><strong data-start=\"2804\" data-end=\"2839\">cantautorato italiano in vinile<\/strong><\/li>\n<li data-start=\"2842\" data-end=\"2870\"><strong data-start=\"2842\" data-end=\"2870\">prima stampa Lucio Dalla<\/strong><\/li>\n<li data-start=\"2873\" data-end=\"2901\">dischi vintage da collezione<\/li>\n<\/ul>\n<h3 data-start=\"2908\" data-end=\"2935\"><strong>Spedizione e imballaggio<\/strong><\/h3>\n<p data-start=\"2937\" data-end=\"2965\">Il vinile verr\u00e0 spedito con:<\/p>\n<ul>\n<li data-start=\"2969\" data-end=\"3009\"><strong data-start=\"2969\" data-end=\"3009\">imballaggio professionale per dischi<\/strong><\/li>\n<li data-start=\"3012\" data-end=\"3031\">protezione antiurto<\/li>\n<li data-start=\"3034\" data-end=\"3054\">spedizione tracciata<\/li>\n<\/ul>\n<p data-start=\"3056\" data-end=\"3144\">Per garantire che il disco arrivi <strong data-start=\"3090\" data-end=\"3143\">nelle stesse condizioni in cui \u00e8 stato conservato<\/strong>.<\/p>\n<p><script type=\"application\/ld+json\">\n{\n  \"@context\": \"https:\/\/schema.org\",\n  \"@type\": \"Product\",\n  \"name\": \"Lucio Dalla \u2013 1983 (LP Vinile Originale 1983)\",\n  \"url\": \"https:\/\/loshopdicamilla.net\/it\/prodotto\/1983-lucio-dalla\/\",\n  \"image\": [\n    \"https:\/\/loshopdicamilla.net\/wp-content\/uploads\/2026\/03\/1983-Lucio-Dalla-Cover.webp\"\n  ],\n  \"brand\": { \"@type\": \"Brand\", \"name\": \"RCA Italiana\" },\n  \"sku\": \"PL 31692\",\n  \"category\": \"Vinili da collezione\",\n  \"description\": \"Original 1983 Italian pressing on RCA. Gatefold sleeve. Album '1983' by Lucio Dalla, last collaboration with Stadio. Vinyl NM, sleeve EX+\/NM with light shelf wear.\",\n  \"offers\": {\n    \"@type\": \"Offer\",\n    \"priceCurrency\": \"EUR\",\n    \"price\": \"54.90\",\n    \"availability\": \"https:\/\/schema.org\/InStock\",\n    \"itemCondition\": \"https:\/\/schema.org\/UsedCondition\"\n  }\n}\n<\/script><\/p>\n<span class=\"et_bloom_bottom_trigger\"><\/span>","protected":false},"excerpt":{"rendered":"<p>L\u2019album <strong data-start=\"584\" data-end=\"609\">\u201c1983\u201d di Lucio Dalla<\/strong> rappresenta uno dei momenti pi\u00f9 interessanti della sua produzione artistica. Pubblicato da <strong data-start=\"701\" data-end=\"726\">RCA Italiana nel 1983<\/strong>, questo LP segna <strong data-start=\"744\" data-end=\"794\">l\u2019ultima collaborazione stabile con gli Stadio<\/strong>, gruppo che di l\u00ec a poco intraprender\u00e0 il proprio percorso autonomo.<\/p>\n","protected":false},"featured_media":3859,"comment_status":"open","ping_status":"closed","template":"","meta":{"_et_pb_use_builder":"","_et_pb_old_content":"","_et_gb_content_width":""},"product_brand":[733],"product_cat":[702,43],"product_tag":[718,734,739,791,704],"class_list":{"0":"post-3353","1":"product","2":"type-product","3":"status-publish","4":"has-post-thumbnail","6":"product_brand-rca","7":"product_cat-folk-rock","8":"product_cat-vinili","9":"product_tag-cantautori","10":"product_tag-lucio-dalla","11":"product_tag-vinile","12":"product_tag-vinile-da-collezione","13":"product_tag-vinili","14":"product_shipping_class-0-2-kg","16":"first","17":"instock","18":"sale","19":"taxable","20":"shipping-taxable","21":"purchasable","22":"product-type-simple"},"yoast_head":"<!-- This site is optimized with the Yoast SEO plugin v26.5 - https:\/\/yoast.com\/wordpress\/plugins\/seo\/ -->\n<title>1983 \u2013 Lucio Dalla - Vinile RCA - PL 31692 - Lo Shop di Camilla<\/title>\n<meta name=\"description\" content=\"Lucio Dalla \u2013 1983 LP vinile originale RCA Italiana (1983) catalogo PL 31692. Gatefold. LP Near Mint. Ultima collaborazione con gli Stadio. Scopri di pi\u00f9.\" \/>\n<meta name=\"robots\" content=\"index, follow, max-snippet:-1, max-image-preview:large, max-video-preview:-1\" \/>\n<link rel=\"canonical\" href=\"https:\/\/loshopdicamilla.net\/it\/prodotto\/1983-lucio-dalla-vinile-rca\/\" \/>\n<meta property=\"og:locale\" content=\"it_IT\" \/>\n<meta property=\"og:type\" content=\"article\" \/>\n<meta property=\"og:title\" content=\"1983 \u2013 Lucio Dalla - Vinile RCA - PL 31692 - Lo Shop di Camilla\" \/>\n<meta property=\"og:description\" content=\"Lucio Dalla \u2013 1983 LP vinile originale RCA Italiana (1983) catalogo PL 31692. Gatefold. LP Near Mint. Ultima collaborazione con gli Stadio. Scopri di pi\u00f9.\" \/>\n<meta property=\"og:url\" content=\"https:\/\/loshopdicamilla.net\/it\/prodotto\/1983-lucio-dalla-vinile-rca\/\" \/>\n<meta property=\"og:site_name\" content=\"Lo Shop di Camilla\" \/>\n<meta property=\"article:modified_time\" content=\"2026-03-04T21:53:15+00:00\" \/>\n<meta property=\"og:image\" content=\"https:\/\/loshopdicamilla.net\/wp-content\/uploads\/2026\/03\/1983-Lucio-Dalla-Cover.webp\" \/>\n\t<meta property=\"og:image:width\" content=\"592\" \/>\n\t<meta property=\"og:image:height\" content=\"600\" \/>\n\t<meta property=\"og:image:type\" content=\"image\/webp\" \/>\n<meta name=\"twitter:card\" content=\"summary_large_image\" \/>\n<meta name=\"twitter:label1\" content=\"Tempo di lettura stimato\" \/>\n\t<meta name=\"twitter:data1\" content=\"3 minuti\" \/>\n<script type=\"application\/ld+json\" class=\"yoast-schema-graph\">{\"@context\":\"https:\/\/schema.org\",\"@graph\":[{\"@type\":\"WebPage\",\"@id\":\"https:\/\/loshopdicamilla.net\/it\/prodotto\/1983-lucio-dalla-vinile-rca\/\",\"url\":\"https:\/\/loshopdicamilla.net\/it\/prodotto\/1983-lucio-dalla-vinile-rca\/\",\"name\":\"1983 \u2013 Lucio Dalla - Vinile RCA - PL 31692 - Lo Shop di Camilla\",\"isPartOf\":{\"@id\":\"https:\/\/loshopdicamilla.net\/it\/#website\"},\"primaryImageOfPage\":{\"@id\":\"https:\/\/loshopdicamilla.net\/it\/prodotto\/1983-lucio-dalla-vinile-rca\/#primaryimage\"},\"image\":{\"@id\":\"https:\/\/loshopdicamilla.net\/it\/prodotto\/1983-lucio-dalla-vinile-rca\/#primaryimage\"},\"thumbnailUrl\":\"https:\/\/i0.wp.com\/loshopdicamilla.net\/wp-content\/uploads\/2026\/03\/1983-Lucio-Dalla-Cover.webp?fit=592%2C600&ssl=1\",\"datePublished\":\"2026-03-03T21:34:56+00:00\",\"dateModified\":\"2026-03-04T21:53:15+00:00\",\"description\":\"Lucio Dalla \u2013 1983 LP vinile originale RCA Italiana (1983) catalogo PL 31692. Gatefold. LP Near Mint. Ultima collaborazione con gli Stadio. Scopri di pi\u00f9.\",\"breadcrumb\":{\"@id\":\"https:\/\/loshopdicamilla.net\/it\/prodotto\/1983-lucio-dalla-vinile-rca\/#breadcrumb\"},\"inLanguage\":\"it-IT\",\"potentialAction\":[{\"@type\":\"ReadAction\",\"target\":[\"https:\/\/loshopdicamilla.net\/it\/prodotto\/1983-lucio-dalla-vinile-rca\/\"]}]},{\"@type\":\"ImageObject\",\"inLanguage\":\"it-IT\",\"@id\":\"https:\/\/loshopdicamilla.net\/it\/prodotto\/1983-lucio-dalla-vinile-rca\/#primaryimage\",\"url\":\"https:\/\/i0.wp.com\/loshopdicamilla.net\/wp-content\/uploads\/2026\/03\/1983-Lucio-Dalla-Cover.webp?fit=592%2C600&ssl=1\",\"contentUrl\":\"https:\/\/i0.wp.com\/loshopdicamilla.net\/wp-content\/uploads\/2026\/03\/1983-Lucio-Dalla-Cover.webp?fit=592%2C600&ssl=1\",\"width\":592,\"height\":600,\"caption\":\"1983 - Lucio Dalla\"},{\"@type\":\"BreadcrumbList\",\"@id\":\"https:\/\/loshopdicamilla.net\/it\/prodotto\/1983-lucio-dalla-vinile-rca\/#breadcrumb\",\"itemListElement\":[{\"@type\":\"ListItem\",\"position\":1,\"name\":\"Home\",\"item\":\"https:\/\/loshopdicamilla.net\/it\/\"},{\"@type\":\"ListItem\",\"position\":2,\"name\":\"Shop\",\"item\":\"https:\/\/loshopdicamilla.net\/it\/negozio\/\"},{\"@type\":\"ListItem\",\"position\":3,\"name\":\"1983 \u2013 Lucio Dalla &#8211; Vinile RCA &#8211; PL 31692\"}]},{\"@type\":\"WebSite\",\"@id\":\"https:\/\/loshopdicamilla.net\/it\/#website\",\"url\":\"https:\/\/loshopdicamilla.net\/it\/\",\"name\":\"Lo Shop di Camilla\",\"description\":\"Idee Originalit\u00e0 Simpatia\",\"potentialAction\":[{\"@type\":\"SearchAction\",\"target\":{\"@type\":\"EntryPoint\",\"urlTemplate\":\"https:\/\/loshopdicamilla.net\/it\/?s={search_term_string}\"},\"query-input\":{\"@type\":\"PropertyValueSpecification\",\"valueRequired\":true,\"valueName\":\"search_term_string\"}}],\"inLanguage\":\"it-IT\"}]}<\/script>\n<!-- \/ Yoast SEO plugin. -->","yoast_head_json":{"title":"1983 \u2013 Lucio Dalla - Vinile RCA - PL 31692 - Lo Shop di Camilla","description":"Lucio Dalla \u2013 1983 LP vinile originale RCA Italiana (1983) catalogo PL 31692. Gatefold. LP Near Mint. Ultima collaborazione con gli Stadio. Scopri di pi\u00f9.","robots":{"index":"index","follow":"follow","max-snippet":"max-snippet:-1","max-image-preview":"max-image-preview:large","max-video-preview":"max-video-preview:-1"},"canonical":"https:\/\/loshopdicamilla.net\/it\/prodotto\/1983-lucio-dalla-vinile-rca\/","og_locale":"it_IT","og_type":"article","og_title":"1983 \u2013 Lucio Dalla - Vinile RCA - PL 31692 - Lo Shop di Camilla","og_description":"Lucio Dalla \u2013 1983 LP vinile originale RCA Italiana (1983) catalogo PL 31692. Gatefold. LP Near Mint. Ultima collaborazione con gli Stadio. Scopri di pi\u00f9.","og_url":"https:\/\/loshopdicamilla.net\/it\/prodotto\/1983-lucio-dalla-vinile-rca\/","og_site_name":"Lo Shop di Camilla","article_modified_time":"2026-03-04T21:53:15+00:00","og_image":[{"width":592,"height":600,"url":"https:\/\/loshopdicamilla.net\/wp-content\/uploads\/2026\/03\/1983-Lucio-Dalla-Cover.webp","type":"image\/webp"}],"twitter_card":"summary_large_image","twitter_misc":{"Tempo di lettura stimato":"3 minuti"},"schema":{"@context":"https:\/\/schema.org","@graph":[{"@type":"WebPage","@id":"https:\/\/loshopdicamilla.net\/it\/prodotto\/1983-lucio-dalla-vinile-rca\/","url":"https:\/\/loshopdicamilla.net\/it\/prodotto\/1983-lucio-dalla-vinile-rca\/","name":"1983 \u2013 Lucio Dalla - Vinile RCA - PL 31692 - Lo Shop di Camilla","isPartOf":{"@id":"https:\/\/loshopdicamilla.net\/it\/#website"},"primaryImageOfPage":{"@id":"https:\/\/loshopdicamilla.net\/it\/prodotto\/1983-lucio-dalla-vinile-rca\/#primaryimage"},"image":{"@id":"https:\/\/loshopdicamilla.net\/it\/prodotto\/1983-lucio-dalla-vinile-rca\/#primaryimage"},"thumbnailUrl":"https:\/\/i0.wp.com\/loshopdicamilla.net\/wp-content\/uploads\/2026\/03\/1983-Lucio-Dalla-Cover.webp?fit=592%2C600&ssl=1","datePublished":"2026-03-03T21:34:56+00:00","dateModified":"2026-03-04T21:53:15+00:00","description":"Lucio Dalla \u2013 1983 LP vinile originale RCA Italiana (1983) catalogo PL 31692. Gatefold. LP Near Mint. Ultima collaborazione con gli Stadio. Scopri di pi\u00f9.","breadcrumb":{"@id":"https:\/\/loshopdicamilla.net\/it\/prodotto\/1983-lucio-dalla-vinile-rca\/#breadcrumb"},"inLanguage":"it-IT","potentialAction":[{"@type":"ReadAction","target":["https:\/\/loshopdicamilla.net\/it\/prodotto\/1983-lucio-dalla-vinile-rca\/"]}]},{"@type":"ImageObject","inLanguage":"it-IT","@id":"https:\/\/loshopdicamilla.net\/it\/prodotto\/1983-lucio-dalla-vinile-rca\/#primaryimage","url":"https:\/\/i0.wp.com\/loshopdicamilla.net\/wp-content\/uploads\/2026\/03\/1983-Lucio-Dalla-Cover.webp?fit=592%2C600&ssl=1","contentUrl":"https:\/\/i0.wp.com\/loshopdicamilla.net\/wp-content\/uploads\/2026\/03\/1983-Lucio-Dalla-Cover.webp?fit=592%2C600&ssl=1","width":592,"height":600,"caption":"1983 - Lucio Dalla"},{"@type":"BreadcrumbList","@id":"https:\/\/loshopdicamilla.net\/it\/prodotto\/1983-lucio-dalla-vinile-rca\/#breadcrumb","itemListElement":[{"@type":"ListItem","position":1,"name":"Home","item":"https:\/\/loshopdicamilla.net\/it\/"},{"@type":"ListItem","position":2,"name":"Shop","item":"https:\/\/loshopdicamilla.net\/it\/negozio\/"},{"@type":"ListItem","position":3,"name":"1983 \u2013 Lucio Dalla &#8211; Vinile RCA &#8211; PL 31692"}]},{"@type":"WebSite","@id":"https:\/\/loshopdicamilla.net\/it\/#website","url":"https:\/\/loshopdicamilla.net\/it\/","name":"Lo Shop di Camilla","description":"Idee Originalit\u00e0 Simpatia","potentialAction":[{"@type":"SearchAction","target":{"@type":"EntryPoint","urlTemplate":"https:\/\/loshopdicamilla.net\/it\/?s={search_term_string}"},"query-input":{"@type":"PropertyValueSpecification","valueRequired":true,"valueName":"search_term_string"}}],"inLanguage":"it-IT"}]}},"jetpack-related-posts":[],"jetpack_sharing_enabled":true,"_links":{"self":[{"href":"https:\/\/loshopdicamilla.net\/it\/wp-json\/wp\/v2\/product\/3353","targetHints":{"allow":["GET"]}}],"collection":[{"href":"https:\/\/loshopdicamilla.net\/it\/wp-json\/wp\/v2\/product"}],"about":[{"href":"https:\/\/loshopdicamilla.net\/it\/wp-json\/wp\/v2\/types\/product"}],"replies":[{"embeddable":true,"href":"https:\/\/loshopdicamilla.net\/it\/wp-json\/wp\/v2\/comments?post=3353"}],"wp:featuredmedia":[{"embeddable":true,"href":"https:\/\/loshopdicamilla.net\/it\/wp-json\/wp\/v2\/media\/3859"}],"wp:attachment":[{"href":"https:\/\/loshopdicamilla.net\/it\/wp-json\/wp\/v2\/media?parent=3353"}],"wp:term":[{"taxonomy":"product_brand","embeddable":true,"href":"https:\/\/loshopdicamilla.net\/it\/wp-json\/wp\/v2\/product_brand?post=3353"},{"taxonomy":"product_cat","embeddable":true,"href":"https:\/\/loshopdicamilla.net\/it\/wp-json\/wp\/v2\/product_cat?post=3353"},{"taxonomy":"product_tag","embeddable":true,"href":"https:\/\/loshopdicamilla.net\/it\/wp-json\/wp\/v2\/product_tag?post=3353"}],"curies":[{"name":"wp","href":"https:\/\/api.w.org\/{rel}","templated":true}]}}