{"id":3119,"date":"2025-12-20T16:12:22","date_gmt":"2025-12-20T16:12:22","guid":{"rendered":"https:\/\/loshopdicamilla.net\/?post_type=product&#038;p=3119"},"modified":"2026-01-25T16:29:20","modified_gmt":"2026-01-25T16:29:20","slug":"the-dream-of-the-blue-turtles-sting","status":"publish","type":"product","link":"https:\/\/loshopdicamilla.net\/it\/prodotto\/the-dream-of-the-blue-turtles-sting\/","title":{"rendered":"The Dream of the Blue Turtles \u2013 Sting"},"content":{"rendered":"<p><strong data-start=\"75\" data-end=\"108\">The Dream of the Blue Turtles<\/strong>\u00a0\u00e8 l\u2019album di debutto da solista del musicista britannico <strong>Sting<\/strong>, pubblicato nel 1985 dopo lo scioglimento dei The Police. L\u2019opera segna il passaggio dell\u2019artista dal rock e new wave della band a un linguaggio musicale pi\u00f9 sofisticato, con influenze jazz, pop e world music. \u00c8 considerato uno degli esordi solisti pi\u00f9 significativi degli anni \u201980.<\/p>\n<p>Stampa originale del 1985 della Germania Ovest su A&amp;M Records (393 750-1). Completo dell\u2019inserto originale. Vinile e copertina in condizioni quasi perfette. Include \u2018Russians\u2019 e \u2018Moon Over Bourbon Street\u2019.<\/p>\n<h2 data-start=\"368\" data-end=\"399\"><strong>The Dream of the Blue Turtles, caratteristiche:<\/strong><\/h2>\n<ul>\n<li data-start=\"402\" data-end=\"422\"><strong data-start=\"402\" data-end=\"414\">Artista:<\/strong> Sting<\/li>\n<li data-start=\"425\" data-end=\"470\"><strong data-start=\"425\" data-end=\"436\">Titolo:<\/strong> <em data-start=\"437\" data-end=\"468\">The Dream of the Blue Turtles<\/em><\/li>\n<li data-start=\"473\" data-end=\"493\"><strong data-start=\"473\" data-end=\"482\">Anno:<\/strong> <strong data-start=\"483\" data-end=\"491\">1985<\/strong><\/li>\n<li data-start=\"496\" data-end=\"528\"><strong data-start=\"496\" data-end=\"510\">Etichetta:<\/strong> <strong data-start=\"511\" data-end=\"526\">A&amp;M Records<\/strong><\/li>\n<li data-start=\"531\" data-end=\"570\"><strong data-start=\"531\" data-end=\"554\">Numero di catalogo:<\/strong> <strong data-start=\"555\" data-end=\"568\">393 750-1<\/strong><\/li>\n<li data-start=\"573\" data-end=\"601\"><strong data-start=\"573\" data-end=\"587\">Codice LC:<\/strong> <strong data-start=\"588\" data-end=\"599\">LC 0485<\/strong><\/li>\n<li data-start=\"604\" data-end=\"643\"><strong data-start=\"604\" data-end=\"624\">Paese di stampa:<\/strong> <strong data-start=\"625\" data-end=\"641\">West Germany<\/strong><\/li>\n<li data-start=\"646\" data-end=\"673\"><strong data-start=\"646\" data-end=\"654\">EAN:<\/strong> <strong data-start=\"655\" data-end=\"671\">082839375016<\/strong><\/li>\n<li data-start=\"676\" data-end=\"693\"><strong data-start=\"676\" data-end=\"688\">Formato:<\/strong> LP<\/li>\n<li data-start=\"696\" data-end=\"745\"><strong data-start=\"696\" data-end=\"716\">Inserto interno:<\/strong> <strong data-start=\"717\" data-end=\"741\">presente e originale<\/strong> \u2705<\/li>\n<\/ul>\n<p data-start=\"747\" data-end=\"847\">\ud83d\udc49 \u00c8 una <strong data-start=\"756\" data-end=\"795\">prima edizione europea West Germany<\/strong>, molto ricercata per <strong data-start=\"817\" data-end=\"846\">qualit\u00e0 di stampa e audio<\/strong>.<\/p>\n<h3 data-start=\"854\" data-end=\"870\">\ud83e\uddfc Condizioni<\/h3>\n<ul>\n<li data-start=\"873\" data-end=\"899\"><strong data-start=\"873\" data-end=\"884\">Vinile:<\/strong> <strong data-start=\"885\" data-end=\"897\">NM reale<\/strong><\/li>\n<li data-start=\"902\" data-end=\"930\"><strong data-start=\"902\" data-end=\"921\">Inserto mobile:<\/strong> <strong data-start=\"922\" data-end=\"928\">NM<\/strong><\/li>\n<li data-start=\"933\" data-end=\"954\"><strong data-start=\"933\" data-end=\"947\">Copertina:<\/strong> <strong data-start=\"948\" data-end=\"954\">NM<\/strong><\/li>\n<li data-start=\"957\" data-end=\"990\">Stato complessivo: <strong data-start=\"976\" data-end=\"990\">come nuovo<\/strong><\/li>\n<\/ul>\n<h3 data-start=\"1067\" data-end=\"1110\">\ud83c\udfb6 <strong data-start=\"1073\" data-end=\"1110\">TRACKLIST<\/strong><\/h3>\n<h3 data-start=\"1112\" data-end=\"1126\"><strong data-start=\"1116\" data-end=\"1126\">Side A<\/strong><\/h3>\n<ol>\n<li data-start=\"1130\" data-end=\"1170\"><strong data-start=\"1130\" data-end=\"1168\">If You Love Somebody Set Them Free<\/strong><\/li>\n<li data-start=\"1174\" data-end=\"1204\"><strong data-start=\"1174\" data-end=\"1202\">Love Is the Seventh Wave<\/strong><\/li>\n<li data-start=\"1208\" data-end=\"1222\"><strong data-start=\"1208\" data-end=\"1220\">Russians<\/strong><\/li>\n<li data-start=\"1226\" data-end=\"1250\"><strong data-start=\"1226\" data-end=\"1248\">Children\u2019s Crusade<\/strong><\/li>\n<li data-start=\"1254\" data-end=\"1277\"><strong data-start=\"1254\" data-end=\"1277\">Shadows in the Rain<\/strong><\/li>\n<\/ol>\n<h3 data-start=\"1279\" data-end=\"1293\"><strong data-start=\"1283\" data-end=\"1293\">Side B<\/strong><\/h3>\n<ol>\n<li data-start=\"1297\" data-end=\"1325\"><strong data-start=\"1297\" data-end=\"1323\">We Work the Black Seam<\/strong><\/li>\n<li data-start=\"1329\" data-end=\"1351\"><strong data-start=\"1329\" data-end=\"1349\">Consider Me Gone<\/strong><\/li>\n<li data-start=\"1355\" data-end=\"1390\"><strong data-start=\"1355\" data-end=\"1388\">The Dream of the Blue Turtles<\/strong><\/li>\n<li data-start=\"1394\" data-end=\"1424\"><strong data-start=\"1394\" data-end=\"1422\">Moon Over Bourbon Street<\/strong><\/li>\n<li data-start=\"1429\" data-end=\"1459\"><strong data-start=\"1429\" data-end=\"1459\">Fortress Around Your Heart<\/strong><\/li>\n<\/ol>\n<span class=\"et_bloom_bottom_trigger\"><\/span>","protected":false},"excerpt":{"rendered":"<p><strong data-start=\"75\" data-end=\"108\">The Dream of the Blue Turtles<\/strong>\u00a0\u00e8 l\u2019album di debutto da solista del musicista britannico <strong>Sting<\/strong>, pubblicato nel 1985 dopo lo scioglimento dei The Police<\/p>\n","protected":false},"featured_media":3121,"comment_status":"open","ping_status":"closed","template":"","meta":{"_et_pb_use_builder":"","_et_pb_old_content":"","_et_gb_content_width":""},"product_brand":[],"product_cat":[707,43],"product_tag":[705,710,709,708],"class_list":{"0":"post-3119","1":"product","2":"type-product","3":"status-publish","4":"has-post-thumbnail","6":"product_cat-pop-rock","7":"product_cat-vinili","8":"product_tag-collezionismo","9":"product_tag-pop-rock","10":"product_tag-rock","11":"product_tag-sting","12":"product_shipping_class-0-2-kg","14":"first","15":"instock","16":"sale","17":"taxable","18":"shipping-taxable","19":"purchasable","20":"product-type-simple"},"yoast_head":"<!-- This site is optimized with the Yoast SEO plugin v26.5 - https:\/\/yoast.com\/wordpress\/plugins\/seo\/ -->\n<title>The Dream of the Blue Turtles \u2013 Sting - Lo Shop di Camilla<\/title>\n<meta name=\"description\" content=\"The Dream of the Blue Turtles\u00a0\u00e8 l\u2019album di debutto da solista del musicista britannico Sting, pubblicato nel 1985. Scopri di pi\u00f9.\" \/>\n<meta name=\"robots\" content=\"index, follow, max-snippet:-1, max-image-preview:large, max-video-preview:-1\" \/>\n<link rel=\"canonical\" href=\"https:\/\/loshopdicamilla.net\/it\/prodotto\/the-dream-of-the-blue-turtles-sting\/\" \/>\n<meta property=\"og:locale\" content=\"it_IT\" \/>\n<meta property=\"og:type\" content=\"article\" \/>\n<meta property=\"og:title\" content=\"The Dream of the Blue Turtles \u2013 Sting - Lo Shop di Camilla\" \/>\n<meta property=\"og:description\" content=\"The Dream of the Blue Turtles\u00a0\u00e8 l\u2019album di debutto da solista del musicista britannico Sting, pubblicato nel 1985. Scopri di pi\u00f9.\" \/>\n<meta property=\"og:url\" content=\"https:\/\/loshopdicamilla.net\/it\/prodotto\/the-dream-of-the-blue-turtles-sting\/\" \/>\n<meta property=\"og:site_name\" content=\"Lo Shop di Camilla\" \/>\n<meta property=\"article:modified_time\" content=\"2026-01-25T16:29:20+00:00\" \/>\n<meta property=\"og:image\" content=\"https:\/\/loshopdicamilla.net\/wp-content\/uploads\/2025\/12\/2025-12-20_17-00-48_706.jpg\" \/>\n\t<meta property=\"og:image:width\" content=\"1200\" \/>\n\t<meta property=\"og:image:height\" content=\"1238\" \/>\n\t<meta property=\"og:image:type\" content=\"image\/jpeg\" \/>\n<meta name=\"twitter:card\" content=\"summary_large_image\" \/>\n<meta name=\"twitter:label1\" content=\"Tempo di lettura stimato\" \/>\n\t<meta name=\"twitter:data1\" content=\"2 minuti\" \/>\n<script type=\"application\/ld+json\" class=\"yoast-schema-graph\">{\"@context\":\"https:\/\/schema.org\",\"@graph\":[{\"@type\":\"WebPage\",\"@id\":\"https:\/\/loshopdicamilla.net\/it\/prodotto\/the-dream-of-the-blue-turtles-sting\/\",\"url\":\"https:\/\/loshopdicamilla.net\/it\/prodotto\/the-dream-of-the-blue-turtles-sting\/\",\"name\":\"The Dream of the Blue Turtles \u2013 Sting - Lo Shop di Camilla\",\"isPartOf\":{\"@id\":\"https:\/\/loshopdicamilla.net\/it\/#website\"},\"primaryImageOfPage\":{\"@id\":\"https:\/\/loshopdicamilla.net\/it\/prodotto\/the-dream-of-the-blue-turtles-sting\/#primaryimage\"},\"image\":{\"@id\":\"https:\/\/loshopdicamilla.net\/it\/prodotto\/the-dream-of-the-blue-turtles-sting\/#primaryimage\"},\"thumbnailUrl\":\"https:\/\/i0.wp.com\/loshopdicamilla.net\/wp-content\/uploads\/2025\/12\/2025-12-20_17-00-48_706.jpg?fit=1200%2C1238&ssl=1\",\"datePublished\":\"2025-12-20T16:12:22+00:00\",\"dateModified\":\"2026-01-25T16:29:20+00:00\",\"description\":\"The Dream of the Blue Turtles\u00a0\u00e8 l\u2019album di debutto da solista del musicista britannico Sting, pubblicato nel 1985. Scopri di pi\u00f9.\",\"breadcrumb\":{\"@id\":\"https:\/\/loshopdicamilla.net\/it\/prodotto\/the-dream-of-the-blue-turtles-sting\/#breadcrumb\"},\"inLanguage\":\"it-IT\",\"potentialAction\":[{\"@type\":\"ReadAction\",\"target\":[\"https:\/\/loshopdicamilla.net\/it\/prodotto\/the-dream-of-the-blue-turtles-sting\/\"]}]},{\"@type\":\"ImageObject\",\"inLanguage\":\"it-IT\",\"@id\":\"https:\/\/loshopdicamilla.net\/it\/prodotto\/the-dream-of-the-blue-turtles-sting\/#primaryimage\",\"url\":\"https:\/\/i0.wp.com\/loshopdicamilla.net\/wp-content\/uploads\/2025\/12\/2025-12-20_17-00-48_706.jpg?fit=1200%2C1238&ssl=1\",\"contentUrl\":\"https:\/\/i0.wp.com\/loshopdicamilla.net\/wp-content\/uploads\/2025\/12\/2025-12-20_17-00-48_706.jpg?fit=1200%2C1238&ssl=1\",\"width\":1200,\"height\":1238,\"caption\":\"The Dream of the Blue Turtles \u2013 Sting\"},{\"@type\":\"BreadcrumbList\",\"@id\":\"https:\/\/loshopdicamilla.net\/it\/prodotto\/the-dream-of-the-blue-turtles-sting\/#breadcrumb\",\"itemListElement\":[{\"@type\":\"ListItem\",\"position\":1,\"name\":\"Home\",\"item\":\"https:\/\/loshopdicamilla.net\/it\/\"},{\"@type\":\"ListItem\",\"position\":2,\"name\":\"Shop\",\"item\":\"https:\/\/loshopdicamilla.net\/it\/negozio\/\"},{\"@type\":\"ListItem\",\"position\":3,\"name\":\"The Dream of the Blue Turtles \u2013 Sting\"}]},{\"@type\":\"WebSite\",\"@id\":\"https:\/\/loshopdicamilla.net\/it\/#website\",\"url\":\"https:\/\/loshopdicamilla.net\/it\/\",\"name\":\"Lo Shop di Camilla\",\"description\":\"Idee Originalit\u00e0 Simpatia\",\"potentialAction\":[{\"@type\":\"SearchAction\",\"target\":{\"@type\":\"EntryPoint\",\"urlTemplate\":\"https:\/\/loshopdicamilla.net\/it\/?s={search_term_string}\"},\"query-input\":{\"@type\":\"PropertyValueSpecification\",\"valueRequired\":true,\"valueName\":\"search_term_string\"}}],\"inLanguage\":\"it-IT\"}]}<\/script>\n<!-- \/ Yoast SEO plugin. -->","yoast_head_json":{"title":"The Dream of the Blue Turtles \u2013 Sting - Lo Shop di Camilla","description":"The Dream of the Blue Turtles\u00a0\u00e8 l\u2019album di debutto da solista del musicista britannico Sting, pubblicato nel 1985. Scopri di pi\u00f9.","robots":{"index":"index","follow":"follow","max-snippet":"max-snippet:-1","max-image-preview":"max-image-preview:large","max-video-preview":"max-video-preview:-1"},"canonical":"https:\/\/loshopdicamilla.net\/it\/prodotto\/the-dream-of-the-blue-turtles-sting\/","og_locale":"it_IT","og_type":"article","og_title":"The Dream of the Blue Turtles \u2013 Sting - Lo Shop di Camilla","og_description":"The Dream of the Blue Turtles\u00a0\u00e8 l\u2019album di debutto da solista del musicista britannico Sting, pubblicato nel 1985. Scopri di pi\u00f9.","og_url":"https:\/\/loshopdicamilla.net\/it\/prodotto\/the-dream-of-the-blue-turtles-sting\/","og_site_name":"Lo Shop di Camilla","article_modified_time":"2026-01-25T16:29:20+00:00","og_image":[{"width":1200,"height":1238,"url":"https:\/\/loshopdicamilla.net\/wp-content\/uploads\/2025\/12\/2025-12-20_17-00-48_706.jpg","type":"image\/jpeg"}],"twitter_card":"summary_large_image","twitter_misc":{"Tempo di lettura stimato":"2 minuti"},"schema":{"@context":"https:\/\/schema.org","@graph":[{"@type":"WebPage","@id":"https:\/\/loshopdicamilla.net\/it\/prodotto\/the-dream-of-the-blue-turtles-sting\/","url":"https:\/\/loshopdicamilla.net\/it\/prodotto\/the-dream-of-the-blue-turtles-sting\/","name":"The Dream of the Blue Turtles \u2013 Sting - Lo Shop di Camilla","isPartOf":{"@id":"https:\/\/loshopdicamilla.net\/it\/#website"},"primaryImageOfPage":{"@id":"https:\/\/loshopdicamilla.net\/it\/prodotto\/the-dream-of-the-blue-turtles-sting\/#primaryimage"},"image":{"@id":"https:\/\/loshopdicamilla.net\/it\/prodotto\/the-dream-of-the-blue-turtles-sting\/#primaryimage"},"thumbnailUrl":"https:\/\/i0.wp.com\/loshopdicamilla.net\/wp-content\/uploads\/2025\/12\/2025-12-20_17-00-48_706.jpg?fit=1200%2C1238&ssl=1","datePublished":"2025-12-20T16:12:22+00:00","dateModified":"2026-01-25T16:29:20+00:00","description":"The Dream of the Blue Turtles\u00a0\u00e8 l\u2019album di debutto da solista del musicista britannico Sting, pubblicato nel 1985. Scopri di pi\u00f9.","breadcrumb":{"@id":"https:\/\/loshopdicamilla.net\/it\/prodotto\/the-dream-of-the-blue-turtles-sting\/#breadcrumb"},"inLanguage":"it-IT","potentialAction":[{"@type":"ReadAction","target":["https:\/\/loshopdicamilla.net\/it\/prodotto\/the-dream-of-the-blue-turtles-sting\/"]}]},{"@type":"ImageObject","inLanguage":"it-IT","@id":"https:\/\/loshopdicamilla.net\/it\/prodotto\/the-dream-of-the-blue-turtles-sting\/#primaryimage","url":"https:\/\/i0.wp.com\/loshopdicamilla.net\/wp-content\/uploads\/2025\/12\/2025-12-20_17-00-48_706.jpg?fit=1200%2C1238&ssl=1","contentUrl":"https:\/\/i0.wp.com\/loshopdicamilla.net\/wp-content\/uploads\/2025\/12\/2025-12-20_17-00-48_706.jpg?fit=1200%2C1238&ssl=1","width":1200,"height":1238,"caption":"The Dream of the Blue Turtles \u2013 Sting"},{"@type":"BreadcrumbList","@id":"https:\/\/loshopdicamilla.net\/it\/prodotto\/the-dream-of-the-blue-turtles-sting\/#breadcrumb","itemListElement":[{"@type":"ListItem","position":1,"name":"Home","item":"https:\/\/loshopdicamilla.net\/it\/"},{"@type":"ListItem","position":2,"name":"Shop","item":"https:\/\/loshopdicamilla.net\/it\/negozio\/"},{"@type":"ListItem","position":3,"name":"The Dream of the Blue Turtles \u2013 Sting"}]},{"@type":"WebSite","@id":"https:\/\/loshopdicamilla.net\/it\/#website","url":"https:\/\/loshopdicamilla.net\/it\/","name":"Lo Shop di Camilla","description":"Idee Originalit\u00e0 Simpatia","potentialAction":[{"@type":"SearchAction","target":{"@type":"EntryPoint","urlTemplate":"https:\/\/loshopdicamilla.net\/it\/?s={search_term_string}"},"query-input":{"@type":"PropertyValueSpecification","valueRequired":true,"valueName":"search_term_string"}}],"inLanguage":"it-IT"}]}},"jetpack-related-posts":[],"jetpack_sharing_enabled":true,"_links":{"self":[{"href":"https:\/\/loshopdicamilla.net\/it\/wp-json\/wp\/v2\/product\/3119","targetHints":{"allow":["GET"]}}],"collection":[{"href":"https:\/\/loshopdicamilla.net\/it\/wp-json\/wp\/v2\/product"}],"about":[{"href":"https:\/\/loshopdicamilla.net\/it\/wp-json\/wp\/v2\/types\/product"}],"replies":[{"embeddable":true,"href":"https:\/\/loshopdicamilla.net\/it\/wp-json\/wp\/v2\/comments?post=3119"}],"wp:featuredmedia":[{"embeddable":true,"href":"https:\/\/loshopdicamilla.net\/it\/wp-json\/wp\/v2\/media\/3121"}],"wp:attachment":[{"href":"https:\/\/loshopdicamilla.net\/it\/wp-json\/wp\/v2\/media?parent=3119"}],"wp:term":[{"taxonomy":"product_brand","embeddable":true,"href":"https:\/\/loshopdicamilla.net\/it\/wp-json\/wp\/v2\/product_brand?post=3119"},{"taxonomy":"product_cat","embeddable":true,"href":"https:\/\/loshopdicamilla.net\/it\/wp-json\/wp\/v2\/product_cat?post=3119"},{"taxonomy":"product_tag","embeddable":true,"href":"https:\/\/loshopdicamilla.net\/it\/wp-json\/wp\/v2\/product_tag?post=3119"}],"curies":[{"name":"wp","href":"https:\/\/api.w.org\/{rel}","templated":true}]}}