{"id":3117,"date":"2025-12-20T15:51:01","date_gmt":"2025-12-20T15:51:01","guid":{"rendered":"https:\/\/loshopdicamilla.net\/?post_type=product&#038;p=3117"},"modified":"2026-01-25T16:26:07","modified_gmt":"2026-01-25T16:26:07","slug":"greatest-hits-cat-stevens","status":"publish","type":"product","link":"https:\/\/loshopdicamilla.net\/it\/prodotto\/greatest-hits-cat-stevens\/","title":{"rendered":"Greatest Hits \u2013 Cat Stevens"},"content":{"rendered":"<p><strong><em data-start=\"59\" data-end=\"74\">Greatest Hits<\/em><\/strong>\u00a0\u00e8 una raccolta del cantautore britannico <strong>Cat Stevens<\/strong>, pubblicata nel 1975. Riunisce i brani pi\u00f9 celebri del periodo di massimo successo dell\u2019artista, offrendo una panoramica rappresentativa del suo stile folk-rock melodico e riflessivo.<\/p>\n<h2 data-start=\"340\" data-end=\"371\"><strong>Greatest Hits, caratteristiche:<\/strong><\/h2>\n<ul>\n<li data-start=\"374\" data-end=\"400\"><strong data-start=\"374\" data-end=\"386\">Artista:<\/strong> Cat Stevens<\/li>\n<li data-start=\"403\" data-end=\"432\"><strong data-start=\"403\" data-end=\"414\">Titolo:<\/strong> <em data-start=\"415\" data-end=\"430\">Greatest Hits<\/em><\/li>\n<li data-start=\"435\" data-end=\"455\"><strong data-start=\"435\" data-end=\"444\">Anno:<\/strong> <strong data-start=\"445\" data-end=\"453\">1975<\/strong><\/li>\n<li data-start=\"458\" data-end=\"493\"><strong data-start=\"458\" data-end=\"472\">Etichetta:<\/strong> <strong data-start=\"473\" data-end=\"491\">Island Records<\/strong><\/li>\n<li data-start=\"496\" data-end=\"536\"><strong data-start=\"496\" data-end=\"519\">Numero di catalogo:<\/strong> <strong data-start=\"520\" data-end=\"534\">ILPS 19310<\/strong><\/li>\n<li data-start=\"539\" data-end=\"567\"><strong data-start=\"539\" data-end=\"557\">Distribuzione:<\/strong> Ricordi<\/li>\n<li data-start=\"570\" data-end=\"599\"><strong data-start=\"570\" data-end=\"590\">Paese di stampa:<\/strong> Italia<\/li>\n<li data-start=\"602\" data-end=\"619\"><strong data-start=\"602\" data-end=\"614\">Formato:<\/strong> LP<\/li>\n<\/ul>\n<p data-start=\"663\" data-end=\"734\">\ud83d\udc49 \u00c8 una <strong data-start=\"672\" data-end=\"707\">prima edizione italiana d\u2019epoca<\/strong>, non una ristampa moderna.<\/p>\n<h2 data-start=\"741\" data-end=\"757\">\ud83e\uddfc Condizioni<\/h2>\n<ul>\n<li data-start=\"760\" data-end=\"786\"><strong data-start=\"760\" data-end=\"771\">Vinile:<\/strong> <strong data-start=\"772\" data-end=\"784\">NM reale<\/strong><\/li>\n<li data-start=\"789\" data-end=\"828\"><strong data-start=\"789\" data-end=\"807\">Busta interna:<\/strong> <strong data-start=\"808\" data-end=\"826\">NM \/ originale<\/strong><\/li>\n<li data-start=\"831\" data-end=\"852\"><strong data-start=\"831\" data-end=\"845\">Copertina:<\/strong> <strong data-start=\"846\" data-end=\"852\">NM<\/strong><\/li>\n<li data-start=\"855\" data-end=\"888\">Stato complessivo: <strong data-start=\"874\" data-end=\"888\">come nuovo<\/strong><\/li>\n<\/ul>\n<h3><strong>\ud83c\udfb5 Tracklist<\/strong><\/h3>\n<ol>\n<li><strong>Wild World<\/strong><\/li>\n<li><strong>Oh Very Young<\/strong><\/li>\n<li><strong>Can\u2019t Keep It In<\/strong><\/li>\n<li><strong>Hard Headed Woman<\/strong><\/li>\n<li><strong>Moonshadow<\/strong><\/li>\n<li><strong>Two Fine People<\/strong><\/li>\n<li><strong>Peace Train<\/strong><\/li>\n<li><strong>Ready<\/strong><\/li>\n<li><strong>Father and Son<\/strong><\/li>\n<li><strong>Sitting<\/strong><\/li>\n<li><strong>Morning Has Broken<\/strong><\/li>\n<li><strong>Another Saturday Night<\/strong><\/li>\n<\/ol>\n<p>&nbsp;<\/p>\n<span class=\"et_bloom_bottom_trigger\"><\/span>","protected":false},"excerpt":{"rendered":"<p><strong><em data-start=\"59\" data-end=\"74\">Greatest Hits<\/em><\/strong>\u00a0\u00e8 una raccolta del cantautore britannico <strong>Cat Stevens<\/strong>, pubblicata nel 1975. Riunisce i brani pi\u00f9 celebri del periodo di massimo successo dell\u2019artista.<\/p>\n","protected":false},"featured_media":3110,"comment_status":"open","ping_status":"closed","template":"","meta":{"_et_pb_use_builder":"","_et_pb_old_content":"","_et_gb_content_width":""},"product_brand":[],"product_cat":[702,43],"product_tag":[703,705,706,704],"class_list":{"0":"post-3117","1":"product","2":"type-product","3":"status-publish","4":"has-post-thumbnail","6":"product_cat-folk-rock","7":"product_cat-vinili","8":"product_tag-cat-stevens","9":"product_tag-collezionismo","10":"product_tag-folk-rock","11":"product_tag-vinili","12":"product_shipping_class-0-2-kg","14":"first","15":"instock","16":"sale","17":"taxable","18":"shipping-taxable","19":"purchasable","20":"product-type-simple"},"yoast_head":"<!-- This site is optimized with the Yoast SEO plugin v26.5 - https:\/\/yoast.com\/wordpress\/plugins\/seo\/ -->\n<title>Greatest Hits \u2013 Cat Stevens - Lo Shop di Camilla<\/title>\n<meta name=\"description\" content=\"Greatest Hits\u00a0\u00e8 una raccolta del cantautore britannico Cat Stevens, pubblicata nel 1975. Riunisce i brani pi\u00f9 celebri e di successo. Scopri di pi\u00f9.\" \/>\n<meta name=\"robots\" content=\"index, follow, max-snippet:-1, max-image-preview:large, max-video-preview:-1\" \/>\n<link rel=\"canonical\" href=\"https:\/\/loshopdicamilla.net\/it\/prodotto\/greatest-hits-cat-stevens\/\" \/>\n<meta property=\"og:locale\" content=\"it_IT\" \/>\n<meta property=\"og:type\" content=\"article\" \/>\n<meta property=\"og:title\" content=\"Greatest Hits \u2013 Cat Stevens - Lo Shop di Camilla\" \/>\n<meta property=\"og:description\" content=\"Greatest Hits\u00a0\u00e8 una raccolta del cantautore britannico Cat Stevens, pubblicata nel 1975. Riunisce i brani pi\u00f9 celebri e di successo. Scopri di pi\u00f9.\" \/>\n<meta property=\"og:url\" content=\"https:\/\/loshopdicamilla.net\/it\/prodotto\/greatest-hits-cat-stevens\/\" \/>\n<meta property=\"og:site_name\" content=\"Lo Shop di Camilla\" \/>\n<meta property=\"article:modified_time\" content=\"2026-01-25T16:26:07+00:00\" \/>\n<meta property=\"og:image\" content=\"https:\/\/loshopdicamilla.net\/wp-content\/uploads\/2025\/12\/2025-12-20_15-52-46_330.jpg\" \/>\n\t<meta property=\"og:image:width\" content=\"1200\" \/>\n\t<meta property=\"og:image:height\" content=\"1186\" \/>\n\t<meta property=\"og:image:type\" content=\"image\/jpeg\" \/>\n<meta name=\"twitter:card\" content=\"summary_large_image\" \/>\n<meta name=\"twitter:label1\" content=\"Tempo di lettura stimato\" \/>\n\t<meta name=\"twitter:data1\" content=\"1 minuto\" \/>\n<script type=\"application\/ld+json\" class=\"yoast-schema-graph\">{\"@context\":\"https:\/\/schema.org\",\"@graph\":[{\"@type\":\"WebPage\",\"@id\":\"https:\/\/loshopdicamilla.net\/it\/prodotto\/greatest-hits-cat-stevens\/\",\"url\":\"https:\/\/loshopdicamilla.net\/it\/prodotto\/greatest-hits-cat-stevens\/\",\"name\":\"Greatest Hits \u2013 Cat Stevens - Lo Shop di Camilla\",\"isPartOf\":{\"@id\":\"https:\/\/loshopdicamilla.net\/it\/#website\"},\"primaryImageOfPage\":{\"@id\":\"https:\/\/loshopdicamilla.net\/it\/prodotto\/greatest-hits-cat-stevens\/#primaryimage\"},\"image\":{\"@id\":\"https:\/\/loshopdicamilla.net\/it\/prodotto\/greatest-hits-cat-stevens\/#primaryimage\"},\"thumbnailUrl\":\"https:\/\/i0.wp.com\/loshopdicamilla.net\/wp-content\/uploads\/2025\/12\/2025-12-20_15-52-46_330.jpg?fit=1200%2C1186&ssl=1\",\"datePublished\":\"2025-12-20T15:51:01+00:00\",\"dateModified\":\"2026-01-25T16:26:07+00:00\",\"description\":\"Greatest Hits\u00a0\u00e8 una raccolta del cantautore britannico Cat Stevens, pubblicata nel 1975. Riunisce i brani pi\u00f9 celebri e di successo. Scopri di pi\u00f9.\",\"breadcrumb\":{\"@id\":\"https:\/\/loshopdicamilla.net\/it\/prodotto\/greatest-hits-cat-stevens\/#breadcrumb\"},\"inLanguage\":\"it-IT\",\"potentialAction\":[{\"@type\":\"ReadAction\",\"target\":[\"https:\/\/loshopdicamilla.net\/it\/prodotto\/greatest-hits-cat-stevens\/\"]}]},{\"@type\":\"ImageObject\",\"inLanguage\":\"it-IT\",\"@id\":\"https:\/\/loshopdicamilla.net\/it\/prodotto\/greatest-hits-cat-stevens\/#primaryimage\",\"url\":\"https:\/\/i0.wp.com\/loshopdicamilla.net\/wp-content\/uploads\/2025\/12\/2025-12-20_15-52-46_330.jpg?fit=1200%2C1186&ssl=1\",\"contentUrl\":\"https:\/\/i0.wp.com\/loshopdicamilla.net\/wp-content\/uploads\/2025\/12\/2025-12-20_15-52-46_330.jpg?fit=1200%2C1186&ssl=1\",\"width\":1200,\"height\":1186,\"caption\":\"Greatest Hits Cat Stevens\"},{\"@type\":\"BreadcrumbList\",\"@id\":\"https:\/\/loshopdicamilla.net\/it\/prodotto\/greatest-hits-cat-stevens\/#breadcrumb\",\"itemListElement\":[{\"@type\":\"ListItem\",\"position\":1,\"name\":\"Home\",\"item\":\"https:\/\/loshopdicamilla.net\/it\/\"},{\"@type\":\"ListItem\",\"position\":2,\"name\":\"Shop\",\"item\":\"https:\/\/loshopdicamilla.net\/it\/negozio\/\"},{\"@type\":\"ListItem\",\"position\":3,\"name\":\"Greatest Hits \u2013 Cat Stevens\"}]},{\"@type\":\"WebSite\",\"@id\":\"https:\/\/loshopdicamilla.net\/it\/#website\",\"url\":\"https:\/\/loshopdicamilla.net\/it\/\",\"name\":\"Lo Shop di Camilla\",\"description\":\"Idee Originalit\u00e0 Simpatia\",\"potentialAction\":[{\"@type\":\"SearchAction\",\"target\":{\"@type\":\"EntryPoint\",\"urlTemplate\":\"https:\/\/loshopdicamilla.net\/it\/?s={search_term_string}\"},\"query-input\":{\"@type\":\"PropertyValueSpecification\",\"valueRequired\":true,\"valueName\":\"search_term_string\"}}],\"inLanguage\":\"it-IT\"}]}<\/script>\n<!-- \/ Yoast SEO plugin. -->","yoast_head_json":{"title":"Greatest Hits \u2013 Cat Stevens - Lo Shop di Camilla","description":"Greatest Hits\u00a0\u00e8 una raccolta del cantautore britannico Cat Stevens, pubblicata nel 1975. Riunisce i brani pi\u00f9 celebri e di successo. Scopri di pi\u00f9.","robots":{"index":"index","follow":"follow","max-snippet":"max-snippet:-1","max-image-preview":"max-image-preview:large","max-video-preview":"max-video-preview:-1"},"canonical":"https:\/\/loshopdicamilla.net\/it\/prodotto\/greatest-hits-cat-stevens\/","og_locale":"it_IT","og_type":"article","og_title":"Greatest Hits \u2013 Cat Stevens - Lo Shop di Camilla","og_description":"Greatest Hits\u00a0\u00e8 una raccolta del cantautore britannico Cat Stevens, pubblicata nel 1975. Riunisce i brani pi\u00f9 celebri e di successo. Scopri di pi\u00f9.","og_url":"https:\/\/loshopdicamilla.net\/it\/prodotto\/greatest-hits-cat-stevens\/","og_site_name":"Lo Shop di Camilla","article_modified_time":"2026-01-25T16:26:07+00:00","og_image":[{"width":1200,"height":1186,"url":"https:\/\/loshopdicamilla.net\/wp-content\/uploads\/2025\/12\/2025-12-20_15-52-46_330.jpg","type":"image\/jpeg"}],"twitter_card":"summary_large_image","twitter_misc":{"Tempo di lettura stimato":"1 minuto"},"schema":{"@context":"https:\/\/schema.org","@graph":[{"@type":"WebPage","@id":"https:\/\/loshopdicamilla.net\/it\/prodotto\/greatest-hits-cat-stevens\/","url":"https:\/\/loshopdicamilla.net\/it\/prodotto\/greatest-hits-cat-stevens\/","name":"Greatest Hits \u2013 Cat Stevens - Lo Shop di Camilla","isPartOf":{"@id":"https:\/\/loshopdicamilla.net\/it\/#website"},"primaryImageOfPage":{"@id":"https:\/\/loshopdicamilla.net\/it\/prodotto\/greatest-hits-cat-stevens\/#primaryimage"},"image":{"@id":"https:\/\/loshopdicamilla.net\/it\/prodotto\/greatest-hits-cat-stevens\/#primaryimage"},"thumbnailUrl":"https:\/\/i0.wp.com\/loshopdicamilla.net\/wp-content\/uploads\/2025\/12\/2025-12-20_15-52-46_330.jpg?fit=1200%2C1186&ssl=1","datePublished":"2025-12-20T15:51:01+00:00","dateModified":"2026-01-25T16:26:07+00:00","description":"Greatest Hits\u00a0\u00e8 una raccolta del cantautore britannico Cat Stevens, pubblicata nel 1975. Riunisce i brani pi\u00f9 celebri e di successo. Scopri di pi\u00f9.","breadcrumb":{"@id":"https:\/\/loshopdicamilla.net\/it\/prodotto\/greatest-hits-cat-stevens\/#breadcrumb"},"inLanguage":"it-IT","potentialAction":[{"@type":"ReadAction","target":["https:\/\/loshopdicamilla.net\/it\/prodotto\/greatest-hits-cat-stevens\/"]}]},{"@type":"ImageObject","inLanguage":"it-IT","@id":"https:\/\/loshopdicamilla.net\/it\/prodotto\/greatest-hits-cat-stevens\/#primaryimage","url":"https:\/\/i0.wp.com\/loshopdicamilla.net\/wp-content\/uploads\/2025\/12\/2025-12-20_15-52-46_330.jpg?fit=1200%2C1186&ssl=1","contentUrl":"https:\/\/i0.wp.com\/loshopdicamilla.net\/wp-content\/uploads\/2025\/12\/2025-12-20_15-52-46_330.jpg?fit=1200%2C1186&ssl=1","width":1200,"height":1186,"caption":"Greatest Hits Cat Stevens"},{"@type":"BreadcrumbList","@id":"https:\/\/loshopdicamilla.net\/it\/prodotto\/greatest-hits-cat-stevens\/#breadcrumb","itemListElement":[{"@type":"ListItem","position":1,"name":"Home","item":"https:\/\/loshopdicamilla.net\/it\/"},{"@type":"ListItem","position":2,"name":"Shop","item":"https:\/\/loshopdicamilla.net\/it\/negozio\/"},{"@type":"ListItem","position":3,"name":"Greatest Hits \u2013 Cat Stevens"}]},{"@type":"WebSite","@id":"https:\/\/loshopdicamilla.net\/it\/#website","url":"https:\/\/loshopdicamilla.net\/it\/","name":"Lo Shop di Camilla","description":"Idee Originalit\u00e0 Simpatia","potentialAction":[{"@type":"SearchAction","target":{"@type":"EntryPoint","urlTemplate":"https:\/\/loshopdicamilla.net\/it\/?s={search_term_string}"},"query-input":{"@type":"PropertyValueSpecification","valueRequired":true,"valueName":"search_term_string"}}],"inLanguage":"it-IT"}]}},"jetpack-related-posts":[],"jetpack_sharing_enabled":true,"_links":{"self":[{"href":"https:\/\/loshopdicamilla.net\/it\/wp-json\/wp\/v2\/product\/3117","targetHints":{"allow":["GET"]}}],"collection":[{"href":"https:\/\/loshopdicamilla.net\/it\/wp-json\/wp\/v2\/product"}],"about":[{"href":"https:\/\/loshopdicamilla.net\/it\/wp-json\/wp\/v2\/types\/product"}],"replies":[{"embeddable":true,"href":"https:\/\/loshopdicamilla.net\/it\/wp-json\/wp\/v2\/comments?post=3117"}],"wp:featuredmedia":[{"embeddable":true,"href":"https:\/\/loshopdicamilla.net\/it\/wp-json\/wp\/v2\/media\/3110"}],"wp:attachment":[{"href":"https:\/\/loshopdicamilla.net\/it\/wp-json\/wp\/v2\/media?parent=3117"}],"wp:term":[{"taxonomy":"product_brand","embeddable":true,"href":"https:\/\/loshopdicamilla.net\/it\/wp-json\/wp\/v2\/product_brand?post=3117"},{"taxonomy":"product_cat","embeddable":true,"href":"https:\/\/loshopdicamilla.net\/it\/wp-json\/wp\/v2\/product_cat?post=3117"},{"taxonomy":"product_tag","embeddable":true,"href":"https:\/\/loshopdicamilla.net\/it\/wp-json\/wp\/v2\/product_tag?post=3117"}],"curies":[{"name":"wp","href":"https:\/\/api.w.org\/{rel}","templated":true}]}}