{"id":3099,"date":"2025-12-20T14:27:11","date_gmt":"2025-12-20T14:27:11","guid":{"rendered":"https:\/\/loshopdicamilla.net\/?post_type=product&#038;p=3099"},"modified":"2026-01-25T16:34:45","modified_gmt":"2026-01-25T16:34:45","slug":"izitso-cat-stevens","status":"publish","type":"product","link":"https:\/\/loshopdicamilla.net\/it\/prodotto\/izitso-cat-stevens\/","title":{"rendered":"Izitso &#8211; Cat Stevens"},"content":{"rendered":"<p>Izitso \u00e8 titolo <strong data-start=\"21\" data-end=\"43\">molto interessante<\/strong> del periodo pi\u00f9 sperimentale di <strong>Cat Stevens<\/strong>.<\/p>\n<p>Edizione originale italiana del 1977 su Island Records (ILPS 19451), distribuita da Ricordi. Copertina gatefold. Vinile in condizioni quasi perfette (Near Mint), copertina in ottime condizioni con lieve usura da scaffale. Tracklist originale completa, include \u201c(Remember the Days of the) Old Schoolyard.<\/p>\n<h2><strong>Izitso, caratteristiche:<\/strong><\/h2>\n<ul data-start=\"642\" data-end=\"937\">\n<li data-start=\"642\" data-end=\"670\">\n<p data-start=\"644\" data-end=\"670\"><strong data-start=\"644\" data-end=\"656\">Artista:<\/strong> Cat Stevens<\/p>\n<\/li>\n<li data-start=\"671\" data-end=\"695\">\n<p data-start=\"673\" data-end=\"695\"><strong data-start=\"673\" data-end=\"684\">Titolo:<\/strong> <em data-start=\"685\" data-end=\"693\">Izitso<\/em><\/p>\n<\/li>\n<li data-start=\"696\" data-end=\"718\">\n<p data-start=\"698\" data-end=\"718\"><strong data-start=\"698\" data-end=\"707\">Anno:<\/strong> <strong data-start=\"708\" data-end=\"716\">1977<\/strong><\/p>\n<\/li>\n<li data-start=\"719\" data-end=\"756\">\n<p data-start=\"721\" data-end=\"756\"><strong data-start=\"721\" data-end=\"735\">Etichetta:<\/strong> <strong data-start=\"736\" data-end=\"754\">Island Records<\/strong><\/p>\n<\/li>\n<li data-start=\"757\" data-end=\"799\">\n<p data-start=\"759\" data-end=\"799\"><strong data-start=\"759\" data-end=\"782\">Numero di catalogo:<\/strong> <strong data-start=\"783\" data-end=\"797\">ILPS 19451<\/strong><\/p>\n<\/li>\n<li data-start=\"800\" data-end=\"830\">\n<p data-start=\"802\" data-end=\"830\"><strong data-start=\"802\" data-end=\"820\">Distribuzione:<\/strong> Ricordi<\/p>\n<\/li>\n<li data-start=\"831\" data-end=\"863\">\n<p data-start=\"833\" data-end=\"863\"><strong data-start=\"833\" data-end=\"845\">Formato:<\/strong> <strong data-start=\"846\" data-end=\"861\">LP gatefold<\/strong><\/p>\n<\/li>\n<li data-start=\"864\" data-end=\"895\">\n<p data-start=\"866\" data-end=\"895\"><strong data-start=\"866\" data-end=\"886\">Paese di stampa:<\/strong> Italia<\/p>\n<\/li>\n<\/ul>\n<p data-start=\"939\" data-end=\"978\">\ud83d\udc49 <strong data-start=\"942\" data-end=\"977\">Prima edizione italiana d\u2019epoca<\/strong>.<\/p>\n<h2 data-start=\"985\" data-end=\"1001\">\ud83e\uddfc Condizioni<\/h2>\n<ul data-start=\"1002\" data-end=\"1205\">\n<li data-start=\"1002\" data-end=\"1030\">\n<p data-start=\"1004\" data-end=\"1030\"><strong data-start=\"1004\" data-end=\"1015\">Vinile:<\/strong> <strong data-start=\"1016\" data-end=\"1028\">NM reale<\/strong><\/p>\n<\/li>\n<li data-start=\"1031\" data-end=\"1072\">\n<p data-start=\"1033\" data-end=\"1072\"><strong data-start=\"1033\" data-end=\"1051\">Busta interna:<\/strong> <strong data-start=\"1052\" data-end=\"1070\">NM \/ originale<\/strong><\/p>\n<\/li>\n<li data-start=\"1073\" data-end=\"1167\">\n<p data-start=\"1075\" data-end=\"1106\"><strong data-start=\"1075\" data-end=\"1098\">Copertina gatefold:<\/strong> <strong data-start=\"1099\" data-end=\"1106\">EX+<\/strong><\/p>\n<ul data-start=\"1109\" data-end=\"1167\">\n<li data-start=\"1109\" data-end=\"1142\">\n<p data-start=\"1111\" data-end=\"1142\">leggera <strong data-start=\"1119\" data-end=\"1140\">usura da scaffale<\/strong><\/p>\n<\/li>\n<li data-start=\"1145\" data-end=\"1167\">\n<p data-start=\"1147\" data-end=\"1167\">struttura perfetta<\/p>\n<\/li>\n<\/ul>\n<\/li>\n<li data-start=\"1168\" data-end=\"1205\">\n<h3 data-start=\"1170\" data-end=\"1205\"><strong data-start=\"1170\" data-end=\"1192\">Stato complessivo:<\/strong> <strong data-start=\"1193\" data-end=\"1205\">NM \/ EX+<\/strong><\/h3>\n<\/li>\n<\/ul>\n<h3 data-start=\"1276\" data-end=\"1319\">\ud83c\udfb6 <strong data-start=\"1282\" data-end=\"1319\">TRACKLIST<\/strong><\/h3>\n<h3 data-start=\"1321\" data-end=\"1335\"><strong data-start=\"1325\" data-end=\"1335\">Side A<\/strong><\/h3>\n<ol data-start=\"1336\" data-end=\"1453\">\n<li data-start=\"1336\" data-end=\"1386\">\n<p data-start=\"1339\" data-end=\"1386\"><strong data-start=\"1339\" data-end=\"1384\">(Remember the Days of the) Old Schoolyard<\/strong><\/p>\n<\/li>\n<li data-start=\"1387\" data-end=\"1400\">\n<p data-start=\"1390\" data-end=\"1400\"><strong data-start=\"1390\" data-end=\"1398\">Life<\/strong><\/p>\n<\/li>\n<li data-start=\"1401\" data-end=\"1422\">\n<p data-start=\"1404\" data-end=\"1422\"><strong data-start=\"1404\" data-end=\"1420\">Killin\u2019 Time<\/strong><\/p>\n<\/li>\n<li data-start=\"1423\" data-end=\"1438\">\n<p data-start=\"1426\" data-end=\"1438\"><strong data-start=\"1426\" data-end=\"1436\">Kypros<\/strong><\/p>\n<\/li>\n<li data-start=\"1439\" data-end=\"1453\">\n<p data-start=\"1442\" data-end=\"1453\"><strong data-start=\"1442\" data-end=\"1453\">Bonfire<\/strong><\/p>\n<\/li>\n<\/ol>\n<h3 data-start=\"1455\" data-end=\"1469\"><strong data-start=\"1459\" data-end=\"1469\">Side B<\/strong><\/h3>\n<ol start=\"6\" data-start=\"1470\" data-end=\"1573\">\n<li data-start=\"1470\" data-end=\"1508\">\n<p data-start=\"1473\" data-end=\"1508\"><strong data-start=\"1473\" data-end=\"1506\">(I Never Wanted) To Be a Star<\/strong><\/p>\n<\/li>\n<li data-start=\"1509\" data-end=\"1523\">\n<p data-start=\"1512\" data-end=\"1523\"><strong data-start=\"1512\" data-end=\"1521\">Crazy<\/strong><\/p>\n<\/li>\n<li data-start=\"1524\" data-end=\"1546\">\n<p data-start=\"1527\" data-end=\"1546\"><strong data-start=\"1527\" data-end=\"1544\">Sweet Jamaica<\/strong><\/p>\n<\/li>\n<li data-start=\"1547\" data-end=\"1573\">\n<p data-start=\"1550\" data-end=\"1573\"><strong data-start=\"1550\" data-end=\"1573\">Was Dog a Doughnut?<\/strong><\/p>\n<\/li>\n<li data-start=\"1547\" data-end=\"1573\"><strong>Child for a Day<\/strong><\/li>\n<\/ol>\n<p>&nbsp;<\/p>\n<span class=\"et_bloom_bottom_trigger\"><\/span>","protected":false},"excerpt":{"rendered":"<p>Izitso \u00e8 titolo <strong data-start=\"21\" data-end=\"43\">molto interessante<\/strong> del periodo pi\u00f9 sperimentale di <strong>Cat Stevens<\/strong>.<\/p>\n","protected":false},"featured_media":3107,"comment_status":"open","ping_status":"closed","template":"","meta":{"_et_pb_use_builder":"","_et_pb_old_content":"","_et_gb_content_width":""},"product_brand":[],"product_cat":[702,43],"product_tag":[703,705,706,704],"class_list":{"0":"post-3099","1":"product","2":"type-product","3":"status-publish","4":"has-post-thumbnail","6":"product_cat-folk-rock","7":"product_cat-vinili","8":"product_tag-cat-stevens","9":"product_tag-collezionismo","10":"product_tag-folk-rock","11":"product_tag-vinili","12":"product_shipping_class-0-2-kg","14":"first","15":"instock","16":"sale","17":"taxable","18":"shipping-taxable","19":"purchasable","20":"product-type-simple"},"yoast_head":"<!-- This site is optimized with the Yoast SEO plugin v26.5 - https:\/\/yoast.com\/wordpress\/plugins\/seo\/ -->\n<title>Izitso - Cat Stevens - Lo Shop di Camilla<\/title>\n<meta name=\"description\" content=\"Izitso \u00e8 titolo molto interessante del periodo pi\u00f9 sperimentale di Cat Stevens. Scopri di pi\u00f9.\" \/>\n<meta name=\"robots\" content=\"index, follow, max-snippet:-1, max-image-preview:large, max-video-preview:-1\" \/>\n<link rel=\"canonical\" href=\"https:\/\/loshopdicamilla.net\/it\/prodotto\/izitso-cat-stevens\/\" \/>\n<meta property=\"og:locale\" content=\"it_IT\" \/>\n<meta property=\"og:type\" content=\"article\" \/>\n<meta property=\"og:title\" content=\"Izitso - Cat Stevens - Lo Shop di Camilla\" \/>\n<meta property=\"og:description\" content=\"Izitso \u00e8 titolo molto interessante del periodo pi\u00f9 sperimentale di Cat Stevens. Scopri di pi\u00f9.\" \/>\n<meta property=\"og:url\" content=\"https:\/\/loshopdicamilla.net\/it\/prodotto\/izitso-cat-stevens\/\" \/>\n<meta property=\"og:site_name\" content=\"Lo Shop di Camilla\" \/>\n<meta property=\"article:modified_time\" content=\"2026-01-25T16:34:45+00:00\" \/>\n<meta property=\"og:image\" content=\"https:\/\/loshopdicamilla.net\/wp-content\/uploads\/2025\/12\/2025-12-20_15-49-22_680.jpg\" \/>\n\t<meta property=\"og:image:width\" content=\"1200\" \/>\n\t<meta property=\"og:image:height\" content=\"1230\" \/>\n\t<meta property=\"og:image:type\" content=\"image\/jpeg\" \/>\n<meta name=\"twitter:card\" content=\"summary_large_image\" \/>\n<meta name=\"twitter:label1\" content=\"Tempo di lettura stimato\" \/>\n\t<meta name=\"twitter:data1\" content=\"1 minuto\" \/>\n<script type=\"application\/ld+json\" class=\"yoast-schema-graph\">{\"@context\":\"https:\/\/schema.org\",\"@graph\":[{\"@type\":\"WebPage\",\"@id\":\"https:\/\/loshopdicamilla.net\/it\/prodotto\/izitso-cat-stevens\/\",\"url\":\"https:\/\/loshopdicamilla.net\/it\/prodotto\/izitso-cat-stevens\/\",\"name\":\"Izitso - Cat Stevens - Lo Shop di Camilla\",\"isPartOf\":{\"@id\":\"https:\/\/loshopdicamilla.net\/it\/#website\"},\"primaryImageOfPage\":{\"@id\":\"https:\/\/loshopdicamilla.net\/it\/prodotto\/izitso-cat-stevens\/#primaryimage\"},\"image\":{\"@id\":\"https:\/\/loshopdicamilla.net\/it\/prodotto\/izitso-cat-stevens\/#primaryimage\"},\"thumbnailUrl\":\"https:\/\/i0.wp.com\/loshopdicamilla.net\/wp-content\/uploads\/2025\/12\/2025-12-20_15-49-22_680.jpg?fit=1200%2C1230&ssl=1\",\"datePublished\":\"2025-12-20T14:27:11+00:00\",\"dateModified\":\"2026-01-25T16:34:45+00:00\",\"description\":\"Izitso \u00e8 titolo molto interessante del periodo pi\u00f9 sperimentale di Cat Stevens. Scopri di pi\u00f9.\",\"breadcrumb\":{\"@id\":\"https:\/\/loshopdicamilla.net\/it\/prodotto\/izitso-cat-stevens\/#breadcrumb\"},\"inLanguage\":\"it-IT\",\"potentialAction\":[{\"@type\":\"ReadAction\",\"target\":[\"https:\/\/loshopdicamilla.net\/it\/prodotto\/izitso-cat-stevens\/\"]}]},{\"@type\":\"ImageObject\",\"inLanguage\":\"it-IT\",\"@id\":\"https:\/\/loshopdicamilla.net\/it\/prodotto\/izitso-cat-stevens\/#primaryimage\",\"url\":\"https:\/\/i0.wp.com\/loshopdicamilla.net\/wp-content\/uploads\/2025\/12\/2025-12-20_15-49-22_680.jpg?fit=1200%2C1230&ssl=1\",\"contentUrl\":\"https:\/\/i0.wp.com\/loshopdicamilla.net\/wp-content\/uploads\/2025\/12\/2025-12-20_15-49-22_680.jpg?fit=1200%2C1230&ssl=1\",\"width\":1200,\"height\":1230,\"caption\":\"Izitso - Cat Stevens\"},{\"@type\":\"BreadcrumbList\",\"@id\":\"https:\/\/loshopdicamilla.net\/it\/prodotto\/izitso-cat-stevens\/#breadcrumb\",\"itemListElement\":[{\"@type\":\"ListItem\",\"position\":1,\"name\":\"Home\",\"item\":\"https:\/\/loshopdicamilla.net\/it\/\"},{\"@type\":\"ListItem\",\"position\":2,\"name\":\"Shop\",\"item\":\"https:\/\/loshopdicamilla.net\/it\/negozio\/\"},{\"@type\":\"ListItem\",\"position\":3,\"name\":\"Izitso &#8211; Cat Stevens\"}]},{\"@type\":\"WebSite\",\"@id\":\"https:\/\/loshopdicamilla.net\/it\/#website\",\"url\":\"https:\/\/loshopdicamilla.net\/it\/\",\"name\":\"Lo Shop di Camilla\",\"description\":\"Idee Originalit\u00e0 Simpatia\",\"potentialAction\":[{\"@type\":\"SearchAction\",\"target\":{\"@type\":\"EntryPoint\",\"urlTemplate\":\"https:\/\/loshopdicamilla.net\/it\/?s={search_term_string}\"},\"query-input\":{\"@type\":\"PropertyValueSpecification\",\"valueRequired\":true,\"valueName\":\"search_term_string\"}}],\"inLanguage\":\"it-IT\"}]}<\/script>\n<!-- \/ Yoast SEO plugin. -->","yoast_head_json":{"title":"Izitso - Cat Stevens - Lo Shop di Camilla","description":"Izitso \u00e8 titolo molto interessante del periodo pi\u00f9 sperimentale di Cat Stevens. Scopri di pi\u00f9.","robots":{"index":"index","follow":"follow","max-snippet":"max-snippet:-1","max-image-preview":"max-image-preview:large","max-video-preview":"max-video-preview:-1"},"canonical":"https:\/\/loshopdicamilla.net\/it\/prodotto\/izitso-cat-stevens\/","og_locale":"it_IT","og_type":"article","og_title":"Izitso - Cat Stevens - Lo Shop di Camilla","og_description":"Izitso \u00e8 titolo molto interessante del periodo pi\u00f9 sperimentale di Cat Stevens. Scopri di pi\u00f9.","og_url":"https:\/\/loshopdicamilla.net\/it\/prodotto\/izitso-cat-stevens\/","og_site_name":"Lo Shop di Camilla","article_modified_time":"2026-01-25T16:34:45+00:00","og_image":[{"width":1200,"height":1230,"url":"https:\/\/loshopdicamilla.net\/wp-content\/uploads\/2025\/12\/2025-12-20_15-49-22_680.jpg","type":"image\/jpeg"}],"twitter_card":"summary_large_image","twitter_misc":{"Tempo di lettura stimato":"1 minuto"},"schema":{"@context":"https:\/\/schema.org","@graph":[{"@type":"WebPage","@id":"https:\/\/loshopdicamilla.net\/it\/prodotto\/izitso-cat-stevens\/","url":"https:\/\/loshopdicamilla.net\/it\/prodotto\/izitso-cat-stevens\/","name":"Izitso - Cat Stevens - Lo Shop di Camilla","isPartOf":{"@id":"https:\/\/loshopdicamilla.net\/it\/#website"},"primaryImageOfPage":{"@id":"https:\/\/loshopdicamilla.net\/it\/prodotto\/izitso-cat-stevens\/#primaryimage"},"image":{"@id":"https:\/\/loshopdicamilla.net\/it\/prodotto\/izitso-cat-stevens\/#primaryimage"},"thumbnailUrl":"https:\/\/i0.wp.com\/loshopdicamilla.net\/wp-content\/uploads\/2025\/12\/2025-12-20_15-49-22_680.jpg?fit=1200%2C1230&ssl=1","datePublished":"2025-12-20T14:27:11+00:00","dateModified":"2026-01-25T16:34:45+00:00","description":"Izitso \u00e8 titolo molto interessante del periodo pi\u00f9 sperimentale di Cat Stevens. Scopri di pi\u00f9.","breadcrumb":{"@id":"https:\/\/loshopdicamilla.net\/it\/prodotto\/izitso-cat-stevens\/#breadcrumb"},"inLanguage":"it-IT","potentialAction":[{"@type":"ReadAction","target":["https:\/\/loshopdicamilla.net\/it\/prodotto\/izitso-cat-stevens\/"]}]},{"@type":"ImageObject","inLanguage":"it-IT","@id":"https:\/\/loshopdicamilla.net\/it\/prodotto\/izitso-cat-stevens\/#primaryimage","url":"https:\/\/i0.wp.com\/loshopdicamilla.net\/wp-content\/uploads\/2025\/12\/2025-12-20_15-49-22_680.jpg?fit=1200%2C1230&ssl=1","contentUrl":"https:\/\/i0.wp.com\/loshopdicamilla.net\/wp-content\/uploads\/2025\/12\/2025-12-20_15-49-22_680.jpg?fit=1200%2C1230&ssl=1","width":1200,"height":1230,"caption":"Izitso - Cat Stevens"},{"@type":"BreadcrumbList","@id":"https:\/\/loshopdicamilla.net\/it\/prodotto\/izitso-cat-stevens\/#breadcrumb","itemListElement":[{"@type":"ListItem","position":1,"name":"Home","item":"https:\/\/loshopdicamilla.net\/it\/"},{"@type":"ListItem","position":2,"name":"Shop","item":"https:\/\/loshopdicamilla.net\/it\/negozio\/"},{"@type":"ListItem","position":3,"name":"Izitso &#8211; Cat Stevens"}]},{"@type":"WebSite","@id":"https:\/\/loshopdicamilla.net\/it\/#website","url":"https:\/\/loshopdicamilla.net\/it\/","name":"Lo Shop di Camilla","description":"Idee Originalit\u00e0 Simpatia","potentialAction":[{"@type":"SearchAction","target":{"@type":"EntryPoint","urlTemplate":"https:\/\/loshopdicamilla.net\/it\/?s={search_term_string}"},"query-input":{"@type":"PropertyValueSpecification","valueRequired":true,"valueName":"search_term_string"}}],"inLanguage":"it-IT"}]}},"jetpack-related-posts":[],"jetpack_sharing_enabled":true,"_links":{"self":[{"href":"https:\/\/loshopdicamilla.net\/it\/wp-json\/wp\/v2\/product\/3099","targetHints":{"allow":["GET"]}}],"collection":[{"href":"https:\/\/loshopdicamilla.net\/it\/wp-json\/wp\/v2\/product"}],"about":[{"href":"https:\/\/loshopdicamilla.net\/it\/wp-json\/wp\/v2\/types\/product"}],"replies":[{"embeddable":true,"href":"https:\/\/loshopdicamilla.net\/it\/wp-json\/wp\/v2\/comments?post=3099"}],"wp:featuredmedia":[{"embeddable":true,"href":"https:\/\/loshopdicamilla.net\/it\/wp-json\/wp\/v2\/media\/3107"}],"wp:attachment":[{"href":"https:\/\/loshopdicamilla.net\/it\/wp-json\/wp\/v2\/media?parent=3099"}],"wp:term":[{"taxonomy":"product_brand","embeddable":true,"href":"https:\/\/loshopdicamilla.net\/it\/wp-json\/wp\/v2\/product_brand?post=3099"},{"taxonomy":"product_cat","embeddable":true,"href":"https:\/\/loshopdicamilla.net\/it\/wp-json\/wp\/v2\/product_cat?post=3099"},{"taxonomy":"product_tag","embeddable":true,"href":"https:\/\/loshopdicamilla.net\/it\/wp-json\/wp\/v2\/product_tag?post=3099"}],"curies":[{"name":"wp","href":"https:\/\/api.w.org\/{rel}","templated":true}]}}