{"id":2950,"date":"2023-07-19T22:02:12","date_gmt":"2023-07-19T22:02:12","guid":{"rendered":"https:\/\/loshopdicamilla.net\/?post_type=product&#038;p=2950"},"modified":"2026-02-02T21:24:22","modified_gmt":"2026-02-02T21:24:22","slug":"depilsoap-cera-depilatoria-ricarica-a-rullo-pelli-sensibili","status":"publish","type":"product","link":"https:\/\/loshopdicamilla.net\/it\/prodotto\/depilsoap-cera-depilatoria-ricarica-a-rullo-pelli-sensibili\/","title":{"rendered":"DepilSoap Cera Depilatoria Ricarica a Rullo Pelli Sensibili"},"content":{"rendered":"<p><strong>Depilsoap Ricarica Cera Depilatoria per Rullo Elettrico<\/strong> elimina efficacemente i peli superflui e regala una pelle vellutata per un lungo periodo.<\/p>\n<p>La <strong>nuova formula in Gel<\/strong> \u00e8 arricchita con <strong>Rosa Mosqueta<\/strong> e <strong>Burro di Karit\u00e8<\/strong> dalle propriet\u00e0 lenitive ed idratanti che contrastano l&#8217;insorgere di arrossamenti ed irritazioni. Inoltre, la sua profumazione delicata dalle note fiorite, rende l&#8217;applicazione del prodotto ancora pi\u00f9 piacevole.<\/p>\n<p><strong>Depilsoap Ricarica Cera Depilatoria, caratteristiche:<\/strong><\/p>\n<ul>\n<li><strong>Nuova formula in Gel<\/strong> \u00e8 arricchita con <strong>Rosa Mosqueta<\/strong> e <strong>Burro di Karit\u00e8<\/strong><\/li>\n<li>Universale<\/li>\n<li>Dermatologicamente testato<\/li>\n<li>Made in Italy<\/li>\n<\/ul>\n<h3><strong>Brand DepilSoap<\/strong><\/h3>\n<p><strong>DepilSoap<\/strong>, la depilazione quando e come vuoi. Da oltre 60 anni DepilSoap \u00e8 lo specialista della depilazione. Grazie alla sua esperienza, ha studiato formule delicate e ricche di ingredienti naturali funzionali per ottenere una pelle liscia e morbida in pochi e semplici gesti.<\/p>\n<h3><strong>Modo d&#8217;uso: <\/strong><\/h3>\n<ol>\n<li>Inserisci accuratamente la ricarica del roll-on nell&#8217;unit\u00e0 riscaldante.<\/li>\n<li>Inserire nella presa di corrente e attendere che la cera sia completamente fusa. La temperatura ottimale viene raggiunta dopo un minimo di 20 minuti (massimo 30 minuti).<\/li>\n<li>Applicare uno strato di cera nella direzione di crescita dei peli. Applicare una striscia rimuovi cera (in TNT o materiali simili) sulla pelle e favorire l&#8217;adesione passando ripetutamente la mano sopra. Si consiglia di evitare di far aderire i bordi della striscia alla cera in modo da facilitarne la rimozione.<\/li>\n<li>Mantenere la pelle tesa. Afferrando la striscia lungo il lato breve tirare il pi\u00f9 velocemente possibile in direzione opposta a quella della crescita dei peli. La striscia pu\u00f2 essere usata pi\u00f9 volte.<\/li>\n<li>Dopo la depilazione, rimuovere i residui di cera con una salvietta post-epilazione o con un batuffolo di cotone imbevuto nell&#8217;olio di oliva.<\/li>\n<\/ol>\n<h3><strong>AVVERTENZE: <\/strong><\/h3>\n<p>Non effettuare la depilazione su parti arrossate, irritate, con scottature, infezioni o in presenza di vene varicose. Se si stanno assumendo farmaci che possono arrecare danni alla pelle, prima dell&#8217;uso consultare il medico. Prima dell&#8217;uso assicurarsi che la pelle sia asciutta e priva di creme o lozioni. In caso di disturbo persistente, bruciore, prurito, rimuovere immediatamente la cera e sciacquare abbondantemente con acqua. Tenere il prodotto fuori dalla portata dei bambini. Leggere attentamente le istruzioni prima di usare il prodotto.<\/p>\n<span class=\"et_bloom_bottom_trigger\"><\/span>","protected":false},"excerpt":{"rendered":"<p>Depilsoap Ricarica Cera Depilatoria per Rullo Elettrico elimina efficacemente i peli superflui e regala una pelle vellutata per un lungo periodo. La nuova formula in Gel \u00e8 arricchita con Rosa Mosqueta e Burro di Karit\u00e8 dalle propriet\u00e0 lenitive ed idratanti che contrastano l&#8217;insorgere di arrossamenti ed irritazioni. Inoltre, la sua profumazione delicata dalle note fiorite, [&hellip;]<\/p>\n","protected":false},"featured_media":2956,"comment_status":"open","ping_status":"closed","template":"","meta":{"_et_pb_use_builder":"","_et_pb_old_content":"","_et_gb_content_width":""},"product_brand":[785],"product_cat":[626],"product_tag":[668,669,670],"class_list":{"0":"post-2950","1":"product","2":"type-product","3":"status-publish","4":"has-post-thumbnail","6":"product_brand-depilsoap","7":"product_cat-cura-del-corpo","8":"product_tag-depilazione","9":"product_tag-depilsoap","10":"product_tag-rimozione-peli","11":"product_shipping_class-0-2-kg","13":"first","14":"instock","15":"taxable","16":"shipping-taxable","17":"purchasable","18":"product-type-simple"},"yoast_head":"<!-- This site is optimized with the Yoast SEO plugin v26.5 - https:\/\/yoast.com\/wordpress\/plugins\/seo\/ -->\n<title>DepilSoap Cera Depilatoria Ricarica a Rullo Pelli Sensibili - Lo Shop di Camilla<\/title>\n<meta name=\"description\" content=\"Depilsoap Ricarica Cera Depilatoria per Rullo Elettrico elimina efficacemente i peli superflui, regala una pelle vellutata per lungo periodo. Scopri di pi\u00f9.\" \/>\n<meta name=\"robots\" content=\"index, follow, max-snippet:-1, max-image-preview:large, max-video-preview:-1\" \/>\n<link rel=\"canonical\" href=\"https:\/\/loshopdicamilla.net\/it\/prodotto\/depilsoap-cera-depilatoria-ricarica-a-rullo-pelli-sensibili\/\" \/>\n<meta property=\"og:locale\" content=\"it_IT\" \/>\n<meta property=\"og:type\" content=\"article\" \/>\n<meta property=\"og:title\" content=\"DepilSoap Cera Depilatoria Ricarica a Rullo Pelli Sensibili - Lo Shop di Camilla\" \/>\n<meta property=\"og:description\" content=\"Depilsoap Ricarica Cera Depilatoria per Rullo Elettrico elimina efficacemente i peli superflui, regala una pelle vellutata per lungo periodo. Scopri di pi\u00f9.\" \/>\n<meta property=\"og:url\" content=\"https:\/\/loshopdicamilla.net\/it\/prodotto\/depilsoap-cera-depilatoria-ricarica-a-rullo-pelli-sensibili\/\" \/>\n<meta property=\"og:site_name\" content=\"Lo Shop di Camilla\" \/>\n<meta property=\"article:modified_time\" content=\"2026-02-02T21:24:22+00:00\" \/>\n<meta property=\"og:image\" content=\"https:\/\/loshopdicamilla.net\/wp-content\/uploads\/2023\/07\/depilsoap-pelli-sensibili-cera-ricarica-rullo.png\" \/>\n\t<meta property=\"og:image:width\" content=\"1200\" \/>\n\t<meta property=\"og:image:height\" content=\"1200\" \/>\n\t<meta property=\"og:image:type\" content=\"image\/png\" \/>\n<meta name=\"twitter:card\" content=\"summary_large_image\" \/>\n<meta name=\"twitter:label1\" content=\"Tempo di lettura stimato\" \/>\n\t<meta name=\"twitter:data1\" content=\"3 minuti\" \/>\n<script type=\"application\/ld+json\" class=\"yoast-schema-graph\">{\"@context\":\"https:\/\/schema.org\",\"@graph\":[{\"@type\":\"WebPage\",\"@id\":\"https:\/\/loshopdicamilla.net\/it\/prodotto\/depilsoap-cera-depilatoria-ricarica-a-rullo-pelli-sensibili\/\",\"url\":\"https:\/\/loshopdicamilla.net\/it\/prodotto\/depilsoap-cera-depilatoria-ricarica-a-rullo-pelli-sensibili\/\",\"name\":\"DepilSoap Cera Depilatoria Ricarica a Rullo Pelli Sensibili - Lo Shop di Camilla\",\"isPartOf\":{\"@id\":\"https:\/\/loshopdicamilla.net\/it\/#website\"},\"primaryImageOfPage\":{\"@id\":\"https:\/\/loshopdicamilla.net\/it\/prodotto\/depilsoap-cera-depilatoria-ricarica-a-rullo-pelli-sensibili\/#primaryimage\"},\"image\":{\"@id\":\"https:\/\/loshopdicamilla.net\/it\/prodotto\/depilsoap-cera-depilatoria-ricarica-a-rullo-pelli-sensibili\/#primaryimage\"},\"thumbnailUrl\":\"https:\/\/i0.wp.com\/loshopdicamilla.net\/wp-content\/uploads\/2023\/07\/depilsoap-pelli-sensibili-cera-ricarica-rullo.png?fit=1200%2C1200&ssl=1\",\"datePublished\":\"2023-07-19T22:02:12+00:00\",\"dateModified\":\"2026-02-02T21:24:22+00:00\",\"description\":\"Depilsoap Ricarica Cera Depilatoria per Rullo Elettrico elimina efficacemente i peli superflui, regala una pelle vellutata per lungo periodo. Scopri di pi\u00f9.\",\"breadcrumb\":{\"@id\":\"https:\/\/loshopdicamilla.net\/it\/prodotto\/depilsoap-cera-depilatoria-ricarica-a-rullo-pelli-sensibili\/#breadcrumb\"},\"inLanguage\":\"it-IT\",\"potentialAction\":[{\"@type\":\"ReadAction\",\"target\":[\"https:\/\/loshopdicamilla.net\/it\/prodotto\/depilsoap-cera-depilatoria-ricarica-a-rullo-pelli-sensibili\/\"]}]},{\"@type\":\"ImageObject\",\"inLanguage\":\"it-IT\",\"@id\":\"https:\/\/loshopdicamilla.net\/it\/prodotto\/depilsoap-cera-depilatoria-ricarica-a-rullo-pelli-sensibili\/#primaryimage\",\"url\":\"https:\/\/i0.wp.com\/loshopdicamilla.net\/wp-content\/uploads\/2023\/07\/depilsoap-pelli-sensibili-cera-ricarica-rullo.png?fit=1200%2C1200&ssl=1\",\"contentUrl\":\"https:\/\/i0.wp.com\/loshopdicamilla.net\/wp-content\/uploads\/2023\/07\/depilsoap-pelli-sensibili-cera-ricarica-rullo.png?fit=1200%2C1200&ssl=1\",\"width\":1200,\"height\":1200,\"caption\":\"DepilSoap Cera Depilatoria Ricarica a Rullo Pelli Sensibili\"},{\"@type\":\"BreadcrumbList\",\"@id\":\"https:\/\/loshopdicamilla.net\/it\/prodotto\/depilsoap-cera-depilatoria-ricarica-a-rullo-pelli-sensibili\/#breadcrumb\",\"itemListElement\":[{\"@type\":\"ListItem\",\"position\":1,\"name\":\"Home\",\"item\":\"https:\/\/loshopdicamilla.net\/it\/\"},{\"@type\":\"ListItem\",\"position\":2,\"name\":\"Shop\",\"item\":\"https:\/\/loshopdicamilla.net\/it\/negozio\/\"},{\"@type\":\"ListItem\",\"position\":3,\"name\":\"DepilSoap Cera Depilatoria Ricarica a Rullo Pelli Sensibili\"}]},{\"@type\":\"WebSite\",\"@id\":\"https:\/\/loshopdicamilla.net\/it\/#website\",\"url\":\"https:\/\/loshopdicamilla.net\/it\/\",\"name\":\"Lo Shop di Camilla\",\"description\":\"Idee Originalit\u00e0 Simpatia\",\"potentialAction\":[{\"@type\":\"SearchAction\",\"target\":{\"@type\":\"EntryPoint\",\"urlTemplate\":\"https:\/\/loshopdicamilla.net\/it\/?s={search_term_string}\"},\"query-input\":{\"@type\":\"PropertyValueSpecification\",\"valueRequired\":true,\"valueName\":\"search_term_string\"}}],\"inLanguage\":\"it-IT\"}]}<\/script>\n<!-- \/ Yoast SEO plugin. -->","yoast_head_json":{"title":"DepilSoap Cera Depilatoria Ricarica a Rullo Pelli Sensibili - Lo Shop di Camilla","description":"Depilsoap Ricarica Cera Depilatoria per Rullo Elettrico elimina efficacemente i peli superflui, regala una pelle vellutata per lungo periodo. Scopri di pi\u00f9.","robots":{"index":"index","follow":"follow","max-snippet":"max-snippet:-1","max-image-preview":"max-image-preview:large","max-video-preview":"max-video-preview:-1"},"canonical":"https:\/\/loshopdicamilla.net\/it\/prodotto\/depilsoap-cera-depilatoria-ricarica-a-rullo-pelli-sensibili\/","og_locale":"it_IT","og_type":"article","og_title":"DepilSoap Cera Depilatoria Ricarica a Rullo Pelli Sensibili - Lo Shop di Camilla","og_description":"Depilsoap Ricarica Cera Depilatoria per Rullo Elettrico elimina efficacemente i peli superflui, regala una pelle vellutata per lungo periodo. Scopri di pi\u00f9.","og_url":"https:\/\/loshopdicamilla.net\/it\/prodotto\/depilsoap-cera-depilatoria-ricarica-a-rullo-pelli-sensibili\/","og_site_name":"Lo Shop di Camilla","article_modified_time":"2026-02-02T21:24:22+00:00","og_image":[{"width":1200,"height":1200,"url":"https:\/\/loshopdicamilla.net\/wp-content\/uploads\/2023\/07\/depilsoap-pelli-sensibili-cera-ricarica-rullo.png","type":"image\/png"}],"twitter_card":"summary_large_image","twitter_misc":{"Tempo di lettura stimato":"3 minuti"},"schema":{"@context":"https:\/\/schema.org","@graph":[{"@type":"WebPage","@id":"https:\/\/loshopdicamilla.net\/it\/prodotto\/depilsoap-cera-depilatoria-ricarica-a-rullo-pelli-sensibili\/","url":"https:\/\/loshopdicamilla.net\/it\/prodotto\/depilsoap-cera-depilatoria-ricarica-a-rullo-pelli-sensibili\/","name":"DepilSoap Cera Depilatoria Ricarica a Rullo Pelli Sensibili - Lo Shop di Camilla","isPartOf":{"@id":"https:\/\/loshopdicamilla.net\/it\/#website"},"primaryImageOfPage":{"@id":"https:\/\/loshopdicamilla.net\/it\/prodotto\/depilsoap-cera-depilatoria-ricarica-a-rullo-pelli-sensibili\/#primaryimage"},"image":{"@id":"https:\/\/loshopdicamilla.net\/it\/prodotto\/depilsoap-cera-depilatoria-ricarica-a-rullo-pelli-sensibili\/#primaryimage"},"thumbnailUrl":"https:\/\/i0.wp.com\/loshopdicamilla.net\/wp-content\/uploads\/2023\/07\/depilsoap-pelli-sensibili-cera-ricarica-rullo.png?fit=1200%2C1200&ssl=1","datePublished":"2023-07-19T22:02:12+00:00","dateModified":"2026-02-02T21:24:22+00:00","description":"Depilsoap Ricarica Cera Depilatoria per Rullo Elettrico elimina efficacemente i peli superflui, regala una pelle vellutata per lungo periodo. Scopri di pi\u00f9.","breadcrumb":{"@id":"https:\/\/loshopdicamilla.net\/it\/prodotto\/depilsoap-cera-depilatoria-ricarica-a-rullo-pelli-sensibili\/#breadcrumb"},"inLanguage":"it-IT","potentialAction":[{"@type":"ReadAction","target":["https:\/\/loshopdicamilla.net\/it\/prodotto\/depilsoap-cera-depilatoria-ricarica-a-rullo-pelli-sensibili\/"]}]},{"@type":"ImageObject","inLanguage":"it-IT","@id":"https:\/\/loshopdicamilla.net\/it\/prodotto\/depilsoap-cera-depilatoria-ricarica-a-rullo-pelli-sensibili\/#primaryimage","url":"https:\/\/i0.wp.com\/loshopdicamilla.net\/wp-content\/uploads\/2023\/07\/depilsoap-pelli-sensibili-cera-ricarica-rullo.png?fit=1200%2C1200&ssl=1","contentUrl":"https:\/\/i0.wp.com\/loshopdicamilla.net\/wp-content\/uploads\/2023\/07\/depilsoap-pelli-sensibili-cera-ricarica-rullo.png?fit=1200%2C1200&ssl=1","width":1200,"height":1200,"caption":"DepilSoap Cera Depilatoria Ricarica a Rullo Pelli Sensibili"},{"@type":"BreadcrumbList","@id":"https:\/\/loshopdicamilla.net\/it\/prodotto\/depilsoap-cera-depilatoria-ricarica-a-rullo-pelli-sensibili\/#breadcrumb","itemListElement":[{"@type":"ListItem","position":1,"name":"Home","item":"https:\/\/loshopdicamilla.net\/it\/"},{"@type":"ListItem","position":2,"name":"Shop","item":"https:\/\/loshopdicamilla.net\/it\/negozio\/"},{"@type":"ListItem","position":3,"name":"DepilSoap Cera Depilatoria Ricarica a Rullo Pelli Sensibili"}]},{"@type":"WebSite","@id":"https:\/\/loshopdicamilla.net\/it\/#website","url":"https:\/\/loshopdicamilla.net\/it\/","name":"Lo Shop di Camilla","description":"Idee Originalit\u00e0 Simpatia","potentialAction":[{"@type":"SearchAction","target":{"@type":"EntryPoint","urlTemplate":"https:\/\/loshopdicamilla.net\/it\/?s={search_term_string}"},"query-input":{"@type":"PropertyValueSpecification","valueRequired":true,"valueName":"search_term_string"}}],"inLanguage":"it-IT"}]}},"jetpack-related-posts":[],"jetpack_sharing_enabled":true,"_links":{"self":[{"href":"https:\/\/loshopdicamilla.net\/it\/wp-json\/wp\/v2\/product\/2950","targetHints":{"allow":["GET"]}}],"collection":[{"href":"https:\/\/loshopdicamilla.net\/it\/wp-json\/wp\/v2\/product"}],"about":[{"href":"https:\/\/loshopdicamilla.net\/it\/wp-json\/wp\/v2\/types\/product"}],"replies":[{"embeddable":true,"href":"https:\/\/loshopdicamilla.net\/it\/wp-json\/wp\/v2\/comments?post=2950"}],"wp:featuredmedia":[{"embeddable":true,"href":"https:\/\/loshopdicamilla.net\/it\/wp-json\/wp\/v2\/media\/2956"}],"wp:attachment":[{"href":"https:\/\/loshopdicamilla.net\/it\/wp-json\/wp\/v2\/media?parent=2950"}],"wp:term":[{"taxonomy":"product_brand","embeddable":true,"href":"https:\/\/loshopdicamilla.net\/it\/wp-json\/wp\/v2\/product_brand?post=2950"},{"taxonomy":"product_cat","embeddable":true,"href":"https:\/\/loshopdicamilla.net\/it\/wp-json\/wp\/v2\/product_cat?post=2950"},{"taxonomy":"product_tag","embeddable":true,"href":"https:\/\/loshopdicamilla.net\/it\/wp-json\/wp\/v2\/product_tag?post=2950"}],"curies":[{"name":"wp","href":"https:\/\/api.w.org\/{rel}","templated":true}]}}