{"id":2867,"date":"2023-01-01T17:37:12","date_gmt":"2023-01-01T17:37:12","guid":{"rendered":"https:\/\/loshopdicamilla.net\/?post_type=product&#038;p=2867"},"modified":"2026-02-02T20:30:59","modified_gmt":"2026-02-02T20:30:59","slug":"pearl-drops-instant-natural-white-multipack","status":"publish","type":"product","link":"https:\/\/loshopdicamilla.net\/it\/prodotto\/pearl-drops-instant-natural-white-multipack\/","title":{"rendered":"Pearl Drops instant Natural White Multipack"},"content":{"rendered":"<p><strong>Pearl Drops instant Natural White Multipack 3 Pezzi<\/strong> \u00e8 l&#8217;offerta<strong> Camilla&#8217;s<\/strong> per risparmiare.<\/p>\n<p><strong>Pearl Drops instant Natural White Multipack<\/strong>\u00a0con Activated Characoal ha un effetto sbiancante immediato e a lungo termine. Fai il massimo per il tuo sorriso e per denti immediatamente e naturalmente pi\u00f9 bianchi, prova la nostra innovativa tecnologia al carbone attivo.<\/p>\n<h4><strong>Pearl Drops instant Natural White Multipack, caratteristiche:<\/strong><\/h4>\n<ol>\n<li>Testato clinicamente e dai consumatori per un uso quotidiano<\/li>\n<li>Innovazione con Carbone Attivo che deterge e sbianca<\/li>\n<li>Con Fluoro e gli Agenti anti-placca che si prendono cura dello smalto<\/li>\n<li>Caratteristico colore viola<\/li>\n<li>Formato: 3 confezioni da 75 ml<\/li>\n<\/ol>\n<p>La <strong>formula innovativa<\/strong> per un sorriso pi\u00f9 brillante che mai, con <strong>Carbone Attivo<\/strong> per denti immediatamente e naturalmente pi\u00f9 bianchi. Agisce contro le impurit\u00e0 e la formazione delle macchie, sbiancando a lungo per un sorriso pi\u00f9 brillante che mai. La formulazione, di un distintivo colore viola, <strong>contiene Fluoro e Agenti anti-placca<\/strong> che si prendono cura dello smalto quotidianamente. Il <strong>Carbone Attivo<\/strong> \u00e8 un ingrediente detox, che grazie alle sue propriet\u00e0 smacchianti, deterge e purifica. Testato clinicamente e dai consumatori per un uso quotidiano.<\/p>\n<span class=\"et_bloom_bottom_trigger\"><\/span>","protected":false},"excerpt":{"rendered":"<p><strong>Pearl Drops instant Natural White Multipack 3 Pezzi<\/strong> \u00e8 l&#8217;offerta<strong> Camilla&#8217;s<\/strong> per risparmiare.<\/p>\n<p><strong>Pearl Drops instant Natural White Multipack<\/strong>\u00a0con Activated Characoal ha un effetto sbiancante immediato e a lungo termine. Fai il massimo per il tuo sorriso e per denti immediatamente e naturalmente pi\u00f9 bianchi, prova la nostra innovativa tecnologia al carbone attivo.<\/p>\n<p><strong>Formato: 3 confezioni da 75 ml<\/strong><\/p>\n","protected":false},"featured_media":2868,"comment_status":"open","ping_status":"closed","template":"","meta":{"_et_pb_use_builder":"","_et_pb_old_content":"","_et_gb_content_width":""},"product_brand":[],"product_cat":[228,84],"product_tag":[656,657,652,653],"class_list":{"0":"post-2867","1":"product","2":"type-product","3":"status-publish","4":"has-post-thumbnail","6":"product_cat-cura-dei-denti","7":"product_cat-salute-e-benessere","8":"product_tag-dentifricio","9":"product_tag-dentifricio-sbiancante","10":"product_tag-pearl-drops","11":"product_tag-pearldrops","13":"first","14":"outofstock","15":"sale","16":"taxable","17":"shipping-taxable","18":"purchasable","19":"product-type-simple"},"yoast_head":"<!-- This site is optimized with the Yoast SEO plugin v26.5 - https:\/\/yoast.com\/wordpress\/plugins\/seo\/ -->\n<title>Pearl Drops instant Natural White Multipack - Lo Shop di Camilla<\/title>\n<meta name=\"description\" content=\"Pearl Drops instant Natural White Multipack 3 Pezzi \u00e8 l&#039;offerta Camilla&#039;s per risparmiare e per sbiancare i denti ancora pi\u00f9 a lungo. Scopri di pi\u00f9.\u00a0\" \/>\n<meta name=\"robots\" content=\"index, follow, max-snippet:-1, max-image-preview:large, max-video-preview:-1\" \/>\n<link rel=\"canonical\" href=\"https:\/\/loshopdicamilla.net\/it\/prodotto\/pearl-drops-instant-natural-white-multipack\/\" \/>\n<meta property=\"og:locale\" content=\"it_IT\" \/>\n<meta property=\"og:type\" content=\"article\" \/>\n<meta property=\"og:title\" content=\"Pearl Drops instant Natural White Multipack - Lo Shop di Camilla\" \/>\n<meta property=\"og:description\" content=\"Pearl Drops instant Natural White Multipack 3 Pezzi \u00e8 l&#039;offerta Camilla&#039;s per risparmiare e per sbiancare i denti ancora pi\u00f9 a lungo. Scopri di pi\u00f9.\u00a0\" \/>\n<meta property=\"og:url\" content=\"https:\/\/loshopdicamilla.net\/it\/prodotto\/pearl-drops-instant-natural-white-multipack\/\" \/>\n<meta property=\"og:site_name\" content=\"Lo Shop di Camilla\" \/>\n<meta property=\"article:modified_time\" content=\"2026-02-02T20:30:59+00:00\" \/>\n<meta property=\"og:image\" content=\"https:\/\/loshopdicamilla.net\/wp-content\/uploads\/2023\/01\/pearldrops-instant-natural-white-multipack3.png\" \/>\n\t<meta property=\"og:image:width\" content=\"800\" \/>\n\t<meta property=\"og:image:height\" content=\"800\" \/>\n\t<meta property=\"og:image:type\" content=\"image\/png\" \/>\n<meta name=\"twitter:card\" content=\"summary_large_image\" \/>\n<meta name=\"twitter:label1\" content=\"Tempo di lettura stimato\" \/>\n\t<meta name=\"twitter:data1\" content=\"2 minuti\" \/>\n<script type=\"application\/ld+json\" class=\"yoast-schema-graph\">{\"@context\":\"https:\/\/schema.org\",\"@graph\":[{\"@type\":\"WebPage\",\"@id\":\"https:\/\/loshopdicamilla.net\/it\/prodotto\/pearl-drops-instant-natural-white-multipack\/\",\"url\":\"https:\/\/loshopdicamilla.net\/it\/prodotto\/pearl-drops-instant-natural-white-multipack\/\",\"name\":\"Pearl Drops instant Natural White Multipack - Lo Shop di Camilla\",\"isPartOf\":{\"@id\":\"https:\/\/loshopdicamilla.net\/it\/#website\"},\"primaryImageOfPage\":{\"@id\":\"https:\/\/loshopdicamilla.net\/it\/prodotto\/pearl-drops-instant-natural-white-multipack\/#primaryimage\"},\"image\":{\"@id\":\"https:\/\/loshopdicamilla.net\/it\/prodotto\/pearl-drops-instant-natural-white-multipack\/#primaryimage\"},\"thumbnailUrl\":\"https:\/\/i0.wp.com\/loshopdicamilla.net\/wp-content\/uploads\/2023\/01\/pearldrops-instant-natural-white-multipack3.png?fit=800%2C800&ssl=1\",\"datePublished\":\"2023-01-01T17:37:12+00:00\",\"dateModified\":\"2026-02-02T20:30:59+00:00\",\"description\":\"Pearl Drops instant Natural White Multipack 3 Pezzi \u00e8 l'offerta Camilla's per risparmiare e per sbiancare i denti ancora pi\u00f9 a lungo. Scopri di pi\u00f9.\u00a0\",\"breadcrumb\":{\"@id\":\"https:\/\/loshopdicamilla.net\/it\/prodotto\/pearl-drops-instant-natural-white-multipack\/#breadcrumb\"},\"inLanguage\":\"it-IT\",\"potentialAction\":[{\"@type\":\"ReadAction\",\"target\":[\"https:\/\/loshopdicamilla.net\/it\/prodotto\/pearl-drops-instant-natural-white-multipack\/\"]}]},{\"@type\":\"ImageObject\",\"inLanguage\":\"it-IT\",\"@id\":\"https:\/\/loshopdicamilla.net\/it\/prodotto\/pearl-drops-instant-natural-white-multipack\/#primaryimage\",\"url\":\"https:\/\/i0.wp.com\/loshopdicamilla.net\/wp-content\/uploads\/2023\/01\/pearldrops-instant-natural-white-multipack3.png?fit=800%2C800&ssl=1\",\"contentUrl\":\"https:\/\/i0.wp.com\/loshopdicamilla.net\/wp-content\/uploads\/2023\/01\/pearldrops-instant-natural-white-multipack3.png?fit=800%2C800&ssl=1\",\"width\":800,\"height\":800,\"caption\":\"Pearl Drops instant Natural White Multipack\"},{\"@type\":\"BreadcrumbList\",\"@id\":\"https:\/\/loshopdicamilla.net\/it\/prodotto\/pearl-drops-instant-natural-white-multipack\/#breadcrumb\",\"itemListElement\":[{\"@type\":\"ListItem\",\"position\":1,\"name\":\"Home\",\"item\":\"https:\/\/loshopdicamilla.net\/it\/\"},{\"@type\":\"ListItem\",\"position\":2,\"name\":\"Shop\",\"item\":\"https:\/\/loshopdicamilla.net\/it\/negozio\/\"},{\"@type\":\"ListItem\",\"position\":3,\"name\":\"Pearl Drops instant Natural White Multipack\"}]},{\"@type\":\"WebSite\",\"@id\":\"https:\/\/loshopdicamilla.net\/it\/#website\",\"url\":\"https:\/\/loshopdicamilla.net\/it\/\",\"name\":\"Lo Shop di Camilla\",\"description\":\"Idee Originalit\u00e0 Simpatia\",\"potentialAction\":[{\"@type\":\"SearchAction\",\"target\":{\"@type\":\"EntryPoint\",\"urlTemplate\":\"https:\/\/loshopdicamilla.net\/it\/?s={search_term_string}\"},\"query-input\":{\"@type\":\"PropertyValueSpecification\",\"valueRequired\":true,\"valueName\":\"search_term_string\"}}],\"inLanguage\":\"it-IT\"}]}<\/script>\n<!-- \/ Yoast SEO plugin. -->","yoast_head_json":{"title":"Pearl Drops instant Natural White Multipack - Lo Shop di Camilla","description":"Pearl Drops instant Natural White Multipack 3 Pezzi \u00e8 l'offerta Camilla's per risparmiare e per sbiancare i denti ancora pi\u00f9 a lungo. Scopri di pi\u00f9.\u00a0","robots":{"index":"index","follow":"follow","max-snippet":"max-snippet:-1","max-image-preview":"max-image-preview:large","max-video-preview":"max-video-preview:-1"},"canonical":"https:\/\/loshopdicamilla.net\/it\/prodotto\/pearl-drops-instant-natural-white-multipack\/","og_locale":"it_IT","og_type":"article","og_title":"Pearl Drops instant Natural White Multipack - Lo Shop di Camilla","og_description":"Pearl Drops instant Natural White Multipack 3 Pezzi \u00e8 l'offerta Camilla's per risparmiare e per sbiancare i denti ancora pi\u00f9 a lungo. Scopri di pi\u00f9.\u00a0","og_url":"https:\/\/loshopdicamilla.net\/it\/prodotto\/pearl-drops-instant-natural-white-multipack\/","og_site_name":"Lo Shop di Camilla","article_modified_time":"2026-02-02T20:30:59+00:00","og_image":[{"width":800,"height":800,"url":"https:\/\/loshopdicamilla.net\/wp-content\/uploads\/2023\/01\/pearldrops-instant-natural-white-multipack3.png","type":"image\/png"}],"twitter_card":"summary_large_image","twitter_misc":{"Tempo di lettura stimato":"2 minuti"},"schema":{"@context":"https:\/\/schema.org","@graph":[{"@type":"WebPage","@id":"https:\/\/loshopdicamilla.net\/it\/prodotto\/pearl-drops-instant-natural-white-multipack\/","url":"https:\/\/loshopdicamilla.net\/it\/prodotto\/pearl-drops-instant-natural-white-multipack\/","name":"Pearl Drops instant Natural White Multipack - Lo Shop di Camilla","isPartOf":{"@id":"https:\/\/loshopdicamilla.net\/it\/#website"},"primaryImageOfPage":{"@id":"https:\/\/loshopdicamilla.net\/it\/prodotto\/pearl-drops-instant-natural-white-multipack\/#primaryimage"},"image":{"@id":"https:\/\/loshopdicamilla.net\/it\/prodotto\/pearl-drops-instant-natural-white-multipack\/#primaryimage"},"thumbnailUrl":"https:\/\/i0.wp.com\/loshopdicamilla.net\/wp-content\/uploads\/2023\/01\/pearldrops-instant-natural-white-multipack3.png?fit=800%2C800&ssl=1","datePublished":"2023-01-01T17:37:12+00:00","dateModified":"2026-02-02T20:30:59+00:00","description":"Pearl Drops instant Natural White Multipack 3 Pezzi \u00e8 l'offerta Camilla's per risparmiare e per sbiancare i denti ancora pi\u00f9 a lungo. Scopri di pi\u00f9.\u00a0","breadcrumb":{"@id":"https:\/\/loshopdicamilla.net\/it\/prodotto\/pearl-drops-instant-natural-white-multipack\/#breadcrumb"},"inLanguage":"it-IT","potentialAction":[{"@type":"ReadAction","target":["https:\/\/loshopdicamilla.net\/it\/prodotto\/pearl-drops-instant-natural-white-multipack\/"]}]},{"@type":"ImageObject","inLanguage":"it-IT","@id":"https:\/\/loshopdicamilla.net\/it\/prodotto\/pearl-drops-instant-natural-white-multipack\/#primaryimage","url":"https:\/\/i0.wp.com\/loshopdicamilla.net\/wp-content\/uploads\/2023\/01\/pearldrops-instant-natural-white-multipack3.png?fit=800%2C800&ssl=1","contentUrl":"https:\/\/i0.wp.com\/loshopdicamilla.net\/wp-content\/uploads\/2023\/01\/pearldrops-instant-natural-white-multipack3.png?fit=800%2C800&ssl=1","width":800,"height":800,"caption":"Pearl Drops instant Natural White Multipack"},{"@type":"BreadcrumbList","@id":"https:\/\/loshopdicamilla.net\/it\/prodotto\/pearl-drops-instant-natural-white-multipack\/#breadcrumb","itemListElement":[{"@type":"ListItem","position":1,"name":"Home","item":"https:\/\/loshopdicamilla.net\/it\/"},{"@type":"ListItem","position":2,"name":"Shop","item":"https:\/\/loshopdicamilla.net\/it\/negozio\/"},{"@type":"ListItem","position":3,"name":"Pearl Drops instant Natural White Multipack"}]},{"@type":"WebSite","@id":"https:\/\/loshopdicamilla.net\/it\/#website","url":"https:\/\/loshopdicamilla.net\/it\/","name":"Lo Shop di Camilla","description":"Idee Originalit\u00e0 Simpatia","potentialAction":[{"@type":"SearchAction","target":{"@type":"EntryPoint","urlTemplate":"https:\/\/loshopdicamilla.net\/it\/?s={search_term_string}"},"query-input":{"@type":"PropertyValueSpecification","valueRequired":true,"valueName":"search_term_string"}}],"inLanguage":"it-IT"}]}},"jetpack-related-posts":[],"jetpack_sharing_enabled":true,"_links":{"self":[{"href":"https:\/\/loshopdicamilla.net\/it\/wp-json\/wp\/v2\/product\/2867","targetHints":{"allow":["GET"]}}],"collection":[{"href":"https:\/\/loshopdicamilla.net\/it\/wp-json\/wp\/v2\/product"}],"about":[{"href":"https:\/\/loshopdicamilla.net\/it\/wp-json\/wp\/v2\/types\/product"}],"replies":[{"embeddable":true,"href":"https:\/\/loshopdicamilla.net\/it\/wp-json\/wp\/v2\/comments?post=2867"}],"wp:featuredmedia":[{"embeddable":true,"href":"https:\/\/loshopdicamilla.net\/it\/wp-json\/wp\/v2\/media\/2868"}],"wp:attachment":[{"href":"https:\/\/loshopdicamilla.net\/it\/wp-json\/wp\/v2\/media?parent=2867"}],"wp:term":[{"taxonomy":"product_brand","embeddable":true,"href":"https:\/\/loshopdicamilla.net\/it\/wp-json\/wp\/v2\/product_brand?post=2867"},{"taxonomy":"product_cat","embeddable":true,"href":"https:\/\/loshopdicamilla.net\/it\/wp-json\/wp\/v2\/product_cat?post=2867"},{"taxonomy":"product_tag","embeddable":true,"href":"https:\/\/loshopdicamilla.net\/it\/wp-json\/wp\/v2\/product_tag?post=2867"}],"curies":[{"name":"wp","href":"https:\/\/api.w.org\/{rel}","templated":true}]}}