{"id":2779,"date":"2022-12-10T11:47:36","date_gmt":"2022-12-10T11:47:36","guid":{"rendered":"https:\/\/loshopdicamilla.net\/?post_type=product&#038;p=2779"},"modified":"2022-12-19T09:11:46","modified_gmt":"2022-12-19T09:11:46","slug":"remarkable-paper-tablet-tablet-per-scrivere","status":"publish","type":"product","link":"https:\/\/loshopdicamilla.net\/it\/prodotto\/remarkable-paper-tablet-tablet-per-scrivere\/","title":{"rendered":"reMarkable Paper Tablet Tablet per Scrivere"},"content":{"rendered":"<p><strong>reMarkable<\/strong> \u00e8 lo stato dell&#8217;arte della tecnologia e-paper. Un pezzo unico e introvabile. <strong>Un usato PERFETTO<\/strong>. Un&#8217;occasione da non perdere!<\/p>\n<p><strong>reMarkable<\/strong> vi dar\u00e0 la sensazione di scrivere sulla carta, senza forse e senza ma. Semplicemente perfetto permette di disegnare a matita o carboncino o con la penna, come preferite. Qualit\u00e0 incomparabile: non esistono prodotti simili sul mercato.<\/p>\n<h2><strong>reMarkable, caratteristiche:<\/strong><\/h2>\n<ul>\n<li>memoria 8 GB<\/li>\n<li>dimensioni: 25,6 x 17,7 x 0,7h cm<\/li>\n<li>collegamento WiFi e USB<\/li>\n<li>la penna non necessita di ricarica<\/li>\n<li>la confezione contiene: 1 <strong>reMarkable<\/strong>; 1 penna; 1 cavo di alimentazione\/ricarica; 7 punte nuove<\/li>\n<li>esperienza di scrittura unica, come sulla carta<\/li>\n<li>permette di leggere PDF e ebook, di prendere annotazioni, sottolineare, cancellare e molto altro<\/li>\n<li>converte in digitale gli scritti a mano<\/li>\n<li>trasmette i documenti via mail<\/li>\n<\/ul>\n<p>No, non si pu\u00f2 navigare su internet. Per\u00f2 si pu\u00f2 digitalizzare ci\u00f2 che si \u00e8 scritto a mano e inviarlo via mail. Condividerlo via cloud o tramite collegamento USB. Legge PDF e ebook, ogni file di testo. Il tempo di latenza nella scrittura \u00e8 praticamente inesistente. La batteria in standby dura giorni, e come tutti gli ebook reader permette di mantenere in evidenza la pagina che si sta leggendo o scrivendo senza consumare energia. La capacit\u00e0 di archiviazione \u00e8 pi\u00f9 che sufficiente, dato il genere di documenti che gestisce e produce. Inoltre il semplice collegamento con altri device, cellulare o tablet, tramite app dedicata (iOS e Android) permette un semplicissimo trasferimento dei dati.<\/p>\n<p><iframe loading=\"lazy\" src=\"\/\/www.youtube.com\/embed\/RGsWLeHZT8Y\" width=\"560\" height=\"314\" allowfullscreen=\"allowfullscreen\"><\/iframe><\/p>\n<span class=\"et_bloom_bottom_trigger\"><\/span>","protected":false},"excerpt":{"rendered":"<p><strong>reMarkable<\/strong> \u00e8 lo stato dell&#8217;arte della tecnologia <strong>e-paper<\/strong>. Un pezzo unico e introvabile. <strong>Un usato PERFETTO<\/strong>. Un&#8217;occasione da non perdere!<\/p>\n","protected":false},"featured_media":2825,"comment_status":"open","ping_status":"closed","template":"","meta":{"_et_pb_use_builder":"","_et_pb_old_content":"","_et_gb_content_width":""},"product_brand":[],"product_cat":[138,218],"product_tag":[],"class_list":{"0":"post-2779","1":"product","2":"type-product","3":"status-publish","4":"has-post-thumbnail","6":"product_cat-elettronica-accessori","7":"product_cat-informatica","8":"product_shipping_class-0-2-kg","10":"first","11":"outofstock","12":"sale","13":"taxable","14":"shipping-taxable","15":"purchasable","16":"product-type-simple"},"yoast_head":"<!-- This site is optimized with the Yoast SEO plugin v26.5 - https:\/\/yoast.com\/wordpress\/plugins\/seo\/ -->\n<title>reMarkable Paper Tablet Tablet per Scrivere - Lo Shop di Camilla<\/title>\n<meta name=\"description\" content=\"Remarkable \u00e8 lo stato dell&#039;arte della tecnologia e-paper. Un pezzo unico e introvabile. Un usato PERFETTO. Un&#039;occasione da non perdere! Scopri di pi\u00f9.\" \/>\n<meta name=\"robots\" content=\"index, follow, max-snippet:-1, max-image-preview:large, max-video-preview:-1\" \/>\n<link rel=\"canonical\" href=\"https:\/\/loshopdicamilla.net\/it\/prodotto\/remarkable-paper-tablet-tablet-per-scrivere\/\" \/>\n<meta property=\"og:locale\" content=\"it_IT\" \/>\n<meta property=\"og:type\" content=\"article\" \/>\n<meta property=\"og:title\" content=\"reMarkable Paper Tablet Tablet per Scrivere - Lo Shop di Camilla\" \/>\n<meta property=\"og:description\" content=\"Remarkable \u00e8 lo stato dell&#039;arte della tecnologia e-paper. Un pezzo unico e introvabile. Un usato PERFETTO. Un&#039;occasione da non perdere! Scopri di pi\u00f9.\" \/>\n<meta property=\"og:url\" content=\"https:\/\/loshopdicamilla.net\/it\/prodotto\/remarkable-paper-tablet-tablet-per-scrivere\/\" \/>\n<meta property=\"og:site_name\" content=\"Lo Shop di Camilla\" \/>\n<meta property=\"article:modified_time\" content=\"2022-12-19T09:11:46+00:00\" \/>\n<meta property=\"og:image\" content=\"https:\/\/i0.wp.com\/loshopdicamilla.net\/wp-content\/uploads\/2022\/12\/remarkable-1.jpg?fit=1000%2C1000&ssl=1\" \/>\n\t<meta property=\"og:image:width\" content=\"1000\" \/>\n\t<meta property=\"og:image:height\" content=\"1000\" \/>\n\t<meta property=\"og:image:type\" content=\"image\/jpeg\" \/>\n<meta name=\"twitter:card\" content=\"summary_large_image\" \/>\n<meta name=\"twitter:label1\" content=\"Tempo di lettura stimato\" \/>\n\t<meta name=\"twitter:data1\" content=\"2 minuti\" \/>\n<script type=\"application\/ld+json\" class=\"yoast-schema-graph\">{\"@context\":\"https:\/\/schema.org\",\"@graph\":[{\"@type\":\"WebPage\",\"@id\":\"https:\/\/loshopdicamilla.net\/it\/prodotto\/remarkable-paper-tablet-tablet-per-scrivere\/\",\"url\":\"https:\/\/loshopdicamilla.net\/it\/prodotto\/remarkable-paper-tablet-tablet-per-scrivere\/\",\"name\":\"reMarkable Paper Tablet Tablet per Scrivere - Lo Shop di Camilla\",\"isPartOf\":{\"@id\":\"https:\/\/loshopdicamilla.net\/it\/#website\"},\"primaryImageOfPage\":{\"@id\":\"https:\/\/loshopdicamilla.net\/it\/prodotto\/remarkable-paper-tablet-tablet-per-scrivere\/#primaryimage\"},\"image\":{\"@id\":\"https:\/\/loshopdicamilla.net\/it\/prodotto\/remarkable-paper-tablet-tablet-per-scrivere\/#primaryimage\"},\"thumbnailUrl\":\"https:\/\/i0.wp.com\/loshopdicamilla.net\/wp-content\/uploads\/2022\/12\/remarkable-1.jpg?fit=1000%2C1000&ssl=1\",\"datePublished\":\"2022-12-10T11:47:36+00:00\",\"dateModified\":\"2022-12-19T09:11:46+00:00\",\"description\":\"Remarkable \u00e8 lo stato dell'arte della tecnologia e-paper. Un pezzo unico e introvabile. Un usato PERFETTO. Un'occasione da non perdere! Scopri di pi\u00f9.\",\"breadcrumb\":{\"@id\":\"https:\/\/loshopdicamilla.net\/it\/prodotto\/remarkable-paper-tablet-tablet-per-scrivere\/#breadcrumb\"},\"inLanguage\":\"it-IT\",\"potentialAction\":[{\"@type\":\"ReadAction\",\"target\":[\"https:\/\/loshopdicamilla.net\/it\/prodotto\/remarkable-paper-tablet-tablet-per-scrivere\/\"]}]},{\"@type\":\"ImageObject\",\"inLanguage\":\"it-IT\",\"@id\":\"https:\/\/loshopdicamilla.net\/it\/prodotto\/remarkable-paper-tablet-tablet-per-scrivere\/#primaryimage\",\"url\":\"https:\/\/i0.wp.com\/loshopdicamilla.net\/wp-content\/uploads\/2022\/12\/remarkable-1.jpg?fit=1000%2C1000&ssl=1\",\"contentUrl\":\"https:\/\/i0.wp.com\/loshopdicamilla.net\/wp-content\/uploads\/2022\/12\/remarkable-1.jpg?fit=1000%2C1000&ssl=1\",\"width\":1000,\"height\":1000,\"caption\":\"Remarkable Paper Tablet Tablet per Scrivere\"},{\"@type\":\"BreadcrumbList\",\"@id\":\"https:\/\/loshopdicamilla.net\/it\/prodotto\/remarkable-paper-tablet-tablet-per-scrivere\/#breadcrumb\",\"itemListElement\":[{\"@type\":\"ListItem\",\"position\":1,\"name\":\"Home\",\"item\":\"https:\/\/loshopdicamilla.net\/it\/\"},{\"@type\":\"ListItem\",\"position\":2,\"name\":\"Shop\",\"item\":\"https:\/\/loshopdicamilla.net\/it\/negozio\/\"},{\"@type\":\"ListItem\",\"position\":3,\"name\":\"reMarkable Paper Tablet Tablet per Scrivere\"}]},{\"@type\":\"WebSite\",\"@id\":\"https:\/\/loshopdicamilla.net\/it\/#website\",\"url\":\"https:\/\/loshopdicamilla.net\/it\/\",\"name\":\"Lo Shop di Camilla\",\"description\":\"Idee Originalit\u00e0 Simpatia\",\"potentialAction\":[{\"@type\":\"SearchAction\",\"target\":{\"@type\":\"EntryPoint\",\"urlTemplate\":\"https:\/\/loshopdicamilla.net\/it\/?s={search_term_string}\"},\"query-input\":{\"@type\":\"PropertyValueSpecification\",\"valueRequired\":true,\"valueName\":\"search_term_string\"}}],\"inLanguage\":\"it-IT\"}]}<\/script>\n<!-- \/ Yoast SEO plugin. -->","yoast_head_json":{"title":"reMarkable Paper Tablet Tablet per Scrivere - Lo Shop di Camilla","description":"Remarkable \u00e8 lo stato dell'arte della tecnologia e-paper. Un pezzo unico e introvabile. Un usato PERFETTO. Un'occasione da non perdere! Scopri di pi\u00f9.","robots":{"index":"index","follow":"follow","max-snippet":"max-snippet:-1","max-image-preview":"max-image-preview:large","max-video-preview":"max-video-preview:-1"},"canonical":"https:\/\/loshopdicamilla.net\/it\/prodotto\/remarkable-paper-tablet-tablet-per-scrivere\/","og_locale":"it_IT","og_type":"article","og_title":"reMarkable Paper Tablet Tablet per Scrivere - Lo Shop di Camilla","og_description":"Remarkable \u00e8 lo stato dell'arte della tecnologia e-paper. Un pezzo unico e introvabile. Un usato PERFETTO. Un'occasione da non perdere! Scopri di pi\u00f9.","og_url":"https:\/\/loshopdicamilla.net\/it\/prodotto\/remarkable-paper-tablet-tablet-per-scrivere\/","og_site_name":"Lo Shop di Camilla","article_modified_time":"2022-12-19T09:11:46+00:00","og_image":[{"width":1000,"height":1000,"url":"https:\/\/i0.wp.com\/loshopdicamilla.net\/wp-content\/uploads\/2022\/12\/remarkable-1.jpg?fit=1000%2C1000&ssl=1","type":"image\/jpeg"}],"twitter_card":"summary_large_image","twitter_misc":{"Tempo di lettura stimato":"2 minuti"},"schema":{"@context":"https:\/\/schema.org","@graph":[{"@type":"WebPage","@id":"https:\/\/loshopdicamilla.net\/it\/prodotto\/remarkable-paper-tablet-tablet-per-scrivere\/","url":"https:\/\/loshopdicamilla.net\/it\/prodotto\/remarkable-paper-tablet-tablet-per-scrivere\/","name":"reMarkable Paper Tablet Tablet per Scrivere - Lo Shop di Camilla","isPartOf":{"@id":"https:\/\/loshopdicamilla.net\/it\/#website"},"primaryImageOfPage":{"@id":"https:\/\/loshopdicamilla.net\/it\/prodotto\/remarkable-paper-tablet-tablet-per-scrivere\/#primaryimage"},"image":{"@id":"https:\/\/loshopdicamilla.net\/it\/prodotto\/remarkable-paper-tablet-tablet-per-scrivere\/#primaryimage"},"thumbnailUrl":"https:\/\/i0.wp.com\/loshopdicamilla.net\/wp-content\/uploads\/2022\/12\/remarkable-1.jpg?fit=1000%2C1000&ssl=1","datePublished":"2022-12-10T11:47:36+00:00","dateModified":"2022-12-19T09:11:46+00:00","description":"Remarkable \u00e8 lo stato dell'arte della tecnologia e-paper. Un pezzo unico e introvabile. Un usato PERFETTO. Un'occasione da non perdere! Scopri di pi\u00f9.","breadcrumb":{"@id":"https:\/\/loshopdicamilla.net\/it\/prodotto\/remarkable-paper-tablet-tablet-per-scrivere\/#breadcrumb"},"inLanguage":"it-IT","potentialAction":[{"@type":"ReadAction","target":["https:\/\/loshopdicamilla.net\/it\/prodotto\/remarkable-paper-tablet-tablet-per-scrivere\/"]}]},{"@type":"ImageObject","inLanguage":"it-IT","@id":"https:\/\/loshopdicamilla.net\/it\/prodotto\/remarkable-paper-tablet-tablet-per-scrivere\/#primaryimage","url":"https:\/\/i0.wp.com\/loshopdicamilla.net\/wp-content\/uploads\/2022\/12\/remarkable-1.jpg?fit=1000%2C1000&ssl=1","contentUrl":"https:\/\/i0.wp.com\/loshopdicamilla.net\/wp-content\/uploads\/2022\/12\/remarkable-1.jpg?fit=1000%2C1000&ssl=1","width":1000,"height":1000,"caption":"Remarkable Paper Tablet Tablet per Scrivere"},{"@type":"BreadcrumbList","@id":"https:\/\/loshopdicamilla.net\/it\/prodotto\/remarkable-paper-tablet-tablet-per-scrivere\/#breadcrumb","itemListElement":[{"@type":"ListItem","position":1,"name":"Home","item":"https:\/\/loshopdicamilla.net\/it\/"},{"@type":"ListItem","position":2,"name":"Shop","item":"https:\/\/loshopdicamilla.net\/it\/negozio\/"},{"@type":"ListItem","position":3,"name":"reMarkable Paper Tablet Tablet per Scrivere"}]},{"@type":"WebSite","@id":"https:\/\/loshopdicamilla.net\/it\/#website","url":"https:\/\/loshopdicamilla.net\/it\/","name":"Lo Shop di Camilla","description":"Idee Originalit\u00e0 Simpatia","potentialAction":[{"@type":"SearchAction","target":{"@type":"EntryPoint","urlTemplate":"https:\/\/loshopdicamilla.net\/it\/?s={search_term_string}"},"query-input":{"@type":"PropertyValueSpecification","valueRequired":true,"valueName":"search_term_string"}}],"inLanguage":"it-IT"}]}},"jetpack-related-posts":[],"jetpack_sharing_enabled":true,"_links":{"self":[{"href":"https:\/\/loshopdicamilla.net\/it\/wp-json\/wp\/v2\/product\/2779","targetHints":{"allow":["GET"]}}],"collection":[{"href":"https:\/\/loshopdicamilla.net\/it\/wp-json\/wp\/v2\/product"}],"about":[{"href":"https:\/\/loshopdicamilla.net\/it\/wp-json\/wp\/v2\/types\/product"}],"replies":[{"embeddable":true,"href":"https:\/\/loshopdicamilla.net\/it\/wp-json\/wp\/v2\/comments?post=2779"}],"wp:featuredmedia":[{"embeddable":true,"href":"https:\/\/loshopdicamilla.net\/it\/wp-json\/wp\/v2\/media\/2825"}],"wp:attachment":[{"href":"https:\/\/loshopdicamilla.net\/it\/wp-json\/wp\/v2\/media?parent=2779"}],"wp:term":[{"taxonomy":"product_brand","embeddable":true,"href":"https:\/\/loshopdicamilla.net\/it\/wp-json\/wp\/v2\/product_brand?post=2779"},{"taxonomy":"product_cat","embeddable":true,"href":"https:\/\/loshopdicamilla.net\/it\/wp-json\/wp\/v2\/product_cat?post=2779"},{"taxonomy":"product_tag","embeddable":true,"href":"https:\/\/loshopdicamilla.net\/it\/wp-json\/wp\/v2\/product_tag?post=2779"}],"curies":[{"name":"wp","href":"https:\/\/api.w.org\/{rel}","templated":true}]}}