{"id":1888,"date":"2021-09-05T09:44:12","date_gmt":"2021-09-05T09:44:12","guid":{"rendered":"https:\/\/loshopdicamilla.net\/?post_type=product&#038;p=1888"},"modified":"2026-01-31T15:42:19","modified_gmt":"2026-01-31T15:42:19","slug":"arbre-magique-pop-profumatore-auto-solido-multipack-2-confezioni","status":"publish","type":"product","link":"https:\/\/loshopdicamilla.net\/it\/prodotto\/arbre-magique-pop-profumatore-auto-solido-multipack-2-confezioni\/","title":{"rendered":"Arbre Magique POP Profumatore Auto Solido Multipack 2 Confezioni"},"content":{"rendered":"<p><strong>Arbre Magique POP Profumatore Auto Solido Multipack 2 Confezioni Camilla&#8217;s Ideas<\/strong> \u00e8 la nostra offerta per raddoppiare il vostro vantaggio!<\/p>\n<p><strong>POP<\/strong>, <strong>Power of Perfume<\/strong>, \u00e8 un profumo solido d<span class=\"a-list-item\">a tenere sempre a portata di cruscotto, in sei fragranze tutte da provare. Con la sua forma \u201ca radiatore\u201d, <strong>POP<\/strong> \u00e8 in grado di rilasciare il profumo garantendo una durata di 30 giorni. Ha una struttura 3D che sfrutta il profumo solido per favorire il passaggio dell\u2019aria e la sua emanazione all\u2019interno dell\u2019abitacolo. Infatti questi profumatori sono comodi, pratici e ultra-performanti grazie alla innovativa <strong>Tecnologia Ultra Emanazione 3D<\/strong>.\u00a0<\/span><\/p>\n<p><strong>POP<\/strong> \u00e8 il nuovo profumo solido <strong>by Arbre Magiqu<\/strong>e innovativo e sofisticato, adatto a tutte le auto. La semplicit\u00e0 di utilizzo di POP \u00e8 garantita dalla modalit\u00e0 di erogazione e da una clip che permette di agganciarlo a qualsiasi cruscotto. <strong>POP<\/strong> profuma la tua auto per una durata di oltre 30 giorni ed \u00e8 disponibile in sei fragranze innovative e freschissime: Ocean, Green Mint, Exotic, Blue Velvet, Vanilla e Fresh Musk.<\/p>\n<p><span class=\"a-list-item\">Il <strong>design 100% Made in Italy<\/strong>, inoltre, rende il prodotto decorativo e funzionale, perfetto per una performance senza confronti. <\/span><\/p>\n<h2><strong>Arbre Magique POP Profumatore Auto, caratteristiche:<\/strong><\/h2>\n<ul>\n<li>Multipack due confezioni da 2 pezzi ciascuna (4 pezzi totali)<\/li>\n<li><span class=\"a-list-item\">Tecnologia Ultra Emanazione 3D, per una migliore performance<\/span><\/li>\n<li>due fragranze disponibili in questo formato: Vaniglia e Ocean<\/li>\n<li>Profuma la tua auto per oltre 30 giorni<\/li>\n<\/ul>\n<p>&nbsp;<\/p>\n<p>&nbsp;<\/p>\n<span class=\"et_bloom_bottom_trigger\"><\/span>","protected":false},"excerpt":{"rendered":"<p><strong>Arbre Magique POP Profumatore Auto Solido Multipack 2 Confezioni Camilla&#8217;s Ideas<\/strong> \u00e8 la nostra offerta per raddoppiare il vostro vantaggio!<\/p>\n<p><strong>POP<\/strong>, <strong>Power of Perfume<\/strong>, \u00e8 un profumo solido per auto comodo, pratico e ultra-performante, da tenere sempre a portata di cruscotto, disponibile in sei fragranze tutte da provare.<\/p>\n","protected":false},"featured_media":1905,"comment_status":"open","ping_status":"closed","template":"","meta":{"_et_pb_use_builder":"","_et_pb_old_content":"","_et_gb_content_width":""},"product_brand":[],"product_cat":[35],"product_tag":[277,281],"class_list":{"0":"post-1888","1":"product","2":"type-product","3":"status-publish","4":"has-post-thumbnail","6":"product_cat-deodoranti-per-auto","7":"product_tag-arbre-magique","8":"product_tag-pop-multipack","9":"product_shipping_class-0-2-kg","10":"pa_pop-ocean","11":"pa_pop-vanilla","13":"first","14":"instock","15":"sale","16":"taxable","17":"shipping-taxable","18":"purchasable","19":"product-type-variable"},"yoast_head":"<!-- This site is optimized with the Yoast SEO plugin v26.5 - https:\/\/yoast.com\/wordpress\/plugins\/seo\/ -->\n<title>Arbre Magique POP Profumatore Auto Multipack 2 - Lo Shop di Camilla<\/title>\n<meta name=\"description\" content=\"Arbre Magique POP Profumatore Auto Solido Multipack 2 Confezioni Camilla&#039;s Ideas \u00e8 l&#039;offerta che raddoppia il vostro vantaggio! Scopri di pi\u00f9.\" \/>\n<meta name=\"robots\" content=\"index, follow, max-snippet:-1, max-image-preview:large, max-video-preview:-1\" \/>\n<link rel=\"canonical\" href=\"https:\/\/loshopdicamilla.net\/it\/prodotto\/arbre-magique-pop-profumatore-auto-solido-multipack-2-confezioni\/\" \/>\n<meta property=\"og:locale\" content=\"it_IT\" \/>\n<meta property=\"og:type\" content=\"article\" \/>\n<meta property=\"og:title\" content=\"Arbre Magique POP Profumatore Auto Multipack 2 - Lo Shop di Camilla\" \/>\n<meta property=\"og:description\" content=\"Arbre Magique POP Profumatore Auto Solido Multipack 2 Confezioni Camilla&#039;s Ideas \u00e8 l&#039;offerta che raddoppia il vostro vantaggio! Scopri di pi\u00f9.\" \/>\n<meta property=\"og:url\" content=\"https:\/\/loshopdicamilla.net\/it\/prodotto\/arbre-magique-pop-profumatore-auto-solido-multipack-2-confezioni\/\" \/>\n<meta property=\"og:site_name\" content=\"Lo Shop di Camilla\" \/>\n<meta property=\"article:modified_time\" content=\"2026-01-31T15:42:19+00:00\" \/>\n<meta property=\"og:image\" content=\"https:\/\/loshopdicamilla.net\/wp-content\/uploads\/2021\/09\/am-pop-doppio-multipack2.jpg\" \/>\n\t<meta property=\"og:image:width\" content=\"1200\" \/>\n\t<meta property=\"og:image:height\" content=\"1200\" \/>\n\t<meta property=\"og:image:type\" content=\"image\/jpeg\" \/>\n<meta name=\"twitter:card\" content=\"summary_large_image\" \/>\n<meta name=\"twitter:label1\" content=\"Tempo di lettura stimato\" \/>\n\t<meta name=\"twitter:data1\" content=\"2 minuti\" \/>\n<script type=\"application\/ld+json\" class=\"yoast-schema-graph\">{\"@context\":\"https:\/\/schema.org\",\"@graph\":[{\"@type\":\"WebPage\",\"@id\":\"https:\/\/loshopdicamilla.net\/it\/prodotto\/arbre-magique-pop-profumatore-auto-solido-multipack-2-confezioni\/\",\"url\":\"https:\/\/loshopdicamilla.net\/it\/prodotto\/arbre-magique-pop-profumatore-auto-solido-multipack-2-confezioni\/\",\"name\":\"Arbre Magique POP Profumatore Auto Multipack 2 - Lo Shop di Camilla\",\"isPartOf\":{\"@id\":\"https:\/\/loshopdicamilla.net\/it\/#website\"},\"primaryImageOfPage\":{\"@id\":\"https:\/\/loshopdicamilla.net\/it\/prodotto\/arbre-magique-pop-profumatore-auto-solido-multipack-2-confezioni\/#primaryimage\"},\"image\":{\"@id\":\"https:\/\/loshopdicamilla.net\/it\/prodotto\/arbre-magique-pop-profumatore-auto-solido-multipack-2-confezioni\/#primaryimage\"},\"thumbnailUrl\":\"https:\/\/i0.wp.com\/loshopdicamilla.net\/wp-content\/uploads\/2021\/09\/am-pop-doppio-multipack2.jpg?fit=1200%2C1200&ssl=1\",\"datePublished\":\"2021-09-05T09:44:12+00:00\",\"dateModified\":\"2026-01-31T15:42:19+00:00\",\"description\":\"Arbre Magique POP Profumatore Auto Solido Multipack 2 Confezioni Camilla's Ideas \u00e8 l'offerta che raddoppia il vostro vantaggio! Scopri di pi\u00f9.\",\"breadcrumb\":{\"@id\":\"https:\/\/loshopdicamilla.net\/it\/prodotto\/arbre-magique-pop-profumatore-auto-solido-multipack-2-confezioni\/#breadcrumb\"},\"inLanguage\":\"it-IT\",\"potentialAction\":[{\"@type\":\"ReadAction\",\"target\":[\"https:\/\/loshopdicamilla.net\/it\/prodotto\/arbre-magique-pop-profumatore-auto-solido-multipack-2-confezioni\/\"]}]},{\"@type\":\"ImageObject\",\"inLanguage\":\"it-IT\",\"@id\":\"https:\/\/loshopdicamilla.net\/it\/prodotto\/arbre-magique-pop-profumatore-auto-solido-multipack-2-confezioni\/#primaryimage\",\"url\":\"https:\/\/i0.wp.com\/loshopdicamilla.net\/wp-content\/uploads\/2021\/09\/am-pop-doppio-multipack2.jpg?fit=1200%2C1200&ssl=1\",\"contentUrl\":\"https:\/\/i0.wp.com\/loshopdicamilla.net\/wp-content\/uploads\/2021\/09\/am-pop-doppio-multipack2.jpg?fit=1200%2C1200&ssl=1\",\"width\":1200,\"height\":1200,\"caption\":\"Arbre Magique POP Profumatore Auto Solido Multipack 2 Confezioni\"},{\"@type\":\"BreadcrumbList\",\"@id\":\"https:\/\/loshopdicamilla.net\/it\/prodotto\/arbre-magique-pop-profumatore-auto-solido-multipack-2-confezioni\/#breadcrumb\",\"itemListElement\":[{\"@type\":\"ListItem\",\"position\":1,\"name\":\"Home\",\"item\":\"https:\/\/loshopdicamilla.net\/it\/\"},{\"@type\":\"ListItem\",\"position\":2,\"name\":\"Shop\",\"item\":\"https:\/\/loshopdicamilla.net\/it\/negozio\/\"},{\"@type\":\"ListItem\",\"position\":3,\"name\":\"Arbre Magique POP Profumatore Auto Solido Multipack 2 Confezioni\"}]},{\"@type\":\"WebSite\",\"@id\":\"https:\/\/loshopdicamilla.net\/it\/#website\",\"url\":\"https:\/\/loshopdicamilla.net\/it\/\",\"name\":\"Lo Shop di Camilla\",\"description\":\"Idee Originalit\u00e0 Simpatia\",\"potentialAction\":[{\"@type\":\"SearchAction\",\"target\":{\"@type\":\"EntryPoint\",\"urlTemplate\":\"https:\/\/loshopdicamilla.net\/it\/?s={search_term_string}\"},\"query-input\":{\"@type\":\"PropertyValueSpecification\",\"valueRequired\":true,\"valueName\":\"search_term_string\"}}],\"inLanguage\":\"it-IT\"}]}<\/script>\n<!-- \/ Yoast SEO plugin. -->","yoast_head_json":{"title":"Arbre Magique POP Profumatore Auto Multipack 2 - Lo Shop di Camilla","description":"Arbre Magique POP Profumatore Auto Solido Multipack 2 Confezioni Camilla's Ideas \u00e8 l'offerta che raddoppia il vostro vantaggio! Scopri di pi\u00f9.","robots":{"index":"index","follow":"follow","max-snippet":"max-snippet:-1","max-image-preview":"max-image-preview:large","max-video-preview":"max-video-preview:-1"},"canonical":"https:\/\/loshopdicamilla.net\/it\/prodotto\/arbre-magique-pop-profumatore-auto-solido-multipack-2-confezioni\/","og_locale":"it_IT","og_type":"article","og_title":"Arbre Magique POP Profumatore Auto Multipack 2 - Lo Shop di Camilla","og_description":"Arbre Magique POP Profumatore Auto Solido Multipack 2 Confezioni Camilla's Ideas \u00e8 l'offerta che raddoppia il vostro vantaggio! Scopri di pi\u00f9.","og_url":"https:\/\/loshopdicamilla.net\/it\/prodotto\/arbre-magique-pop-profumatore-auto-solido-multipack-2-confezioni\/","og_site_name":"Lo Shop di Camilla","article_modified_time":"2026-01-31T15:42:19+00:00","og_image":[{"width":1200,"height":1200,"url":"https:\/\/loshopdicamilla.net\/wp-content\/uploads\/2021\/09\/am-pop-doppio-multipack2.jpg","type":"image\/jpeg"}],"twitter_card":"summary_large_image","twitter_misc":{"Tempo di lettura stimato":"2 minuti"},"schema":{"@context":"https:\/\/schema.org","@graph":[{"@type":"WebPage","@id":"https:\/\/loshopdicamilla.net\/it\/prodotto\/arbre-magique-pop-profumatore-auto-solido-multipack-2-confezioni\/","url":"https:\/\/loshopdicamilla.net\/it\/prodotto\/arbre-magique-pop-profumatore-auto-solido-multipack-2-confezioni\/","name":"Arbre Magique POP Profumatore Auto Multipack 2 - Lo Shop di Camilla","isPartOf":{"@id":"https:\/\/loshopdicamilla.net\/it\/#website"},"primaryImageOfPage":{"@id":"https:\/\/loshopdicamilla.net\/it\/prodotto\/arbre-magique-pop-profumatore-auto-solido-multipack-2-confezioni\/#primaryimage"},"image":{"@id":"https:\/\/loshopdicamilla.net\/it\/prodotto\/arbre-magique-pop-profumatore-auto-solido-multipack-2-confezioni\/#primaryimage"},"thumbnailUrl":"https:\/\/i0.wp.com\/loshopdicamilla.net\/wp-content\/uploads\/2021\/09\/am-pop-doppio-multipack2.jpg?fit=1200%2C1200&ssl=1","datePublished":"2021-09-05T09:44:12+00:00","dateModified":"2026-01-31T15:42:19+00:00","description":"Arbre Magique POP Profumatore Auto Solido Multipack 2 Confezioni Camilla's Ideas \u00e8 l'offerta che raddoppia il vostro vantaggio! Scopri di pi\u00f9.","breadcrumb":{"@id":"https:\/\/loshopdicamilla.net\/it\/prodotto\/arbre-magique-pop-profumatore-auto-solido-multipack-2-confezioni\/#breadcrumb"},"inLanguage":"it-IT","potentialAction":[{"@type":"ReadAction","target":["https:\/\/loshopdicamilla.net\/it\/prodotto\/arbre-magique-pop-profumatore-auto-solido-multipack-2-confezioni\/"]}]},{"@type":"ImageObject","inLanguage":"it-IT","@id":"https:\/\/loshopdicamilla.net\/it\/prodotto\/arbre-magique-pop-profumatore-auto-solido-multipack-2-confezioni\/#primaryimage","url":"https:\/\/i0.wp.com\/loshopdicamilla.net\/wp-content\/uploads\/2021\/09\/am-pop-doppio-multipack2.jpg?fit=1200%2C1200&ssl=1","contentUrl":"https:\/\/i0.wp.com\/loshopdicamilla.net\/wp-content\/uploads\/2021\/09\/am-pop-doppio-multipack2.jpg?fit=1200%2C1200&ssl=1","width":1200,"height":1200,"caption":"Arbre Magique POP Profumatore Auto Solido Multipack 2 Confezioni"},{"@type":"BreadcrumbList","@id":"https:\/\/loshopdicamilla.net\/it\/prodotto\/arbre-magique-pop-profumatore-auto-solido-multipack-2-confezioni\/#breadcrumb","itemListElement":[{"@type":"ListItem","position":1,"name":"Home","item":"https:\/\/loshopdicamilla.net\/it\/"},{"@type":"ListItem","position":2,"name":"Shop","item":"https:\/\/loshopdicamilla.net\/it\/negozio\/"},{"@type":"ListItem","position":3,"name":"Arbre Magique POP Profumatore Auto Solido Multipack 2 Confezioni"}]},{"@type":"WebSite","@id":"https:\/\/loshopdicamilla.net\/it\/#website","url":"https:\/\/loshopdicamilla.net\/it\/","name":"Lo Shop di Camilla","description":"Idee Originalit\u00e0 Simpatia","potentialAction":[{"@type":"SearchAction","target":{"@type":"EntryPoint","urlTemplate":"https:\/\/loshopdicamilla.net\/it\/?s={search_term_string}"},"query-input":{"@type":"PropertyValueSpecification","valueRequired":true,"valueName":"search_term_string"}}],"inLanguage":"it-IT"}]}},"jetpack-related-posts":[],"jetpack_sharing_enabled":true,"_links":{"self":[{"href":"https:\/\/loshopdicamilla.net\/it\/wp-json\/wp\/v2\/product\/1888","targetHints":{"allow":["GET"]}}],"collection":[{"href":"https:\/\/loshopdicamilla.net\/it\/wp-json\/wp\/v2\/product"}],"about":[{"href":"https:\/\/loshopdicamilla.net\/it\/wp-json\/wp\/v2\/types\/product"}],"replies":[{"embeddable":true,"href":"https:\/\/loshopdicamilla.net\/it\/wp-json\/wp\/v2\/comments?post=1888"}],"wp:featuredmedia":[{"embeddable":true,"href":"https:\/\/loshopdicamilla.net\/it\/wp-json\/wp\/v2\/media\/1905"}],"wp:attachment":[{"href":"https:\/\/loshopdicamilla.net\/it\/wp-json\/wp\/v2\/media?parent=1888"}],"wp:term":[{"taxonomy":"product_brand","embeddable":true,"href":"https:\/\/loshopdicamilla.net\/it\/wp-json\/wp\/v2\/product_brand?post=1888"},{"taxonomy":"product_cat","embeddable":true,"href":"https:\/\/loshopdicamilla.net\/it\/wp-json\/wp\/v2\/product_cat?post=1888"},{"taxonomy":"product_tag","embeddable":true,"href":"https:\/\/loshopdicamilla.net\/it\/wp-json\/wp\/v2\/product_tag?post=1888"}],"curies":[{"name":"wp","href":"https:\/\/api.w.org\/{rel}","templated":true}]}}