{"id":1874,"date":"2021-08-27T21:30:31","date_gmt":"2021-08-27T21:30:31","guid":{"rendered":"https:\/\/loshopdicamilla.net\/?post_type=product&#038;p=1874"},"modified":"2021-08-27T21:47:12","modified_gmt":"2021-08-27T21:47:12","slug":"bluedio-hn","status":"publish","type":"product","link":"https:\/\/loshopdicamilla.net\/it\/prodotto\/bluedio-hn\/","title":{"rendered":"Bluedio HN+ Auricolari Senza Fili Bluetooth"},"content":{"rendered":"<p><strong>Bluedio HN+ Auricolari Senza Fili Bluetooth<\/strong><strong>\u00a05.0<\/strong>, sono <strong>cuffie sportive<\/strong> da collo con <strong>microfono integrato<\/strong>, audio stereo, supporto scheda di <strong>memoria SD<\/strong> e consumo della batteria ridotto. Il design ricercato e la realizzazione &#8220;artigianale&#8221; di altissima qualit\u00e0 dona all&#8217;auricolare un aspetto esclusivo ed elegante.<\/p>\n<p>Il design magnetico previene efficacemente la perdita dell&#8217;auricolare e l&#8217;avvolgimento del filo, rendendo pi\u00f9 facile sia lo stoccaggio che lo sport.<\/p>\n<h2><strong>Bluedio HN+, caratteristiche:<\/strong><\/h2>\n<ul>\n<li>cuffie sportive da collo<\/li>\n<li>microfono integrato<\/li>\n<li>contapassi integrato<\/li>\n<li>audio stereo<\/li>\n<li>scheda di memoria SD (non inclusa)<\/li>\n<li>consumo della batteria ridotto<\/li>\n<li>previene la perdita dell&#8217;auricolare<\/li>\n<\/ul>\n<h3><strong>Perfetti per lo sport<\/strong><\/h3>\n<p>Il design elegante con archetto da collo rende gli auricolari pi\u00f9 stabili e pi\u00f9 comodi per lo sport: se memorizzi la tua musica preferita nella scheda SD, puoi ascoltarla mentre fai esercizio senza cellulare. Inoltre la nuova generazione Bluetooth 5.0 adottata rende possibile una connessione Bluetooth pi\u00f9 rapida, un minor consumo energetico e una maggiore durata della batteria. Sport spensierato, vita colorata.<\/p>\n<h3><strong>Tocco magnetico per controllare la musica<\/strong><\/h3>\n<p>La musica si interrompe automaticamente quando i due auricolari si uniscono magneticamente e la musica viene riprodotta automaticamente quando i due auricolari si separano.<\/p>\n<h3><strong>Stabile durante l&#8217;attivit\u00e0 sportiva<\/strong><\/h3>\n<p>Il design umanizzato ed ergonomico si adatta molto alle orecchie e ti offre un uso pi\u00f9 adatto, stabile e confortevole, meno restrizioni e preoccupazioni durante l&#8217;attivit\u00e0 sportiva.<\/p>\n<h3><strong>Conteggio dei passi<\/strong><\/h3>\n<p>Supporta il conteggio dei passi e puoi tenere traccia dei dati aggiornati in modo sincrono come tempo sportivo, passi e consumo calorico, ecc. Dall&#8217;APP Bluedio puoi leggere i tuoi risultati sportivi, per aiutarti a raggiungere l&#8217;obiettivo di fitness quotidiano.<\/p>\n<h3><strong>Perch\u00e9 scegliere delle cuffie da collo?<\/strong><\/h3>\n<p>L&#8217;unit\u00e0 principale di funzionamento, grande 13 mm, offre una qualit\u00e0 del suono pi\u00f9 elevata, una telefonata chiara e un&#8217;esperienza di ascolto della musica straordinaria. Il suo design scientificamente studiato diviso in due parti e il corpo piccolo e leggero rendono l&#8217;uso meno gravoso ma pi\u00f9 stabile nello sport.<\/p>\n<h3><b>Specifiche Tecniche<\/b><\/h3>\n<ul>\n<li>Bluetooth version: 5.0<\/li>\n<li>Frequency range: 2.4GHz-2.48GHz<\/li>\n<li>Supporting protocols: A2DP\u3001AVRCP\u3001HSP\u3001HFP<\/li>\n<li>Frequency response range: 20Hz-20KHz<\/li>\n<li>Decodable formats: MP3, WAV<\/li>\n<li>Music\/tall time: about 8-10 hours<\/li>\n<li>Charging time: about 2-3 hours<\/li>\n<li>Input voltage\/current: 5V\u2265 500mA<\/li>\n<li>Output power: 7mW\uff0b7mW<\/li>\n<li>Peso: 31 gr<\/li>\n<\/ul>\n<h3><strong>Istruzioni d&#8217;uso<\/strong><\/h3>\n<ul>\n<li>Accensione\/spegnimento: premere a lungo il tasto multifunzione<\/li>\n<li>Riproduci\/metti in pausa la musica: premi brevemente il tasto multifunzione<\/li>\n<li>Ridurre\/aumentare il volume: premere brevemente il tasto volume-\/\uff0b<\/li>\n<li>Passa al brano precedente\/successivo: premere a lungo il tasto volume-\/\uff0b<\/li>\n<li>Cambio modalit\u00e0: premere brevemente il tasto MODE<\/li>\n<li>Rispondere\/riagganciare la telefonata: fare clic sul tasto multifunzione<\/li>\n<li>Rifiutare la telefonata: premere a lungo il tasto multifunzione per 2 secondi<\/li>\n<li>Utilizzare l&#8217;assistente vocale: premere a lungo il tasto multifunzione per 1 secondo<\/li>\n<li>Ricomporre l&#8217;ultima telefonata: fare clic due volte sul tasto multifunzione<\/li>\n<\/ul>\n<p>&nbsp;<\/p>\n<span class=\"et_bloom_bottom_trigger\"><\/span>","protected":false},"excerpt":{"rendered":"<p><strong>Bluedio Auricolari Senza Fili Bluetooth HN+<\/strong> Bluetooth 5.0, sono cuffie sportive da collo con microfono integrato, audio stereo, supporto scheda di memoria SD e consumo della batteria ridotto.<\/p>\n","protected":false},"featured_media":1875,"comment_status":"open","ping_status":"closed","template":"","meta":{"_et_pb_use_builder":"","_et_pb_old_content":"","_et_gb_content_width":""},"product_brand":[],"product_cat":[40,219,138,37,217],"product_tag":[251,226,227,244],"class_list":{"0":"post-1874","1":"product","2":"type-product","3":"status-publish","4":"has-post-thumbnail","6":"product_cat-auricolari-e-cuffie-stereo","7":"product_cat-auricolari-e-vivavoce","8":"product_cat-elettronica-accessori","9":"product_cat-musica-accessori","10":"product_cat-telefonia","11":"product_tag-auricolari","12":"product_tag-bluedio","13":"product_tag-cuffie-bluetooth","14":"product_tag-cuffie-stereo","15":"product_shipping_class-0-2-kg","17":"first","18":"instock","19":"sale","20":"taxable","21":"shipping-taxable","22":"purchasable","23":"product-type-simple"},"yoast_head":"<!-- This site is optimized with the Yoast SEO plugin v26.5 - https:\/\/yoast.com\/wordpress\/plugins\/seo\/ -->\n<title>Bluedio HN+ Auricolari Senza Fili Bluetooth - Lo Shop di Camilla<\/title>\n<meta name=\"description\" content=\"Bluedio HN+\" \/>\n<meta name=\"robots\" content=\"index, follow, max-snippet:-1, max-image-preview:large, max-video-preview:-1\" \/>\n<link rel=\"canonical\" href=\"https:\/\/loshopdicamilla.net\/it\/prodotto\/bluedio-hn\/\" \/>\n<meta property=\"og:locale\" content=\"it_IT\" \/>\n<meta property=\"og:type\" content=\"article\" \/>\n<meta property=\"og:title\" content=\"Bluedio HN+ Auricolari Senza Fili Bluetooth - Lo Shop di Camilla\" \/>\n<meta property=\"og:description\" content=\"Bluedio HN+\" \/>\n<meta property=\"og:url\" content=\"https:\/\/loshopdicamilla.net\/it\/prodotto\/bluedio-hn\/\" \/>\n<meta property=\"og:site_name\" content=\"Lo Shop di Camilla\" \/>\n<meta property=\"article:modified_time\" content=\"2021-08-27T21:47:12+00:00\" \/>\n<meta property=\"og:image\" content=\"https:\/\/i0.wp.com\/loshopdicamilla.net\/wp-content\/uploads\/2021\/08\/bluedio-hn.jpg?fit=1200%2C1200&ssl=1\" \/>\n\t<meta property=\"og:image:width\" content=\"1200\" \/>\n\t<meta property=\"og:image:height\" content=\"1200\" \/>\n\t<meta property=\"og:image:type\" content=\"image\/jpeg\" \/>\n<meta name=\"twitter:card\" content=\"summary_large_image\" \/>\n<meta name=\"twitter:label1\" content=\"Tempo di lettura stimato\" \/>\n\t<meta name=\"twitter:data1\" content=\"2 minuti\" \/>\n<script type=\"application\/ld+json\" class=\"yoast-schema-graph\">{\"@context\":\"https:\/\/schema.org\",\"@graph\":[{\"@type\":\"WebPage\",\"@id\":\"https:\/\/loshopdicamilla.net\/it\/prodotto\/bluedio-hn\/\",\"url\":\"https:\/\/loshopdicamilla.net\/it\/prodotto\/bluedio-hn\/\",\"name\":\"Bluedio HN+ Auricolari Senza Fili Bluetooth - Lo Shop di Camilla\",\"isPartOf\":{\"@id\":\"https:\/\/loshopdicamilla.net\/it\/#website\"},\"primaryImageOfPage\":{\"@id\":\"https:\/\/loshopdicamilla.net\/it\/prodotto\/bluedio-hn\/#primaryimage\"},\"image\":{\"@id\":\"https:\/\/loshopdicamilla.net\/it\/prodotto\/bluedio-hn\/#primaryimage\"},\"thumbnailUrl\":\"https:\/\/i0.wp.com\/loshopdicamilla.net\/wp-content\/uploads\/2021\/08\/bluedio-hn.jpg?fit=1200%2C1200&ssl=1\",\"datePublished\":\"2021-08-27T21:30:31+00:00\",\"dateModified\":\"2021-08-27T21:47:12+00:00\",\"description\":\"Bluedio HN+\",\"breadcrumb\":{\"@id\":\"https:\/\/loshopdicamilla.net\/it\/prodotto\/bluedio-hn\/#breadcrumb\"},\"inLanguage\":\"it-IT\",\"potentialAction\":[{\"@type\":\"ReadAction\",\"target\":[\"https:\/\/loshopdicamilla.net\/it\/prodotto\/bluedio-hn\/\"]}]},{\"@type\":\"ImageObject\",\"inLanguage\":\"it-IT\",\"@id\":\"https:\/\/loshopdicamilla.net\/it\/prodotto\/bluedio-hn\/#primaryimage\",\"url\":\"https:\/\/i0.wp.com\/loshopdicamilla.net\/wp-content\/uploads\/2021\/08\/bluedio-hn.jpg?fit=1200%2C1200&ssl=1\",\"contentUrl\":\"https:\/\/i0.wp.com\/loshopdicamilla.net\/wp-content\/uploads\/2021\/08\/bluedio-hn.jpg?fit=1200%2C1200&ssl=1\",\"width\":1200,\"height\":1200,\"caption\":\"Bluedio HN+ Auricolari Senza Fili Bluetooth\"},{\"@type\":\"BreadcrumbList\",\"@id\":\"https:\/\/loshopdicamilla.net\/it\/prodotto\/bluedio-hn\/#breadcrumb\",\"itemListElement\":[{\"@type\":\"ListItem\",\"position\":1,\"name\":\"Home\",\"item\":\"https:\/\/loshopdicamilla.net\/it\/\"},{\"@type\":\"ListItem\",\"position\":2,\"name\":\"Shop\",\"item\":\"https:\/\/loshopdicamilla.net\/it\/negozio\/\"},{\"@type\":\"ListItem\",\"position\":3,\"name\":\"Bluedio HN+ Auricolari Senza Fili Bluetooth\"}]},{\"@type\":\"WebSite\",\"@id\":\"https:\/\/loshopdicamilla.net\/it\/#website\",\"url\":\"https:\/\/loshopdicamilla.net\/it\/\",\"name\":\"Lo Shop di Camilla\",\"description\":\"Idee Originalit\u00e0 Simpatia\",\"potentialAction\":[{\"@type\":\"SearchAction\",\"target\":{\"@type\":\"EntryPoint\",\"urlTemplate\":\"https:\/\/loshopdicamilla.net\/it\/?s={search_term_string}\"},\"query-input\":{\"@type\":\"PropertyValueSpecification\",\"valueRequired\":true,\"valueName\":\"search_term_string\"}}],\"inLanguage\":\"it-IT\"}]}<\/script>\n<!-- \/ Yoast SEO plugin. -->","yoast_head_json":{"title":"Bluedio HN+ Auricolari Senza Fili Bluetooth - Lo Shop di Camilla","description":"Bluedio HN+","robots":{"index":"index","follow":"follow","max-snippet":"max-snippet:-1","max-image-preview":"max-image-preview:large","max-video-preview":"max-video-preview:-1"},"canonical":"https:\/\/loshopdicamilla.net\/it\/prodotto\/bluedio-hn\/","og_locale":"it_IT","og_type":"article","og_title":"Bluedio HN+ Auricolari Senza Fili Bluetooth - Lo Shop di Camilla","og_description":"Bluedio HN+","og_url":"https:\/\/loshopdicamilla.net\/it\/prodotto\/bluedio-hn\/","og_site_name":"Lo Shop di Camilla","article_modified_time":"2021-08-27T21:47:12+00:00","og_image":[{"width":1200,"height":1200,"url":"https:\/\/i0.wp.com\/loshopdicamilla.net\/wp-content\/uploads\/2021\/08\/bluedio-hn.jpg?fit=1200%2C1200&ssl=1","type":"image\/jpeg"}],"twitter_card":"summary_large_image","twitter_misc":{"Tempo di lettura stimato":"2 minuti"},"schema":{"@context":"https:\/\/schema.org","@graph":[{"@type":"WebPage","@id":"https:\/\/loshopdicamilla.net\/it\/prodotto\/bluedio-hn\/","url":"https:\/\/loshopdicamilla.net\/it\/prodotto\/bluedio-hn\/","name":"Bluedio HN+ Auricolari Senza Fili Bluetooth - Lo Shop di Camilla","isPartOf":{"@id":"https:\/\/loshopdicamilla.net\/it\/#website"},"primaryImageOfPage":{"@id":"https:\/\/loshopdicamilla.net\/it\/prodotto\/bluedio-hn\/#primaryimage"},"image":{"@id":"https:\/\/loshopdicamilla.net\/it\/prodotto\/bluedio-hn\/#primaryimage"},"thumbnailUrl":"https:\/\/i0.wp.com\/loshopdicamilla.net\/wp-content\/uploads\/2021\/08\/bluedio-hn.jpg?fit=1200%2C1200&ssl=1","datePublished":"2021-08-27T21:30:31+00:00","dateModified":"2021-08-27T21:47:12+00:00","description":"Bluedio HN+","breadcrumb":{"@id":"https:\/\/loshopdicamilla.net\/it\/prodotto\/bluedio-hn\/#breadcrumb"},"inLanguage":"it-IT","potentialAction":[{"@type":"ReadAction","target":["https:\/\/loshopdicamilla.net\/it\/prodotto\/bluedio-hn\/"]}]},{"@type":"ImageObject","inLanguage":"it-IT","@id":"https:\/\/loshopdicamilla.net\/it\/prodotto\/bluedio-hn\/#primaryimage","url":"https:\/\/i0.wp.com\/loshopdicamilla.net\/wp-content\/uploads\/2021\/08\/bluedio-hn.jpg?fit=1200%2C1200&ssl=1","contentUrl":"https:\/\/i0.wp.com\/loshopdicamilla.net\/wp-content\/uploads\/2021\/08\/bluedio-hn.jpg?fit=1200%2C1200&ssl=1","width":1200,"height":1200,"caption":"Bluedio HN+ Auricolari Senza Fili Bluetooth"},{"@type":"BreadcrumbList","@id":"https:\/\/loshopdicamilla.net\/it\/prodotto\/bluedio-hn\/#breadcrumb","itemListElement":[{"@type":"ListItem","position":1,"name":"Home","item":"https:\/\/loshopdicamilla.net\/it\/"},{"@type":"ListItem","position":2,"name":"Shop","item":"https:\/\/loshopdicamilla.net\/it\/negozio\/"},{"@type":"ListItem","position":3,"name":"Bluedio HN+ Auricolari Senza Fili Bluetooth"}]},{"@type":"WebSite","@id":"https:\/\/loshopdicamilla.net\/it\/#website","url":"https:\/\/loshopdicamilla.net\/it\/","name":"Lo Shop di Camilla","description":"Idee Originalit\u00e0 Simpatia","potentialAction":[{"@type":"SearchAction","target":{"@type":"EntryPoint","urlTemplate":"https:\/\/loshopdicamilla.net\/it\/?s={search_term_string}"},"query-input":{"@type":"PropertyValueSpecification","valueRequired":true,"valueName":"search_term_string"}}],"inLanguage":"it-IT"}]}},"jetpack-related-posts":[],"jetpack_sharing_enabled":true,"_links":{"self":[{"href":"https:\/\/loshopdicamilla.net\/it\/wp-json\/wp\/v2\/product\/1874","targetHints":{"allow":["GET"]}}],"collection":[{"href":"https:\/\/loshopdicamilla.net\/it\/wp-json\/wp\/v2\/product"}],"about":[{"href":"https:\/\/loshopdicamilla.net\/it\/wp-json\/wp\/v2\/types\/product"}],"replies":[{"embeddable":true,"href":"https:\/\/loshopdicamilla.net\/it\/wp-json\/wp\/v2\/comments?post=1874"}],"wp:featuredmedia":[{"embeddable":true,"href":"https:\/\/loshopdicamilla.net\/it\/wp-json\/wp\/v2\/media\/1875"}],"wp:attachment":[{"href":"https:\/\/loshopdicamilla.net\/it\/wp-json\/wp\/v2\/media?parent=1874"}],"wp:term":[{"taxonomy":"product_brand","embeddable":true,"href":"https:\/\/loshopdicamilla.net\/it\/wp-json\/wp\/v2\/product_brand?post=1874"},{"taxonomy":"product_cat","embeddable":true,"href":"https:\/\/loshopdicamilla.net\/it\/wp-json\/wp\/v2\/product_cat?post=1874"},{"taxonomy":"product_tag","embeddable":true,"href":"https:\/\/loshopdicamilla.net\/it\/wp-json\/wp\/v2\/product_tag?post=1874"}],"curies":[{"name":"wp","href":"https:\/\/api.w.org\/{rel}","templated":true}]}}