{"id":1843,"date":"2021-08-21T17:23:14","date_gmt":"2021-08-21T17:23:14","guid":{"rendered":"https:\/\/loshopdicamilla.net\/?post_type=product&#038;p=1843"},"modified":"2025-01-25T23:13:00","modified_gmt":"2025-01-25T23:13:00","slug":"camillas-ideas-girls-pee-cono-da-minzione-per-donne-female-urination-device","status":"publish","type":"product","link":"https:\/\/loshopdicamilla.net\/it\/prodotto\/camillas-ideas-girls-pee-cono-da-minzione-per-donne-female-urination-device\/","title":{"rendered":"Camilla&#8217;s Ideas Girls&#8217; Pee, Cono da Minzione per Donne, Female Urination Device"},"content":{"rendered":"<p><strong>Camilla&#8217;s Ideas Girls&#8217; Pee, Cono da Minzione per Donne,<\/strong> \u00e8 il &#8220;<strong>Female Urination Device<\/strong>&#8221; che risolve il problema di fare pip\u00ec anche nelle situazioni pi\u00f9 disagevoli. <strong>Girls&#8217; Pee <\/strong>\u00e8 un Imbuto in silicone morbido, igienico, pieghevole, discreto, appositamente studiato per permettere alle donne di fare pip\u00ec in qualsiasi momento&#8230; Ovunque! Perfetto in viaggio, fuori casa per un&#8217;escursione o in campeggio. In tutte quelle situazioni in cui pu\u00f2 esserci la necessit\u00e0 ma non c&#8217;\u00e8 la struttura&#8230;. e se c&#8217;\u00e8 magari non \u00e8 molto pulita!<\/p>\n<p><strong>Girls&#8217; Pee <\/strong>permette agevolmente la minzione stando in piedi, senza pi\u00f9 doversi sedere su tavolette di dubbia pulizia o addirittura direttamente sulla tazza. Il particolare materiale refrattario ai liquidi non rimane bagnato o umido: \u00e8 sufficiente scrollarlo per eliminare residui e renderlo asciutto.<\/p>\n<p>Completamente igienico \u00e8 facile da usare, \u00e8 discreto, a prova di perdite e riutilizzabile. Girls&#8217; Pee si piega facilmente, lo puoi quindi trasportare in tasca o in borsa senza che si rovini, infatti riprende la sua forma se schiacciato o piegato.<\/p>\n<h2><strong>Camilla&#8217;s Ideas Girls&#8217; Pee, caratteristiche:<\/strong><\/h2>\n<ul>\n<li><strong>Girls&#8217; Pee \u00e8 <\/strong>progettato per non rifluire, schizzare o rovesciarsi.<\/li>\n<li>Il materiale idrofobo consente di asciugare il prodotto con un colpetto.<\/li>\n<li>Contiene propriet\u00e0 antibatteriche che consentono di utilizzare l&#8217;imbuto ripetuto senza degradarsi<\/li>\n<\/ul>\n<p>DEVE avere accessori per campeggio, viaggi, festival, alpinismo, eventi all&#8217;aperto, ecc.<br \/>\nMateriale: silicone morbido e flessibile<br \/>\nRendendolo molto facile da usare, conservare e trasportare<\/p>\n<p><strong>NOTA<\/strong>: Potrebbe essere necessario immergere il prodotto in ACQUA CALDA per riacquistare la sua forma una volta ricevuto.<\/p>\n<span class=\"et_bloom_bottom_trigger\"><\/span>","protected":false},"excerpt":{"rendered":"<p><strong>Camilla&#8217;s Ideas Girls&#8217; Pee, Cono da Minzione per Donne,<\/strong> \u00e8 il &#8220;<strong>Female Urination Device<\/strong>&#8221; che risolve il problema di fare pip\u00ec anche nelle situazioni pi\u00f9 disagevoli.<\/p>\n","protected":false},"featured_media":1844,"comment_status":"open","ping_status":"closed","template":"","meta":{"_et_pb_use_builder":"","_et_pb_old_content":"","_et_gb_content_width":""},"product_brand":[],"product_cat":[534,84],"product_tag":[349,535,537,536],"class_list":{"0":"post-1843","1":"product","2":"type-product","3":"status-publish","4":"has-post-thumbnail","6":"product_cat-igiene-personale","7":"product_cat-salute-e-benessere","8":"product_tag-camillas-ideas","9":"product_tag-cono-minzione-donne","10":"product_tag-orinatoio-donne","11":"product_tag-pipi-donne","12":"product_shipping_class-0-2-kg","14":"first","15":"instock","16":"sale","17":"taxable","18":"shipping-taxable","19":"purchasable","20":"product-type-simple"},"yoast_head":"<!-- This site is optimized with the Yoast SEO plugin v26.5 - https:\/\/yoast.com\/wordpress\/plugins\/seo\/ -->\n<title>Camilla&#039;s Ideas Girls&#039; Pee, Cono da Minzione per Donne, Female Urination Device - Lo Shop di Camilla<\/title>\n<meta name=\"robots\" content=\"index, follow, max-snippet:-1, max-image-preview:large, max-video-preview:-1\" \/>\n<link rel=\"canonical\" href=\"https:\/\/loshopdicamilla.net\/it\/prodotto\/camillas-ideas-girls-pee-cono-da-minzione-per-donne-female-urination-device\/\" \/>\n<meta property=\"og:locale\" content=\"it_IT\" \/>\n<meta property=\"og:type\" content=\"article\" \/>\n<meta property=\"og:title\" content=\"Camilla&#039;s Ideas Girls&#039; Pee, Cono da Minzione per Donne, Female Urination Device - Lo Shop di Camilla\" \/>\n<meta property=\"og:description\" content=\"Camilla&#039;s Ideas Girls&#039; Pee, Cono da Minzione per Donne, \u00e8 il &quot;Female Urination Device&quot; che risolve il problema di fare pip\u00ec anche nelle situazioni pi\u00f9 disagevoli.\" \/>\n<meta property=\"og:url\" content=\"https:\/\/loshopdicamilla.net\/it\/prodotto\/camillas-ideas-girls-pee-cono-da-minzione-per-donne-female-urination-device\/\" \/>\n<meta property=\"og:site_name\" content=\"Lo Shop di Camilla\" \/>\n<meta property=\"article:modified_time\" content=\"2025-01-25T23:13:00+00:00\" \/>\n<meta property=\"og:image\" content=\"https:\/\/i0.wp.com\/loshopdicamilla.net\/wp-content\/uploads\/2021\/08\/camillasideas-girls-pee.jpg?fit=800%2C800&ssl=1\" \/>\n\t<meta property=\"og:image:width\" content=\"800\" \/>\n\t<meta property=\"og:image:height\" content=\"800\" \/>\n\t<meta property=\"og:image:type\" content=\"image\/jpeg\" \/>\n<meta name=\"twitter:card\" content=\"summary_large_image\" \/>\n<meta name=\"twitter:label1\" content=\"Tempo di lettura stimato\" \/>\n\t<meta name=\"twitter:data1\" content=\"2 minuti\" \/>\n<script type=\"application\/ld+json\" class=\"yoast-schema-graph\">{\"@context\":\"https:\/\/schema.org\",\"@graph\":[{\"@type\":\"WebPage\",\"@id\":\"https:\/\/loshopdicamilla.net\/it\/prodotto\/camillas-ideas-girls-pee-cono-da-minzione-per-donne-female-urination-device\/\",\"url\":\"https:\/\/loshopdicamilla.net\/it\/prodotto\/camillas-ideas-girls-pee-cono-da-minzione-per-donne-female-urination-device\/\",\"name\":\"Camilla's Ideas Girls' Pee, Cono da Minzione per Donne, Female Urination Device - Lo Shop di Camilla\",\"isPartOf\":{\"@id\":\"https:\/\/loshopdicamilla.net\/it\/#website\"},\"primaryImageOfPage\":{\"@id\":\"https:\/\/loshopdicamilla.net\/it\/prodotto\/camillas-ideas-girls-pee-cono-da-minzione-per-donne-female-urination-device\/#primaryimage\"},\"image\":{\"@id\":\"https:\/\/loshopdicamilla.net\/it\/prodotto\/camillas-ideas-girls-pee-cono-da-minzione-per-donne-female-urination-device\/#primaryimage\"},\"thumbnailUrl\":\"https:\/\/i0.wp.com\/loshopdicamilla.net\/wp-content\/uploads\/2021\/08\/camillasideas-girls-pee.jpg?fit=800%2C800&ssl=1\",\"datePublished\":\"2021-08-21T17:23:14+00:00\",\"dateModified\":\"2025-01-25T23:13:00+00:00\",\"breadcrumb\":{\"@id\":\"https:\/\/loshopdicamilla.net\/it\/prodotto\/camillas-ideas-girls-pee-cono-da-minzione-per-donne-female-urination-device\/#breadcrumb\"},\"inLanguage\":\"it-IT\",\"potentialAction\":[{\"@type\":\"ReadAction\",\"target\":[\"https:\/\/loshopdicamilla.net\/it\/prodotto\/camillas-ideas-girls-pee-cono-da-minzione-per-donne-female-urination-device\/\"]}]},{\"@type\":\"ImageObject\",\"inLanguage\":\"it-IT\",\"@id\":\"https:\/\/loshopdicamilla.net\/it\/prodotto\/camillas-ideas-girls-pee-cono-da-minzione-per-donne-female-urination-device\/#primaryimage\",\"url\":\"https:\/\/i0.wp.com\/loshopdicamilla.net\/wp-content\/uploads\/2021\/08\/camillasideas-girls-pee.jpg?fit=800%2C800&ssl=1\",\"contentUrl\":\"https:\/\/i0.wp.com\/loshopdicamilla.net\/wp-content\/uploads\/2021\/08\/camillasideas-girls-pee.jpg?fit=800%2C800&ssl=1\",\"width\":800,\"height\":800,\"caption\":\"Camilla's Ideas Girls' Pee, Cono da Minzione per Donne, Female Urination Device\"},{\"@type\":\"BreadcrumbList\",\"@id\":\"https:\/\/loshopdicamilla.net\/it\/prodotto\/camillas-ideas-girls-pee-cono-da-minzione-per-donne-female-urination-device\/#breadcrumb\",\"itemListElement\":[{\"@type\":\"ListItem\",\"position\":1,\"name\":\"Home\",\"item\":\"https:\/\/loshopdicamilla.net\/it\/\"},{\"@type\":\"ListItem\",\"position\":2,\"name\":\"Shop\",\"item\":\"https:\/\/loshopdicamilla.net\/it\/negozio\/\"},{\"@type\":\"ListItem\",\"position\":3,\"name\":\"Camilla&#8217;s Ideas Girls&#8217; Pee, Cono da Minzione per Donne, Female Urination Device\"}]},{\"@type\":\"WebSite\",\"@id\":\"https:\/\/loshopdicamilla.net\/it\/#website\",\"url\":\"https:\/\/loshopdicamilla.net\/it\/\",\"name\":\"Lo Shop di Camilla\",\"description\":\"Idee Originalit\u00e0 Simpatia\",\"potentialAction\":[{\"@type\":\"SearchAction\",\"target\":{\"@type\":\"EntryPoint\",\"urlTemplate\":\"https:\/\/loshopdicamilla.net\/it\/?s={search_term_string}\"},\"query-input\":{\"@type\":\"PropertyValueSpecification\",\"valueRequired\":true,\"valueName\":\"search_term_string\"}}],\"inLanguage\":\"it-IT\"}]}<\/script>\n<!-- \/ Yoast SEO plugin. -->","yoast_head_json":{"title":"Camilla's Ideas Girls' Pee, Cono da Minzione per Donne, Female Urination Device - Lo Shop di Camilla","robots":{"index":"index","follow":"follow","max-snippet":"max-snippet:-1","max-image-preview":"max-image-preview:large","max-video-preview":"max-video-preview:-1"},"canonical":"https:\/\/loshopdicamilla.net\/it\/prodotto\/camillas-ideas-girls-pee-cono-da-minzione-per-donne-female-urination-device\/","og_locale":"it_IT","og_type":"article","og_title":"Camilla's Ideas Girls' Pee, Cono da Minzione per Donne, Female Urination Device - Lo Shop di Camilla","og_description":"Camilla's Ideas Girls' Pee, Cono da Minzione per Donne, \u00e8 il \"Female Urination Device\" che risolve il problema di fare pip\u00ec anche nelle situazioni pi\u00f9 disagevoli.","og_url":"https:\/\/loshopdicamilla.net\/it\/prodotto\/camillas-ideas-girls-pee-cono-da-minzione-per-donne-female-urination-device\/","og_site_name":"Lo Shop di Camilla","article_modified_time":"2025-01-25T23:13:00+00:00","og_image":[{"width":800,"height":800,"url":"https:\/\/i0.wp.com\/loshopdicamilla.net\/wp-content\/uploads\/2021\/08\/camillasideas-girls-pee.jpg?fit=800%2C800&ssl=1","type":"image\/jpeg"}],"twitter_card":"summary_large_image","twitter_misc":{"Tempo di lettura stimato":"2 minuti"},"schema":{"@context":"https:\/\/schema.org","@graph":[{"@type":"WebPage","@id":"https:\/\/loshopdicamilla.net\/it\/prodotto\/camillas-ideas-girls-pee-cono-da-minzione-per-donne-female-urination-device\/","url":"https:\/\/loshopdicamilla.net\/it\/prodotto\/camillas-ideas-girls-pee-cono-da-minzione-per-donne-female-urination-device\/","name":"Camilla's Ideas Girls' Pee, Cono da Minzione per Donne, Female Urination Device - Lo Shop di Camilla","isPartOf":{"@id":"https:\/\/loshopdicamilla.net\/it\/#website"},"primaryImageOfPage":{"@id":"https:\/\/loshopdicamilla.net\/it\/prodotto\/camillas-ideas-girls-pee-cono-da-minzione-per-donne-female-urination-device\/#primaryimage"},"image":{"@id":"https:\/\/loshopdicamilla.net\/it\/prodotto\/camillas-ideas-girls-pee-cono-da-minzione-per-donne-female-urination-device\/#primaryimage"},"thumbnailUrl":"https:\/\/i0.wp.com\/loshopdicamilla.net\/wp-content\/uploads\/2021\/08\/camillasideas-girls-pee.jpg?fit=800%2C800&ssl=1","datePublished":"2021-08-21T17:23:14+00:00","dateModified":"2025-01-25T23:13:00+00:00","breadcrumb":{"@id":"https:\/\/loshopdicamilla.net\/it\/prodotto\/camillas-ideas-girls-pee-cono-da-minzione-per-donne-female-urination-device\/#breadcrumb"},"inLanguage":"it-IT","potentialAction":[{"@type":"ReadAction","target":["https:\/\/loshopdicamilla.net\/it\/prodotto\/camillas-ideas-girls-pee-cono-da-minzione-per-donne-female-urination-device\/"]}]},{"@type":"ImageObject","inLanguage":"it-IT","@id":"https:\/\/loshopdicamilla.net\/it\/prodotto\/camillas-ideas-girls-pee-cono-da-minzione-per-donne-female-urination-device\/#primaryimage","url":"https:\/\/i0.wp.com\/loshopdicamilla.net\/wp-content\/uploads\/2021\/08\/camillasideas-girls-pee.jpg?fit=800%2C800&ssl=1","contentUrl":"https:\/\/i0.wp.com\/loshopdicamilla.net\/wp-content\/uploads\/2021\/08\/camillasideas-girls-pee.jpg?fit=800%2C800&ssl=1","width":800,"height":800,"caption":"Camilla's Ideas Girls' Pee, Cono da Minzione per Donne, Female Urination Device"},{"@type":"BreadcrumbList","@id":"https:\/\/loshopdicamilla.net\/it\/prodotto\/camillas-ideas-girls-pee-cono-da-minzione-per-donne-female-urination-device\/#breadcrumb","itemListElement":[{"@type":"ListItem","position":1,"name":"Home","item":"https:\/\/loshopdicamilla.net\/it\/"},{"@type":"ListItem","position":2,"name":"Shop","item":"https:\/\/loshopdicamilla.net\/it\/negozio\/"},{"@type":"ListItem","position":3,"name":"Camilla&#8217;s Ideas Girls&#8217; Pee, Cono da Minzione per Donne, Female Urination Device"}]},{"@type":"WebSite","@id":"https:\/\/loshopdicamilla.net\/it\/#website","url":"https:\/\/loshopdicamilla.net\/it\/","name":"Lo Shop di Camilla","description":"Idee Originalit\u00e0 Simpatia","potentialAction":[{"@type":"SearchAction","target":{"@type":"EntryPoint","urlTemplate":"https:\/\/loshopdicamilla.net\/it\/?s={search_term_string}"},"query-input":{"@type":"PropertyValueSpecification","valueRequired":true,"valueName":"search_term_string"}}],"inLanguage":"it-IT"}]}},"jetpack-related-posts":[],"jetpack_sharing_enabled":true,"_links":{"self":[{"href":"https:\/\/loshopdicamilla.net\/it\/wp-json\/wp\/v2\/product\/1843","targetHints":{"allow":["GET"]}}],"collection":[{"href":"https:\/\/loshopdicamilla.net\/it\/wp-json\/wp\/v2\/product"}],"about":[{"href":"https:\/\/loshopdicamilla.net\/it\/wp-json\/wp\/v2\/types\/product"}],"replies":[{"embeddable":true,"href":"https:\/\/loshopdicamilla.net\/it\/wp-json\/wp\/v2\/comments?post=1843"}],"wp:featuredmedia":[{"embeddable":true,"href":"https:\/\/loshopdicamilla.net\/it\/wp-json\/wp\/v2\/media\/1844"}],"wp:attachment":[{"href":"https:\/\/loshopdicamilla.net\/it\/wp-json\/wp\/v2\/media?parent=1843"}],"wp:term":[{"taxonomy":"product_brand","embeddable":true,"href":"https:\/\/loshopdicamilla.net\/it\/wp-json\/wp\/v2\/product_brand?post=1843"},{"taxonomy":"product_cat","embeddable":true,"href":"https:\/\/loshopdicamilla.net\/it\/wp-json\/wp\/v2\/product_cat?post=1843"},{"taxonomy":"product_tag","embeddable":true,"href":"https:\/\/loshopdicamilla.net\/it\/wp-json\/wp\/v2\/product_tag?post=1843"}],"curies":[{"name":"wp","href":"https:\/\/api.w.org\/{rel}","templated":true}]}}