{"id":1665,"date":"2021-06-14T19:33:48","date_gmt":"2021-06-14T19:33:48","guid":{"rendered":"https:\/\/loshopdicamilla.net\/?post_type=product&#038;p=1665"},"modified":"2024-06-22T19:25:21","modified_gmt":"2024-06-22T19:25:21","slug":"baseus-encok-wire-earphone-h19-auricolari","status":"publish","type":"product","link":"https:\/\/loshopdicamilla.net\/it\/prodotto\/baseus-encok-wire-earphone-h19-auricolari\/","title":{"rendered":"Baseus Encok Wired Earphone H19 Auricolari"},"content":{"rendered":"<p><strong>Baseus Encok Wired Earphone H19<\/strong>\u00a0sono auricolari dalle elevate prestazioni e bassi potenti, adatte a qualunque dispositivo con interfaccia jack 3,5mm.<\/p>\n<p><strong>Membrane vibranti in titanio<\/strong> e <strong>qualit\u00e0 del suono 6D Surround<\/strong> per un&#8217;esperienza di ascolto immersiva. 6 fori per la correzione del suono, tre per ciascun lato, per offrire un ampio campo sonoro Surround e un&#8217;esperienza di ascolto da batticuore.<\/p>\n<p><strong>Bobine mobili da 14 mm impeccabili<\/strong> offrono un suono chiaro ad alta frequenza e profondo a bassa frequenza, nonch\u00e9 bassi corposi. Una combinazione naturale di tripla frequenza ed esperienza potenziata attribuita a mille volte di micro-sintonizzazione da parte di un team di professionisti.<\/p>\n<p>I <strong>diaframmi compositi in PU<\/strong> catturano accuratamente ogni fluttuazione del suono con un&#8217;eccellente risoluzione, offrendo una migliore qualit\u00e0 del suono, dettagli ricchi e musica emozionante per deliziare le tue orecchie.<\/p>\n<p>In-ear laterale per il massimo confort, indossabile in modo stabile e confortevole. Questi auricolari a punta piatta con design ergonomicamente angolato proteggono il condotto uditivo ed evitano il gonfiore e il dolore. Puoi indossarli comodamente tutto il giorno e ascoltare musica di alta qualit\u00e0.<\/p>\n<p>Un <strong>microfono ECM per un suono chiaro e HD<\/strong>. Un microfono ECM offre una chiara ricezione del suono e una forte stabilit\u00e0, rendendo il suono chiaro e stabile per chiamare o cantare in live streaming.<\/p>\n<p>Premi un pulsante per rispondere a una chiamata o riprodurre musica tramite un controller a filo integrato. Fai scorrere delicatamente un pulsante per scegliere il volume come preferisci mediante una regolazione continua<\/p>\n<p>Aspetto estetico come &#8220;Simbolo Musicale&#8221;.<br \/>\nLinee semplici integrate con un design dettagliato e una superficie anodizzata secondaria offrono una trama metallica. Il cerchio rosso sul retro \u00e8 un simbolo musicale unico. Tre colori disponibili si abbinano a stili diversi.<\/p>\n<p>Una spina placcata in oro di qualit\u00e0 \u00e8 applicabile ai dispositivi audio con una porta rotonda da 3,5 mm ed \u00e8 ampiamente compatibile con telefoni cellulari e tablet per ridurre la perdita di trasmissione del segnale. Il Cavo TPE morbido anti-avvolgimento, grazie alla trama irregolare \u00e8 difficile da aggrovigliare e facile da rilasciare.<\/p>\n<p>L&#8217;aspetto curato e fashion, l&#8217;angolo di inserimento dell&#8217;auricolare, il corpo in alluminio, rendono questo oggetto perfetto per l&#8217;aspetto e le qualit\u00e0 sonore.<\/p>\n<h2><strong><span data-spm-anchor-id=\"a2g0o.detail.1000023.i0.25b2600e2miYSi\">Baseus Encok<\/span>\u00a0Wired Earphone H19<span data-spm-anchor-id=\"a2g0o.detail.1000023.i0.25b2600e2miYSi\">, caratteristiche:<\/span><\/strong><\/h2>\n<ol>\n<li>Controllo integrato al filo, semplice da usare<\/li>\n<li>6D Surround Sound<\/li>\n<li>Microfono ECM per un suono chiaro e HD<\/li>\n<li>Bobine mobili da 14 mm impeccabili<\/li>\n<li>Solo 18g, leggero e comodo da indossare<\/li>\n<li>Cavo TPE morbido anti-avvolgimento<\/li>\n<li>Spina placcata in oro di qualit\u00e0 \u00e8 applicabile ai dispositivi audio con una porta rotonda da 3,5 mm<\/li>\n<\/ol>\n<div><\/div>\n<h3><strong>Specifiche Tecniche<\/strong><\/h3>\n<ul class=\"product-specs-list util-clearfix\">\n<li class=\"product-prop line-limit-length\"><span class=\"property-title\">Modello: <\/span><span class=\"property-desc line-limit-length\" title=\"Po4\">H19<\/span><\/li>\n<li class=\"product-prop line-limit-length\"><span class=\"property-title\">Stile:\u00a0<\/span><span class=\"property-desc line-limit-length\" title=\"In-ear\">In-ear<\/span><\/li>\n<li class=\"product-prop line-limit-length\"><span class=\"property-title\">Certificazione:\u00a0<\/span><span class=\"property-desc line-limit-length\" title=\"CE\">CE<\/span><\/li>\n<li class=\"product-prop line-limit-length\"><span class=\"property-title\">Principio del vocalizzo:\u00a0<\/span><span class=\"property-desc line-limit-length\" title=\"Dinamica\">Dinamica<\/span><\/li>\n<li class=\"product-prop line-limit-length\"><span class=\"property-title\">Origine:\u00a0<\/span><span class=\"property-desc line-limit-length\" title=\"CN (Origine)\">CN (Origine)<\/span><\/li>\n<li class=\"product-prop line-limit-length\"><span class=\"property-title\">Pulsante di controllo:\u00a0<\/span><span class=\"property-desc line-limit-length\" title=\"S\u00ec\">S\u00ec<\/span><\/li>\n<li class=\"product-prop line-limit-length\"><span class=\"property-title\">Controllo del volume: Si<\/span><\/li>\n<li class=\"product-prop line-limit-length\"><span class=\"property-title\">Ampiezza frequenze: da 20Hz a 20 kHz<\/span><\/li>\n<li class=\"product-prop line-limit-length\"><span class=\"property-title\">Lunghezza del filo: <\/span><span class=\"property-desc line-limit-length\" title=\"1.25mm\">1.2 m<\/span><\/li>\n<li class=\"product-prop line-limit-length\"><span class=\"property-title\">Spina: <\/span><span class=\"property-desc line-limit-length\" title=\"3.5 millimetri\">3.5 millimetri<\/span><\/li>\n<li class=\"product-prop line-limit-length\"><span class=\"property-title\">Con microfono:\u00a0<\/span><span class=\"property-desc line-limit-length\" title=\"S\u00ec\">S\u00ec<\/span><\/li>\n<li class=\"product-prop line-limit-length\"><span class=\"property-title\">Style:\u00a0<\/span><span class=\"property-desc line-limit-length\" title=\"Bass Sound Music Earphone\">Bass Sound Music Earphone<\/span><\/li>\n<\/ul>\n<span class=\"et_bloom_bottom_trigger\"><\/span>","protected":false},"excerpt":{"rendered":"<p><strong>Baseus Encok Wire Earphone H19<\/strong> sono auricolari dalle elevate prestazioni e bassi potenti, adatte a qualunque dispositivo con interfaccia jack 3,5mm.<\/p>\n","protected":false},"featured_media":1679,"comment_status":"open","ping_status":"closed","template":"","meta":{"_et_pb_use_builder":"","_et_pb_old_content":"","_et_gb_content_width":""},"product_brand":[],"product_cat":[40,219,138,37],"product_tag":[251,252],"class_list":{"0":"post-1665","1":"product","2":"type-product","3":"status-publish","4":"has-post-thumbnail","6":"product_cat-auricolari-e-cuffie-stereo","7":"product_cat-auricolari-e-vivavoce","8":"product_cat-elettronica-accessori","9":"product_cat-musica-accessori","10":"product_tag-auricolari","11":"product_tag-baseus","12":"product_shipping_class-0-2-kg","13":"pa_google-merchant-category-363","15":"first","16":"outofstock","17":"sale","18":"taxable","19":"shipping-taxable","20":"purchasable","21":"product-type-simple"},"yoast_head":"<!-- This site is optimized with the Yoast SEO plugin v26.5 - https:\/\/yoast.com\/wordpress\/plugins\/seo\/ -->\n<title>Baseus Encok Wired Earphone H19 Auricolari - Lo Shop di Camilla<\/title>\n<meta name=\"description\" content=\"Baseus Encok Wire Earphone H19 sono auricolari dalle elevate prestazioni e bassi potenti, adatte a qualunque dispositivo. Scopri di pi\u00f9.\" \/>\n<meta name=\"robots\" content=\"index, follow, max-snippet:-1, max-image-preview:large, max-video-preview:-1\" \/>\n<link rel=\"canonical\" href=\"https:\/\/loshopdicamilla.net\/it\/prodotto\/baseus-encok-wire-earphone-h19-auricolari\/\" \/>\n<meta property=\"og:locale\" content=\"it_IT\" \/>\n<meta property=\"og:type\" content=\"article\" \/>\n<meta property=\"og:title\" content=\"Baseus Encok Wired Earphone H19 Auricolari - Lo Shop di Camilla\" \/>\n<meta property=\"og:description\" content=\"Baseus Encok Wire Earphone H19 sono auricolari dalle elevate prestazioni e bassi potenti, adatte a qualunque dispositivo. Scopri di pi\u00f9.\" \/>\n<meta property=\"og:url\" content=\"https:\/\/loshopdicamilla.net\/it\/prodotto\/baseus-encok-wire-earphone-h19-auricolari\/\" \/>\n<meta property=\"og:site_name\" content=\"Lo Shop di Camilla\" \/>\n<meta property=\"article:modified_time\" content=\"2024-06-22T19:25:21+00:00\" \/>\n<meta property=\"og:image\" content=\"https:\/\/i0.wp.com\/loshopdicamilla.net\/wp-content\/uploads\/2021\/06\/baseus-encock-wired-earphone-H19-home.jpg?fit=1200%2C1200&ssl=1\" \/>\n\t<meta property=\"og:image:width\" content=\"1200\" \/>\n\t<meta property=\"og:image:height\" content=\"1200\" \/>\n\t<meta property=\"og:image:type\" content=\"image\/jpeg\" \/>\n<meta name=\"twitter:card\" content=\"summary_large_image\" \/>\n<meta name=\"twitter:label1\" content=\"Tempo di lettura stimato\" \/>\n\t<meta name=\"twitter:data1\" content=\"3 minuti\" \/>\n<script type=\"application\/ld+json\" class=\"yoast-schema-graph\">{\"@context\":\"https:\/\/schema.org\",\"@graph\":[{\"@type\":\"WebPage\",\"@id\":\"https:\/\/loshopdicamilla.net\/it\/prodotto\/baseus-encok-wire-earphone-h19-auricolari\/\",\"url\":\"https:\/\/loshopdicamilla.net\/it\/prodotto\/baseus-encok-wire-earphone-h19-auricolari\/\",\"name\":\"Baseus Encok Wired Earphone H19 Auricolari - Lo Shop di Camilla\",\"isPartOf\":{\"@id\":\"https:\/\/loshopdicamilla.net\/it\/#website\"},\"primaryImageOfPage\":{\"@id\":\"https:\/\/loshopdicamilla.net\/it\/prodotto\/baseus-encok-wire-earphone-h19-auricolari\/#primaryimage\"},\"image\":{\"@id\":\"https:\/\/loshopdicamilla.net\/it\/prodotto\/baseus-encok-wire-earphone-h19-auricolari\/#primaryimage\"},\"thumbnailUrl\":\"https:\/\/i0.wp.com\/loshopdicamilla.net\/wp-content\/uploads\/2021\/06\/baseus-encock-wired-earphone-H19-home.jpg?fit=1200%2C1200&ssl=1\",\"datePublished\":\"2021-06-14T19:33:48+00:00\",\"dateModified\":\"2024-06-22T19:25:21+00:00\",\"description\":\"Baseus Encok Wire Earphone H19 sono auricolari dalle elevate prestazioni e bassi potenti, adatte a qualunque dispositivo. Scopri di pi\u00f9.\",\"breadcrumb\":{\"@id\":\"https:\/\/loshopdicamilla.net\/it\/prodotto\/baseus-encok-wire-earphone-h19-auricolari\/#breadcrumb\"},\"inLanguage\":\"it-IT\",\"potentialAction\":[{\"@type\":\"ReadAction\",\"target\":[\"https:\/\/loshopdicamilla.net\/it\/prodotto\/baseus-encok-wire-earphone-h19-auricolari\/\"]}]},{\"@type\":\"ImageObject\",\"inLanguage\":\"it-IT\",\"@id\":\"https:\/\/loshopdicamilla.net\/it\/prodotto\/baseus-encok-wire-earphone-h19-auricolari\/#primaryimage\",\"url\":\"https:\/\/i0.wp.com\/loshopdicamilla.net\/wp-content\/uploads\/2021\/06\/baseus-encock-wired-earphone-H19-home.jpg?fit=1200%2C1200&ssl=1\",\"contentUrl\":\"https:\/\/i0.wp.com\/loshopdicamilla.net\/wp-content\/uploads\/2021\/06\/baseus-encock-wired-earphone-H19-home.jpg?fit=1200%2C1200&ssl=1\",\"width\":1200,\"height\":1200,\"caption\":\"Baseus Encok Wired Earphone H19 Auricolari\"},{\"@type\":\"BreadcrumbList\",\"@id\":\"https:\/\/loshopdicamilla.net\/it\/prodotto\/baseus-encok-wire-earphone-h19-auricolari\/#breadcrumb\",\"itemListElement\":[{\"@type\":\"ListItem\",\"position\":1,\"name\":\"Home\",\"item\":\"https:\/\/loshopdicamilla.net\/it\/\"},{\"@type\":\"ListItem\",\"position\":2,\"name\":\"Shop\",\"item\":\"https:\/\/loshopdicamilla.net\/it\/negozio\/\"},{\"@type\":\"ListItem\",\"position\":3,\"name\":\"Baseus Encok Wired Earphone H19 Auricolari\"}]},{\"@type\":\"WebSite\",\"@id\":\"https:\/\/loshopdicamilla.net\/it\/#website\",\"url\":\"https:\/\/loshopdicamilla.net\/it\/\",\"name\":\"Lo Shop di Camilla\",\"description\":\"Idee Originalit\u00e0 Simpatia\",\"potentialAction\":[{\"@type\":\"SearchAction\",\"target\":{\"@type\":\"EntryPoint\",\"urlTemplate\":\"https:\/\/loshopdicamilla.net\/it\/?s={search_term_string}\"},\"query-input\":{\"@type\":\"PropertyValueSpecification\",\"valueRequired\":true,\"valueName\":\"search_term_string\"}}],\"inLanguage\":\"it-IT\"}]}<\/script>\n<!-- \/ Yoast SEO plugin. -->","yoast_head_json":{"title":"Baseus Encok Wired Earphone H19 Auricolari - Lo Shop di Camilla","description":"Baseus Encok Wire Earphone H19 sono auricolari dalle elevate prestazioni e bassi potenti, adatte a qualunque dispositivo. Scopri di pi\u00f9.","robots":{"index":"index","follow":"follow","max-snippet":"max-snippet:-1","max-image-preview":"max-image-preview:large","max-video-preview":"max-video-preview:-1"},"canonical":"https:\/\/loshopdicamilla.net\/it\/prodotto\/baseus-encok-wire-earphone-h19-auricolari\/","og_locale":"it_IT","og_type":"article","og_title":"Baseus Encok Wired Earphone H19 Auricolari - Lo Shop di Camilla","og_description":"Baseus Encok Wire Earphone H19 sono auricolari dalle elevate prestazioni e bassi potenti, adatte a qualunque dispositivo. Scopri di pi\u00f9.","og_url":"https:\/\/loshopdicamilla.net\/it\/prodotto\/baseus-encok-wire-earphone-h19-auricolari\/","og_site_name":"Lo Shop di Camilla","article_modified_time":"2024-06-22T19:25:21+00:00","og_image":[{"width":1200,"height":1200,"url":"https:\/\/i0.wp.com\/loshopdicamilla.net\/wp-content\/uploads\/2021\/06\/baseus-encock-wired-earphone-H19-home.jpg?fit=1200%2C1200&ssl=1","type":"image\/jpeg"}],"twitter_card":"summary_large_image","twitter_misc":{"Tempo di lettura stimato":"3 minuti"},"schema":{"@context":"https:\/\/schema.org","@graph":[{"@type":"WebPage","@id":"https:\/\/loshopdicamilla.net\/it\/prodotto\/baseus-encok-wire-earphone-h19-auricolari\/","url":"https:\/\/loshopdicamilla.net\/it\/prodotto\/baseus-encok-wire-earphone-h19-auricolari\/","name":"Baseus Encok Wired Earphone H19 Auricolari - Lo Shop di Camilla","isPartOf":{"@id":"https:\/\/loshopdicamilla.net\/it\/#website"},"primaryImageOfPage":{"@id":"https:\/\/loshopdicamilla.net\/it\/prodotto\/baseus-encok-wire-earphone-h19-auricolari\/#primaryimage"},"image":{"@id":"https:\/\/loshopdicamilla.net\/it\/prodotto\/baseus-encok-wire-earphone-h19-auricolari\/#primaryimage"},"thumbnailUrl":"https:\/\/i0.wp.com\/loshopdicamilla.net\/wp-content\/uploads\/2021\/06\/baseus-encock-wired-earphone-H19-home.jpg?fit=1200%2C1200&ssl=1","datePublished":"2021-06-14T19:33:48+00:00","dateModified":"2024-06-22T19:25:21+00:00","description":"Baseus Encok Wire Earphone H19 sono auricolari dalle elevate prestazioni e bassi potenti, adatte a qualunque dispositivo. Scopri di pi\u00f9.","breadcrumb":{"@id":"https:\/\/loshopdicamilla.net\/it\/prodotto\/baseus-encok-wire-earphone-h19-auricolari\/#breadcrumb"},"inLanguage":"it-IT","potentialAction":[{"@type":"ReadAction","target":["https:\/\/loshopdicamilla.net\/it\/prodotto\/baseus-encok-wire-earphone-h19-auricolari\/"]}]},{"@type":"ImageObject","inLanguage":"it-IT","@id":"https:\/\/loshopdicamilla.net\/it\/prodotto\/baseus-encok-wire-earphone-h19-auricolari\/#primaryimage","url":"https:\/\/i0.wp.com\/loshopdicamilla.net\/wp-content\/uploads\/2021\/06\/baseus-encock-wired-earphone-H19-home.jpg?fit=1200%2C1200&ssl=1","contentUrl":"https:\/\/i0.wp.com\/loshopdicamilla.net\/wp-content\/uploads\/2021\/06\/baseus-encock-wired-earphone-H19-home.jpg?fit=1200%2C1200&ssl=1","width":1200,"height":1200,"caption":"Baseus Encok Wired Earphone H19 Auricolari"},{"@type":"BreadcrumbList","@id":"https:\/\/loshopdicamilla.net\/it\/prodotto\/baseus-encok-wire-earphone-h19-auricolari\/#breadcrumb","itemListElement":[{"@type":"ListItem","position":1,"name":"Home","item":"https:\/\/loshopdicamilla.net\/it\/"},{"@type":"ListItem","position":2,"name":"Shop","item":"https:\/\/loshopdicamilla.net\/it\/negozio\/"},{"@type":"ListItem","position":3,"name":"Baseus Encok Wired Earphone H19 Auricolari"}]},{"@type":"WebSite","@id":"https:\/\/loshopdicamilla.net\/it\/#website","url":"https:\/\/loshopdicamilla.net\/it\/","name":"Lo Shop di Camilla","description":"Idee Originalit\u00e0 Simpatia","potentialAction":[{"@type":"SearchAction","target":{"@type":"EntryPoint","urlTemplate":"https:\/\/loshopdicamilla.net\/it\/?s={search_term_string}"},"query-input":{"@type":"PropertyValueSpecification","valueRequired":true,"valueName":"search_term_string"}}],"inLanguage":"it-IT"}]}},"jetpack-related-posts":[],"jetpack_sharing_enabled":true,"_links":{"self":[{"href":"https:\/\/loshopdicamilla.net\/it\/wp-json\/wp\/v2\/product\/1665","targetHints":{"allow":["GET"]}}],"collection":[{"href":"https:\/\/loshopdicamilla.net\/it\/wp-json\/wp\/v2\/product"}],"about":[{"href":"https:\/\/loshopdicamilla.net\/it\/wp-json\/wp\/v2\/types\/product"}],"replies":[{"embeddable":true,"href":"https:\/\/loshopdicamilla.net\/it\/wp-json\/wp\/v2\/comments?post=1665"}],"wp:featuredmedia":[{"embeddable":true,"href":"https:\/\/loshopdicamilla.net\/it\/wp-json\/wp\/v2\/media\/1679"}],"wp:attachment":[{"href":"https:\/\/loshopdicamilla.net\/it\/wp-json\/wp\/v2\/media?parent=1665"}],"wp:term":[{"taxonomy":"product_brand","embeddable":true,"href":"https:\/\/loshopdicamilla.net\/it\/wp-json\/wp\/v2\/product_brand?post=1665"},{"taxonomy":"product_cat","embeddable":true,"href":"https:\/\/loshopdicamilla.net\/it\/wp-json\/wp\/v2\/product_cat?post=1665"},{"taxonomy":"product_tag","embeddable":true,"href":"https:\/\/loshopdicamilla.net\/it\/wp-json\/wp\/v2\/product_tag?post=1665"}],"curies":[{"name":"wp","href":"https:\/\/api.w.org\/{rel}","templated":true}]}}