{"id":1607,"date":"2021-06-10T19:47:35","date_gmt":"2021-06-10T19:47:35","guid":{"rendered":"https:\/\/loshopdicamilla.net\/?post_type=product&#038;p=1607"},"modified":"2021-08-20T09:10:11","modified_gmt":"2021-08-20T09:10:11","slug":"camillas-ideas-hd2-hard-disk-stato-solido-usb-3-0-2tb","status":"publish","type":"product","link":"https:\/\/loshopdicamilla.net\/it\/prodotto\/camillas-ideas-hd2-hard-disk-stato-solido-usb-3-0-2tb\/","title":{"rendered":"Camilla&#8217;s Ideas HD2 Hard Disk Stato Solido USB 3.0 2TB"},"content":{"rendered":"<p><strong>Camilla&#8217;s Ideas HD2<\/strong>\u00a0\u00e8 un<strong> Hard Disk allo Stato Solido<\/strong> con collegamento <strong>USB 3.0<\/strong>, <strong>da 2TB<\/strong>. Questo dispositivo di archiviazione ha una straordinaria capacit\u00e0 di archiviazione ed \u00e8 leggerissimo per il trasporto. Delle dimensioni di un portafogli entra tranquillamente nel taschino di una giacca. Adatto al trasferimento dati, per ufficio, ad uso domestico, per la scuola. Funzione con tutti <strong>MacOS IOS, Windows, Linux<\/strong>.<\/p>\n<p>Il case in alluminio ultrasottile mantiene l&#8217;unit\u00e0 fresca e silenziosa. Le dimensioni compatte, si adattano perfettamente al palmo della mano. Una super velocit\u00e0 di trasferimento dati, grazie al collegamento <strong>USB 3.0<\/strong>, permette una velocit\u00e0\u00a0 fino a <strong>5 Gbps<\/strong>, circa 10 volte pi\u00f9 veloce dello standard USB 2.0, con cui \u00e8 comunque compatibile. Il colori accattivanti e sgargianti si combinano perfettamente con la finitura in alluminio, elegante e alla moda.<\/p>\n<p>L&#8217;<strong>indicatore LED<\/strong> pu\u00f2 monitorare l&#8217;attivit\u00e0 di archiviazione. Pu\u00f2 essere utilizzato come dispositivo di archiviazione aggiuntivo per XBox One, per PS4, laptop, computer desktop.<\/p>\n<p>Fornisce ampio spazio di archiviazione per musica, film e altri file.\u00a0<strong>HD4<\/strong> \u00e8 disponibile in quattro colorazioni: nero, argento, rosso e blu ed ha una capacit\u00e0 di 4 TB<\/p>\n<h2><strong>Camilla&#8217;s Ideas HD2, specifiche: <\/strong><\/h2>\n<ul>\n<li>2TB portatile da 2,5&#8221; USB 3.0 disco rigido esterno di archiviazione sata hdd,<\/li>\n<li>Plug and play.<\/li>\n<li>Dimensioni: 125x75x11mm \/ 4.92&#215;2.95&#215;0.43 pollici<\/li>\n<li>Materiale: lega di alluminio<\/li>\n<li>Colore: blu \/ nero \/ rosso<\/li>\n<li>Interfaccia: USB 3.0<\/li>\n<li>Capacit\u00e0: 2 TB<\/li>\n<\/ul>\n<h3><strong>La confezione contiene: <\/strong><\/h3>\n<ul>\n<li>1 Disco rigido esterno portatile<\/li>\n<li>1 Cavo USB<\/li>\n<\/ul>\n<span class=\"et_bloom_bottom_trigger\"><\/span>","protected":false},"excerpt":{"rendered":"<p><strong>Camilla&#8217;s Ideas HD2<\/strong>\u00a0\u00e8 un<strong> Hard Disk allo Stato Solido<\/strong> con collegamento <strong>USB 3.0<\/strong>, <strong>da 2TB<\/strong>. Questo dispositivo di archiviazione ha una straordinaria capacit\u00e0 di archiviazione ed \u00e8 leggerissimo per il trasporto. Delle dimensioni di un portafogli entra tranquillamente nel taschino di una giacca. Adatto al trasferimento dati, per ufficio, ad uso domestico, per la scuola. Funzione con tutti <strong>MacOS IOS, Windows, Linux<\/strong>.<\/p>\n","protected":false},"featured_media":1600,"comment_status":"open","ping_status":"closed","template":"","meta":{"_et_pb_use_builder":"","_et_pb_old_content":"","_et_gb_content_width":""},"product_brand":[],"product_cat":[138,218],"product_tag":[349,490,489,491],"class_list":{"0":"post-1607","1":"product","2":"type-product","3":"status-publish","4":"has-post-thumbnail","6":"product_cat-elettronica-accessori","7":"product_cat-informatica","8":"product_tag-camillas-ideas","9":"product_tag-hard-disk","10":"product_tag-memoria-di-massa","11":"product_tag-usb","12":"product_shipping_class-0-2-kg","13":"pa_colore-argento","14":"pa_colore-blu","15":"pa_colore-nero","16":"pa_colore-rosso","17":"pa_google-merchant-category-526","19":"first","20":"outofstock","21":"taxable","22":"shipping-taxable","23":"purchasable","24":"product-type-variable"},"yoast_head":"<!-- This site is optimized with the Yoast SEO plugin v26.5 - https:\/\/yoast.com\/wordpress\/plugins\/seo\/ -->\n<title>Camilla&#039;s Ideas HD2 Hard Disk 2TB - Lo Shop di Camilla<\/title>\n<meta name=\"description\" content=\"Camilla&#039;s Ideas HD2 \u00e8 un Hard Disk allo Stato Solido con collegamento USB 3.0, da 2TB. Leggerissimo per il trasporto. Scopri di pi\u00f9.\" \/>\n<meta name=\"robots\" content=\"index, follow, max-snippet:-1, max-image-preview:large, max-video-preview:-1\" \/>\n<link rel=\"canonical\" href=\"https:\/\/loshopdicamilla.net\/it\/prodotto\/camillas-ideas-hd2-hard-disk-stato-solido-usb-3-0-2tb\/\" \/>\n<meta property=\"og:locale\" content=\"it_IT\" \/>\n<meta property=\"og:type\" content=\"article\" \/>\n<meta property=\"og:title\" content=\"Camilla&#039;s Ideas HD2 Hard Disk 2TB - Lo Shop di Camilla\" \/>\n<meta property=\"og:description\" content=\"Camilla&#039;s Ideas HD2 \u00e8 un Hard Disk allo Stato Solido con collegamento USB 3.0, da 2TB. Leggerissimo per il trasporto. Scopri di pi\u00f9.\" \/>\n<meta property=\"og:url\" content=\"https:\/\/loshopdicamilla.net\/it\/prodotto\/camillas-ideas-hd2-hard-disk-stato-solido-usb-3-0-2tb\/\" \/>\n<meta property=\"og:site_name\" content=\"Lo Shop di Camilla\" \/>\n<meta property=\"article:modified_time\" content=\"2021-08-20T09:10:11+00:00\" \/>\n<meta property=\"og:image\" content=\"https:\/\/i0.wp.com\/loshopdicamilla.net\/wp-content\/uploads\/2021\/06\/camillasideas-hd4-stato-solido-4TB.jpg?fit=1200%2C1200&ssl=1\" \/>\n\t<meta property=\"og:image:width\" content=\"1200\" \/>\n\t<meta property=\"og:image:height\" content=\"1200\" \/>\n\t<meta property=\"og:image:type\" content=\"image\/jpeg\" \/>\n<meta name=\"twitter:card\" content=\"summary_large_image\" \/>\n<meta name=\"twitter:label1\" content=\"Tempo di lettura stimato\" \/>\n\t<meta name=\"twitter:data1\" content=\"2 minuti\" \/>\n<script type=\"application\/ld+json\" class=\"yoast-schema-graph\">{\"@context\":\"https:\/\/schema.org\",\"@graph\":[{\"@type\":\"WebPage\",\"@id\":\"https:\/\/loshopdicamilla.net\/it\/prodotto\/camillas-ideas-hd2-hard-disk-stato-solido-usb-3-0-2tb\/\",\"url\":\"https:\/\/loshopdicamilla.net\/it\/prodotto\/camillas-ideas-hd2-hard-disk-stato-solido-usb-3-0-2tb\/\",\"name\":\"Camilla's Ideas HD2 Hard Disk 2TB - Lo Shop di Camilla\",\"isPartOf\":{\"@id\":\"https:\/\/loshopdicamilla.net\/it\/#website\"},\"primaryImageOfPage\":{\"@id\":\"https:\/\/loshopdicamilla.net\/it\/prodotto\/camillas-ideas-hd2-hard-disk-stato-solido-usb-3-0-2tb\/#primaryimage\"},\"image\":{\"@id\":\"https:\/\/loshopdicamilla.net\/it\/prodotto\/camillas-ideas-hd2-hard-disk-stato-solido-usb-3-0-2tb\/#primaryimage\"},\"thumbnailUrl\":\"https:\/\/i0.wp.com\/loshopdicamilla.net\/wp-content\/uploads\/2021\/06\/camillasideas-hd4-stato-solido-4TB.jpg?fit=1200%2C1200&ssl=1\",\"datePublished\":\"2021-06-10T19:47:35+00:00\",\"dateModified\":\"2021-08-20T09:10:11+00:00\",\"description\":\"Camilla's Ideas HD2 \u00e8 un Hard Disk allo Stato Solido con collegamento USB 3.0, da 2TB. Leggerissimo per il trasporto. Scopri di pi\u00f9.\",\"breadcrumb\":{\"@id\":\"https:\/\/loshopdicamilla.net\/it\/prodotto\/camillas-ideas-hd2-hard-disk-stato-solido-usb-3-0-2tb\/#breadcrumb\"},\"inLanguage\":\"it-IT\",\"potentialAction\":[{\"@type\":\"ReadAction\",\"target\":[\"https:\/\/loshopdicamilla.net\/it\/prodotto\/camillas-ideas-hd2-hard-disk-stato-solido-usb-3-0-2tb\/\"]}]},{\"@type\":\"ImageObject\",\"inLanguage\":\"it-IT\",\"@id\":\"https:\/\/loshopdicamilla.net\/it\/prodotto\/camillas-ideas-hd2-hard-disk-stato-solido-usb-3-0-2tb\/#primaryimage\",\"url\":\"https:\/\/i0.wp.com\/loshopdicamilla.net\/wp-content\/uploads\/2021\/06\/camillasideas-hd4-stato-solido-4TB.jpg?fit=1200%2C1200&ssl=1\",\"contentUrl\":\"https:\/\/i0.wp.com\/loshopdicamilla.net\/wp-content\/uploads\/2021\/06\/camillasideas-hd4-stato-solido-4TB.jpg?fit=1200%2C1200&ssl=1\",\"width\":1200,\"height\":1200,\"caption\":\"Camilla's Ideas HD4 Hard Disk Stato Solido USB 3.0 4TB\"},{\"@type\":\"BreadcrumbList\",\"@id\":\"https:\/\/loshopdicamilla.net\/it\/prodotto\/camillas-ideas-hd2-hard-disk-stato-solido-usb-3-0-2tb\/#breadcrumb\",\"itemListElement\":[{\"@type\":\"ListItem\",\"position\":1,\"name\":\"Home\",\"item\":\"https:\/\/loshopdicamilla.net\/it\/\"},{\"@type\":\"ListItem\",\"position\":2,\"name\":\"Shop\",\"item\":\"https:\/\/loshopdicamilla.net\/it\/negozio\/\"},{\"@type\":\"ListItem\",\"position\":3,\"name\":\"Camilla&#8217;s Ideas HD2 Hard Disk Stato Solido USB 3.0 2TB\"}]},{\"@type\":\"WebSite\",\"@id\":\"https:\/\/loshopdicamilla.net\/it\/#website\",\"url\":\"https:\/\/loshopdicamilla.net\/it\/\",\"name\":\"Lo Shop di Camilla\",\"description\":\"Idee Originalit\u00e0 Simpatia\",\"potentialAction\":[{\"@type\":\"SearchAction\",\"target\":{\"@type\":\"EntryPoint\",\"urlTemplate\":\"https:\/\/loshopdicamilla.net\/it\/?s={search_term_string}\"},\"query-input\":{\"@type\":\"PropertyValueSpecification\",\"valueRequired\":true,\"valueName\":\"search_term_string\"}}],\"inLanguage\":\"it-IT\"}]}<\/script>\n<!-- \/ Yoast SEO plugin. -->","yoast_head_json":{"title":"Camilla's Ideas HD2 Hard Disk 2TB - Lo Shop di Camilla","description":"Camilla's Ideas HD2 \u00e8 un Hard Disk allo Stato Solido con collegamento USB 3.0, da 2TB. Leggerissimo per il trasporto. Scopri di pi\u00f9.","robots":{"index":"index","follow":"follow","max-snippet":"max-snippet:-1","max-image-preview":"max-image-preview:large","max-video-preview":"max-video-preview:-1"},"canonical":"https:\/\/loshopdicamilla.net\/it\/prodotto\/camillas-ideas-hd2-hard-disk-stato-solido-usb-3-0-2tb\/","og_locale":"it_IT","og_type":"article","og_title":"Camilla's Ideas HD2 Hard Disk 2TB - Lo Shop di Camilla","og_description":"Camilla's Ideas HD2 \u00e8 un Hard Disk allo Stato Solido con collegamento USB 3.0, da 2TB. Leggerissimo per il trasporto. Scopri di pi\u00f9.","og_url":"https:\/\/loshopdicamilla.net\/it\/prodotto\/camillas-ideas-hd2-hard-disk-stato-solido-usb-3-0-2tb\/","og_site_name":"Lo Shop di Camilla","article_modified_time":"2021-08-20T09:10:11+00:00","og_image":[{"width":1200,"height":1200,"url":"https:\/\/i0.wp.com\/loshopdicamilla.net\/wp-content\/uploads\/2021\/06\/camillasideas-hd4-stato-solido-4TB.jpg?fit=1200%2C1200&ssl=1","type":"image\/jpeg"}],"twitter_card":"summary_large_image","twitter_misc":{"Tempo di lettura stimato":"2 minuti"},"schema":{"@context":"https:\/\/schema.org","@graph":[{"@type":"WebPage","@id":"https:\/\/loshopdicamilla.net\/it\/prodotto\/camillas-ideas-hd2-hard-disk-stato-solido-usb-3-0-2tb\/","url":"https:\/\/loshopdicamilla.net\/it\/prodotto\/camillas-ideas-hd2-hard-disk-stato-solido-usb-3-0-2tb\/","name":"Camilla's Ideas HD2 Hard Disk 2TB - Lo Shop di Camilla","isPartOf":{"@id":"https:\/\/loshopdicamilla.net\/it\/#website"},"primaryImageOfPage":{"@id":"https:\/\/loshopdicamilla.net\/it\/prodotto\/camillas-ideas-hd2-hard-disk-stato-solido-usb-3-0-2tb\/#primaryimage"},"image":{"@id":"https:\/\/loshopdicamilla.net\/it\/prodotto\/camillas-ideas-hd2-hard-disk-stato-solido-usb-3-0-2tb\/#primaryimage"},"thumbnailUrl":"https:\/\/i0.wp.com\/loshopdicamilla.net\/wp-content\/uploads\/2021\/06\/camillasideas-hd4-stato-solido-4TB.jpg?fit=1200%2C1200&ssl=1","datePublished":"2021-06-10T19:47:35+00:00","dateModified":"2021-08-20T09:10:11+00:00","description":"Camilla's Ideas HD2 \u00e8 un Hard Disk allo Stato Solido con collegamento USB 3.0, da 2TB. Leggerissimo per il trasporto. Scopri di pi\u00f9.","breadcrumb":{"@id":"https:\/\/loshopdicamilla.net\/it\/prodotto\/camillas-ideas-hd2-hard-disk-stato-solido-usb-3-0-2tb\/#breadcrumb"},"inLanguage":"it-IT","potentialAction":[{"@type":"ReadAction","target":["https:\/\/loshopdicamilla.net\/it\/prodotto\/camillas-ideas-hd2-hard-disk-stato-solido-usb-3-0-2tb\/"]}]},{"@type":"ImageObject","inLanguage":"it-IT","@id":"https:\/\/loshopdicamilla.net\/it\/prodotto\/camillas-ideas-hd2-hard-disk-stato-solido-usb-3-0-2tb\/#primaryimage","url":"https:\/\/i0.wp.com\/loshopdicamilla.net\/wp-content\/uploads\/2021\/06\/camillasideas-hd4-stato-solido-4TB.jpg?fit=1200%2C1200&ssl=1","contentUrl":"https:\/\/i0.wp.com\/loshopdicamilla.net\/wp-content\/uploads\/2021\/06\/camillasideas-hd4-stato-solido-4TB.jpg?fit=1200%2C1200&ssl=1","width":1200,"height":1200,"caption":"Camilla's Ideas HD4 Hard Disk Stato Solido USB 3.0 4TB"},{"@type":"BreadcrumbList","@id":"https:\/\/loshopdicamilla.net\/it\/prodotto\/camillas-ideas-hd2-hard-disk-stato-solido-usb-3-0-2tb\/#breadcrumb","itemListElement":[{"@type":"ListItem","position":1,"name":"Home","item":"https:\/\/loshopdicamilla.net\/it\/"},{"@type":"ListItem","position":2,"name":"Shop","item":"https:\/\/loshopdicamilla.net\/it\/negozio\/"},{"@type":"ListItem","position":3,"name":"Camilla&#8217;s Ideas HD2 Hard Disk Stato Solido USB 3.0 2TB"}]},{"@type":"WebSite","@id":"https:\/\/loshopdicamilla.net\/it\/#website","url":"https:\/\/loshopdicamilla.net\/it\/","name":"Lo Shop di Camilla","description":"Idee Originalit\u00e0 Simpatia","potentialAction":[{"@type":"SearchAction","target":{"@type":"EntryPoint","urlTemplate":"https:\/\/loshopdicamilla.net\/it\/?s={search_term_string}"},"query-input":{"@type":"PropertyValueSpecification","valueRequired":true,"valueName":"search_term_string"}}],"inLanguage":"it-IT"}]}},"jetpack-related-posts":[],"jetpack_sharing_enabled":true,"_links":{"self":[{"href":"https:\/\/loshopdicamilla.net\/it\/wp-json\/wp\/v2\/product\/1607","targetHints":{"allow":["GET"]}}],"collection":[{"href":"https:\/\/loshopdicamilla.net\/it\/wp-json\/wp\/v2\/product"}],"about":[{"href":"https:\/\/loshopdicamilla.net\/it\/wp-json\/wp\/v2\/types\/product"}],"replies":[{"embeddable":true,"href":"https:\/\/loshopdicamilla.net\/it\/wp-json\/wp\/v2\/comments?post=1607"}],"wp:featuredmedia":[{"embeddable":true,"href":"https:\/\/loshopdicamilla.net\/it\/wp-json\/wp\/v2\/media\/1600"}],"wp:attachment":[{"href":"https:\/\/loshopdicamilla.net\/it\/wp-json\/wp\/v2\/media?parent=1607"}],"wp:term":[{"taxonomy":"product_brand","embeddable":true,"href":"https:\/\/loshopdicamilla.net\/it\/wp-json\/wp\/v2\/product_brand?post=1607"},{"taxonomy":"product_cat","embeddable":true,"href":"https:\/\/loshopdicamilla.net\/it\/wp-json\/wp\/v2\/product_cat?post=1607"},{"taxonomy":"product_tag","embeddable":true,"href":"https:\/\/loshopdicamilla.net\/it\/wp-json\/wp\/v2\/product_tag?post=1607"}],"curies":[{"name":"wp","href":"https:\/\/api.w.org\/{rel}","templated":true}]}}