{"id":1559,"date":"2021-06-07T20:51:21","date_gmt":"2021-06-07T20:51:21","guid":{"rendered":"https:\/\/loshopdicamilla.net\/?post_type=product&#038;p=1559"},"modified":"2021-08-12T10:16:24","modified_gmt":"2021-08-12T10:16:24","slug":"bluedio-t-energy-neckband-headphone","status":"publish","type":"product","link":"https:\/\/loshopdicamilla.net\/it\/prodotto\/bluedio-t-energy-neckband-headphone\/","title":{"rendered":"Bluedio T Energy Neckband Headphone Cuffie Bluetooth Sport"},"content":{"rendered":"<p><strong>Bluedio T Energy Neckband Headphone 2nd Generation<\/strong>, sono\u00a0<strong>Auricolari Bluetooth<\/strong> di seconda generazione pensate anche <strong>per lo sport<\/strong>. Qualit\u00e0 elevata nel suono e <strong>sistema ANC<\/strong>\u00a0(<strong>Active Noise Cancelling<\/strong>), per l&#8217;<strong>eliminazione del rumore<\/strong>, vi forniranno un&#8217;esperienza di ascolto unica.<br \/>\nLeggerissime da indossare, con aggancio magnetico, queste <strong>cuffie bluetooth<\/strong> rimarranno salde attorno al collo anche durante l&#8217;attivit\u00e0 sportiva. Il microfono integrato vi permetter\u00e0 di conversare al telefono in tutta tranquillit\u00e0. L&#8217;accoppiamento col vostro smartphone \u00e8 un gioco da ragazzi: pochi secondi e sarete pronti per ascoltare alla grande tutta la vostra musica preferita.<\/p>\n<h2><strong>Bluedio T Energy, caratteristiche tecniche:<\/strong><\/h2>\n<p>Versione Bluetooth: Bluetooth 4.2<br \/>\nDistanza di lavoro: fino a 10 metri in spazi privi di barriere<br \/>\nGamma di Frequenze: 2.4 GHz &#8211; 2.48 GHz<br \/>\nProtocolli supportati: A2DP, AVRCP, HSP, HFP<br \/>\nUnit\u00e0 guida: 13mm<br \/>\nImpedenza: 32 \u03a9<br \/>\nRisposta in frequenza: da 20 Hz a 20 KHz<br \/>\nSensitivit\u00e0: 116 dB<br \/>\nTempo in Standby: circa 250 ore<br \/>\nTempo di ascolto\/chiamata: circa 12 ore<br \/>\nTempo di lavoro con ANC attivo: circa 9 ore<br \/>\nTempo di ricarica: circa 1.5 ore<br \/>\nAmbiente di lavoro: da -10 a +50 \u00b0C<br \/>\nVoltaggio di ingresso\/corrente: 5V &#8211; 500 mA<br \/>\nPotenza di uscita: 10 mW + 10 mW<\/p>\n<h3><strong>Contenuto della confezione:<\/strong><\/h3>\n<ul>\n<li>Auricolari bluetooth<\/li>\n<li>Cavo di alimentazione\/ricarica<\/li>\n<li>Gommini di ricambio per le orecchie<\/li>\n<li>Manuale di istruzioni multilingua (italiano compreso)<\/li>\n<\/ul>\n<span class=\"et_bloom_bottom_trigger\"><\/span>","protected":false},"excerpt":{"rendered":"<p><strong>Bluedio T Energy Neckband Headphone 2nd Generation<\/strong>, sono\u00a0<strong>Auricolari Bluetooth<\/strong> di seconda generazione pensate anche <strong>per lo sport<\/strong>. Qualit\u00e0 elevata nel suono e <strong>sistema ANC<\/strong>\u00a0(<strong>Active Noise Cancelling<\/strong>), per l&#8217;<strong>eliminazione del rumore<\/strong>, vi forniranno un&#8217;esperienza di ascolto unica.<\/p>\n","protected":false},"featured_media":1562,"comment_status":"open","ping_status":"closed","template":"","meta":{"_et_pb_use_builder":"","_et_pb_old_content":"","_et_gb_content_width":""},"product_brand":[],"product_cat":[40,219,138,37,217],"product_tag":[251,226,227],"class_list":{"0":"post-1559","1":"product","2":"type-product","3":"status-publish","4":"has-post-thumbnail","6":"product_cat-auricolari-e-cuffie-stereo","7":"product_cat-auricolari-e-vivavoce","8":"product_cat-elettronica-accessori","9":"product_cat-musica-accessori","10":"product_cat-telefonia","11":"product_tag-auricolari","12":"product_tag-bluedio","13":"product_tag-cuffie-bluetooth","14":"product_shipping_class-0-2-kg","15":"pa_google-merchant-category-363","17":"first","18":"outofstock","19":"sale","20":"taxable","21":"shipping-taxable","22":"purchasable","23":"product-type-simple"},"yoast_head":"<!-- This site is optimized with the Yoast SEO plugin v26.5 - https:\/\/yoast.com\/wordpress\/plugins\/seo\/ -->\n<title>Bluedio T Energy Cuffie Bluetooth Sport - Lo Shop di Camilla<\/title>\n<meta name=\"description\" content=\"Bluedio T Energy Neckband Headphone 2nd Generation, sono\u00a0Auricolari Bluetooth di seconda generazione pensate anche per lo sport. Scopri di pi\u00f9\" \/>\n<meta name=\"robots\" content=\"index, follow, max-snippet:-1, max-image-preview:large, max-video-preview:-1\" \/>\n<link rel=\"canonical\" href=\"https:\/\/loshopdicamilla.net\/it\/prodotto\/bluedio-t-energy-neckband-headphone\/\" \/>\n<meta property=\"og:locale\" content=\"it_IT\" \/>\n<meta property=\"og:type\" content=\"article\" \/>\n<meta property=\"og:title\" content=\"Bluedio T Energy Cuffie Bluetooth Sport - Lo Shop di Camilla\" \/>\n<meta property=\"og:description\" content=\"Bluedio T Energy Neckband Headphone 2nd Generation, sono\u00a0Auricolari Bluetooth di seconda generazione pensate anche per lo sport. Scopri di pi\u00f9\" \/>\n<meta property=\"og:url\" content=\"https:\/\/loshopdicamilla.net\/it\/prodotto\/bluedio-t-energy-neckband-headphone\/\" \/>\n<meta property=\"og:site_name\" content=\"Lo Shop di Camilla\" \/>\n<meta property=\"article:modified_time\" content=\"2021-08-12T10:16:24+00:00\" \/>\n<meta property=\"og:image\" content=\"https:\/\/i0.wp.com\/loshopdicamilla.net\/wp-content\/uploads\/2021\/06\/bluedio-neckband-hearphones.jpg?fit=1000%2C1000&ssl=1\" \/>\n\t<meta property=\"og:image:width\" content=\"1000\" \/>\n\t<meta property=\"og:image:height\" content=\"1000\" \/>\n\t<meta property=\"og:image:type\" content=\"image\/jpeg\" \/>\n<meta name=\"twitter:card\" content=\"summary_large_image\" \/>\n<meta name=\"twitter:label1\" content=\"Tempo di lettura stimato\" \/>\n\t<meta name=\"twitter:data1\" content=\"1 minuto\" \/>\n<script type=\"application\/ld+json\" class=\"yoast-schema-graph\">{\"@context\":\"https:\/\/schema.org\",\"@graph\":[{\"@type\":\"WebPage\",\"@id\":\"https:\/\/loshopdicamilla.net\/it\/prodotto\/bluedio-t-energy-neckband-headphone\/\",\"url\":\"https:\/\/loshopdicamilla.net\/it\/prodotto\/bluedio-t-energy-neckband-headphone\/\",\"name\":\"Bluedio T Energy Cuffie Bluetooth Sport - Lo Shop di Camilla\",\"isPartOf\":{\"@id\":\"https:\/\/loshopdicamilla.net\/it\/#website\"},\"primaryImageOfPage\":{\"@id\":\"https:\/\/loshopdicamilla.net\/it\/prodotto\/bluedio-t-energy-neckband-headphone\/#primaryimage\"},\"image\":{\"@id\":\"https:\/\/loshopdicamilla.net\/it\/prodotto\/bluedio-t-energy-neckband-headphone\/#primaryimage\"},\"thumbnailUrl\":\"https:\/\/i0.wp.com\/loshopdicamilla.net\/wp-content\/uploads\/2021\/06\/bluedio-neckband-hearphones.jpg?fit=1000%2C1000&ssl=1\",\"datePublished\":\"2021-06-07T20:51:21+00:00\",\"dateModified\":\"2021-08-12T10:16:24+00:00\",\"description\":\"Bluedio T Energy Neckband Headphone 2nd Generation, sono\u00a0Auricolari Bluetooth di seconda generazione pensate anche per lo sport. Scopri di pi\u00f9\",\"breadcrumb\":{\"@id\":\"https:\/\/loshopdicamilla.net\/it\/prodotto\/bluedio-t-energy-neckband-headphone\/#breadcrumb\"},\"inLanguage\":\"it-IT\",\"potentialAction\":[{\"@type\":\"ReadAction\",\"target\":[\"https:\/\/loshopdicamilla.net\/it\/prodotto\/bluedio-t-energy-neckband-headphone\/\"]}]},{\"@type\":\"ImageObject\",\"inLanguage\":\"it-IT\",\"@id\":\"https:\/\/loshopdicamilla.net\/it\/prodotto\/bluedio-t-energy-neckband-headphone\/#primaryimage\",\"url\":\"https:\/\/i0.wp.com\/loshopdicamilla.net\/wp-content\/uploads\/2021\/06\/bluedio-neckband-hearphones.jpg?fit=1000%2C1000&ssl=1\",\"contentUrl\":\"https:\/\/i0.wp.com\/loshopdicamilla.net\/wp-content\/uploads\/2021\/06\/bluedio-neckband-hearphones.jpg?fit=1000%2C1000&ssl=1\",\"width\":1000,\"height\":1000,\"caption\":\"Bluedio T Energy Neckband Headphone Cuffie Bluetooth Sport\"},{\"@type\":\"BreadcrumbList\",\"@id\":\"https:\/\/loshopdicamilla.net\/it\/prodotto\/bluedio-t-energy-neckband-headphone\/#breadcrumb\",\"itemListElement\":[{\"@type\":\"ListItem\",\"position\":1,\"name\":\"Home\",\"item\":\"https:\/\/loshopdicamilla.net\/it\/\"},{\"@type\":\"ListItem\",\"position\":2,\"name\":\"Shop\",\"item\":\"https:\/\/loshopdicamilla.net\/it\/negozio\/\"},{\"@type\":\"ListItem\",\"position\":3,\"name\":\"Bluedio T Energy Neckband Headphone Cuffie Bluetooth Sport\"}]},{\"@type\":\"WebSite\",\"@id\":\"https:\/\/loshopdicamilla.net\/it\/#website\",\"url\":\"https:\/\/loshopdicamilla.net\/it\/\",\"name\":\"Lo Shop di Camilla\",\"description\":\"Idee Originalit\u00e0 Simpatia\",\"potentialAction\":[{\"@type\":\"SearchAction\",\"target\":{\"@type\":\"EntryPoint\",\"urlTemplate\":\"https:\/\/loshopdicamilla.net\/it\/?s={search_term_string}\"},\"query-input\":{\"@type\":\"PropertyValueSpecification\",\"valueRequired\":true,\"valueName\":\"search_term_string\"}}],\"inLanguage\":\"it-IT\"}]}<\/script>\n<!-- \/ Yoast SEO plugin. -->","yoast_head_json":{"title":"Bluedio T Energy Cuffie Bluetooth Sport - Lo Shop di Camilla","description":"Bluedio T Energy Neckband Headphone 2nd Generation, sono\u00a0Auricolari Bluetooth di seconda generazione pensate anche per lo sport. Scopri di pi\u00f9","robots":{"index":"index","follow":"follow","max-snippet":"max-snippet:-1","max-image-preview":"max-image-preview:large","max-video-preview":"max-video-preview:-1"},"canonical":"https:\/\/loshopdicamilla.net\/it\/prodotto\/bluedio-t-energy-neckband-headphone\/","og_locale":"it_IT","og_type":"article","og_title":"Bluedio T Energy Cuffie Bluetooth Sport - Lo Shop di Camilla","og_description":"Bluedio T Energy Neckband Headphone 2nd Generation, sono\u00a0Auricolari Bluetooth di seconda generazione pensate anche per lo sport. Scopri di pi\u00f9","og_url":"https:\/\/loshopdicamilla.net\/it\/prodotto\/bluedio-t-energy-neckband-headphone\/","og_site_name":"Lo Shop di Camilla","article_modified_time":"2021-08-12T10:16:24+00:00","og_image":[{"width":1000,"height":1000,"url":"https:\/\/i0.wp.com\/loshopdicamilla.net\/wp-content\/uploads\/2021\/06\/bluedio-neckband-hearphones.jpg?fit=1000%2C1000&ssl=1","type":"image\/jpeg"}],"twitter_card":"summary_large_image","twitter_misc":{"Tempo di lettura stimato":"1 minuto"},"schema":{"@context":"https:\/\/schema.org","@graph":[{"@type":"WebPage","@id":"https:\/\/loshopdicamilla.net\/it\/prodotto\/bluedio-t-energy-neckband-headphone\/","url":"https:\/\/loshopdicamilla.net\/it\/prodotto\/bluedio-t-energy-neckband-headphone\/","name":"Bluedio T Energy Cuffie Bluetooth Sport - Lo Shop di Camilla","isPartOf":{"@id":"https:\/\/loshopdicamilla.net\/it\/#website"},"primaryImageOfPage":{"@id":"https:\/\/loshopdicamilla.net\/it\/prodotto\/bluedio-t-energy-neckband-headphone\/#primaryimage"},"image":{"@id":"https:\/\/loshopdicamilla.net\/it\/prodotto\/bluedio-t-energy-neckband-headphone\/#primaryimage"},"thumbnailUrl":"https:\/\/i0.wp.com\/loshopdicamilla.net\/wp-content\/uploads\/2021\/06\/bluedio-neckband-hearphones.jpg?fit=1000%2C1000&ssl=1","datePublished":"2021-06-07T20:51:21+00:00","dateModified":"2021-08-12T10:16:24+00:00","description":"Bluedio T Energy Neckband Headphone 2nd Generation, sono\u00a0Auricolari Bluetooth di seconda generazione pensate anche per lo sport. Scopri di pi\u00f9","breadcrumb":{"@id":"https:\/\/loshopdicamilla.net\/it\/prodotto\/bluedio-t-energy-neckband-headphone\/#breadcrumb"},"inLanguage":"it-IT","potentialAction":[{"@type":"ReadAction","target":["https:\/\/loshopdicamilla.net\/it\/prodotto\/bluedio-t-energy-neckband-headphone\/"]}]},{"@type":"ImageObject","inLanguage":"it-IT","@id":"https:\/\/loshopdicamilla.net\/it\/prodotto\/bluedio-t-energy-neckband-headphone\/#primaryimage","url":"https:\/\/i0.wp.com\/loshopdicamilla.net\/wp-content\/uploads\/2021\/06\/bluedio-neckband-hearphones.jpg?fit=1000%2C1000&ssl=1","contentUrl":"https:\/\/i0.wp.com\/loshopdicamilla.net\/wp-content\/uploads\/2021\/06\/bluedio-neckband-hearphones.jpg?fit=1000%2C1000&ssl=1","width":1000,"height":1000,"caption":"Bluedio T Energy Neckband Headphone Cuffie Bluetooth Sport"},{"@type":"BreadcrumbList","@id":"https:\/\/loshopdicamilla.net\/it\/prodotto\/bluedio-t-energy-neckband-headphone\/#breadcrumb","itemListElement":[{"@type":"ListItem","position":1,"name":"Home","item":"https:\/\/loshopdicamilla.net\/it\/"},{"@type":"ListItem","position":2,"name":"Shop","item":"https:\/\/loshopdicamilla.net\/it\/negozio\/"},{"@type":"ListItem","position":3,"name":"Bluedio T Energy Neckband Headphone Cuffie Bluetooth Sport"}]},{"@type":"WebSite","@id":"https:\/\/loshopdicamilla.net\/it\/#website","url":"https:\/\/loshopdicamilla.net\/it\/","name":"Lo Shop di Camilla","description":"Idee Originalit\u00e0 Simpatia","potentialAction":[{"@type":"SearchAction","target":{"@type":"EntryPoint","urlTemplate":"https:\/\/loshopdicamilla.net\/it\/?s={search_term_string}"},"query-input":{"@type":"PropertyValueSpecification","valueRequired":true,"valueName":"search_term_string"}}],"inLanguage":"it-IT"}]}},"jetpack-related-posts":[],"jetpack_sharing_enabled":true,"_links":{"self":[{"href":"https:\/\/loshopdicamilla.net\/it\/wp-json\/wp\/v2\/product\/1559","targetHints":{"allow":["GET"]}}],"collection":[{"href":"https:\/\/loshopdicamilla.net\/it\/wp-json\/wp\/v2\/product"}],"about":[{"href":"https:\/\/loshopdicamilla.net\/it\/wp-json\/wp\/v2\/types\/product"}],"replies":[{"embeddable":true,"href":"https:\/\/loshopdicamilla.net\/it\/wp-json\/wp\/v2\/comments?post=1559"}],"wp:featuredmedia":[{"embeddable":true,"href":"https:\/\/loshopdicamilla.net\/it\/wp-json\/wp\/v2\/media\/1562"}],"wp:attachment":[{"href":"https:\/\/loshopdicamilla.net\/it\/wp-json\/wp\/v2\/media?parent=1559"}],"wp:term":[{"taxonomy":"product_brand","embeddable":true,"href":"https:\/\/loshopdicamilla.net\/it\/wp-json\/wp\/v2\/product_brand?post=1559"},{"taxonomy":"product_cat","embeddable":true,"href":"https:\/\/loshopdicamilla.net\/it\/wp-json\/wp\/v2\/product_cat?post=1559"},{"taxonomy":"product_tag","embeddable":true,"href":"https:\/\/loshopdicamilla.net\/it\/wp-json\/wp\/v2\/product_tag?post=1559"}],"curies":[{"name":"wp","href":"https:\/\/api.w.org\/{rel}","templated":true}]}}