{"id":1544,"date":"2021-06-06T22:07:59","date_gmt":"2021-06-06T22:07:59","guid":{"rendered":"https:\/\/loshopdicamilla.net\/?post_type=product&#038;p=1544"},"modified":"2021-07-18T12:08:36","modified_gmt":"2021-07-18T12:08:36","slug":"auto-window-cleaner-spazzola-veloce-per-parabrezza","status":"publish","type":"product","link":"https:\/\/loshopdicamilla.net\/it\/prodotto\/auto-window-cleaner-spazzola-veloce-per-parabrezza\/","title":{"rendered":"Auto Window Cleaner Spazzola veloce per Parabrezza"},"content":{"rendered":"<p><span id=\"result_box\" lang=\"it\" xml:lang=\"it\"><strong>Auto Window Cleaner, Spazzola veloce per Parabrezza<\/strong>, ha una maniglia lunga e una testa in microfibra. La pulizia dell&#8217;auto pu\u00f2 essere un vero e proprio problema, ma questo spazzola per l&#8217;automobile la render\u00e0 pi\u00f9 facile. Venite a provarlo.<\/span><\/p>\n<h2><strong><span lang=\"it\" xml:lang=\"it\">Auto Window Cleaner, Caratteristiche:<\/span><\/strong><\/h2>\n<ul>\n<li><span lang=\"it\" xml:lang=\"it\">Nuovo e 100% microfibra, potente e veloce per pulire nebbia o umidit\u00e0.<\/span><\/li>\n<li><span lang=\"it\" xml:lang=\"it\">Maniglia lunga e testa rotante, comodo per la pulizia.<\/span><\/li>\n<li><span lang=\"it\" xml:lang=\"it\">Un articolo che devi avere per mantenere pulita e brillante l&#8217;auto.<\/span><\/li>\n<\/ul>\n<h3><strong><span lang=\"it\" xml:lang=\"it\">Specifiche tecniche:<\/span><\/strong><\/h3>\n<ul>\n<li><span lang=\"it\" xml:lang=\"it\">Tipo dell&#8217;articolo: Pulitore per parabrezza<br \/>\n<\/span><\/li>\n<li><span lang=\"it\" xml:lang=\"it\">Colore: blu<\/span><\/li>\n<li><span lang=\"it\" xml:lang=\"it\">Materiale: Microfibra 100%<\/span><\/li>\n<li><span lang=\"it\" xml:lang=\"it\">Formato: 35 * 13.5 * 9.5cm \/ 13.8 * 5.3 * 3.7in<\/span><\/li>\n<li><span lang=\"it\" xml:lang=\"it\">Peso: 110g \/ 3.9oz<\/span><\/li>\n<\/ul>\n<h3><strong><span lang=\"it\" xml:lang=\"it\">Contenuto della confezione:<\/span><\/strong><\/h3>\n<p><span lang=\"it\" xml:lang=\"it\">1 * pulitore automatico della finestra<\/span><\/p>\n<span class=\"et_bloom_bottom_trigger\"><\/span>","protected":false},"excerpt":{"rendered":"<p><strong>Auto Window Cleaner, Spazzola veloce per Parabrezza<\/strong>, ha una maniglia lunga e una testa in microfibra. La pulizia dell&#8217;auto pu\u00f2 essere un vero e proprio problema, ma <strong>Auto Window Cleaner<\/strong> la render\u00e0 pi\u00f9 facile.<\/p>\n","protected":false},"featured_media":1545,"comment_status":"open","ping_status":"closed","template":"","meta":{"_et_pb_use_builder":"","_et_pb_old_content":"","_et_gb_content_width":""},"product_brand":[],"product_cat":[528,36,33],"product_tag":[349,478,477,476],"class_list":{"0":"post-1544","1":"product","2":"type-product","3":"status-publish","4":"has-post-thumbnail","6":"product_cat-accessori-pulizia","7":"product_cat-altri-accessori-auto","8":"product_cat-cura-dellauto","9":"product_tag-camillas-ideas","10":"product_tag-pulizia-parabrezza","11":"product_tag-spazzola-parabreza","12":"product_tag-spazzola-vetri-auto","13":"product_shipping_class-0-2-kg","14":"pa_google-merchant-category-527","16":"first","17":"instock","18":"sale","19":"taxable","20":"shipping-taxable","21":"purchasable","22":"product-type-simple"},"yoast_head":"<!-- This site is optimized with the Yoast SEO plugin v26.5 - https:\/\/yoast.com\/wordpress\/plugins\/seo\/ -->\n<title>Auto Window Cleaner Spazzola per Parabrezza - Lo Shop di Camilla<\/title>\n<meta name=\"description\" content=\"Auto Window Cleaner, Spazzola veloce per Parabrezza, ha una maniglia lunga e una testa in microfibra. Scopri di pi\u00f9.\" \/>\n<meta name=\"robots\" content=\"index, follow, max-snippet:-1, max-image-preview:large, max-video-preview:-1\" \/>\n<link rel=\"canonical\" href=\"https:\/\/loshopdicamilla.net\/it\/prodotto\/auto-window-cleaner-spazzola-veloce-per-parabrezza\/\" \/>\n<meta property=\"og:locale\" content=\"it_IT\" \/>\n<meta property=\"og:type\" content=\"article\" \/>\n<meta property=\"og:title\" content=\"Auto Window Cleaner Spazzola per Parabrezza - Lo Shop di Camilla\" \/>\n<meta property=\"og:description\" content=\"Auto Window Cleaner, Spazzola veloce per Parabrezza, ha una maniglia lunga e una testa in microfibra. Scopri di pi\u00f9.\" \/>\n<meta property=\"og:url\" content=\"https:\/\/loshopdicamilla.net\/it\/prodotto\/auto-window-cleaner-spazzola-veloce-per-parabrezza\/\" \/>\n<meta property=\"og:site_name\" content=\"Lo Shop di Camilla\" \/>\n<meta property=\"article:modified_time\" content=\"2021-07-18T12:08:36+00:00\" \/>\n<meta property=\"og:image\" content=\"https:\/\/i0.wp.com\/loshopdicamilla.net\/wp-content\/uploads\/2021\/06\/kmoon-windscreen-clean.jpg?fit=1200%2C1200&ssl=1\" \/>\n\t<meta property=\"og:image:width\" content=\"1200\" \/>\n\t<meta property=\"og:image:height\" content=\"1200\" \/>\n\t<meta property=\"og:image:type\" content=\"image\/jpeg\" \/>\n<meta name=\"twitter:card\" content=\"summary_large_image\" \/>\n<meta name=\"twitter:label1\" content=\"Tempo di lettura stimato\" \/>\n\t<meta name=\"twitter:data1\" content=\"1 minuto\" \/>\n<script type=\"application\/ld+json\" class=\"yoast-schema-graph\">{\"@context\":\"https:\/\/schema.org\",\"@graph\":[{\"@type\":\"WebPage\",\"@id\":\"https:\/\/loshopdicamilla.net\/it\/prodotto\/auto-window-cleaner-spazzola-veloce-per-parabrezza\/\",\"url\":\"https:\/\/loshopdicamilla.net\/it\/prodotto\/auto-window-cleaner-spazzola-veloce-per-parabrezza\/\",\"name\":\"Auto Window Cleaner Spazzola per Parabrezza - Lo Shop di Camilla\",\"isPartOf\":{\"@id\":\"https:\/\/loshopdicamilla.net\/it\/#website\"},\"primaryImageOfPage\":{\"@id\":\"https:\/\/loshopdicamilla.net\/it\/prodotto\/auto-window-cleaner-spazzola-veloce-per-parabrezza\/#primaryimage\"},\"image\":{\"@id\":\"https:\/\/loshopdicamilla.net\/it\/prodotto\/auto-window-cleaner-spazzola-veloce-per-parabrezza\/#primaryimage\"},\"thumbnailUrl\":\"https:\/\/i0.wp.com\/loshopdicamilla.net\/wp-content\/uploads\/2021\/06\/kmoon-windscreen-clean.jpg?fit=1200%2C1200&ssl=1\",\"datePublished\":\"2021-06-06T22:07:59+00:00\",\"dateModified\":\"2021-07-18T12:08:36+00:00\",\"description\":\"Auto Window Cleaner, Spazzola veloce per Parabrezza, ha una maniglia lunga e una testa in microfibra. Scopri di pi\u00f9.\",\"breadcrumb\":{\"@id\":\"https:\/\/loshopdicamilla.net\/it\/prodotto\/auto-window-cleaner-spazzola-veloce-per-parabrezza\/#breadcrumb\"},\"inLanguage\":\"it-IT\",\"potentialAction\":[{\"@type\":\"ReadAction\",\"target\":[\"https:\/\/loshopdicamilla.net\/it\/prodotto\/auto-window-cleaner-spazzola-veloce-per-parabrezza\/\"]}]},{\"@type\":\"ImageObject\",\"inLanguage\":\"it-IT\",\"@id\":\"https:\/\/loshopdicamilla.net\/it\/prodotto\/auto-window-cleaner-spazzola-veloce-per-parabrezza\/#primaryimage\",\"url\":\"https:\/\/i0.wp.com\/loshopdicamilla.net\/wp-content\/uploads\/2021\/06\/kmoon-windscreen-clean.jpg?fit=1200%2C1200&ssl=1\",\"contentUrl\":\"https:\/\/i0.wp.com\/loshopdicamilla.net\/wp-content\/uploads\/2021\/06\/kmoon-windscreen-clean.jpg?fit=1200%2C1200&ssl=1\",\"width\":1200,\"height\":1200,\"caption\":\"Auto Window Cleaner Spazzola veloce per Parabrezza\"},{\"@type\":\"BreadcrumbList\",\"@id\":\"https:\/\/loshopdicamilla.net\/it\/prodotto\/auto-window-cleaner-spazzola-veloce-per-parabrezza\/#breadcrumb\",\"itemListElement\":[{\"@type\":\"ListItem\",\"position\":1,\"name\":\"Home\",\"item\":\"https:\/\/loshopdicamilla.net\/it\/\"},{\"@type\":\"ListItem\",\"position\":2,\"name\":\"Shop\",\"item\":\"https:\/\/loshopdicamilla.net\/it\/negozio\/\"},{\"@type\":\"ListItem\",\"position\":3,\"name\":\"Auto Window Cleaner Spazzola veloce per Parabrezza\"}]},{\"@type\":\"WebSite\",\"@id\":\"https:\/\/loshopdicamilla.net\/it\/#website\",\"url\":\"https:\/\/loshopdicamilla.net\/it\/\",\"name\":\"Lo Shop di Camilla\",\"description\":\"Idee Originalit\u00e0 Simpatia\",\"potentialAction\":[{\"@type\":\"SearchAction\",\"target\":{\"@type\":\"EntryPoint\",\"urlTemplate\":\"https:\/\/loshopdicamilla.net\/it\/?s={search_term_string}\"},\"query-input\":{\"@type\":\"PropertyValueSpecification\",\"valueRequired\":true,\"valueName\":\"search_term_string\"}}],\"inLanguage\":\"it-IT\"}]}<\/script>\n<!-- \/ Yoast SEO plugin. -->","yoast_head_json":{"title":"Auto Window Cleaner Spazzola per Parabrezza - Lo Shop di Camilla","description":"Auto Window Cleaner, Spazzola veloce per Parabrezza, ha una maniglia lunga e una testa in microfibra. Scopri di pi\u00f9.","robots":{"index":"index","follow":"follow","max-snippet":"max-snippet:-1","max-image-preview":"max-image-preview:large","max-video-preview":"max-video-preview:-1"},"canonical":"https:\/\/loshopdicamilla.net\/it\/prodotto\/auto-window-cleaner-spazzola-veloce-per-parabrezza\/","og_locale":"it_IT","og_type":"article","og_title":"Auto Window Cleaner Spazzola per Parabrezza - Lo Shop di Camilla","og_description":"Auto Window Cleaner, Spazzola veloce per Parabrezza, ha una maniglia lunga e una testa in microfibra. Scopri di pi\u00f9.","og_url":"https:\/\/loshopdicamilla.net\/it\/prodotto\/auto-window-cleaner-spazzola-veloce-per-parabrezza\/","og_site_name":"Lo Shop di Camilla","article_modified_time":"2021-07-18T12:08:36+00:00","og_image":[{"width":1200,"height":1200,"url":"https:\/\/i0.wp.com\/loshopdicamilla.net\/wp-content\/uploads\/2021\/06\/kmoon-windscreen-clean.jpg?fit=1200%2C1200&ssl=1","type":"image\/jpeg"}],"twitter_card":"summary_large_image","twitter_misc":{"Tempo di lettura stimato":"1 minuto"},"schema":{"@context":"https:\/\/schema.org","@graph":[{"@type":"WebPage","@id":"https:\/\/loshopdicamilla.net\/it\/prodotto\/auto-window-cleaner-spazzola-veloce-per-parabrezza\/","url":"https:\/\/loshopdicamilla.net\/it\/prodotto\/auto-window-cleaner-spazzola-veloce-per-parabrezza\/","name":"Auto Window Cleaner Spazzola per Parabrezza - Lo Shop di Camilla","isPartOf":{"@id":"https:\/\/loshopdicamilla.net\/it\/#website"},"primaryImageOfPage":{"@id":"https:\/\/loshopdicamilla.net\/it\/prodotto\/auto-window-cleaner-spazzola-veloce-per-parabrezza\/#primaryimage"},"image":{"@id":"https:\/\/loshopdicamilla.net\/it\/prodotto\/auto-window-cleaner-spazzola-veloce-per-parabrezza\/#primaryimage"},"thumbnailUrl":"https:\/\/i0.wp.com\/loshopdicamilla.net\/wp-content\/uploads\/2021\/06\/kmoon-windscreen-clean.jpg?fit=1200%2C1200&ssl=1","datePublished":"2021-06-06T22:07:59+00:00","dateModified":"2021-07-18T12:08:36+00:00","description":"Auto Window Cleaner, Spazzola veloce per Parabrezza, ha una maniglia lunga e una testa in microfibra. Scopri di pi\u00f9.","breadcrumb":{"@id":"https:\/\/loshopdicamilla.net\/it\/prodotto\/auto-window-cleaner-spazzola-veloce-per-parabrezza\/#breadcrumb"},"inLanguage":"it-IT","potentialAction":[{"@type":"ReadAction","target":["https:\/\/loshopdicamilla.net\/it\/prodotto\/auto-window-cleaner-spazzola-veloce-per-parabrezza\/"]}]},{"@type":"ImageObject","inLanguage":"it-IT","@id":"https:\/\/loshopdicamilla.net\/it\/prodotto\/auto-window-cleaner-spazzola-veloce-per-parabrezza\/#primaryimage","url":"https:\/\/i0.wp.com\/loshopdicamilla.net\/wp-content\/uploads\/2021\/06\/kmoon-windscreen-clean.jpg?fit=1200%2C1200&ssl=1","contentUrl":"https:\/\/i0.wp.com\/loshopdicamilla.net\/wp-content\/uploads\/2021\/06\/kmoon-windscreen-clean.jpg?fit=1200%2C1200&ssl=1","width":1200,"height":1200,"caption":"Auto Window Cleaner Spazzola veloce per Parabrezza"},{"@type":"BreadcrumbList","@id":"https:\/\/loshopdicamilla.net\/it\/prodotto\/auto-window-cleaner-spazzola-veloce-per-parabrezza\/#breadcrumb","itemListElement":[{"@type":"ListItem","position":1,"name":"Home","item":"https:\/\/loshopdicamilla.net\/it\/"},{"@type":"ListItem","position":2,"name":"Shop","item":"https:\/\/loshopdicamilla.net\/it\/negozio\/"},{"@type":"ListItem","position":3,"name":"Auto Window Cleaner Spazzola veloce per Parabrezza"}]},{"@type":"WebSite","@id":"https:\/\/loshopdicamilla.net\/it\/#website","url":"https:\/\/loshopdicamilla.net\/it\/","name":"Lo Shop di Camilla","description":"Idee Originalit\u00e0 Simpatia","potentialAction":[{"@type":"SearchAction","target":{"@type":"EntryPoint","urlTemplate":"https:\/\/loshopdicamilla.net\/it\/?s={search_term_string}"},"query-input":{"@type":"PropertyValueSpecification","valueRequired":true,"valueName":"search_term_string"}}],"inLanguage":"it-IT"}]}},"jetpack-related-posts":[],"jetpack_sharing_enabled":true,"_links":{"self":[{"href":"https:\/\/loshopdicamilla.net\/it\/wp-json\/wp\/v2\/product\/1544","targetHints":{"allow":["GET"]}}],"collection":[{"href":"https:\/\/loshopdicamilla.net\/it\/wp-json\/wp\/v2\/product"}],"about":[{"href":"https:\/\/loshopdicamilla.net\/it\/wp-json\/wp\/v2\/types\/product"}],"replies":[{"embeddable":true,"href":"https:\/\/loshopdicamilla.net\/it\/wp-json\/wp\/v2\/comments?post=1544"}],"wp:featuredmedia":[{"embeddable":true,"href":"https:\/\/loshopdicamilla.net\/it\/wp-json\/wp\/v2\/media\/1545"}],"wp:attachment":[{"href":"https:\/\/loshopdicamilla.net\/it\/wp-json\/wp\/v2\/media?parent=1544"}],"wp:term":[{"taxonomy":"product_brand","embeddable":true,"href":"https:\/\/loshopdicamilla.net\/it\/wp-json\/wp\/v2\/product_brand?post=1544"},{"taxonomy":"product_cat","embeddable":true,"href":"https:\/\/loshopdicamilla.net\/it\/wp-json\/wp\/v2\/product_cat?post=1544"},{"taxonomy":"product_tag","embeddable":true,"href":"https:\/\/loshopdicamilla.net\/it\/wp-json\/wp\/v2\/product_tag?post=1544"}],"curies":[{"name":"wp","href":"https:\/\/api.w.org\/{rel}","templated":true}]}}