{"id":1198,"date":"2021-05-23T11:57:26","date_gmt":"2021-05-23T11:57:26","guid":{"rendered":"https:\/\/loshopdicamilla.net\/?post_type=product&#038;p=1198"},"modified":"2021-07-18T11:27:12","modified_gmt":"2021-07-18T11:27:12","slug":"mister-magic-fresh-pad-salvafreschezza","status":"publish","type":"product","link":"https:\/\/loshopdicamilla.net\/it\/prodotto\/mister-magic-fresh-pad-salvafreschezza\/","title":{"rendered":"Mister Magic Fresh Pad Salvafreschezza"},"content":{"rendered":"<p><strong>Mister Magic Fresh Pad<\/strong> <strong>Salvafreschezza<\/strong> per frigoriferi e cassetti, in schiuma di poliuretano si mette nei cassetti e sui ripiani del frigorifero e permette all\u2019aria di circolare sotto gli alimenti evitando la formazione della muffa. In questo modo, quello che conservi &#8211; frutta e verdura &#8211; dura di pi\u00f9, perch\u00e9 non si inumidisce.<\/p>\n<p>L&#8217;azione anti condensa previene la muffa e la formazione dei cattivi odori che possono generarsi all&#8217;interno del frigorifero. Adatto a tutti i tipi di frigorifero.<\/p>\n<h2><strong>Mister Magic Fresh Pad, caratteristiche:<\/strong><\/h2>\n<ul>\n<li>Adatto a tutti i tipi di frigorifero<\/li>\n<li>evita la formazione della muffa<\/li>\n<li>azione anti condensa<\/li>\n<li>evita i cattivi odori<\/li>\n<li><strong>Dimensioni: 45&#215;28 cm<\/strong><\/li>\n<\/ul>\n<h3><strong>Modo d&#8217;uso<\/strong><\/h3>\n<p>Il Fresh Pad va posizionato con la parte pi\u00f9 sottile rivolta verso il basso e appoggiando gli alimenti su quella a densit\u00e0 minore. Lo puoi anche tagliare nella misura pi\u00f9 adatta alle tue esigenze. Risciacqualo sotto acqua corrente ogni due settimane e avrai frutta e verdura sempre perfettamente conservate in un ambiente igienico!<\/p>\n<p>&nbsp;<\/p>\n<span class=\"et_bloom_bottom_trigger\"><\/span>","protected":false},"excerpt":{"rendered":"<p><strong>Mister Magic Fresh Pad<\/strong> <strong>Salvafreschezza<\/strong> per frigoriferi e cassetti, in schiuma di poliuretano si mette nei cassetti e sui ripiani del frigorifero e permette all\u2019aria di circolare sotto gli alimenti evitando la formazione della muffa.<\/p>\n<p><strong>Dimensioni: 45&#215;28 cm<\/strong><\/p>\n","protected":false},"featured_media":1203,"comment_status":"open","ping_status":"closed","template":"","meta":{"_et_pb_use_builder":"","_et_pb_old_content":"","_et_gb_content_width":""},"product_brand":[],"product_cat":[31,24],"product_tag":[91],"class_list":{"0":"post-1198","1":"product","2":"type-product","3":"status-publish","4":"has-post-thumbnail","6":"product_cat-accessori-cucina","7":"product_cat-cura-della-casa","8":"product_tag-mister-magic","10":"first","11":"instock","12":"sale","13":"taxable","14":"shipping-taxable","15":"purchasable","16":"product-type-simple"},"yoast_head":"<!-- This site is optimized with the Yoast SEO plugin v26.5 - https:\/\/yoast.com\/wordpress\/plugins\/seo\/ -->\n<title>Mister Magic Fresh Pad Salvafreschezza - Lo Shop di Camilla<\/title>\n<meta name=\"description\" content=\"Mister Magic Fresh Pad Salvafreschezza per frigoriferi e cassetti, evita la formazione della muffa. Scopri di pi\u00f9.\" \/>\n<meta name=\"robots\" content=\"index, follow, max-snippet:-1, max-image-preview:large, max-video-preview:-1\" \/>\n<link rel=\"canonical\" href=\"https:\/\/loshopdicamilla.net\/it\/prodotto\/mister-magic-fresh-pad-salvafreschezza\/\" \/>\n<meta property=\"og:locale\" content=\"it_IT\" \/>\n<meta property=\"og:type\" content=\"article\" \/>\n<meta property=\"og:title\" content=\"Mister Magic Fresh Pad Salvafreschezza - Lo Shop di Camilla\" \/>\n<meta property=\"og:description\" content=\"Mister Magic Fresh Pad Salvafreschezza per frigoriferi e cassetti, evita la formazione della muffa. Scopri di pi\u00f9.\" \/>\n<meta property=\"og:url\" content=\"https:\/\/loshopdicamilla.net\/it\/prodotto\/mister-magic-fresh-pad-salvafreschezza\/\" \/>\n<meta property=\"og:site_name\" content=\"Lo Shop di Camilla\" \/>\n<meta property=\"article:modified_time\" content=\"2021-07-18T11:27:12+00:00\" \/>\n<meta property=\"og:image\" content=\"https:\/\/i0.wp.com\/loshopdicamilla.net\/wp-content\/uploads\/2021\/05\/mm-fresh-pad.jpg?fit=690%2C690&ssl=1\" \/>\n\t<meta property=\"og:image:width\" content=\"690\" \/>\n\t<meta property=\"og:image:height\" content=\"690\" \/>\n\t<meta property=\"og:image:type\" content=\"image\/jpeg\" \/>\n<meta name=\"twitter:card\" content=\"summary_large_image\" \/>\n<meta name=\"twitter:label1\" content=\"Tempo di lettura stimato\" \/>\n\t<meta name=\"twitter:data1\" content=\"1 minuto\" \/>\n<script type=\"application\/ld+json\" class=\"yoast-schema-graph\">{\"@context\":\"https:\/\/schema.org\",\"@graph\":[{\"@type\":\"WebPage\",\"@id\":\"https:\/\/loshopdicamilla.net\/it\/prodotto\/mister-magic-fresh-pad-salvafreschezza\/\",\"url\":\"https:\/\/loshopdicamilla.net\/it\/prodotto\/mister-magic-fresh-pad-salvafreschezza\/\",\"name\":\"Mister Magic Fresh Pad Salvafreschezza - Lo Shop di Camilla\",\"isPartOf\":{\"@id\":\"https:\/\/loshopdicamilla.net\/it\/#website\"},\"primaryImageOfPage\":{\"@id\":\"https:\/\/loshopdicamilla.net\/it\/prodotto\/mister-magic-fresh-pad-salvafreschezza\/#primaryimage\"},\"image\":{\"@id\":\"https:\/\/loshopdicamilla.net\/it\/prodotto\/mister-magic-fresh-pad-salvafreschezza\/#primaryimage\"},\"thumbnailUrl\":\"https:\/\/i0.wp.com\/loshopdicamilla.net\/wp-content\/uploads\/2021\/05\/mm-fresh-pad.jpg?fit=690%2C690&ssl=1\",\"datePublished\":\"2021-05-23T11:57:26+00:00\",\"dateModified\":\"2021-07-18T11:27:12+00:00\",\"description\":\"Mister Magic Fresh Pad Salvafreschezza per frigoriferi e cassetti, evita la formazione della muffa. Scopri di pi\u00f9.\",\"breadcrumb\":{\"@id\":\"https:\/\/loshopdicamilla.net\/it\/prodotto\/mister-magic-fresh-pad-salvafreschezza\/#breadcrumb\"},\"inLanguage\":\"it-IT\",\"potentialAction\":[{\"@type\":\"ReadAction\",\"target\":[\"https:\/\/loshopdicamilla.net\/it\/prodotto\/mister-magic-fresh-pad-salvafreschezza\/\"]}]},{\"@type\":\"ImageObject\",\"inLanguage\":\"it-IT\",\"@id\":\"https:\/\/loshopdicamilla.net\/it\/prodotto\/mister-magic-fresh-pad-salvafreschezza\/#primaryimage\",\"url\":\"https:\/\/i0.wp.com\/loshopdicamilla.net\/wp-content\/uploads\/2021\/05\/mm-fresh-pad.jpg?fit=690%2C690&ssl=1\",\"contentUrl\":\"https:\/\/i0.wp.com\/loshopdicamilla.net\/wp-content\/uploads\/2021\/05\/mm-fresh-pad.jpg?fit=690%2C690&ssl=1\",\"width\":690,\"height\":690,\"caption\":\"Mister Magic Fresh Pad Salvafreschezza\"},{\"@type\":\"BreadcrumbList\",\"@id\":\"https:\/\/loshopdicamilla.net\/it\/prodotto\/mister-magic-fresh-pad-salvafreschezza\/#breadcrumb\",\"itemListElement\":[{\"@type\":\"ListItem\",\"position\":1,\"name\":\"Home\",\"item\":\"https:\/\/loshopdicamilla.net\/it\/\"},{\"@type\":\"ListItem\",\"position\":2,\"name\":\"Shop\",\"item\":\"https:\/\/loshopdicamilla.net\/it\/negozio\/\"},{\"@type\":\"ListItem\",\"position\":3,\"name\":\"Mister Magic Fresh Pad Salvafreschezza\"}]},{\"@type\":\"WebSite\",\"@id\":\"https:\/\/loshopdicamilla.net\/it\/#website\",\"url\":\"https:\/\/loshopdicamilla.net\/it\/\",\"name\":\"Lo Shop di Camilla\",\"description\":\"Idee Originalit\u00e0 Simpatia\",\"potentialAction\":[{\"@type\":\"SearchAction\",\"target\":{\"@type\":\"EntryPoint\",\"urlTemplate\":\"https:\/\/loshopdicamilla.net\/it\/?s={search_term_string}\"},\"query-input\":{\"@type\":\"PropertyValueSpecification\",\"valueRequired\":true,\"valueName\":\"search_term_string\"}}],\"inLanguage\":\"it-IT\"}]}<\/script>\n<!-- \/ Yoast SEO plugin. -->","yoast_head_json":{"title":"Mister Magic Fresh Pad Salvafreschezza - Lo Shop di Camilla","description":"Mister Magic Fresh Pad Salvafreschezza per frigoriferi e cassetti, evita la formazione della muffa. Scopri di pi\u00f9.","robots":{"index":"index","follow":"follow","max-snippet":"max-snippet:-1","max-image-preview":"max-image-preview:large","max-video-preview":"max-video-preview:-1"},"canonical":"https:\/\/loshopdicamilla.net\/it\/prodotto\/mister-magic-fresh-pad-salvafreschezza\/","og_locale":"it_IT","og_type":"article","og_title":"Mister Magic Fresh Pad Salvafreschezza - Lo Shop di Camilla","og_description":"Mister Magic Fresh Pad Salvafreschezza per frigoriferi e cassetti, evita la formazione della muffa. Scopri di pi\u00f9.","og_url":"https:\/\/loshopdicamilla.net\/it\/prodotto\/mister-magic-fresh-pad-salvafreschezza\/","og_site_name":"Lo Shop di Camilla","article_modified_time":"2021-07-18T11:27:12+00:00","og_image":[{"width":690,"height":690,"url":"https:\/\/i0.wp.com\/loshopdicamilla.net\/wp-content\/uploads\/2021\/05\/mm-fresh-pad.jpg?fit=690%2C690&ssl=1","type":"image\/jpeg"}],"twitter_card":"summary_large_image","twitter_misc":{"Tempo di lettura stimato":"1 minuto"},"schema":{"@context":"https:\/\/schema.org","@graph":[{"@type":"WebPage","@id":"https:\/\/loshopdicamilla.net\/it\/prodotto\/mister-magic-fresh-pad-salvafreschezza\/","url":"https:\/\/loshopdicamilla.net\/it\/prodotto\/mister-magic-fresh-pad-salvafreschezza\/","name":"Mister Magic Fresh Pad Salvafreschezza - Lo Shop di Camilla","isPartOf":{"@id":"https:\/\/loshopdicamilla.net\/it\/#website"},"primaryImageOfPage":{"@id":"https:\/\/loshopdicamilla.net\/it\/prodotto\/mister-magic-fresh-pad-salvafreschezza\/#primaryimage"},"image":{"@id":"https:\/\/loshopdicamilla.net\/it\/prodotto\/mister-magic-fresh-pad-salvafreschezza\/#primaryimage"},"thumbnailUrl":"https:\/\/i0.wp.com\/loshopdicamilla.net\/wp-content\/uploads\/2021\/05\/mm-fresh-pad.jpg?fit=690%2C690&ssl=1","datePublished":"2021-05-23T11:57:26+00:00","dateModified":"2021-07-18T11:27:12+00:00","description":"Mister Magic Fresh Pad Salvafreschezza per frigoriferi e cassetti, evita la formazione della muffa. Scopri di pi\u00f9.","breadcrumb":{"@id":"https:\/\/loshopdicamilla.net\/it\/prodotto\/mister-magic-fresh-pad-salvafreschezza\/#breadcrumb"},"inLanguage":"it-IT","potentialAction":[{"@type":"ReadAction","target":["https:\/\/loshopdicamilla.net\/it\/prodotto\/mister-magic-fresh-pad-salvafreschezza\/"]}]},{"@type":"ImageObject","inLanguage":"it-IT","@id":"https:\/\/loshopdicamilla.net\/it\/prodotto\/mister-magic-fresh-pad-salvafreschezza\/#primaryimage","url":"https:\/\/i0.wp.com\/loshopdicamilla.net\/wp-content\/uploads\/2021\/05\/mm-fresh-pad.jpg?fit=690%2C690&ssl=1","contentUrl":"https:\/\/i0.wp.com\/loshopdicamilla.net\/wp-content\/uploads\/2021\/05\/mm-fresh-pad.jpg?fit=690%2C690&ssl=1","width":690,"height":690,"caption":"Mister Magic Fresh Pad Salvafreschezza"},{"@type":"BreadcrumbList","@id":"https:\/\/loshopdicamilla.net\/it\/prodotto\/mister-magic-fresh-pad-salvafreschezza\/#breadcrumb","itemListElement":[{"@type":"ListItem","position":1,"name":"Home","item":"https:\/\/loshopdicamilla.net\/it\/"},{"@type":"ListItem","position":2,"name":"Shop","item":"https:\/\/loshopdicamilla.net\/it\/negozio\/"},{"@type":"ListItem","position":3,"name":"Mister Magic Fresh Pad Salvafreschezza"}]},{"@type":"WebSite","@id":"https:\/\/loshopdicamilla.net\/it\/#website","url":"https:\/\/loshopdicamilla.net\/it\/","name":"Lo Shop di Camilla","description":"Idee Originalit\u00e0 Simpatia","potentialAction":[{"@type":"SearchAction","target":{"@type":"EntryPoint","urlTemplate":"https:\/\/loshopdicamilla.net\/it\/?s={search_term_string}"},"query-input":{"@type":"PropertyValueSpecification","valueRequired":true,"valueName":"search_term_string"}}],"inLanguage":"it-IT"}]}},"jetpack-related-posts":[],"jetpack_sharing_enabled":true,"_links":{"self":[{"href":"https:\/\/loshopdicamilla.net\/it\/wp-json\/wp\/v2\/product\/1198","targetHints":{"allow":["GET"]}}],"collection":[{"href":"https:\/\/loshopdicamilla.net\/it\/wp-json\/wp\/v2\/product"}],"about":[{"href":"https:\/\/loshopdicamilla.net\/it\/wp-json\/wp\/v2\/types\/product"}],"replies":[{"embeddable":true,"href":"https:\/\/loshopdicamilla.net\/it\/wp-json\/wp\/v2\/comments?post=1198"}],"wp:featuredmedia":[{"embeddable":true,"href":"https:\/\/loshopdicamilla.net\/it\/wp-json\/wp\/v2\/media\/1203"}],"wp:attachment":[{"href":"https:\/\/loshopdicamilla.net\/it\/wp-json\/wp\/v2\/media?parent=1198"}],"wp:term":[{"taxonomy":"product_brand","embeddable":true,"href":"https:\/\/loshopdicamilla.net\/it\/wp-json\/wp\/v2\/product_brand?post=1198"},{"taxonomy":"product_cat","embeddable":true,"href":"https:\/\/loshopdicamilla.net\/it\/wp-json\/wp\/v2\/product_cat?post=1198"},{"taxonomy":"product_tag","embeddable":true,"href":"https:\/\/loshopdicamilla.net\/it\/wp-json\/wp\/v2\/product_tag?post=1198"}],"curies":[{"name":"wp","href":"https:\/\/api.w.org\/{rel}","templated":true}]}}