{"id":1181,"date":"2021-05-22T16:31:27","date_gmt":"2021-05-22T16:31:27","guid":{"rendered":"https:\/\/loshopdicamilla.net\/?post_type=product&#038;p=1181"},"modified":"2023-03-28T15:48:51","modified_gmt":"2023-03-28T15:48:51","slug":"orphea-ricarica-liquida-protezione-zanzare","status":"publish","type":"product","link":"https:\/\/loshopdicamilla.net\/it\/prodotto\/orphea-ricarica-liquida-protezione-zanzare\/","title":{"rendered":"Orphea Ricarica Liquida Protezione Zanzare"},"content":{"rendered":"<p><strong>Orphea Ricarica Liquida Protezione Zanzare<\/strong> \u00e8 la ricarica da 30 ml per l&#8217;emanatore elettrico Orphea Protezione Casa. Con l&#8217;estratto di eucalipto protegge l&#8217;interno della casa eliminando le zanzare. Efficace anche contro la <strong>zanzara tigre<\/strong> (<strong>Aedes albopictus<\/strong>), portatrice di malattie tropicali quali la febbre dengue.<\/p>\n<p>La sua formulazione lo rende utile per ogni stanza della casa ed anche in spazi aperti. Un flacone, se usato 6 ore a notte, dura fino a 60 notti.<\/p>\n<div class=\"col-md-12\">\n<h3><b>Caratteristiche<\/b><\/h3>\n<\/div>\n<ul>\n<li class=\"col-md-12\">Efficace contro zanzare e zanzara tigre<\/li>\n<li class=\"col-md-12\">Fino a 60 Notti di protezione<\/li>\n<li class=\"col-md-12\">Con estratto di eucalipto<\/li>\n<\/ul>\n<div class=\"col-md-12\">\n<h3><b>Preparazione e uso<\/b><\/h3>\n<\/div>\n<div class=\"col-md-12\">Istruzioni per l&#8217;uso:<\/div>\n<ol>\n<li class=\"col-md-12\">Controllare che la tensione coincida con quella segnalata sul diffusore (220 Volt).<\/li>\n<li class=\"col-md-12\">Dopo avere tolto il tappo di protezione, inserire il flacone nel diffusore avvitandolo nell&#8217;apposito alloggiamento e, se necessario, ruotare la spina in modo che il flacone sia in posizione verticale quando l&#8217;apparecchio \u00e8 inserito nella presa murale.<\/li>\n<li class=\"col-md-12\">Il diffusore dispone di un interruttore a due posizioni: spento (0), acceso (I) per un utilizzo continuato durante tutta la giornata.<\/li>\n<li class=\"col-md-12\">Agire sull&#8217;interruttore per mettere in funzione l&#8217;apparecchio in corrispondenza della funzione desiderata. La spia luminosa rossa segnala la condizione di accensione.<\/li>\n<li class=\"col-md-12\">Sostituire il flacone quando risulta vuoto. Per sostituirlo, disinserire l&#8217;apparecchio dalla presa.<\/li>\n<li class=\"col-md-12\">Spegnere l&#8217;apparecchio quando non occorre usarlo. Disinserirlo dalla presa e riavvitare il tappo sul flacone in caso di non-utilizzo prolungato. L&#8217;efficacia insetticida del prodotto non viene alterata se si nota che, con il passare dei giorni, il liquido diviene pi\u00f9 scuro.<\/li>\n<\/ol>\n<div class=\"col-md-12\">L&#8217;apparecchio deve essere utilizzato con ricambi originali. Utilizzare solo ricariche Orphea. Si declina ogni responsabilit\u00e0 per eventuali danni o malfunzionamenti causati dall&#8217;utilizzo di ricariche non originali o da uso improprio dell&#8217;apparecchio. L&#8217;uso di altri prodotti potrebbe causare esalazioni pericolose o rischio di incendio. L&#8217;apparecchio ha superfici di evaporazione calde, e non deve essere toccato durante l&#8217;uso. Non toccare l&#8217;apparecchio con oggetti metallici o con le mani bagnate. Non usare l&#8217;apparecchio se risulta in qualsiasi modo danneggiato. Non toccare l&#8217;apparecchio durante l&#8217;uso e negli istanti successivi al suo spegnimento. L&#8217;apparecchio non pu\u00f2 essere usato da persone (inclusi bambini) le cui capacit\u00e0 fisiche, sensoriali o mentali siano ridotte, oppure con mancanza di esperienza o di conoscenze, ma solo attraverso l&#8217;intermediazione di una persona responsabile della loro sicurezza e una sorveglianza con le istruzioni riguardanti l&#8217;uso dell&#8217;apparecchio. I bambini devono essere sorvegliati per assicurare che non giochino con l&#8217;apparecchio. Per pulire eventualmente il diffusore, staccarlo dalla presa ed utilizzare un panno asciutto.<\/div>\n<div>\n<div class=\"col-md-12\">\n<h3><b>Avvertenze di sicurezza<\/b><\/h3>\n<\/div>\n<div class=\"col-md-12\"><strong>AVVERTENZE:<\/strong> Se il prodotto viene usato in luoghi dove si soggiorna lungamente, aerare sufficientemente il locale prima di soggiornarvi nuovamente. Non attivare l&#8217;apparecchio in caso di permanenza prolungata in ambienti chiusi. \u00c8 sconsigliata l&#8217;esposizione continuata a persone sensibili (bambini, asmatici, ecc.). Non tenere il diffusore a contatto con tessuti, carta e materiali combustibili in genere, quando \u00e9 in funzione. Non toccare il diffusore quando \u00e9 in funzione. Osservare scrupolosamente le dosi e le modalit\u00e0 di impiego indicate, evitando usi impropri. Non contaminare durante l&#8217;uso alimenti, bevande o recipienti destinati o contenerne. Dopo l&#8217;applicazione o in caso di contatto con la pelle lavarsi con acqua e sapone. Consultare un Centro Antiveleni. ATTENZIONE Orphea Protezione Casa Emanatore Elettrico. Contiene: (1)-1-metil-4-(1-metilvinil)cicloesene, citrale, geraniolo, 1,8- cineolo, (R)-p-menta-1,8-diene (d-limonene), 1-(1,2,3,4,5,6,7,8-ottaidro-2,3,8,8-tetrametil-2-naftil)etano-1-one, acetil diisoamilene. Provoca irritazione cutanea. Pu\u00f2 provocare una reazione allergica cutanea. Provoca grave irritazione oculare. Molto tossico per gli organismi acquatici con effetti di lunga durata. In caso di consultazione di un medico, tenere a disposizione il contenitore o l&#8217;etichetta del prodotto. Tenere fuori dalla portata dei bambini. Lavare accuratamente le mani dopo l&#8217;uso. Non disperdere nell&#8217;ambiente. IN CASO DI CONTATTO CON LA PELLE: lavare abbondantemente con acqua e sapone. IN CASO DI CONTATTO CON GLI OCCHI: sciacquare accuratamente per parecchi minuti. Togliere le eventuali lenti a contatto se \u00e8 agevole farlo. Continuare a sciacquare. In caso di irritazione o eruzione della pelle: consultare un medico. Smaltire il prodotto\/recipiente in un centro di raccolta per rifiuti pericolosi o speciali secondo la normativa locale, regionale, nazionale e\/o internazionale. Presidio Medico Chirurgico &#8211; Registrazione n\u00b0 19692 del Ministero della Salute<\/div>\n<\/div>\n<span class=\"et_bloom_bottom_trigger\"><\/span>","protected":false},"excerpt":{"rendered":"<p><strong>Orphea Ricarica Liquida Protezione Zanzare<\/strong> \u00e8 la ricarica da 30 ml per l&#8217;emanatore elettrico Orphea Protezione Casa. Con l&#8217;estratto di eucalipto protegge l&#8217;interno della casa eliminando le zanzare. Efficace anche contro la <strong>zanzara tigre<\/strong> (<strong>Aedes albopictus<\/strong>), portatrice di malattie tropicali quali la febbre dengue.<\/p>\n","protected":false},"featured_media":1190,"comment_status":"open","ping_status":"closed","template":"","meta":{"_et_pb_use_builder":"","_et_pb_old_content":"","_et_gb_content_width":""},"product_brand":[],"product_cat":[330,84],"product_tag":[48,331,167],"class_list":{"0":"post-1181","1":"product","2":"type-product","3":"status-publish","4":"has-post-thumbnail","6":"product_cat-repellenti","7":"product_cat-salute-e-benessere","8":"product_tag-orphea","9":"product_tag-repellente-zanzare","10":"product_tag-zanzare-tigre","11":"product_shipping_class-0-2-kg","13":"first","14":"outofstock","15":"sale","16":"taxable","17":"shipping-taxable","18":"purchasable","19":"product-type-simple"},"yoast_head":"<!-- This site is optimized with the Yoast SEO plugin v26.5 - https:\/\/yoast.com\/wordpress\/plugins\/seo\/ -->\n<title>Orphea Ricarica Liquida Protezione Zanzare - Lo Shop di Camilla<\/title>\n<meta name=\"description\" content=\"Orphea Ricarica Liquida Protezione Zanzare \u00e8 la ricarica da 30 ml per l&#039;emanatore elettrico Orphea Protezione Casa. Scopri di pi\u00f9.\" \/>\n<meta name=\"robots\" content=\"index, follow, max-snippet:-1, max-image-preview:large, max-video-preview:-1\" \/>\n<link rel=\"canonical\" href=\"https:\/\/loshopdicamilla.net\/it\/prodotto\/orphea-ricarica-liquida-protezione-zanzare\/\" \/>\n<meta property=\"og:locale\" content=\"it_IT\" \/>\n<meta property=\"og:type\" content=\"article\" \/>\n<meta property=\"og:title\" content=\"Orphea Ricarica Liquida Protezione Zanzare - Lo Shop di Camilla\" \/>\n<meta property=\"og:description\" content=\"Orphea Ricarica Liquida Protezione Zanzare \u00e8 la ricarica da 30 ml per l&#039;emanatore elettrico Orphea Protezione Casa. Scopri di pi\u00f9.\" \/>\n<meta property=\"og:url\" content=\"https:\/\/loshopdicamilla.net\/it\/prodotto\/orphea-ricarica-liquida-protezione-zanzare\/\" \/>\n<meta property=\"og:site_name\" content=\"Lo Shop di Camilla\" \/>\n<meta property=\"article:modified_time\" content=\"2023-03-28T15:48:51+00:00\" \/>\n<meta property=\"og:image\" content=\"https:\/\/i0.wp.com\/loshopdicamilla.net\/wp-content\/uploads\/2021\/05\/orphea-ricarica-liquida.png?fit=1200%2C1200&ssl=1\" \/>\n\t<meta property=\"og:image:width\" content=\"1200\" \/>\n\t<meta property=\"og:image:height\" content=\"1200\" \/>\n\t<meta property=\"og:image:type\" content=\"image\/png\" \/>\n<meta name=\"twitter:card\" content=\"summary_large_image\" \/>\n<meta name=\"twitter:label1\" content=\"Tempo di lettura stimato\" \/>\n\t<meta name=\"twitter:data1\" content=\"4 minuti\" \/>\n<script type=\"application\/ld+json\" class=\"yoast-schema-graph\">{\"@context\":\"https:\/\/schema.org\",\"@graph\":[{\"@type\":\"WebPage\",\"@id\":\"https:\/\/loshopdicamilla.net\/it\/prodotto\/orphea-ricarica-liquida-protezione-zanzare\/\",\"url\":\"https:\/\/loshopdicamilla.net\/it\/prodotto\/orphea-ricarica-liquida-protezione-zanzare\/\",\"name\":\"Orphea Ricarica Liquida Protezione Zanzare - Lo Shop di Camilla\",\"isPartOf\":{\"@id\":\"https:\/\/loshopdicamilla.net\/it\/#website\"},\"primaryImageOfPage\":{\"@id\":\"https:\/\/loshopdicamilla.net\/it\/prodotto\/orphea-ricarica-liquida-protezione-zanzare\/#primaryimage\"},\"image\":{\"@id\":\"https:\/\/loshopdicamilla.net\/it\/prodotto\/orphea-ricarica-liquida-protezione-zanzare\/#primaryimage\"},\"thumbnailUrl\":\"https:\/\/i0.wp.com\/loshopdicamilla.net\/wp-content\/uploads\/2021\/05\/orphea-ricarica-liquida.png?fit=1200%2C1200&ssl=1\",\"datePublished\":\"2021-05-22T16:31:27+00:00\",\"dateModified\":\"2023-03-28T15:48:51+00:00\",\"description\":\"Orphea Ricarica Liquida Protezione Zanzare \u00e8 la ricarica da 30 ml per l'emanatore elettrico Orphea Protezione Casa. Scopri di pi\u00f9.\",\"breadcrumb\":{\"@id\":\"https:\/\/loshopdicamilla.net\/it\/prodotto\/orphea-ricarica-liquida-protezione-zanzare\/#breadcrumb\"},\"inLanguage\":\"it-IT\",\"potentialAction\":[{\"@type\":\"ReadAction\",\"target\":[\"https:\/\/loshopdicamilla.net\/it\/prodotto\/orphea-ricarica-liquida-protezione-zanzare\/\"]}]},{\"@type\":\"ImageObject\",\"inLanguage\":\"it-IT\",\"@id\":\"https:\/\/loshopdicamilla.net\/it\/prodotto\/orphea-ricarica-liquida-protezione-zanzare\/#primaryimage\",\"url\":\"https:\/\/i0.wp.com\/loshopdicamilla.net\/wp-content\/uploads\/2021\/05\/orphea-ricarica-liquida.png?fit=1200%2C1200&ssl=1\",\"contentUrl\":\"https:\/\/i0.wp.com\/loshopdicamilla.net\/wp-content\/uploads\/2021\/05\/orphea-ricarica-liquida.png?fit=1200%2C1200&ssl=1\",\"width\":1200,\"height\":1200,\"caption\":\"Orphea Ricarica Liquida Protezione Zanzare\"},{\"@type\":\"BreadcrumbList\",\"@id\":\"https:\/\/loshopdicamilla.net\/it\/prodotto\/orphea-ricarica-liquida-protezione-zanzare\/#breadcrumb\",\"itemListElement\":[{\"@type\":\"ListItem\",\"position\":1,\"name\":\"Home\",\"item\":\"https:\/\/loshopdicamilla.net\/it\/\"},{\"@type\":\"ListItem\",\"position\":2,\"name\":\"Shop\",\"item\":\"https:\/\/loshopdicamilla.net\/it\/negozio\/\"},{\"@type\":\"ListItem\",\"position\":3,\"name\":\"Orphea Ricarica Liquida Protezione Zanzare\"}]},{\"@type\":\"WebSite\",\"@id\":\"https:\/\/loshopdicamilla.net\/it\/#website\",\"url\":\"https:\/\/loshopdicamilla.net\/it\/\",\"name\":\"Lo Shop di Camilla\",\"description\":\"Idee Originalit\u00e0 Simpatia\",\"potentialAction\":[{\"@type\":\"SearchAction\",\"target\":{\"@type\":\"EntryPoint\",\"urlTemplate\":\"https:\/\/loshopdicamilla.net\/it\/?s={search_term_string}\"},\"query-input\":{\"@type\":\"PropertyValueSpecification\",\"valueRequired\":true,\"valueName\":\"search_term_string\"}}],\"inLanguage\":\"it-IT\"}]}<\/script>\n<!-- \/ Yoast SEO plugin. -->","yoast_head_json":{"title":"Orphea Ricarica Liquida Protezione Zanzare - Lo Shop di Camilla","description":"Orphea Ricarica Liquida Protezione Zanzare \u00e8 la ricarica da 30 ml per l'emanatore elettrico Orphea Protezione Casa. Scopri di pi\u00f9.","robots":{"index":"index","follow":"follow","max-snippet":"max-snippet:-1","max-image-preview":"max-image-preview:large","max-video-preview":"max-video-preview:-1"},"canonical":"https:\/\/loshopdicamilla.net\/it\/prodotto\/orphea-ricarica-liquida-protezione-zanzare\/","og_locale":"it_IT","og_type":"article","og_title":"Orphea Ricarica Liquida Protezione Zanzare - Lo Shop di Camilla","og_description":"Orphea Ricarica Liquida Protezione Zanzare \u00e8 la ricarica da 30 ml per l'emanatore elettrico Orphea Protezione Casa. Scopri di pi\u00f9.","og_url":"https:\/\/loshopdicamilla.net\/it\/prodotto\/orphea-ricarica-liquida-protezione-zanzare\/","og_site_name":"Lo Shop di Camilla","article_modified_time":"2023-03-28T15:48:51+00:00","og_image":[{"width":1200,"height":1200,"url":"https:\/\/i0.wp.com\/loshopdicamilla.net\/wp-content\/uploads\/2021\/05\/orphea-ricarica-liquida.png?fit=1200%2C1200&ssl=1","type":"image\/png"}],"twitter_card":"summary_large_image","twitter_misc":{"Tempo di lettura stimato":"4 minuti"},"schema":{"@context":"https:\/\/schema.org","@graph":[{"@type":"WebPage","@id":"https:\/\/loshopdicamilla.net\/it\/prodotto\/orphea-ricarica-liquida-protezione-zanzare\/","url":"https:\/\/loshopdicamilla.net\/it\/prodotto\/orphea-ricarica-liquida-protezione-zanzare\/","name":"Orphea Ricarica Liquida Protezione Zanzare - Lo Shop di Camilla","isPartOf":{"@id":"https:\/\/loshopdicamilla.net\/it\/#website"},"primaryImageOfPage":{"@id":"https:\/\/loshopdicamilla.net\/it\/prodotto\/orphea-ricarica-liquida-protezione-zanzare\/#primaryimage"},"image":{"@id":"https:\/\/loshopdicamilla.net\/it\/prodotto\/orphea-ricarica-liquida-protezione-zanzare\/#primaryimage"},"thumbnailUrl":"https:\/\/i0.wp.com\/loshopdicamilla.net\/wp-content\/uploads\/2021\/05\/orphea-ricarica-liquida.png?fit=1200%2C1200&ssl=1","datePublished":"2021-05-22T16:31:27+00:00","dateModified":"2023-03-28T15:48:51+00:00","description":"Orphea Ricarica Liquida Protezione Zanzare \u00e8 la ricarica da 30 ml per l'emanatore elettrico Orphea Protezione Casa. Scopri di pi\u00f9.","breadcrumb":{"@id":"https:\/\/loshopdicamilla.net\/it\/prodotto\/orphea-ricarica-liquida-protezione-zanzare\/#breadcrumb"},"inLanguage":"it-IT","potentialAction":[{"@type":"ReadAction","target":["https:\/\/loshopdicamilla.net\/it\/prodotto\/orphea-ricarica-liquida-protezione-zanzare\/"]}]},{"@type":"ImageObject","inLanguage":"it-IT","@id":"https:\/\/loshopdicamilla.net\/it\/prodotto\/orphea-ricarica-liquida-protezione-zanzare\/#primaryimage","url":"https:\/\/i0.wp.com\/loshopdicamilla.net\/wp-content\/uploads\/2021\/05\/orphea-ricarica-liquida.png?fit=1200%2C1200&ssl=1","contentUrl":"https:\/\/i0.wp.com\/loshopdicamilla.net\/wp-content\/uploads\/2021\/05\/orphea-ricarica-liquida.png?fit=1200%2C1200&ssl=1","width":1200,"height":1200,"caption":"Orphea Ricarica Liquida Protezione Zanzare"},{"@type":"BreadcrumbList","@id":"https:\/\/loshopdicamilla.net\/it\/prodotto\/orphea-ricarica-liquida-protezione-zanzare\/#breadcrumb","itemListElement":[{"@type":"ListItem","position":1,"name":"Home","item":"https:\/\/loshopdicamilla.net\/it\/"},{"@type":"ListItem","position":2,"name":"Shop","item":"https:\/\/loshopdicamilla.net\/it\/negozio\/"},{"@type":"ListItem","position":3,"name":"Orphea Ricarica Liquida Protezione Zanzare"}]},{"@type":"WebSite","@id":"https:\/\/loshopdicamilla.net\/it\/#website","url":"https:\/\/loshopdicamilla.net\/it\/","name":"Lo Shop di Camilla","description":"Idee Originalit\u00e0 Simpatia","potentialAction":[{"@type":"SearchAction","target":{"@type":"EntryPoint","urlTemplate":"https:\/\/loshopdicamilla.net\/it\/?s={search_term_string}"},"query-input":{"@type":"PropertyValueSpecification","valueRequired":true,"valueName":"search_term_string"}}],"inLanguage":"it-IT"}]}},"jetpack-related-posts":[],"jetpack_sharing_enabled":true,"_links":{"self":[{"href":"https:\/\/loshopdicamilla.net\/it\/wp-json\/wp\/v2\/product\/1181","targetHints":{"allow":["GET"]}}],"collection":[{"href":"https:\/\/loshopdicamilla.net\/it\/wp-json\/wp\/v2\/product"}],"about":[{"href":"https:\/\/loshopdicamilla.net\/it\/wp-json\/wp\/v2\/types\/product"}],"replies":[{"embeddable":true,"href":"https:\/\/loshopdicamilla.net\/it\/wp-json\/wp\/v2\/comments?post=1181"}],"wp:featuredmedia":[{"embeddable":true,"href":"https:\/\/loshopdicamilla.net\/it\/wp-json\/wp\/v2\/media\/1190"}],"wp:attachment":[{"href":"https:\/\/loshopdicamilla.net\/it\/wp-json\/wp\/v2\/media?parent=1181"}],"wp:term":[{"taxonomy":"product_brand","embeddable":true,"href":"https:\/\/loshopdicamilla.net\/it\/wp-json\/wp\/v2\/product_brand?post=1181"},{"taxonomy":"product_cat","embeddable":true,"href":"https:\/\/loshopdicamilla.net\/it\/wp-json\/wp\/v2\/product_cat?post=1181"},{"taxonomy":"product_tag","embeddable":true,"href":"https:\/\/loshopdicamilla.net\/it\/wp-json\/wp\/v2\/product_tag?post=1181"}],"curies":[{"name":"wp","href":"https:\/\/api.w.org\/{rel}","templated":true}]}}