{"id":1137,"date":"2021-05-20T20:02:40","date_gmt":"2021-05-20T20:02:40","guid":{"rendered":"https:\/\/loshopdicamilla.net\/?post_type=product&#038;p=1137"},"modified":"2023-12-16T17:38:51","modified_gmt":"2023-12-16T17:38:51","slug":"orphea-detersivo-delicati-fiori-double-pack","status":"publish","type":"product","link":"https:\/\/loshopdicamilla.net\/it\/prodotto\/orphea-detersivo-delicati-fiori-double-pack\/","title":{"rendered":"Orphea Detersivo Delicati Fiori Double Pack"},"content":{"rendered":"<div class=\"form-horizontal\">\n<div class=\"form-group\">\n<div><strong>Orphea Detersivo Delicati Fiori Double Pack<\/strong> \u00e8 l&#8217;offerta risparmio di <strong>Lo Shop di Camilla<\/strong>.<\/div>\n<div><\/div>\n<div class=\"col-md-12\">Dalla lunga esperienza di <strong>Orphea Salvalana<\/strong> nel profumare e proteggere i tessuti nasce il detersivo lana e delicati per prendersi cura delle fibre pregiate e naturali (lana, cachemire, cotone, lino, seta, mohair) lavaggio dopo lavaggio, mantenendo l&#8217;originale bellezza e i capi come nuovi. L&#8217;innovativa formula <strong>SalvaFibre<\/strong> nutre e rafforza le fibre, previene l&#8217;infeltrimento e la formazione di lanuggine e pallini, preserva i colori, ravviva la morbidezza. L&#8217;estratto di pappa reale, dalle note propriet\u00e0 nutrienti, penetra in profondit\u00e0 nei tessuti e li rinvigorisce. Le proteine di cachemire distendono e mantengono elastiche e inalterate le fibre nel tempo. I detergenti di origine vegetale svolgono un&#8217;azione igienizzante a basse temperature per un lavaggio delicato ed efficace che preserva i capi dall&#8217;usura. La ricercata <strong>fragranza Fiori Orphea<\/strong>, creata in collaborazione con i migliori maestri profumieri, avvolge i capi in una fresca e raffinata essenza floreale che profuma a lungo il bucato.<\/div>\n<\/div>\n<\/div>\n<div class=\"form-horizontal\">\n<div class=\"form-group\">\n<h3 class=\"col-md-12\"><strong>L&#8217;impegno di Orphea per l&#8217;ambiente<\/strong><\/h3>\n<h3><span style=\"color: #666666; font-size: 14px;\">Ogni prodotto <strong>Orphea<\/strong> nasce nel rispetto della natura e delle persone. Studio e ricerca dei migliori ingredienti e attivi vegetali, attenzione alla filiera, alla sostenibilit\u00e0 e riciclabilit\u00e0 dei materiali: questo \u00e8 il nostro impegno. Attivi di origine vegetale Ingredienti naturali nutrienti per le fibre Profumo con oli essenziali naturali Formula facilmente biodegradabile Confezione in plastica riciclata e 100% riciclabile Produzione a basse emissioni e recupero dei materiali<\/span><\/h3>\n<\/div>\n<div>\n<div class=\"col-md-12\">\n<h2><b>Orphea Detersivo Delicati Fiori Double Pack, caratteristiche:<\/b><\/h2>\n<\/div>\n<ul>\n<li class=\"col-md-12\">Prodotto eco sostenibile<\/li>\n<li class=\"col-md-12\">Con proteine nutrienti naturali di cachemire e pappa reale<\/li>\n<li class=\"col-md-12\">Con azione igienizzante<\/li>\n<li class=\"col-md-12\">Azione salvafibre<\/li>\n<li class=\"col-md-12\">100% Detergente di Origine vegetale<\/li>\n<li class=\"col-md-12\">Capi morbidi come nuovi<\/li>\n<li class=\"col-md-12\">Previene pallini e infeltrimento<\/li>\n<li class=\"col-md-12\">25 Lavaggi<\/li>\n<\/ul>\n<\/div>\n<\/div>\n<div>\n<div class=\"col-md-12\">\n<h3><b>Preparazione e uso<\/b><\/h3>\n<\/div>\n<div class=\"col-md-12\">Modo d&#8217;uso 1 tappo &#8211; 35ml In lavatrice 2-3 kg di bucato Durezza acqua: Dolce | Poco sporco: 30ml | Sporco medio: 45ml Durezza acqua: Media | Poco sporco: 30ml | Sporco medio: 60ml Durezza acqua: Dura | Poco sporco: 45ml | Sporco medio: 75ml Riempire la lavatrice per un terzo della sua capacit\u00e0. Selezionare il programma lana e delicati a temperatura massima di 30 \u00b0C, non centrifugare. Asciugare i capi in piano, lontano dal sole e da fonti di calore. A mano 30ml in 10 litri Sciogliere la dose consigliata in acqua fredda o tiepida. Immergere i capi per pochi minuti e premerli delicatamente con le mani. Risciacquare pi\u00f9 volte in acqua fredda senza strizzare.<\/div>\n<\/div>\n<div><\/div>\n<div>Formato: Due confezioni da 750 ml<\/div>\n<span class=\"et_bloom_bottom_trigger\"><\/span>","protected":false},"excerpt":{"rendered":"<div><strong>Orphea Detersivo Delicati Fiori Double Pack<\/strong> \u00e8 l&#8217;offerta risparmio di <strong>Lo Shop di Camilla<\/strong>.<\/div>\n<div><\/div>\n<div class=\"col-md-12\">Dalla lunga esperienza di <strong>Orphea Salvalana<\/strong> nel profumare e proteggere i tessuti nasce il detersivo lana e delicati per prendersi cura delle fibre pregiate e naturali (lana, cachemire, cotone, lino, seta, mohair) lavaggio dopo lavaggio, mantenendo l&#8217;originale bellezza e i capi come nuovi.<\/div>\n<div><\/div>\n<div>Formato: Due confezioni da 750 ml<\/div>\n","protected":false},"featured_media":1138,"comment_status":"open","ping_status":"closed","template":"","meta":{"_et_pb_use_builder":"","_et_pb_old_content":"","_et_gb_content_width":""},"product_brand":[],"product_cat":[24,29],"product_tag":[60,48],"class_list":{"0":"post-1137","1":"product","2":"type-product","3":"status-publish","4":"has-post-thumbnail","6":"product_cat-cura-della-casa","7":"product_cat-pulitori-specifici","8":"product_tag-multipack","9":"product_tag-orphea","10":"product_shipping_class-0-2-kg","11":"pa_google-merchant-category-353","13":"first","14":"instock","15":"sale","16":"taxable","17":"shipping-taxable","18":"purchasable","19":"product-type-simple"},"yoast_head":"<!-- This site is optimized with the Yoast SEO plugin v26.5 - https:\/\/yoast.com\/wordpress\/plugins\/seo\/ -->\n<title>Orphea Detersivo Delicati Fiori Double Pack - Lo Shop di Camilla<\/title>\n<meta name=\"description\" content=\"Orphea Detersivo Delicati Fiori Double Pack \u00e8 l&#039;offerta risparmio di Lo Shop di Camilla. Il meglio per i delicati, che profuma. Scopri di pi\u00f9\" \/>\n<meta name=\"robots\" content=\"index, follow, max-snippet:-1, max-image-preview:large, max-video-preview:-1\" \/>\n<link rel=\"canonical\" href=\"https:\/\/loshopdicamilla.net\/it\/prodotto\/orphea-detersivo-delicati-fiori-double-pack\/\" \/>\n<meta property=\"og:locale\" content=\"it_IT\" \/>\n<meta property=\"og:type\" content=\"article\" \/>\n<meta property=\"og:title\" content=\"Orphea Detersivo Delicati Fiori Double Pack - Lo Shop di Camilla\" \/>\n<meta property=\"og:description\" content=\"Orphea Detersivo Delicati Fiori Double Pack \u00e8 l&#039;offerta risparmio di Lo Shop di Camilla. Il meglio per i delicati, che profuma. Scopri di pi\u00f9\" \/>\n<meta property=\"og:url\" content=\"https:\/\/loshopdicamilla.net\/it\/prodotto\/orphea-detersivo-delicati-fiori-double-pack\/\" \/>\n<meta property=\"og:site_name\" content=\"Lo Shop di Camilla\" \/>\n<meta property=\"article:modified_time\" content=\"2023-12-16T17:38:51+00:00\" \/>\n<meta property=\"og:image\" content=\"https:\/\/i0.wp.com\/loshopdicamilla.net\/wp-content\/uploads\/2021\/05\/orehea-detersivo-delicati-biback.png?fit=1200%2C1200&ssl=1\" \/>\n\t<meta property=\"og:image:width\" content=\"1200\" \/>\n\t<meta property=\"og:image:height\" content=\"1200\" \/>\n\t<meta property=\"og:image:type\" content=\"image\/png\" \/>\n<meta name=\"twitter:card\" content=\"summary_large_image\" \/>\n<meta name=\"twitter:label1\" content=\"Tempo di lettura stimato\" \/>\n\t<meta name=\"twitter:data1\" content=\"3 minuti\" \/>\n<script type=\"application\/ld+json\" class=\"yoast-schema-graph\">{\"@context\":\"https:\/\/schema.org\",\"@graph\":[{\"@type\":\"WebPage\",\"@id\":\"https:\/\/loshopdicamilla.net\/it\/prodotto\/orphea-detersivo-delicati-fiori-double-pack\/\",\"url\":\"https:\/\/loshopdicamilla.net\/it\/prodotto\/orphea-detersivo-delicati-fiori-double-pack\/\",\"name\":\"Orphea Detersivo Delicati Fiori Double Pack - Lo Shop di Camilla\",\"isPartOf\":{\"@id\":\"https:\/\/loshopdicamilla.net\/it\/#website\"},\"primaryImageOfPage\":{\"@id\":\"https:\/\/loshopdicamilla.net\/it\/prodotto\/orphea-detersivo-delicati-fiori-double-pack\/#primaryimage\"},\"image\":{\"@id\":\"https:\/\/loshopdicamilla.net\/it\/prodotto\/orphea-detersivo-delicati-fiori-double-pack\/#primaryimage\"},\"thumbnailUrl\":\"https:\/\/i0.wp.com\/loshopdicamilla.net\/wp-content\/uploads\/2021\/05\/orehea-detersivo-delicati-biback.png?fit=1200%2C1200&ssl=1\",\"datePublished\":\"2021-05-20T20:02:40+00:00\",\"dateModified\":\"2023-12-16T17:38:51+00:00\",\"description\":\"Orphea Detersivo Delicati Fiori Double Pack \u00e8 l'offerta risparmio di Lo Shop di Camilla. Il meglio per i delicati, che profuma. Scopri di pi\u00f9\",\"breadcrumb\":{\"@id\":\"https:\/\/loshopdicamilla.net\/it\/prodotto\/orphea-detersivo-delicati-fiori-double-pack\/#breadcrumb\"},\"inLanguage\":\"it-IT\",\"potentialAction\":[{\"@type\":\"ReadAction\",\"target\":[\"https:\/\/loshopdicamilla.net\/it\/prodotto\/orphea-detersivo-delicati-fiori-double-pack\/\"]}]},{\"@type\":\"ImageObject\",\"inLanguage\":\"it-IT\",\"@id\":\"https:\/\/loshopdicamilla.net\/it\/prodotto\/orphea-detersivo-delicati-fiori-double-pack\/#primaryimage\",\"url\":\"https:\/\/i0.wp.com\/loshopdicamilla.net\/wp-content\/uploads\/2021\/05\/orehea-detersivo-delicati-biback.png?fit=1200%2C1200&ssl=1\",\"contentUrl\":\"https:\/\/i0.wp.com\/loshopdicamilla.net\/wp-content\/uploads\/2021\/05\/orehea-detersivo-delicati-biback.png?fit=1200%2C1200&ssl=1\",\"width\":1200,\"height\":1200,\"caption\":\"Orphea Detersivo Delicati Fiori Double Pack\"},{\"@type\":\"BreadcrumbList\",\"@id\":\"https:\/\/loshopdicamilla.net\/it\/prodotto\/orphea-detersivo-delicati-fiori-double-pack\/#breadcrumb\",\"itemListElement\":[{\"@type\":\"ListItem\",\"position\":1,\"name\":\"Home\",\"item\":\"https:\/\/loshopdicamilla.net\/it\/\"},{\"@type\":\"ListItem\",\"position\":2,\"name\":\"Shop\",\"item\":\"https:\/\/loshopdicamilla.net\/it\/negozio\/\"},{\"@type\":\"ListItem\",\"position\":3,\"name\":\"Orphea Detersivo Delicati Fiori Double Pack\"}]},{\"@type\":\"WebSite\",\"@id\":\"https:\/\/loshopdicamilla.net\/it\/#website\",\"url\":\"https:\/\/loshopdicamilla.net\/it\/\",\"name\":\"Lo Shop di Camilla\",\"description\":\"Idee Originalit\u00e0 Simpatia\",\"potentialAction\":[{\"@type\":\"SearchAction\",\"target\":{\"@type\":\"EntryPoint\",\"urlTemplate\":\"https:\/\/loshopdicamilla.net\/it\/?s={search_term_string}\"},\"query-input\":{\"@type\":\"PropertyValueSpecification\",\"valueRequired\":true,\"valueName\":\"search_term_string\"}}],\"inLanguage\":\"it-IT\"}]}<\/script>\n<!-- \/ Yoast SEO plugin. -->","yoast_head_json":{"title":"Orphea Detersivo Delicati Fiori Double Pack - Lo Shop di Camilla","description":"Orphea Detersivo Delicati Fiori Double Pack \u00e8 l'offerta risparmio di Lo Shop di Camilla. Il meglio per i delicati, che profuma. Scopri di pi\u00f9","robots":{"index":"index","follow":"follow","max-snippet":"max-snippet:-1","max-image-preview":"max-image-preview:large","max-video-preview":"max-video-preview:-1"},"canonical":"https:\/\/loshopdicamilla.net\/it\/prodotto\/orphea-detersivo-delicati-fiori-double-pack\/","og_locale":"it_IT","og_type":"article","og_title":"Orphea Detersivo Delicati Fiori Double Pack - Lo Shop di Camilla","og_description":"Orphea Detersivo Delicati Fiori Double Pack \u00e8 l'offerta risparmio di Lo Shop di Camilla. Il meglio per i delicati, che profuma. Scopri di pi\u00f9","og_url":"https:\/\/loshopdicamilla.net\/it\/prodotto\/orphea-detersivo-delicati-fiori-double-pack\/","og_site_name":"Lo Shop di Camilla","article_modified_time":"2023-12-16T17:38:51+00:00","og_image":[{"width":1200,"height":1200,"url":"https:\/\/i0.wp.com\/loshopdicamilla.net\/wp-content\/uploads\/2021\/05\/orehea-detersivo-delicati-biback.png?fit=1200%2C1200&ssl=1","type":"image\/png"}],"twitter_card":"summary_large_image","twitter_misc":{"Tempo di lettura stimato":"3 minuti"},"schema":{"@context":"https:\/\/schema.org","@graph":[{"@type":"WebPage","@id":"https:\/\/loshopdicamilla.net\/it\/prodotto\/orphea-detersivo-delicati-fiori-double-pack\/","url":"https:\/\/loshopdicamilla.net\/it\/prodotto\/orphea-detersivo-delicati-fiori-double-pack\/","name":"Orphea Detersivo Delicati Fiori Double Pack - Lo Shop di Camilla","isPartOf":{"@id":"https:\/\/loshopdicamilla.net\/it\/#website"},"primaryImageOfPage":{"@id":"https:\/\/loshopdicamilla.net\/it\/prodotto\/orphea-detersivo-delicati-fiori-double-pack\/#primaryimage"},"image":{"@id":"https:\/\/loshopdicamilla.net\/it\/prodotto\/orphea-detersivo-delicati-fiori-double-pack\/#primaryimage"},"thumbnailUrl":"https:\/\/i0.wp.com\/loshopdicamilla.net\/wp-content\/uploads\/2021\/05\/orehea-detersivo-delicati-biback.png?fit=1200%2C1200&ssl=1","datePublished":"2021-05-20T20:02:40+00:00","dateModified":"2023-12-16T17:38:51+00:00","description":"Orphea Detersivo Delicati Fiori Double Pack \u00e8 l'offerta risparmio di Lo Shop di Camilla. Il meglio per i delicati, che profuma. Scopri di pi\u00f9","breadcrumb":{"@id":"https:\/\/loshopdicamilla.net\/it\/prodotto\/orphea-detersivo-delicati-fiori-double-pack\/#breadcrumb"},"inLanguage":"it-IT","potentialAction":[{"@type":"ReadAction","target":["https:\/\/loshopdicamilla.net\/it\/prodotto\/orphea-detersivo-delicati-fiori-double-pack\/"]}]},{"@type":"ImageObject","inLanguage":"it-IT","@id":"https:\/\/loshopdicamilla.net\/it\/prodotto\/orphea-detersivo-delicati-fiori-double-pack\/#primaryimage","url":"https:\/\/i0.wp.com\/loshopdicamilla.net\/wp-content\/uploads\/2021\/05\/orehea-detersivo-delicati-biback.png?fit=1200%2C1200&ssl=1","contentUrl":"https:\/\/i0.wp.com\/loshopdicamilla.net\/wp-content\/uploads\/2021\/05\/orehea-detersivo-delicati-biback.png?fit=1200%2C1200&ssl=1","width":1200,"height":1200,"caption":"Orphea Detersivo Delicati Fiori Double Pack"},{"@type":"BreadcrumbList","@id":"https:\/\/loshopdicamilla.net\/it\/prodotto\/orphea-detersivo-delicati-fiori-double-pack\/#breadcrumb","itemListElement":[{"@type":"ListItem","position":1,"name":"Home","item":"https:\/\/loshopdicamilla.net\/it\/"},{"@type":"ListItem","position":2,"name":"Shop","item":"https:\/\/loshopdicamilla.net\/it\/negozio\/"},{"@type":"ListItem","position":3,"name":"Orphea Detersivo Delicati Fiori Double Pack"}]},{"@type":"WebSite","@id":"https:\/\/loshopdicamilla.net\/it\/#website","url":"https:\/\/loshopdicamilla.net\/it\/","name":"Lo Shop di Camilla","description":"Idee Originalit\u00e0 Simpatia","potentialAction":[{"@type":"SearchAction","target":{"@type":"EntryPoint","urlTemplate":"https:\/\/loshopdicamilla.net\/it\/?s={search_term_string}"},"query-input":{"@type":"PropertyValueSpecification","valueRequired":true,"valueName":"search_term_string"}}],"inLanguage":"it-IT"}]}},"jetpack-related-posts":[],"jetpack_sharing_enabled":true,"_links":{"self":[{"href":"https:\/\/loshopdicamilla.net\/it\/wp-json\/wp\/v2\/product\/1137","targetHints":{"allow":["GET"]}}],"collection":[{"href":"https:\/\/loshopdicamilla.net\/it\/wp-json\/wp\/v2\/product"}],"about":[{"href":"https:\/\/loshopdicamilla.net\/it\/wp-json\/wp\/v2\/types\/product"}],"replies":[{"embeddable":true,"href":"https:\/\/loshopdicamilla.net\/it\/wp-json\/wp\/v2\/comments?post=1137"}],"wp:featuredmedia":[{"embeddable":true,"href":"https:\/\/loshopdicamilla.net\/it\/wp-json\/wp\/v2\/media\/1138"}],"wp:attachment":[{"href":"https:\/\/loshopdicamilla.net\/it\/wp-json\/wp\/v2\/media?parent=1137"}],"wp:term":[{"taxonomy":"product_brand","embeddable":true,"href":"https:\/\/loshopdicamilla.net\/it\/wp-json\/wp\/v2\/product_brand?post=1137"},{"taxonomy":"product_cat","embeddable":true,"href":"https:\/\/loshopdicamilla.net\/it\/wp-json\/wp\/v2\/product_cat?post=1137"},{"taxonomy":"product_tag","embeddable":true,"href":"https:\/\/loshopdicamilla.net\/it\/wp-json\/wp\/v2\/product_tag?post=1137"}],"curies":[{"name":"wp","href":"https:\/\/api.w.org\/{rel}","templated":true}]}}