{"id":627,"date":"2021-05-02T21:01:27","date_gmt":"2021-05-02T21:01:27","guid":{"rendered":"https:\/\/loshopdicamilla.net\/?page_id=627"},"modified":"2026-02-01T21:48:22","modified_gmt":"2026-02-01T21:48:22","slug":"spedizione-consegna-e-recesso","status":"publish","type":"page","link":"https:\/\/loshopdicamilla.net\/it\/spedizione-consegna-e-recesso\/","title":{"rendered":"Spedizione, Consegna e Recesso"},"content":{"rendered":"<p>[et_pb_section fb_built=&#8221;1&#8243; _builder_version=&#8221;4.16&#8243; _module_preset=&#8221;default&#8221; global_colors_info=&#8221;{}&#8221;][et_pb_row _builder_version=&#8221;4.16&#8243; _module_preset=&#8221;default&#8221; global_colors_info=&#8221;{}&#8221;][et_pb_column type=&#8221;4_4&#8243; _builder_version=&#8221;4.16&#8243; _module_preset=&#8221;default&#8221; global_colors_info=&#8221;{}&#8221;][et_pb_text _builder_version=&#8221;4.27.5&#8243; _module_preset=&#8221;default&#8221; hover_enabled=&#8221;0&#8243; global_colors_info=&#8221;{}&#8221; header_font=&#8221;Poppins||||||||&#8221; text_font=&#8221;Poppins||||||||&#8221; sticky_enabled=&#8221;0&#8243;]<\/p>\n<h2 style=\"text-align: center;\"><strong>Spedizione, Consegna e Recesso<\/strong><\/h2>\n<p>[\/et_pb_text][et_pb_text _builder_version=&#8221;4.27.5&#8243; _module_preset=&#8221;default&#8221; hover_enabled=&#8221;0&#8243; global_colors_info=&#8221;{}&#8221; header_font=&#8221;Poppins||||||||&#8221; text_font=&#8221;Poppins||||||||&#8221; text_orientation=&#8221;justified&#8221; sticky_enabled=&#8221;0&#8243;]<\/p>\n<h3><strong>Imballaggio della merce<\/strong><\/h3>\n<p><strong>Lo Shop di Camilla<\/strong><span>\u00a0<\/span>garantisce la massima cura e professionalit\u00e0 nell\u2019imballaggio dei prodotti, garantendo il minimo rischio di ricevere la merce danneggiata.<span>\u00a0<\/span><strong>Lo Shop di Camilla<\/strong>, nell\u2019intento principale di preservare l\u2019ambiente evitando sprechi inutili, utilizzer\u00e0 per la spedizione dei propri prodotti cartoni riciclati e\/o usati. Questo permetter\u00e0 a<span>\u00a0<\/span><strong>Lo Shop di Camilla<\/strong><span>\u00a0<\/span>tra le altre cose di contenere i costi, favorendo l\u2019applicazione di prezzi ulteriormente competitivi per i propri clienti. Per questo, fatto salvo il confezionamento di particolari articoli, nessun costo \u00e8 addebitato ai clienti di<span>\u00a0<\/span><strong>Lo Shop di Camilla<\/strong><span>\u00a0<\/span>per l\u2019imballaggio dei prodotti.<\/p>\n<p>&nbsp;<\/p>\n<h3><strong>Tracking della spedizione<\/strong><\/h3>\n<p>Tutti i Clienti registrati che acquistano su<span>\u00a0<\/span><strong>Lo Shop di Camilla<\/strong><span>\u00a0<\/span>saranno avvisati per e-mail dell\u2019avvenuta spedizione della merce e verr\u00e0 indicato loro il codice necessario a monitorare la spedizione sul sito internet del corriere utilizzato per la spedizione.<\/p>\n<p>&nbsp;<\/p>\n<h3><strong>Corrieri<\/strong><\/h3>\n<p>La scelta del corriere utilizzato per la spedizione della merce viene effettuata in base al peso dei prodotti acquistati e alla localit\u00e0 di destinazione della merce, dal Cliente durante l\u2019ordine e in seguito da Lo Shop di Camilla. La preferenza espressa dal Cliente, fermo restando il costo correlato, non \u00e8 vincolante per<span>\u00a0<\/span><strong>Lo Shop di Camilla<\/strong><span>\u00a0<\/span>che, nell\u2019unico interesse del cliente e per la qualit\u00e0 del servizio, potr\u00e0 decidere di affidare la spedizione della merce ad un corriere di sua scelta. Il cambio del corriere rispetto alla preferenza espressa dal Cliente non comporta in alcun caso costi aggiuntivi per quest\u2019ultimo. Le spese di spedizione verranno addebitate al Cliente come specificato nell\u2019ordine e fatti salvi i casi e\/o gli articoli per i quali<span>\u00a0<\/span><strong>Lo Shop di Camilla<\/strong><span>\u00a0<\/span>decide di offrire gratuitamente il servizio di consegna e spedizione. Nel caso in cui il trasportatore assuma incarico a qualsiasi titolo direttamente dal Cliente,<span>\u00a0<\/span><strong>Lo Shop di Camilla<span>\u00a0<\/span><\/strong>non sar\u00e0 responsabile della perdita e\/o danneggiamento e\/o avaria della merce fin dal momento della consegna della merce al vettore presso i nostri magazzini.<\/p>\n<p>&nbsp;<\/p>\n<h3><strong>Tempi previsti per la Consegna<\/strong><\/h3>\n<p>Le consegne della merce avvengono normalmente entro 3 giorni massimo (sabato, domenica e festivi esclusi) dalla data di spedizione della merce, che potr\u00e0 avvenire non appena l\u2019ordine sar\u00e0 approntato. Se la merce \u00e8 disponibile a magazzino, l\u2019ordine viene preparato per la spedizione in 24\/48 ore massimo a partire dalla comunicazione di avvenuto pagamento. I tempi di consegna potranno subire variazioni per causa di forza maggiore, a causa delle condizioni particolari di traffico e viabilit\u00e0 in generale, per atto delle Autorit\u00e0. Eventuali ritardi nella consegna, se noti a<span>\u00a0<\/span><strong>Lo Shop di Camilla<\/strong>, verranno comunque prontamente comunicati.<\/p>\n<p>Elementi che influiscono sui tempi di consegna sono il peso complessivo della merce, la tipologia della merce ordinata, il tipo di spedizione prescelto e la localit\u00e0 di destinazione. In fase di definizione della procedura di ordine \u00e8 possibile scegliere il corriere preferito: come gi\u00e0 evidenziato tale preferenza verr\u00e0 rispettata ma non sar\u00e0 vincolante per<span>\u00a0<\/span><strong>Lo Shop di Camilla<\/strong>.<\/p>\n<p>Ritardi durante la consegna della merce possono verificarsi per molteplici motivi, primo tra tutti le indicazioni insufficienti o poco accurate sull\u2019indirizzo di destinazione della merce e\/o la mancanza di un recapito telefonico da fornire al corriere per facilitare la consegna della merce e le comunicazioni in caso di difficolt\u00e0 da parte del trasportatore. Lo Shop di Camilla e il suo servizio di Customer Care sar\u00e0 comunque sempre a disposizione del cliente per interpretarne le esigenze e necessit\u00e0 e per accoglierne i consigli.<\/p>\n<p>&nbsp;<\/p>\n<h3><strong>Spedizioni Internazionali<\/strong><\/h3>\n<p><strong>Lo Shop di Camilla<\/strong><span>\u00a0<\/span>offre per i propri clienti un servizio di Spedizione Internazionale attraverso l\u2019impiego dei migliori corrieri. Il servizio di spedizioni internazionali non raggiunge tutti i paesi del Mondo ma soltanto le localit\u00e0 indicate pi\u00f9 sotto. E\u2019 possibile che la spedizione di alcuni prodotti, a causa della fragilit\u00e0 (acquari, vasche in vetro), del peso (sassi, sale marino, sabbia), dell\u2019ingombro (mobili per acquari), risulti impossibile, particolarmente complessa e\/o costosa e comunque non consenta a Lo Shop di Camilla di garantire una consegna della merce in sicurezza e integrit\u00e0: in questi casi Lo Shop di Camilla potr\u00e0 annullare l\u2019ordine informando tempestivamente il Cliente e rimborsando tutte le somme da questi eventualmente corrisposte per l\u2019acquisto della merce. Per accertarsi della disponibilt\u00e0 del servizio consigliamo pertanto al cliente internazionale di prendere contatto anche via mail col notro Customer Care prima di effettuare l\u2019acquisto se relativo a prodotti con le caratterisctiche su indicate.<\/p>\n<p>I paesi raggiunti dal servizio al momento sono:<\/p>\n<ul>\n<li>tutti i Paesi dell\u2019Unione Europea<\/li>\n<li>Albania, Turchia, Serbia, USA, Canada<\/li>\n<\/ul>\n<p>&nbsp;<\/p>\n<h3><strong>Costi di Spedizione<\/strong><\/h3>\n<p>I costi di spedizione dipendono dal corriere scelto per il trasporto e sono determinati in modo variabile a scaglioni di peso. Il calcolo del costo di spedizione non dipende soltanto dal peso di fabbrica dei prodotti acquistati ma anche dall\u2019ingombro volumetrico della confezione di spedizione. Pertanto il peso indicato in corrispondenza dei vari prodotti in vendita sul sito deve essere considerato come peso di spedizione e non come peso di fabbrica. La combinazione dei fattori descritti determina il costo della spedizione. I costi relativi a particolari articoli (particolarmente pesanti e\/o voluminosi e\/o fragili) e\/o a particolari destinazioni (Es: localit\u00e0 disagiate, trasporti internazionali, ecc.) potranno seguire regole differenti rispetto a quelle qui descritte.<\/p>\n<p>Spedizioni che superano i 30 kg e\/o particolarmente voluminose: verranno determinate con le medesime modalit\u00e0 descritte sopra. Qualora dovessero sorgere difficolt\u00e0 particolari tali da non consentire a Lo Shop di Camilla<span>\u00a0\u00a0<\/span>di concludere il servizio di consegna con i previsti standard qualitativi e\/o temporali, sar\u00e0 cura di Lo Shop di Camilla di contattare prontamente il cliente per illustrare il problema sorto e concordare la migliore soluzione suo gradimento.<\/p>\n<p><strong>Spedizioni internazionali:<\/strong><span>\u00a0<\/span>Lo Shop di Camilla offre ai propri clienti un servizio di Spedizione Internazionali con i migliori corrieri. Il servizio di spedizioni internazionali non raggiunge tutti i paesi del Mndo ma soltanto le localit\u00e0 indicate nell\u2019apposita sezione della presente area. I costi di spedizione sono determinati in modo analogo a quelli delle spedizioni nazionali; variano le tariffe e gli scaglioni di peso anche in base alla localit\u00e0 di destinazione della merce. Qualora il costo della spedizione dovesse risultare particolarmente oneroso per il Cliente Lo Shop di Camilla potr\u00e0 annullare l\u2019ordine avvisando prontamente il Cliente delle problematiche sorte.<\/p>\n<p>&nbsp;<\/p>\n<p>Tempi di Consegna: 3 giorni, esclusi il sabato e i giorni festivi.<\/p>\n<p>&nbsp;<\/p>\n<h3><strong>Offerta Spedizione Gratuita<\/strong><\/h3>\n<p>Le condizioni commerciali fissate di volta in volta da Lo Shop di Camilla possono prevedere l\u2019offerta della spedizione gratuita per tutte le spedizioni che superano la somma fissata dalla promozione in corso e comunicata con appositi banner pubblicitari pubblicati sul sito internet. \u00c8 possibile che le promozioni in corso relative alla spedizione della merce non comprendano alcuni articoli la cui spedizione risulta essere particolarmente complessa e\/o costosa. Per questi casi verr\u00e0 data apposita comunicazione.<\/p>\n<p>Fatta salva espressa indicazione contraria la spedizione gratuita non \u00e8 prevista per le Spedizioni Internazionali; gli ordini effettuati in disaccordo con questa previsione verranno annullati da<span>\u00a0<\/span><strong>Lo Shop di Camilla<\/strong><span>\u00a0<\/span>a meno che il Cliente decida di integrare l\u2019eventuale pagamento effettuato con le necessarie spese di spedizione.<\/p>\n<p>&nbsp;<\/p>\n<h2><strong>Recesso e Restituzione della Merce<\/strong><\/h2>\n<p>Come indicato pi\u00f9 in generale nelle<span>\u00a0<\/span><strong><a href=\"https:\/\/www.loshopdicamilla.net\/it\/content\/3-termini-e-condizioni-di-uso\" target=\"_blank\" rel=\"noopener\">Condizioni Generali di Vendita<\/a>, il Cliente pu\u00f2 sempre recedere dal contratto con le modalit\u00e0 e nei termini previsti dal Capo 1 del Nuovo Codice del Consumo<\/strong>: il Cliente che ha acquistato sul sito internet<span>\u00a0<\/span><strong>www.loshopdicamilla.net<\/strong>, ai sensi della vigente normativa ha diritto al recesso senza alcuna motivazione, entro 14 giorni. Tale scadenza decorre in linea di principio dal giorno in cui il cliente o un terzo, diverso dal vettore e designato dal cliente stesso, acquisisce il possesso fisico dei beni.<\/p>\n<p>Per esercitare il diritto di recesso \u00e8 necessario informare<span>\u00a0<\/span><strong>Lo Shop di Camilla<\/strong>, entro 14 giorni di calendario dal ricevimento della merce, dell\u2019intenzione di recedere dal contratto. Tale scadenza decorre in linea di principio dal giorno in cui il cliente o un terzo, diverso dal vettore e designato dal cliente stesso, acquisisce il possesso fisico dei beni.<\/p>\n<p>Per agevolare al massimo il Cliente e in deroga alle disposizioni di legge riportate sopra,\u00a0<strong>www.loshopdicamilla.net ha esteso a 30 giorni<\/strong>\u00a0il diritto alla restituzione dei prodotti\u00a0acquistati sul Sito.<\/p>\n<p>Per esercitare il diritto di recesso \u00e8 necessario\u00a0<strong>informare Lo Shop di Camilla,\u00a0entro 30\u00a0giorni<\/strong>\u00a0di calendario dal ricevimento della merce, dell\u2019intenzione di recedere dal contratto. Da quella data il Cliente ha 14 giorni di tempo per restituire gli articoli per i quali si intende esercitare tale diritto, compilando l\u2019apposito\u00a0Modulo di Recesso\u00a0(per qualunque difficolt\u00e0 legata al recesso potete contattate il nostro servizio di assistenza clienti).<\/p>\n<p>Il diritto di recesso decade totalmente qualora il prodotto restituito non sia integro, ovvero in caso di:<\/p>\n<ul>\n<li>mancanza dell\u2019imballo originale<\/li>\n<li>assenza di elementi integranti del prodotto (accessori, cavi, manuali d\u2019istruzione etc)<\/li>\n<li>danneggiamento del prodotto per cause diverse dal trasporto.<\/li>\n<\/ul>\n<p><strong>Lo Shop di Camilla<\/strong><span>\u00a0<\/span>proceder\u00e0 alla trasmissione dell\u2019ordine di riaccredito relativo al costo della merce spedita entro 15 giorni.<\/p>\n<p><strong>Lo Shop di Camilla<\/strong><span>\u00a0<\/span>respinger\u00e0 conseguentemente qualsiasi prodotto restituito non imballato, cos\u00ec come i prodotti per i quali non siano state integralmente gi\u00e0 pagate dal Cliente le spese di restituzione.<\/p>\n<p>[\/et_pb_text][\/et_pb_column][\/et_pb_row][\/et_pb_section]<\/p>\n<span class=\"et_bloom_bottom_trigger\"><\/span>","protected":false},"excerpt":{"rendered":"<p>Spedizione, Consegna e RecessoImballaggio della merce Lo Shop di Camilla\u00a0garantisce la massima cura e professionalit\u00e0 nell\u2019imballaggio dei prodotti, garantendo il minimo rischio di ricevere la merce danneggiata.\u00a0Lo Shop di Camilla, nell\u2019intento principale di preservare l\u2019ambiente evitando sprechi inutili, utilizzer\u00e0 per la spedizione dei propri prodotti cartoni riciclati e\/o usati. Questo permetter\u00e0 a\u00a0Lo Shop di Camilla\u00a0tra [&hellip;]<\/p>\n","protected":false},"author":2,"featured_media":0,"parent":0,"menu_order":0,"comment_status":"closed","ping_status":"closed","template":"","meta":{"_et_pb_use_builder":"on","_et_pb_old_content":"","_et_gb_content_width":"","footnotes":""},"class_list":["post-627","page","type-page","status-publish","hentry"],"yoast_head":"<!-- This site is optimized with the Yoast SEO plugin v26.5 - https:\/\/yoast.com\/wordpress\/plugins\/seo\/ -->\n<title>Spedizione, Consegna e Recesso - Lo Shop di Camilla<\/title>\n<meta name=\"description\" content=\"Spedizione, Consegna e Recesso: le istruzioni e il regolamento completo dello Shop di Camilla. Leggi di pi\u00f9.\" \/>\n<meta name=\"robots\" content=\"index, follow, max-snippet:-1, max-image-preview:large, max-video-preview:-1\" \/>\n<link rel=\"canonical\" href=\"https:\/\/loshopdicamilla.net\/it\/spedizione-consegna-e-recesso\/\" \/>\n<meta property=\"og:locale\" content=\"it_IT\" \/>\n<meta property=\"og:type\" content=\"article\" \/>\n<meta property=\"og:title\" content=\"Spedizione, Consegna e Recesso - Lo Shop di Camilla\" \/>\n<meta property=\"og:description\" content=\"Spedizione, Consegna e Recesso: le istruzioni e il regolamento completo dello Shop di Camilla. Leggi di pi\u00f9.\" \/>\n<meta property=\"og:url\" content=\"https:\/\/loshopdicamilla.net\/it\/spedizione-consegna-e-recesso\/\" \/>\n<meta property=\"og:site_name\" content=\"Lo Shop di Camilla\" \/>\n<meta property=\"article:modified_time\" content=\"2026-02-01T21:48:22+00:00\" \/>\n<meta name=\"twitter:card\" content=\"summary_large_image\" \/>\n<meta name=\"twitter:label1\" content=\"Tempo di lettura stimato\" \/>\n\t<meta name=\"twitter:data1\" content=\"7 minuti\" \/>\n<script type=\"application\/ld+json\" class=\"yoast-schema-graph\">{\"@context\":\"https:\/\/schema.org\",\"@graph\":[{\"@type\":\"WebPage\",\"@id\":\"https:\/\/loshopdicamilla.net\/it\/spedizione-consegna-e-recesso\/\",\"url\":\"https:\/\/loshopdicamilla.net\/it\/spedizione-consegna-e-recesso\/\",\"name\":\"Spedizione, Consegna e Recesso - Lo Shop di Camilla\",\"isPartOf\":{\"@id\":\"https:\/\/loshopdicamilla.net\/it\/#website\"},\"datePublished\":\"2021-05-02T21:01:27+00:00\",\"dateModified\":\"2026-02-01T21:48:22+00:00\",\"description\":\"Spedizione, Consegna e Recesso: le istruzioni e il regolamento completo dello Shop di Camilla. Leggi di pi\u00f9.\",\"breadcrumb\":{\"@id\":\"https:\/\/loshopdicamilla.net\/it\/spedizione-consegna-e-recesso\/#breadcrumb\"},\"inLanguage\":\"it-IT\",\"potentialAction\":[{\"@type\":\"ReadAction\",\"target\":[\"https:\/\/loshopdicamilla.net\/it\/spedizione-consegna-e-recesso\/\"]}]},{\"@type\":\"BreadcrumbList\",\"@id\":\"https:\/\/loshopdicamilla.net\/it\/spedizione-consegna-e-recesso\/#breadcrumb\",\"itemListElement\":[{\"@type\":\"ListItem\",\"position\":1,\"name\":\"Home\",\"item\":\"https:\/\/loshopdicamilla.net\/it\/\"},{\"@type\":\"ListItem\",\"position\":2,\"name\":\"Spedizione, Consegna e Recesso\"}]},{\"@type\":\"WebSite\",\"@id\":\"https:\/\/loshopdicamilla.net\/it\/#website\",\"url\":\"https:\/\/loshopdicamilla.net\/it\/\",\"name\":\"Lo Shop di Camilla\",\"description\":\"Idee Originalit\u00e0 Simpatia\",\"potentialAction\":[{\"@type\":\"SearchAction\",\"target\":{\"@type\":\"EntryPoint\",\"urlTemplate\":\"https:\/\/loshopdicamilla.net\/it\/?s={search_term_string}\"},\"query-input\":{\"@type\":\"PropertyValueSpecification\",\"valueRequired\":true,\"valueName\":\"search_term_string\"}}],\"inLanguage\":\"it-IT\"}]}<\/script>\n<!-- \/ Yoast SEO plugin. -->","yoast_head_json":{"title":"Spedizione, Consegna e Recesso - Lo Shop di Camilla","description":"Spedizione, Consegna e Recesso: le istruzioni e il regolamento completo dello Shop di Camilla. Leggi di pi\u00f9.","robots":{"index":"index","follow":"follow","max-snippet":"max-snippet:-1","max-image-preview":"max-image-preview:large","max-video-preview":"max-video-preview:-1"},"canonical":"https:\/\/loshopdicamilla.net\/it\/spedizione-consegna-e-recesso\/","og_locale":"it_IT","og_type":"article","og_title":"Spedizione, Consegna e Recesso - Lo Shop di Camilla","og_description":"Spedizione, Consegna e Recesso: le istruzioni e il regolamento completo dello Shop di Camilla. Leggi di pi\u00f9.","og_url":"https:\/\/loshopdicamilla.net\/it\/spedizione-consegna-e-recesso\/","og_site_name":"Lo Shop di Camilla","article_modified_time":"2026-02-01T21:48:22+00:00","twitter_card":"summary_large_image","twitter_misc":{"Tempo di lettura stimato":"7 minuti"},"schema":{"@context":"https:\/\/schema.org","@graph":[{"@type":"WebPage","@id":"https:\/\/loshopdicamilla.net\/it\/spedizione-consegna-e-recesso\/","url":"https:\/\/loshopdicamilla.net\/it\/spedizione-consegna-e-recesso\/","name":"Spedizione, Consegna e Recesso - Lo Shop di Camilla","isPartOf":{"@id":"https:\/\/loshopdicamilla.net\/it\/#website"},"datePublished":"2021-05-02T21:01:27+00:00","dateModified":"2026-02-01T21:48:22+00:00","description":"Spedizione, Consegna e Recesso: le istruzioni e il regolamento completo dello Shop di Camilla. Leggi di pi\u00f9.","breadcrumb":{"@id":"https:\/\/loshopdicamilla.net\/it\/spedizione-consegna-e-recesso\/#breadcrumb"},"inLanguage":"it-IT","potentialAction":[{"@type":"ReadAction","target":["https:\/\/loshopdicamilla.net\/it\/spedizione-consegna-e-recesso\/"]}]},{"@type":"BreadcrumbList","@id":"https:\/\/loshopdicamilla.net\/it\/spedizione-consegna-e-recesso\/#breadcrumb","itemListElement":[{"@type":"ListItem","position":1,"name":"Home","item":"https:\/\/loshopdicamilla.net\/it\/"},{"@type":"ListItem","position":2,"name":"Spedizione, Consegna e Recesso"}]},{"@type":"WebSite","@id":"https:\/\/loshopdicamilla.net\/it\/#website","url":"https:\/\/loshopdicamilla.net\/it\/","name":"Lo Shop di Camilla","description":"Idee Originalit\u00e0 Simpatia","potentialAction":[{"@type":"SearchAction","target":{"@type":"EntryPoint","urlTemplate":"https:\/\/loshopdicamilla.net\/it\/?s={search_term_string}"},"query-input":{"@type":"PropertyValueSpecification","valueRequired":true,"valueName":"search_term_string"}}],"inLanguage":"it-IT"}]}},"jetpack-related-posts":[],"jetpack_sharing_enabled":true,"_links":{"self":[{"href":"https:\/\/loshopdicamilla.net\/it\/wp-json\/wp\/v2\/pages\/627","targetHints":{"allow":["GET"]}}],"collection":[{"href":"https:\/\/loshopdicamilla.net\/it\/wp-json\/wp\/v2\/pages"}],"about":[{"href":"https:\/\/loshopdicamilla.net\/it\/wp-json\/wp\/v2\/types\/page"}],"author":[{"embeddable":true,"href":"https:\/\/loshopdicamilla.net\/it\/wp-json\/wp\/v2\/users\/2"}],"replies":[{"embeddable":true,"href":"https:\/\/loshopdicamilla.net\/it\/wp-json\/wp\/v2\/comments?post=627"}],"version-history":[{"count":4,"href":"https:\/\/loshopdicamilla.net\/it\/wp-json\/wp\/v2\/pages\/627\/revisions"}],"predecessor-version":[{"id":3816,"href":"https:\/\/loshopdicamilla.net\/it\/wp-json\/wp\/v2\/pages\/627\/revisions\/3816"}],"wp:attachment":[{"href":"https:\/\/loshopdicamilla.net\/it\/wp-json\/wp\/v2\/media?parent=627"}],"curies":[{"name":"wp","href":"https:\/\/api.w.org\/{rel}","templated":true}]}}