{"id":597,"date":"2021-05-02T19:44:52","date_gmt":"2021-05-02T19:44:52","guid":{"rendered":"https:\/\/loshopdicamilla.net\/?page_id=597"},"modified":"2022-01-16T20:05:29","modified_gmt":"2022-01-16T20:05:29","slug":"come-acquistare","status":"publish","type":"page","link":"https:\/\/loshopdicamilla.net\/it\/come-acquistare\/","title":{"rendered":"Come Acquistare"},"content":{"rendered":"<p>[et_pb_section fb_built=&#8221;1&#8243; _builder_version=&#8221;4.14.6&#8243; _module_preset=&#8221;default&#8221; hover_enabled=&#8221;0&#8243; global_colors_info=&#8221;{}&#8221; sticky_enabled=&#8221;0&#8243;][et_pb_row _builder_version=&#8221;4.9.4&#8243; _module_preset=&#8221;default&#8221; global_colors_info=&#8221;{}&#8221;][et_pb_column type=&#8221;4_4&#8243; _builder_version=&#8221;4.9.4&#8243; _module_preset=&#8221;default&#8221; global_colors_info=&#8221;{}&#8221;][et_pb_text _builder_version=&#8221;4.9.4&#8243; _module_preset=&#8221;default&#8221; global_colors_info=&#8221;{}&#8221;]<\/p>\n<h3><strong>Acquistare nello Shop di Camilla \u00e8 Semplice e Piacevole.<\/strong><\/h3>\n<p>[\/et_pb_text][et_pb_text _builder_version=&#8221;4.9.4&#8243; _module_preset=&#8221;default&#8221; global_colors_info=&#8221;{}&#8221;]<\/p>\n<p>Cosa pu\u00f2 esserci di pi\u00f9 semplice? Scorri il catalogo e naviga le categorie tematiche per trovare iprodotti che ti interessano, oppure cercali inserendo le parole chiave nel campo di ricerca, o ancora clicca sui banner e sulle foto presenti nella Home Page per ritrovarti direttamente a consultare il prodotto che ti ha colpito. Se poi ti pace clicca su aggiungi al carrello, esattamente come fai al supermercato.<\/p>\n<p>Se invece vuoi appartare le tue scelte per riconsultarle in un secondo momento e decidere con calma se acquistarle o meno non devi fare altro che aggiungerle alla &#8220;Lista dei desideri&#8221;.<\/p>\n<p>Una volta inseriti i prodotti che vuoi acquistare non devi fare altro che concludere l&#8217;acquisto seguendo la<strong> procedura guidata<\/strong>. Vedrai: \u00e8 facile e divertente!<\/p>\n<p>Per completare la procedura dovrai registrarti e pagare i prodotti. Per le modalit\u00e0 di pagamento consulta l&#8217;apposita sezione. Non dimenticare di consultare anche le <strong>Condizioni Generali di Vendita<\/strong> e la nostra <strong>Privacy Policy<\/strong>: sono molto importanti.<\/p>\n<p>Una volta concluso l&#8217;acquisto (col pagamento) la merce ti verr\u00e0 spedita con corriere espresso. Ricorda che puoi sempre restituire la merce acquistata entro 30 giorni dal ricevimento (vedi la sezione relativa a <strong>Recesso e Resi<\/strong> per maggiori informazioni).<\/p>\n<p><em><strong>Cosa aspetti, comincia a navigare!!<\/strong><\/em><\/p>\n<p>[\/et_pb_text][\/et_pb_column][\/et_pb_row][\/et_pb_section]<\/p>\n<span class=\"et_bloom_bottom_trigger\"><\/span>","protected":false},"excerpt":{"rendered":"<p>Acquistare nello Shop di Camilla \u00e8 Semplice e Piacevole.Cosa pu\u00f2 esserci di pi\u00f9 semplice? Scorri il catalogo e naviga le categorie tematiche per trovare iprodotti che ti interessano, oppure cercali inserendo le parole chiave nel campo di ricerca, o ancora clicca sui banner e sulle foto presenti nella Home Page per ritrovarti direttamente a consultare [&hellip;]<\/p>\n","protected":false},"author":2,"featured_media":0,"parent":0,"menu_order":0,"comment_status":"closed","ping_status":"closed","template":"","meta":{"_et_pb_use_builder":"on","_et_pb_old_content":"","_et_gb_content_width":"","footnotes":""},"class_list":["post-597","page","type-page","status-publish","hentry"],"yoast_head":"<!-- This site is optimized with the Yoast SEO plugin v26.5 - https:\/\/yoast.com\/wordpress\/plugins\/seo\/ -->\n<title>Come Acquistare - Lo Shop di Camilla<\/title>\n<meta name=\"robots\" content=\"index, follow, max-snippet:-1, max-image-preview:large, max-video-preview:-1\" \/>\n<link rel=\"canonical\" href=\"https:\/\/loshopdicamilla.net\/it\/come-acquistare\/\" \/>\n<meta property=\"og:locale\" content=\"it_IT\" \/>\n<meta property=\"og:type\" content=\"article\" \/>\n<meta property=\"og:title\" content=\"Come Acquistare - Lo Shop di Camilla\" \/>\n<meta property=\"og:description\" content=\"Acquistare nello Shop di Camilla \u00e8 Semplice e Piacevole.Cosa pu\u00f2 esserci di pi\u00f9 semplice? Scorri il catalogo e naviga le categorie tematiche per trovare iprodotti che ti interessano, oppure cercali inserendo le parole chiave nel campo di ricerca, o ancora clicca sui banner e sulle foto presenti nella Home Page per ritrovarti direttamente a consultare [&hellip;]\" \/>\n<meta property=\"og:url\" content=\"https:\/\/loshopdicamilla.net\/it\/come-acquistare\/\" \/>\n<meta property=\"og:site_name\" content=\"Lo Shop di Camilla\" \/>\n<meta property=\"article:modified_time\" content=\"2022-01-16T20:05:29+00:00\" \/>\n<meta name=\"twitter:card\" content=\"summary_large_image\" \/>\n<script type=\"application\/ld+json\" class=\"yoast-schema-graph\">{\"@context\":\"https:\/\/schema.org\",\"@graph\":[{\"@type\":\"WebPage\",\"@id\":\"https:\/\/loshopdicamilla.net\/it\/come-acquistare\/\",\"url\":\"https:\/\/loshopdicamilla.net\/it\/come-acquistare\/\",\"name\":\"Come Acquistare - Lo Shop di Camilla\",\"isPartOf\":{\"@id\":\"https:\/\/loshopdicamilla.net\/it\/#website\"},\"datePublished\":\"2021-05-02T19:44:52+00:00\",\"dateModified\":\"2022-01-16T20:05:29+00:00\",\"breadcrumb\":{\"@id\":\"https:\/\/loshopdicamilla.net\/it\/come-acquistare\/#breadcrumb\"},\"inLanguage\":\"it-IT\",\"potentialAction\":[{\"@type\":\"ReadAction\",\"target\":[\"https:\/\/loshopdicamilla.net\/it\/come-acquistare\/\"]}]},{\"@type\":\"BreadcrumbList\",\"@id\":\"https:\/\/loshopdicamilla.net\/it\/come-acquistare\/#breadcrumb\",\"itemListElement\":[{\"@type\":\"ListItem\",\"position\":1,\"name\":\"Home\",\"item\":\"https:\/\/loshopdicamilla.net\/it\/\"},{\"@type\":\"ListItem\",\"position\":2,\"name\":\"Come Acquistare\"}]},{\"@type\":\"WebSite\",\"@id\":\"https:\/\/loshopdicamilla.net\/it\/#website\",\"url\":\"https:\/\/loshopdicamilla.net\/it\/\",\"name\":\"Lo Shop di Camilla\",\"description\":\"Idee Originalit\u00e0 Simpatia\",\"potentialAction\":[{\"@type\":\"SearchAction\",\"target\":{\"@type\":\"EntryPoint\",\"urlTemplate\":\"https:\/\/loshopdicamilla.net\/it\/?s={search_term_string}\"},\"query-input\":{\"@type\":\"PropertyValueSpecification\",\"valueRequired\":true,\"valueName\":\"search_term_string\"}}],\"inLanguage\":\"it-IT\"}]}<\/script>\n<!-- \/ Yoast SEO plugin. -->","yoast_head_json":{"title":"Come Acquistare - Lo Shop di Camilla","robots":{"index":"index","follow":"follow","max-snippet":"max-snippet:-1","max-image-preview":"max-image-preview:large","max-video-preview":"max-video-preview:-1"},"canonical":"https:\/\/loshopdicamilla.net\/it\/come-acquistare\/","og_locale":"it_IT","og_type":"article","og_title":"Come Acquistare - Lo Shop di Camilla","og_description":"Acquistare nello Shop di Camilla \u00e8 Semplice e Piacevole.Cosa pu\u00f2 esserci di pi\u00f9 semplice? Scorri il catalogo e naviga le categorie tematiche per trovare iprodotti che ti interessano, oppure cercali inserendo le parole chiave nel campo di ricerca, o ancora clicca sui banner e sulle foto presenti nella Home Page per ritrovarti direttamente a consultare [&hellip;]","og_url":"https:\/\/loshopdicamilla.net\/it\/come-acquistare\/","og_site_name":"Lo Shop di Camilla","article_modified_time":"2022-01-16T20:05:29+00:00","twitter_card":"summary_large_image","schema":{"@context":"https:\/\/schema.org","@graph":[{"@type":"WebPage","@id":"https:\/\/loshopdicamilla.net\/it\/come-acquistare\/","url":"https:\/\/loshopdicamilla.net\/it\/come-acquistare\/","name":"Come Acquistare - Lo Shop di Camilla","isPartOf":{"@id":"https:\/\/loshopdicamilla.net\/it\/#website"},"datePublished":"2021-05-02T19:44:52+00:00","dateModified":"2022-01-16T20:05:29+00:00","breadcrumb":{"@id":"https:\/\/loshopdicamilla.net\/it\/come-acquistare\/#breadcrumb"},"inLanguage":"it-IT","potentialAction":[{"@type":"ReadAction","target":["https:\/\/loshopdicamilla.net\/it\/come-acquistare\/"]}]},{"@type":"BreadcrumbList","@id":"https:\/\/loshopdicamilla.net\/it\/come-acquistare\/#breadcrumb","itemListElement":[{"@type":"ListItem","position":1,"name":"Home","item":"https:\/\/loshopdicamilla.net\/it\/"},{"@type":"ListItem","position":2,"name":"Come Acquistare"}]},{"@type":"WebSite","@id":"https:\/\/loshopdicamilla.net\/it\/#website","url":"https:\/\/loshopdicamilla.net\/it\/","name":"Lo Shop di Camilla","description":"Idee Originalit\u00e0 Simpatia","potentialAction":[{"@type":"SearchAction","target":{"@type":"EntryPoint","urlTemplate":"https:\/\/loshopdicamilla.net\/it\/?s={search_term_string}"},"query-input":{"@type":"PropertyValueSpecification","valueRequired":true,"valueName":"search_term_string"}}],"inLanguage":"it-IT"}]}},"jetpack-related-posts":[],"jetpack_sharing_enabled":true,"_links":{"self":[{"href":"https:\/\/loshopdicamilla.net\/it\/wp-json\/wp\/v2\/pages\/597","targetHints":{"allow":["GET"]}}],"collection":[{"href":"https:\/\/loshopdicamilla.net\/it\/wp-json\/wp\/v2\/pages"}],"about":[{"href":"https:\/\/loshopdicamilla.net\/it\/wp-json\/wp\/v2\/types\/page"}],"author":[{"embeddable":true,"href":"https:\/\/loshopdicamilla.net\/it\/wp-json\/wp\/v2\/users\/2"}],"replies":[{"embeddable":true,"href":"https:\/\/loshopdicamilla.net\/it\/wp-json\/wp\/v2\/comments?post=597"}],"version-history":[{"count":4,"href":"https:\/\/loshopdicamilla.net\/it\/wp-json\/wp\/v2\/pages\/597\/revisions"}],"predecessor-version":[{"id":2653,"href":"https:\/\/loshopdicamilla.net\/it\/wp-json\/wp\/v2\/pages\/597\/revisions\/2653"}],"wp:attachment":[{"href":"https:\/\/loshopdicamilla.net\/it\/wp-json\/wp\/v2\/media?parent=597"}],"curies":[{"name":"wp","href":"https:\/\/api.w.org\/{rel}","templated":true}]}}