{"id":3839,"date":"2026-02-03T21:17:08","date_gmt":"2026-02-03T21:17:08","guid":{"rendered":"https:\/\/loshopdicamilla.net\/?post_type=product&#038;p=3839"},"modified":"2026-02-03T21:32:37","modified_gmt":"2026-02-03T21:32:37","slug":"pulitore-iniettori-diesel-bullock-additivi","status":"publish","type":"product","link":"https:\/\/loshopdicamilla.net\/en\/prodotto\/pulitore-iniettori-diesel-bullock-additivi\/","title":{"rendered":"Pulitore Iniettori Diesel Bullock Additivi"},"content":{"rendered":"<div class=\"form-horizontal\">\n<div class=\"form-group\">\n<div>Il <strong>Pulitore Iniettori Diesel Bullock Additivi<\/strong> \u00e8 l&#8217;additivo per gasolio che rimuove i depositi sugli iniettori gi\u00e0 dal primo utilizzo per consentire l&#8217;ottimale polverizzazione del gasolio.<\/div>\n<div><\/div>\n<div class=\"col-md-12\">Grazie alla sua formula detergente concentrata con<strong> tecnologia Clean Up<\/strong>, <strong>Bullock Pulitore Iniettori Diesel<\/strong> rimuove i depositi sugli iniettori gi\u00e0 dal primo utilizzo per consentire l&#8217;ottimale polverizzazione del gasolio. Il prodotto \u00e8 efficace anche in caso di iniettori particolarmente intasati effettuando un&#8217;azione immediata. L&#8217;utilizzo all&#8217;occorrenza ripristina le prestazioni e l&#8217;efficienza originali del motore, riduce i consumi di carburante, le emissioni e i gas di scarico. Protegge l&#8217;intero sistema di alimentazione dalla corrosione e dalla ruggine e riduce il regime minimo irregolare. Adatto a tutti i motori diesel compresi DI, IDI e common rail, il prodotto \u00e8 inoltre idoneo per i <strong>motori diesel dotati di tecnologia Start &amp; Stop<\/strong>. Efficace anche con i depositi derivanti da Bio-Diesel.<\/div>\n<\/div>\n<\/div>\n<div class=\"form-horizontal\">\n<div class=\"form-group\">\n<div class=\"col-md-12\">\n<h2><strong>Pulitore Iniettori Diesel, caratteristiche:<\/strong><\/h2>\n<\/div>\n<ul>\n<li class=\"col-md-12\">Marchio leader nel settore auto<\/li>\n<li class=\"col-md-12\">Prodotti 100% made in Italy<\/li>\n<li class=\"col-md-12\">Formule specifiche per rispondere ad ogni esigenza<\/li>\n<li class=\"col-md-12\">Prodotti testati e garantiti da Davide Valsecchi, pilota e commentatore televisivo<\/li>\n<li class=\"col-md-12\">Una gamma completa in grado di rispondere ai bisogni dell&#8217;automobilista nella cura del motore della propria auto.<\/li>\n<li class=\"col-md-12\">Azione preventiva: Prodotti che utilizzati regolarmente mantengono l&#8217;originale efficienza del motore<\/li>\n<li class=\"col-md-12\">Azione risolutiva: Prodotti utilizzati per risolvere un&#8217;esigenza specifica<\/li>\n<li class=\"col-md-12\">Azione migliorativa: Prodotti utilizzati per migliorare le performance della propria auto<\/li>\n<li class=\"col-md-12\">Innovazione &#8211; Performance &#8211; Protezione &#8211; Qualit\u00e0 &#8211; Affidabilit\u00e0 &#8211; Sicurezza<\/li>\n<li class=\"col-md-12\">L&#8217;additivo con una marcia in pi\u00f9<\/li>\n<\/ul>\n<div class=\"col-md-12\">\n<h3><b>Preparazione e uso<\/b><\/h3>\n<\/div>\n<div class=\"col-md-12\"><strong>Modalit\u00e0 d&#8217;uso<\/strong>: Per ottenere una migliore miscelazione con il carburante versare l&#8217;intero contenuto del flacone nel serbatoio prima di effettuare il rifornimento. 250 ml trattano un pieno di carburante (fino a 60lt). In caso di iniettori particolarmente intasati utilizzare il prodotto con almeno 20lt di carburante. Da utilizzare ogni 5.000 km in caso di iniettori leggermente sporchi; in caso di iniettori particolarmente sporchi utilizzare il prodotto per pi\u00f9 pieni consecutivi. Per conservare i risultati ottenuti si consiglia di effettuare un&#8217;azione manutentiva attraverso l&#8217;utilizzo del <a href=\"https:\/\/loshopdicamilla.net\/it\/prodotto\/bullock-trattamento-multifunzione-diesel\/\" target=\"_blank\" rel=\"noopener\"><strong>Bullock Trattamento Multifunzione Concentrato Diesel<\/strong><\/a>.<\/div>\n<\/div>\n<\/div>\n<div><\/div>\n<div><strong>Flacone da 250 ml<\/strong><\/div>\n<span class=\"et_bloom_bottom_trigger\"><\/span>","protected":false},"excerpt":{"rendered":"<p>Il <strong>Pulitore Iniettori Diesel Bullock Additivi<\/strong> \u00e8 l&#8217;additivo per gasolio che rimuove i depositi sugli iniettori gi\u00e0 dal primo utilizzo per consentire l&#8217;ottimale polverizzazione del gasolio.<\/p>\n<p><strong>Flacone da 250 ml<\/strong><\/p>\n","protected":false},"featured_media":3843,"comment_status":"open","ping_status":"closed","template":"","meta":{"_et_pb_use_builder":"","_et_pb_old_content":"","_et_gb_content_width":""},"product_brand":[788],"product_cat":[140],"product_tag":[145,144,142],"class_list":{"0":"post-3839","1":"product","2":"type-product","3":"status-publish","4":"has-post-thumbnail","6":"product_brand-bullock","7":"product_cat-additivi-benzina-e-gasolio","8":"product_tag-additivi-diesel","9":"product_tag-additivi-gasolio","10":"product_tag-bullock-additivi","11":"product_shipping_class-0-2-kg","13":"first","14":"instock","15":"taxable","16":"shipping-taxable","17":"purchasable","18":"product-type-simple"},"yoast_head":"<!-- This site is optimized with the Yoast SEO plugin v26.5 - https:\/\/yoast.com\/wordpress\/plugins\/seo\/ -->\n<title>Pulitore Iniettori Diesel Bullock Additivi - Lo Shop di Camilla<\/title>\n<meta name=\"description\" content=\"Il Pulitore Iniettori Diesel Bullock Additivi \u00e8 l&#039;additivo per gasolio che rimuove i depositi sugli iniettori gi\u00e0 dal primo utilizzo.. Scopri di pi\u00f9.\" \/>\n<meta name=\"robots\" content=\"index, follow, max-snippet:-1, max-image-preview:large, max-video-preview:-1\" \/>\n<link rel=\"canonical\" href=\"https:\/\/loshopdicamilla.net\/it\/prodotto\/pulitore-iniettori-diesel-bullock-additivi\/\" \/>\n<meta property=\"og:locale\" content=\"en_US\" \/>\n<meta property=\"og:type\" content=\"article\" \/>\n<meta property=\"og:title\" content=\"Pulitore Iniettori Diesel Bullock Additivi - Lo Shop di Camilla\" \/>\n<meta property=\"og:description\" content=\"Il Pulitore Iniettori Diesel Bullock Additivi \u00e8 l&#039;additivo per gasolio che rimuove i depositi sugli iniettori gi\u00e0 dal primo utilizzo.. Scopri di pi\u00f9.\" \/>\n<meta property=\"og:url\" content=\"https:\/\/loshopdicamilla.net\/it\/prodotto\/pulitore-iniettori-diesel-bullock-additivi\/\" \/>\n<meta property=\"og:site_name\" content=\"Lo Shop di Camilla\" \/>\n<meta property=\"article:modified_time\" content=\"2026-02-03T21:32:37+00:00\" \/>\n<meta property=\"og:image\" content=\"https:\/\/loshopdicamilla.net\/wp-content\/uploads\/2026\/02\/bullock-additivi-pulitore-iniettori-gasolio.webp\" \/>\n\t<meta property=\"og:image:width\" content=\"2400\" \/>\n\t<meta property=\"og:image:height\" content=\"2400\" \/>\n\t<meta property=\"og:image:type\" content=\"image\/webp\" \/>\n<meta name=\"twitter:card\" content=\"summary_large_image\" \/>\n<meta name=\"twitter:label1\" content=\"Est. reading time\" \/>\n\t<meta name=\"twitter:data1\" content=\"2 minutes\" \/>\n<script type=\"application\/ld+json\" class=\"yoast-schema-graph\">{\"@context\":\"https:\/\/schema.org\",\"@graph\":[{\"@type\":\"WebPage\",\"@id\":\"https:\/\/loshopdicamilla.net\/it\/prodotto\/pulitore-iniettori-diesel-bullock-additivi\/\",\"url\":\"https:\/\/loshopdicamilla.net\/it\/prodotto\/pulitore-iniettori-diesel-bullock-additivi\/\",\"name\":\"Pulitore Iniettori Diesel Bullock Additivi - Lo Shop di Camilla\",\"isPartOf\":{\"@id\":\"https:\/\/loshopdicamilla.net\/it\/#website\"},\"primaryImageOfPage\":{\"@id\":\"https:\/\/loshopdicamilla.net\/it\/prodotto\/pulitore-iniettori-diesel-bullock-additivi\/#primaryimage\"},\"image\":{\"@id\":\"https:\/\/loshopdicamilla.net\/it\/prodotto\/pulitore-iniettori-diesel-bullock-additivi\/#primaryimage\"},\"thumbnailUrl\":\"https:\/\/i0.wp.com\/loshopdicamilla.net\/wp-content\/uploads\/2026\/02\/bullock-additivi-pulitore-iniettori-gasolio.webp?fit=2400%2C2400&ssl=1\",\"datePublished\":\"2026-02-03T21:17:08+00:00\",\"dateModified\":\"2026-02-03T21:32:37+00:00\",\"description\":\"Il Pulitore Iniettori Diesel Bullock Additivi \u00e8 l'additivo per gasolio che rimuove i depositi sugli iniettori gi\u00e0 dal primo utilizzo.. Scopri di pi\u00f9.\",\"breadcrumb\":{\"@id\":\"https:\/\/loshopdicamilla.net\/it\/prodotto\/pulitore-iniettori-diesel-bullock-additivi\/#breadcrumb\"},\"inLanguage\":\"en-US\",\"potentialAction\":[{\"@type\":\"ReadAction\",\"target\":[\"https:\/\/loshopdicamilla.net\/it\/prodotto\/pulitore-iniettori-diesel-bullock-additivi\/\"]}]},{\"@type\":\"ImageObject\",\"inLanguage\":\"en-US\",\"@id\":\"https:\/\/loshopdicamilla.net\/it\/prodotto\/pulitore-iniettori-diesel-bullock-additivi\/#primaryimage\",\"url\":\"https:\/\/i0.wp.com\/loshopdicamilla.net\/wp-content\/uploads\/2026\/02\/bullock-additivi-pulitore-iniettori-gasolio.webp?fit=2400%2C2400&ssl=1\",\"contentUrl\":\"https:\/\/i0.wp.com\/loshopdicamilla.net\/wp-content\/uploads\/2026\/02\/bullock-additivi-pulitore-iniettori-gasolio.webp?fit=2400%2C2400&ssl=1\",\"width\":2400,\"height\":2400,\"caption\":\"Bullock Additivi Pulitore Iniettori Gasolio\"},{\"@type\":\"BreadcrumbList\",\"@id\":\"https:\/\/loshopdicamilla.net\/it\/prodotto\/pulitore-iniettori-diesel-bullock-additivi\/#breadcrumb\",\"itemListElement\":[{\"@type\":\"ListItem\",\"position\":1,\"name\":\"Home\",\"item\":\"https:\/\/loshopdicamilla.net\/en\/\"},{\"@type\":\"ListItem\",\"position\":2,\"name\":\"Shop\",\"item\":\"https:\/\/loshopdicamilla.net\/en\/shop\/\"},{\"@type\":\"ListItem\",\"position\":3,\"name\":\"Pulitore Iniettori Diesel Bullock Additivi\"}]},{\"@type\":\"WebSite\",\"@id\":\"https:\/\/loshopdicamilla.net\/it\/#website\",\"url\":\"https:\/\/loshopdicamilla.net\/it\/\",\"name\":\"Lo Shop di Camilla\",\"description\":\"Idee Originalit\u00e0 Simpatia\",\"potentialAction\":[{\"@type\":\"SearchAction\",\"target\":{\"@type\":\"EntryPoint\",\"urlTemplate\":\"https:\/\/loshopdicamilla.net\/it\/?s={search_term_string}\"},\"query-input\":{\"@type\":\"PropertyValueSpecification\",\"valueRequired\":true,\"valueName\":\"search_term_string\"}}],\"inLanguage\":\"en-US\"}]}<\/script>\n<!-- \/ Yoast SEO plugin. -->","yoast_head_json":{"title":"Pulitore Iniettori Diesel Bullock Additivi - Lo Shop di Camilla","description":"Il Pulitore Iniettori Diesel Bullock Additivi \u00e8 l'additivo per gasolio che rimuove i depositi sugli iniettori gi\u00e0 dal primo utilizzo.. Scopri di pi\u00f9.","robots":{"index":"index","follow":"follow","max-snippet":"max-snippet:-1","max-image-preview":"max-image-preview:large","max-video-preview":"max-video-preview:-1"},"canonical":"https:\/\/loshopdicamilla.net\/it\/prodotto\/pulitore-iniettori-diesel-bullock-additivi\/","og_locale":"en_US","og_type":"article","og_title":"Pulitore Iniettori Diesel Bullock Additivi - Lo Shop di Camilla","og_description":"Il Pulitore Iniettori Diesel Bullock Additivi \u00e8 l'additivo per gasolio che rimuove i depositi sugli iniettori gi\u00e0 dal primo utilizzo.. Scopri di pi\u00f9.","og_url":"https:\/\/loshopdicamilla.net\/it\/prodotto\/pulitore-iniettori-diesel-bullock-additivi\/","og_site_name":"Lo Shop di Camilla","article_modified_time":"2026-02-03T21:32:37+00:00","og_image":[{"width":2400,"height":2400,"url":"https:\/\/loshopdicamilla.net\/wp-content\/uploads\/2026\/02\/bullock-additivi-pulitore-iniettori-gasolio.webp","type":"image\/webp"}],"twitter_card":"summary_large_image","twitter_misc":{"Est. reading time":"2 minutes"},"schema":{"@context":"https:\/\/schema.org","@graph":[{"@type":"WebPage","@id":"https:\/\/loshopdicamilla.net\/it\/prodotto\/pulitore-iniettori-diesel-bullock-additivi\/","url":"https:\/\/loshopdicamilla.net\/it\/prodotto\/pulitore-iniettori-diesel-bullock-additivi\/","name":"Pulitore Iniettori Diesel Bullock Additivi - Lo Shop di Camilla","isPartOf":{"@id":"https:\/\/loshopdicamilla.net\/it\/#website"},"primaryImageOfPage":{"@id":"https:\/\/loshopdicamilla.net\/it\/prodotto\/pulitore-iniettori-diesel-bullock-additivi\/#primaryimage"},"image":{"@id":"https:\/\/loshopdicamilla.net\/it\/prodotto\/pulitore-iniettori-diesel-bullock-additivi\/#primaryimage"},"thumbnailUrl":"https:\/\/i0.wp.com\/loshopdicamilla.net\/wp-content\/uploads\/2026\/02\/bullock-additivi-pulitore-iniettori-gasolio.webp?fit=2400%2C2400&ssl=1","datePublished":"2026-02-03T21:17:08+00:00","dateModified":"2026-02-03T21:32:37+00:00","description":"Il Pulitore Iniettori Diesel Bullock Additivi \u00e8 l'additivo per gasolio che rimuove i depositi sugli iniettori gi\u00e0 dal primo utilizzo.. Scopri di pi\u00f9.","breadcrumb":{"@id":"https:\/\/loshopdicamilla.net\/it\/prodotto\/pulitore-iniettori-diesel-bullock-additivi\/#breadcrumb"},"inLanguage":"en-US","potentialAction":[{"@type":"ReadAction","target":["https:\/\/loshopdicamilla.net\/it\/prodotto\/pulitore-iniettori-diesel-bullock-additivi\/"]}]},{"@type":"ImageObject","inLanguage":"en-US","@id":"https:\/\/loshopdicamilla.net\/it\/prodotto\/pulitore-iniettori-diesel-bullock-additivi\/#primaryimage","url":"https:\/\/i0.wp.com\/loshopdicamilla.net\/wp-content\/uploads\/2026\/02\/bullock-additivi-pulitore-iniettori-gasolio.webp?fit=2400%2C2400&ssl=1","contentUrl":"https:\/\/i0.wp.com\/loshopdicamilla.net\/wp-content\/uploads\/2026\/02\/bullock-additivi-pulitore-iniettori-gasolio.webp?fit=2400%2C2400&ssl=1","width":2400,"height":2400,"caption":"Bullock Additivi Pulitore Iniettori Gasolio"},{"@type":"BreadcrumbList","@id":"https:\/\/loshopdicamilla.net\/it\/prodotto\/pulitore-iniettori-diesel-bullock-additivi\/#breadcrumb","itemListElement":[{"@type":"ListItem","position":1,"name":"Home","item":"https:\/\/loshopdicamilla.net\/en\/"},{"@type":"ListItem","position":2,"name":"Shop","item":"https:\/\/loshopdicamilla.net\/en\/shop\/"},{"@type":"ListItem","position":3,"name":"Pulitore Iniettori Diesel Bullock Additivi"}]},{"@type":"WebSite","@id":"https:\/\/loshopdicamilla.net\/it\/#website","url":"https:\/\/loshopdicamilla.net\/it\/","name":"Lo Shop di Camilla","description":"Idee Originalit\u00e0 Simpatia","potentialAction":[{"@type":"SearchAction","target":{"@type":"EntryPoint","urlTemplate":"https:\/\/loshopdicamilla.net\/it\/?s={search_term_string}"},"query-input":{"@type":"PropertyValueSpecification","valueRequired":true,"valueName":"search_term_string"}}],"inLanguage":"en-US"}]}},"jetpack-related-posts":[],"jetpack_sharing_enabled":true,"_links":{"self":[{"href":"https:\/\/loshopdicamilla.net\/en\/wp-json\/wp\/v2\/product\/3839","targetHints":{"allow":["GET"]}}],"collection":[{"href":"https:\/\/loshopdicamilla.net\/en\/wp-json\/wp\/v2\/product"}],"about":[{"href":"https:\/\/loshopdicamilla.net\/en\/wp-json\/wp\/v2\/types\/product"}],"replies":[{"embeddable":true,"href":"https:\/\/loshopdicamilla.net\/en\/wp-json\/wp\/v2\/comments?post=3839"}],"wp:featuredmedia":[{"embeddable":true,"href":"https:\/\/loshopdicamilla.net\/en\/wp-json\/wp\/v2\/media\/3843"}],"wp:attachment":[{"href":"https:\/\/loshopdicamilla.net\/en\/wp-json\/wp\/v2\/media?parent=3839"}],"wp:term":[{"taxonomy":"product_brand","embeddable":true,"href":"https:\/\/loshopdicamilla.net\/en\/wp-json\/wp\/v2\/product_brand?post=3839"},{"taxonomy":"product_cat","embeddable":true,"href":"https:\/\/loshopdicamilla.net\/en\/wp-json\/wp\/v2\/product_cat?post=3839"},{"taxonomy":"product_tag","embeddable":true,"href":"https:\/\/loshopdicamilla.net\/en\/wp-json\/wp\/v2\/product_tag?post=3839"}],"curies":[{"name":"wp","href":"https:\/\/api.w.org\/{rel}","templated":true}]}}