{"id":3835,"date":"2026-02-03T20:42:30","date_gmt":"2026-02-03T20:42:30","guid":{"rendered":"https:\/\/loshopdicamilla.net\/?post_type=product&#038;p=3835"},"modified":"2026-02-03T21:30:56","modified_gmt":"2026-02-03T21:30:56","slug":"bullock-additivi-pulitore-iniettori-benzina","status":"publish","type":"product","link":"https:\/\/loshopdicamilla.net\/en\/prodotto\/bullock-additivi-pulitore-iniettori-benzina\/","title":{"rendered":"Bullock Additivi Pulitore Iniettori Benzina"},"content":{"rendered":"<p><strong>Pulitore Iniettori Benzina Bullock Additivi<\/strong> \u00e8 <strong>l&#8217;additivo<\/strong> che rimuove i depositi sugli iniettori gi\u00e0 dal primo utilizzo ripristinando la corretta erogazione del flusso della benzina.<\/p>\n<p>Grazie alla sua formula detergente concentrata con <strong>tecnologia Clean Up<\/strong>, <strong>Bullock Pulitore Iniettori Benzina<\/strong> rimuove i depositi sugli iniettori gi\u00e0 dal primo utilizzo ripristinando la corretta erogazione del flusso della benzina. Riduce e previene l&#8217;accumulo dei depositi sulle valvole di aspirazione e nella camera di combustione. Il prodotto \u00e8 efficace anche in caso di iniettori particolarmente intasati effettuando un&#8217;azione immediata. L&#8217;utilizzo all&#8217;occorrenza ripristina le prestazioni e l&#8217;efficienza originali del motore e contribuisce alla riduzione dei consumi di carburante, delle emissioni e dei gas di scarico. Il prodotto protegge l&#8217;intero sistema di alimentazione dalla corrosione e dalla ruggine e riduce il regime minimo irregolare. Adatto a tutti i motori classici\/moderni e a quelli dotati di convertitori catalitici, il prodotto \u00e8 inoltre idoneo per i <strong>motori benzina dotati di tecnologia Start &amp; Stop<\/strong>.<\/p>\n<h2><strong>Pulitore Iniettori Benzina, caratteristiche:<\/strong><\/h2>\n<ul>\n<li>Bullock, \u00e8 marchio leader nel settore auto<\/li>\n<li>prodotti 100% made in Italy<\/li>\n<li>formule specifiche per rispondere ad ogni esigenza<\/li>\n<li>prodotti testati e garantiti da Davide Valsecchi, pilota e commentatore televisivo<\/li>\n<li>una gamma completa in grado di rispondere ai bisogni dell&#8217;automobilista nella cura del motore della propria auto<\/li>\n<li>azione preventiva: prodotti che utilizzati regolarmente mantengono l&#8217;originale efficienza del motore<\/li>\n<li>azione risolutiva: prodotti utilizzati per risolvere un&#8217;esigenza specifica<\/li>\n<li>azione migliorativa: prodotti utilizzati per migliorare le performance della propria auto<\/li>\n<li>Le qualit\u00e0? Innovazione &#8211; Performance &#8211; Protezione &#8211; Qualit\u00e0 &#8211; Affidabilit\u00e0 &#8211; Sicurezza<\/li>\n<li>L&#8217;additivo con una marcia in pi\u00f9<\/li>\n<\/ul>\n<p>&nbsp;<\/p>\n<div class=\"col-md-12\">\n<h3><b>Preparazione e uso<\/b><\/h3>\n<\/div>\n<div class=\"col-md-12\"><strong>Modalit\u00e0 d&#8217;uso<\/strong>: Per ottenere una migliore miscelazione con il carburante versare l&#8217;intero contenuto del flacone nel serbatoio prima di effettuare il rifornimento. 250 ml trattano un pieno di carburante (fino a 60 It). In caso di iniettori particolarmente intasati utilizzare il prodotto con almeno 20 It di carburante. <strong>Da utilizzare ogni 5.000 km<\/strong> in caso di iniettori leggermente sporchi; in caso di iniettori particolarmente sporchi utilizzare il prodotto per pi\u00f9 pieni consecutivi. Per conservare i risultati ottenuti si consiglia di effettuare un&#8217;azione manutentiva attraverso l&#8217;utilizzo del <a href=\"https:\/\/loshopdicamilla.net\/it\/prodotto\/bullock-trattamento-multifunzione-benzina\/\" target=\"_blank\" rel=\"noopener\"><strong>Bullock Trattamento Multifunzione Concentrato Benzina<\/strong><\/a>.<\/div>\n<div><\/div>\n<div><strong>Flacone da 250 ml<\/strong><\/div>\n<span class=\"et_bloom_bottom_trigger\"><\/span>","protected":false},"excerpt":{"rendered":"<p><strong>Pulitore Iniettori Benzina Bullock Additivi<\/strong> \u00e8 <strong>l&#8217;additivo<\/strong> che rimuove i depositi sugli iniettori gi\u00e0 dal primo utilizzo ripristinando la corretta erogazione del flusso della benzina.<\/p>\n<p><strong>Flacone da 250 ml<\/strong><\/p>\n","protected":false},"featured_media":3836,"comment_status":"open","ping_status":"closed","template":"","meta":{"_et_pb_use_builder":"","_et_pb_old_content":"","_et_gb_content_width":""},"product_brand":[788],"product_cat":[140],"product_tag":[789,142],"class_list":{"0":"post-3835","1":"product","2":"type-product","3":"status-publish","4":"has-post-thumbnail","6":"product_brand-bullock","7":"product_cat-additivi-benzina-e-gasolio","8":"product_tag-additivi-benzina","9":"product_tag-bullock-additivi","10":"product_shipping_class-0-2-kg","12":"first","13":"instock","14":"taxable","15":"shipping-taxable","16":"purchasable","17":"product-type-simple"},"yoast_head":"<!-- This site is optimized with the Yoast SEO plugin v26.5 - https:\/\/yoast.com\/wordpress\/plugins\/seo\/ -->\n<title>Bullock Additivi Pulitore Iniettori Benzina - Lo Shop di Camilla<\/title>\n<meta name=\"description\" content=\"Pulitore Iniettori Benzina Bullock Additivi \u00e8 l&#039;additivo che rimuove i depositi sugli iniettori gi\u00e0 dal primo utilizzo. Scopri di pi\u00f9.\" \/>\n<meta name=\"robots\" content=\"index, follow, max-snippet:-1, max-image-preview:large, max-video-preview:-1\" \/>\n<link rel=\"canonical\" href=\"https:\/\/loshopdicamilla.net\/it\/prodotto\/bullock-additivi-pulitore-iniettori-benzina\/\" \/>\n<meta property=\"og:locale\" content=\"en_US\" \/>\n<meta property=\"og:type\" content=\"article\" \/>\n<meta property=\"og:title\" content=\"Bullock Additivi Pulitore Iniettori Benzina - Lo Shop di Camilla\" \/>\n<meta property=\"og:description\" content=\"Pulitore Iniettori Benzina Bullock Additivi \u00e8 l&#039;additivo che rimuove i depositi sugli iniettori gi\u00e0 dal primo utilizzo. Scopri di pi\u00f9.\" \/>\n<meta property=\"og:url\" content=\"https:\/\/loshopdicamilla.net\/it\/prodotto\/bullock-additivi-pulitore-iniettori-benzina\/\" \/>\n<meta property=\"og:site_name\" content=\"Lo Shop di Camilla\" \/>\n<meta property=\"article:modified_time\" content=\"2026-02-03T21:30:56+00:00\" \/>\n<meta property=\"og:image\" content=\"https:\/\/loshopdicamilla.net\/wp-content\/uploads\/2026\/02\/bullock-additivi-pulitore-iniettori-benzina.webp\" \/>\n\t<meta property=\"og:image:width\" content=\"2400\" \/>\n\t<meta property=\"og:image:height\" content=\"2400\" \/>\n\t<meta property=\"og:image:type\" content=\"image\/webp\" \/>\n<meta name=\"twitter:card\" content=\"summary_large_image\" \/>\n<meta name=\"twitter:label1\" content=\"Est. reading time\" \/>\n\t<meta name=\"twitter:data1\" content=\"3 minutes\" \/>\n<script type=\"application\/ld+json\" class=\"yoast-schema-graph\">{\"@context\":\"https:\/\/schema.org\",\"@graph\":[{\"@type\":\"WebPage\",\"@id\":\"https:\/\/loshopdicamilla.net\/it\/prodotto\/bullock-additivi-pulitore-iniettori-benzina\/\",\"url\":\"https:\/\/loshopdicamilla.net\/it\/prodotto\/bullock-additivi-pulitore-iniettori-benzina\/\",\"name\":\"Bullock Additivi Pulitore Iniettori Benzina - Lo Shop di Camilla\",\"isPartOf\":{\"@id\":\"https:\/\/loshopdicamilla.net\/it\/#website\"},\"primaryImageOfPage\":{\"@id\":\"https:\/\/loshopdicamilla.net\/it\/prodotto\/bullock-additivi-pulitore-iniettori-benzina\/#primaryimage\"},\"image\":{\"@id\":\"https:\/\/loshopdicamilla.net\/it\/prodotto\/bullock-additivi-pulitore-iniettori-benzina\/#primaryimage\"},\"thumbnailUrl\":\"https:\/\/i0.wp.com\/loshopdicamilla.net\/wp-content\/uploads\/2026\/02\/bullock-additivi-pulitore-iniettori-benzina.webp?fit=2400%2C2400&ssl=1\",\"datePublished\":\"2026-02-03T20:42:30+00:00\",\"dateModified\":\"2026-02-03T21:30:56+00:00\",\"description\":\"Pulitore Iniettori Benzina Bullock Additivi \u00e8 l'additivo che rimuove i depositi sugli iniettori gi\u00e0 dal primo utilizzo. Scopri di pi\u00f9.\",\"breadcrumb\":{\"@id\":\"https:\/\/loshopdicamilla.net\/it\/prodotto\/bullock-additivi-pulitore-iniettori-benzina\/#breadcrumb\"},\"inLanguage\":\"en-US\",\"potentialAction\":[{\"@type\":\"ReadAction\",\"target\":[\"https:\/\/loshopdicamilla.net\/it\/prodotto\/bullock-additivi-pulitore-iniettori-benzina\/\"]}]},{\"@type\":\"ImageObject\",\"inLanguage\":\"en-US\",\"@id\":\"https:\/\/loshopdicamilla.net\/it\/prodotto\/bullock-additivi-pulitore-iniettori-benzina\/#primaryimage\",\"url\":\"https:\/\/i0.wp.com\/loshopdicamilla.net\/wp-content\/uploads\/2026\/02\/bullock-additivi-pulitore-iniettori-benzina.webp?fit=2400%2C2400&ssl=1\",\"contentUrl\":\"https:\/\/i0.wp.com\/loshopdicamilla.net\/wp-content\/uploads\/2026\/02\/bullock-additivi-pulitore-iniettori-benzina.webp?fit=2400%2C2400&ssl=1\",\"width\":2400,\"height\":2400,\"caption\":\"Bullock Additivi Pulitore Iniettori Benzina\"},{\"@type\":\"BreadcrumbList\",\"@id\":\"https:\/\/loshopdicamilla.net\/it\/prodotto\/bullock-additivi-pulitore-iniettori-benzina\/#breadcrumb\",\"itemListElement\":[{\"@type\":\"ListItem\",\"position\":1,\"name\":\"Home\",\"item\":\"https:\/\/loshopdicamilla.net\/en\/\"},{\"@type\":\"ListItem\",\"position\":2,\"name\":\"Shop\",\"item\":\"https:\/\/loshopdicamilla.net\/en\/shop\/\"},{\"@type\":\"ListItem\",\"position\":3,\"name\":\"Bullock Additivi Pulitore Iniettori Benzina\"}]},{\"@type\":\"WebSite\",\"@id\":\"https:\/\/loshopdicamilla.net\/it\/#website\",\"url\":\"https:\/\/loshopdicamilla.net\/it\/\",\"name\":\"Lo Shop di Camilla\",\"description\":\"Idee Originalit\u00e0 Simpatia\",\"potentialAction\":[{\"@type\":\"SearchAction\",\"target\":{\"@type\":\"EntryPoint\",\"urlTemplate\":\"https:\/\/loshopdicamilla.net\/it\/?s={search_term_string}\"},\"query-input\":{\"@type\":\"PropertyValueSpecification\",\"valueRequired\":true,\"valueName\":\"search_term_string\"}}],\"inLanguage\":\"en-US\"}]}<\/script>\n<!-- \/ Yoast SEO plugin. -->","yoast_head_json":{"title":"Bullock Additivi Pulitore Iniettori Benzina - Lo Shop di Camilla","description":"Pulitore Iniettori Benzina Bullock Additivi \u00e8 l'additivo che rimuove i depositi sugli iniettori gi\u00e0 dal primo utilizzo. Scopri di pi\u00f9.","robots":{"index":"index","follow":"follow","max-snippet":"max-snippet:-1","max-image-preview":"max-image-preview:large","max-video-preview":"max-video-preview:-1"},"canonical":"https:\/\/loshopdicamilla.net\/it\/prodotto\/bullock-additivi-pulitore-iniettori-benzina\/","og_locale":"en_US","og_type":"article","og_title":"Bullock Additivi Pulitore Iniettori Benzina - Lo Shop di Camilla","og_description":"Pulitore Iniettori Benzina Bullock Additivi \u00e8 l'additivo che rimuove i depositi sugli iniettori gi\u00e0 dal primo utilizzo. Scopri di pi\u00f9.","og_url":"https:\/\/loshopdicamilla.net\/it\/prodotto\/bullock-additivi-pulitore-iniettori-benzina\/","og_site_name":"Lo Shop di Camilla","article_modified_time":"2026-02-03T21:30:56+00:00","og_image":[{"width":2400,"height":2400,"url":"https:\/\/loshopdicamilla.net\/wp-content\/uploads\/2026\/02\/bullock-additivi-pulitore-iniettori-benzina.webp","type":"image\/webp"}],"twitter_card":"summary_large_image","twitter_misc":{"Est. reading time":"3 minutes"},"schema":{"@context":"https:\/\/schema.org","@graph":[{"@type":"WebPage","@id":"https:\/\/loshopdicamilla.net\/it\/prodotto\/bullock-additivi-pulitore-iniettori-benzina\/","url":"https:\/\/loshopdicamilla.net\/it\/prodotto\/bullock-additivi-pulitore-iniettori-benzina\/","name":"Bullock Additivi Pulitore Iniettori Benzina - Lo Shop di Camilla","isPartOf":{"@id":"https:\/\/loshopdicamilla.net\/it\/#website"},"primaryImageOfPage":{"@id":"https:\/\/loshopdicamilla.net\/it\/prodotto\/bullock-additivi-pulitore-iniettori-benzina\/#primaryimage"},"image":{"@id":"https:\/\/loshopdicamilla.net\/it\/prodotto\/bullock-additivi-pulitore-iniettori-benzina\/#primaryimage"},"thumbnailUrl":"https:\/\/i0.wp.com\/loshopdicamilla.net\/wp-content\/uploads\/2026\/02\/bullock-additivi-pulitore-iniettori-benzina.webp?fit=2400%2C2400&ssl=1","datePublished":"2026-02-03T20:42:30+00:00","dateModified":"2026-02-03T21:30:56+00:00","description":"Pulitore Iniettori Benzina Bullock Additivi \u00e8 l'additivo che rimuove i depositi sugli iniettori gi\u00e0 dal primo utilizzo. Scopri di pi\u00f9.","breadcrumb":{"@id":"https:\/\/loshopdicamilla.net\/it\/prodotto\/bullock-additivi-pulitore-iniettori-benzina\/#breadcrumb"},"inLanguage":"en-US","potentialAction":[{"@type":"ReadAction","target":["https:\/\/loshopdicamilla.net\/it\/prodotto\/bullock-additivi-pulitore-iniettori-benzina\/"]}]},{"@type":"ImageObject","inLanguage":"en-US","@id":"https:\/\/loshopdicamilla.net\/it\/prodotto\/bullock-additivi-pulitore-iniettori-benzina\/#primaryimage","url":"https:\/\/i0.wp.com\/loshopdicamilla.net\/wp-content\/uploads\/2026\/02\/bullock-additivi-pulitore-iniettori-benzina.webp?fit=2400%2C2400&ssl=1","contentUrl":"https:\/\/i0.wp.com\/loshopdicamilla.net\/wp-content\/uploads\/2026\/02\/bullock-additivi-pulitore-iniettori-benzina.webp?fit=2400%2C2400&ssl=1","width":2400,"height":2400,"caption":"Bullock Additivi Pulitore Iniettori Benzina"},{"@type":"BreadcrumbList","@id":"https:\/\/loshopdicamilla.net\/it\/prodotto\/bullock-additivi-pulitore-iniettori-benzina\/#breadcrumb","itemListElement":[{"@type":"ListItem","position":1,"name":"Home","item":"https:\/\/loshopdicamilla.net\/en\/"},{"@type":"ListItem","position":2,"name":"Shop","item":"https:\/\/loshopdicamilla.net\/en\/shop\/"},{"@type":"ListItem","position":3,"name":"Bullock Additivi Pulitore Iniettori Benzina"}]},{"@type":"WebSite","@id":"https:\/\/loshopdicamilla.net\/it\/#website","url":"https:\/\/loshopdicamilla.net\/it\/","name":"Lo Shop di Camilla","description":"Idee Originalit\u00e0 Simpatia","potentialAction":[{"@type":"SearchAction","target":{"@type":"EntryPoint","urlTemplate":"https:\/\/loshopdicamilla.net\/it\/?s={search_term_string}"},"query-input":{"@type":"PropertyValueSpecification","valueRequired":true,"valueName":"search_term_string"}}],"inLanguage":"en-US"}]}},"jetpack-related-posts":[],"jetpack_sharing_enabled":true,"_links":{"self":[{"href":"https:\/\/loshopdicamilla.net\/en\/wp-json\/wp\/v2\/product\/3835","targetHints":{"allow":["GET"]}}],"collection":[{"href":"https:\/\/loshopdicamilla.net\/en\/wp-json\/wp\/v2\/product"}],"about":[{"href":"https:\/\/loshopdicamilla.net\/en\/wp-json\/wp\/v2\/types\/product"}],"replies":[{"embeddable":true,"href":"https:\/\/loshopdicamilla.net\/en\/wp-json\/wp\/v2\/comments?post=3835"}],"wp:featuredmedia":[{"embeddable":true,"href":"https:\/\/loshopdicamilla.net\/en\/wp-json\/wp\/v2\/media\/3836"}],"wp:attachment":[{"href":"https:\/\/loshopdicamilla.net\/en\/wp-json\/wp\/v2\/media?parent=3835"}],"wp:term":[{"taxonomy":"product_brand","embeddable":true,"href":"https:\/\/loshopdicamilla.net\/en\/wp-json\/wp\/v2\/product_brand?post=3835"},{"taxonomy":"product_cat","embeddable":true,"href":"https:\/\/loshopdicamilla.net\/en\/wp-json\/wp\/v2\/product_cat?post=3835"},{"taxonomy":"product_tag","embeddable":true,"href":"https:\/\/loshopdicamilla.net\/en\/wp-json\/wp\/v2\/product_tag?post=3835"}],"curies":[{"name":"wp","href":"https:\/\/api.w.org\/{rel}","templated":true}]}}