{"id":2703,"date":"2022-03-31T21:08:33","date_gmt":"2022-03-31T21:08:33","guid":{"rendered":"https:\/\/loshopdicamilla.net\/?post_type=product&#038;p=2703"},"modified":"2026-02-02T21:10:21","modified_gmt":"2026-02-02T21:10:21","slug":"vegas-vital-l-carnitin-3-pack-integratore-alimentare","status":"publish","type":"product","link":"https:\/\/loshopdicamilla.net\/en\/prodotto\/vegas-vital-l-carnitin-3-pack-integratore-alimentare\/","title":{"rendered":"Vegas Vital L-Carnitin 3 Pack Integratore Alimentare"},"content":{"rendered":"<p><strong>Vegas Vital L-Carnitin 3 Pack Perfect Body<\/strong> \u00e8 l&#8217;integratore alimentare di <strong>Vegas<\/strong>, a base di <strong>L-Carnitina<\/strong> e <strong>Guaran\u00e0<\/strong>, <strong>Gluten Free &amp; Vegan<\/strong>, studiato per aiutare la perdita di peso.<\/p>\n<p>L&#8217;offerta 3 Pack unisce alla qualit\u00e0 il risparmio, coprendo nel contempo un periodo di assunzione di 45 giorni.<\/p>\n<p><strong>L-Carnitine<\/strong> contribuisce alla perdita di peso attraverso la combinazione degli ingredienti <strong>L-Carnitina<\/strong> e <strong>Guaran\u00e0<\/strong>: il <strong>Guaran\u00e0<\/strong> stimola la degradazione dei lipidi nel nostro organismo, facilitando la perdita di peso, associando una dieta a basso contenuto di calorie; la L-Carnitina svolge un ruolo importante nel metabolismo, attivando la perdita di massa grassa accumulata e riducendo lo stoccaggio degli acidi grassi<\/p>\n<h2><strong>Vegas Vital L-Carnitin 3 Pack, caratteristiche:<\/strong><\/h2>\n<ol>\n<li>Stimola la degradazione dei lipidi e previene la ritenzione idrica. (1)<\/li>\n<li>Formula preziosa che contribuisce alla perdita di peso. (1)<\/li>\n<li>Contribuisce alla perdita di peso con una dieta a basso contributo calorico. (1)<\/li>\n<li>Senza glutine | Contiene caffeina<\/li>\n<\/ol>\n<p>(1) Guaran\u00e0<\/p>\n<h4><strong>Avvertenze<\/strong>:<\/h4>\n<p>Tenere fuori dalla portata dei bambini. Prodotto non raccomandato per donne in gravidanza o in periodo di allattamento.<\/p>\n<h4><strong>Dosaggio\u00a0 raccomandato:<\/strong><\/h4>\n<p>Prendere\u00a0 2\u00a0 fiale\u00a0 al\u00a0 giorno\u00a0\u00a0(una\u00a0 prima\u00a0 di\u00a0 colazione\u00a0 e\u00a0 l\u2019altra\u00a0 prima\u00a0 di\u00a0 cena)\u00a0 direttamente\u00a0 o\u00a0 sciolto\u00a0 in\u00a0 un\u00a0 bicchiere\u00a0 d\u2019acqua.<br \/>\nTogliere\u00a0 una\u00a0\u00a0fiala\u00a0 e\u00a0 agitarla\u00a0 prima\u00a0 di\u00a0 utilizzare.\u00a0 Per\u00a0 aprirla,\u00a0 rompere\u00a0\u00a0la\u00a0 parte\u00a0 superiore\u00a0 della\u00a0 fiala.<\/p>\n<table>\n<tbody>\n<tr>\n<td>\n<h4><strong>Ingredienti<\/strong><\/h4>\n<\/td>\n<td>\n<h4><strong>Dose Giornaliera<\/strong><\/h4>\n<\/td>\n<td>\n<h4><strong>% VRN*<\/strong><\/h4>\n<\/td>\n<\/tr>\n<tr>\n<td>L-carnitina L-tartrato<\/td>\n<td>3000mg<\/td>\n<td>**<\/td>\n<\/tr>\n<tr>\n<td>Polvere di frutto di ananas<br \/>\n(Ananas comosus L.)<\/td>\n<td>324mg<\/td>\n<td>**<\/td>\n<\/tr>\n<tr>\n<td>Estratto di semi di guaran\u00e0<br \/>\n(Paullinia cupana L.)<\/td>\n<td>250mg<\/td>\n<td>**<\/td>\n<\/tr>\n<\/tbody>\n<\/table>\n<p>*VRN = Percentuale della Razione Giornaliera Raccomandata, conforme al regolamento (UE)N\u00ba1169\/2011<br \/>\n**Non esistono Valori di Riferimento Nutrizionali(VRN)<\/p>\n<p><strong>Ingredienti:<\/strong>\u00a0Fruttosio, acqua, L-carnitina L-tartrato, polvere di frutto di ananas (Ananas comosus L.), estratto di semi di guaran\u00e0 (Paullinia cupana L.), conservante (sorbato di potassio), caffeina e ananas.<\/p>\n<h4><strong>Formati Disponibili:<\/strong><\/h4>\n<p class=\"panel-title\">Confezione da 300ml = 30 Sticks x 10ml<\/p>\n<span class=\"et_bloom_bottom_trigger\"><\/span>","protected":false},"excerpt":{"rendered":"<p><strong>Vegas Vital L-Carnitin Perfect Body<\/strong> \u00e8 l&#8217;integratore alimentare di <strong>Vegas<\/strong>, a base di <strong>L-Carnitina<\/strong> e <strong>Guaran\u00e0<\/strong>, <strong>Gluten Free &amp; Vegan<\/strong>, studiato per aiutare la perdita di peso.<\/p>\n<p><strong>Formato:\u00a0<\/strong>Confezione da 300ml = 30 Sticks x 10ml<\/p>\n","protected":false},"featured_media":2704,"comment_status":"open","ping_status":"closed","template":"","meta":{"_et_pb_use_builder":"","_et_pb_old_content":"","_et_gb_content_width":""},"product_brand":[783],"product_cat":[626,84],"product_tag":[784,628,619,629],"class_list":{"0":"post-2703","1":"product","2":"type-product","3":"status-publish","4":"has-post-thumbnail","6":"product_brand-vegas-vital","7":"product_cat-cura-del-corpo","8":"product_cat-salute-e-benessere","9":"product_tag-carnitina","10":"product_tag-integratori-alimentari","11":"product_tag-vegas","12":"product_tag-vegas-vital","14":"first","15":"instock","16":"sale","17":"taxable","18":"shipping-taxable","19":"purchasable","20":"product-type-simple"},"yoast_head":"<!-- This site is optimized with the Yoast SEO plugin v26.5 - https:\/\/yoast.com\/wordpress\/plugins\/seo\/ -->\n<title>Vegas Vital L-Carnitin 3 Pack Integratore Alimentare - Lo Shop di Camilla<\/title>\n<meta name=\"description\" content=\"Vegas Vital L-Carnitin 3 Pack Perfect Body \u00e8 l&#039;integratore alimentare di Vegas, a base di L-Carnitina e Guaran\u00e0. Scopri di pi\u00f9.\" \/>\n<meta name=\"robots\" content=\"index, follow, max-snippet:-1, max-image-preview:large, max-video-preview:-1\" \/>\n<link rel=\"canonical\" href=\"https:\/\/loshopdicamilla.net\/it\/prodotto\/vegas-vital-l-carnitin-3-pack-integratore-alimentare\/\" \/>\n<meta property=\"og:locale\" content=\"en_US\" \/>\n<meta property=\"og:type\" content=\"article\" \/>\n<meta property=\"og:title\" content=\"Vegas Vital L-Carnitin 3 Pack Integratore Alimentare - Lo Shop di Camilla\" \/>\n<meta property=\"og:description\" content=\"Vegas Vital L-Carnitin 3 Pack Perfect Body \u00e8 l&#039;integratore alimentare di Vegas, a base di L-Carnitina e Guaran\u00e0. Scopri di pi\u00f9.\" \/>\n<meta property=\"og:url\" content=\"https:\/\/loshopdicamilla.net\/it\/prodotto\/vegas-vital-l-carnitin-3-pack-integratore-alimentare\/\" \/>\n<meta property=\"og:site_name\" content=\"Lo Shop di Camilla\" \/>\n<meta property=\"article:modified_time\" content=\"2026-02-02T21:10:21+00:00\" \/>\n<meta property=\"og:image\" content=\"https:\/\/loshopdicamilla.net\/wp-content\/uploads\/2022\/03\/vegas-l-carnitin-multipack3.jpg\" \/>\n\t<meta property=\"og:image:width\" content=\"800\" \/>\n\t<meta property=\"og:image:height\" content=\"800\" \/>\n\t<meta property=\"og:image:type\" content=\"image\/jpeg\" \/>\n<meta name=\"twitter:card\" content=\"summary_large_image\" \/>\n<meta name=\"twitter:label1\" content=\"Est. reading time\" \/>\n\t<meta name=\"twitter:data1\" content=\"2 minutes\" \/>\n<script type=\"application\/ld+json\" class=\"yoast-schema-graph\">{\"@context\":\"https:\/\/schema.org\",\"@graph\":[{\"@type\":\"WebPage\",\"@id\":\"https:\/\/loshopdicamilla.net\/it\/prodotto\/vegas-vital-l-carnitin-3-pack-integratore-alimentare\/\",\"url\":\"https:\/\/loshopdicamilla.net\/it\/prodotto\/vegas-vital-l-carnitin-3-pack-integratore-alimentare\/\",\"name\":\"Vegas Vital L-Carnitin 3 Pack Integratore Alimentare - Lo Shop di Camilla\",\"isPartOf\":{\"@id\":\"https:\/\/loshopdicamilla.net\/it\/#website\"},\"primaryImageOfPage\":{\"@id\":\"https:\/\/loshopdicamilla.net\/it\/prodotto\/vegas-vital-l-carnitin-3-pack-integratore-alimentare\/#primaryimage\"},\"image\":{\"@id\":\"https:\/\/loshopdicamilla.net\/it\/prodotto\/vegas-vital-l-carnitin-3-pack-integratore-alimentare\/#primaryimage\"},\"thumbnailUrl\":\"https:\/\/i0.wp.com\/loshopdicamilla.net\/wp-content\/uploads\/2022\/03\/vegas-l-carnitin-multipack3.jpg?fit=800%2C800&ssl=1\",\"datePublished\":\"2022-03-31T21:08:33+00:00\",\"dateModified\":\"2026-02-02T21:10:21+00:00\",\"description\":\"Vegas Vital L-Carnitin 3 Pack Perfect Body \u00e8 l'integratore alimentare di Vegas, a base di L-Carnitina e Guaran\u00e0. Scopri di pi\u00f9.\",\"breadcrumb\":{\"@id\":\"https:\/\/loshopdicamilla.net\/it\/prodotto\/vegas-vital-l-carnitin-3-pack-integratore-alimentare\/#breadcrumb\"},\"inLanguage\":\"en-US\",\"potentialAction\":[{\"@type\":\"ReadAction\",\"target\":[\"https:\/\/loshopdicamilla.net\/it\/prodotto\/vegas-vital-l-carnitin-3-pack-integratore-alimentare\/\"]}]},{\"@type\":\"ImageObject\",\"inLanguage\":\"en-US\",\"@id\":\"https:\/\/loshopdicamilla.net\/it\/prodotto\/vegas-vital-l-carnitin-3-pack-integratore-alimentare\/#primaryimage\",\"url\":\"https:\/\/i0.wp.com\/loshopdicamilla.net\/wp-content\/uploads\/2022\/03\/vegas-l-carnitin-multipack3.jpg?fit=800%2C800&ssl=1\",\"contentUrl\":\"https:\/\/i0.wp.com\/loshopdicamilla.net\/wp-content\/uploads\/2022\/03\/vegas-l-carnitin-multipack3.jpg?fit=800%2C800&ssl=1\",\"width\":800,\"height\":800,\"caption\":\"Vegas Vital L-Carnitin 3 Pack Integratore Alimentare\"},{\"@type\":\"BreadcrumbList\",\"@id\":\"https:\/\/loshopdicamilla.net\/it\/prodotto\/vegas-vital-l-carnitin-3-pack-integratore-alimentare\/#breadcrumb\",\"itemListElement\":[{\"@type\":\"ListItem\",\"position\":1,\"name\":\"Home\",\"item\":\"https:\/\/loshopdicamilla.net\/en\/\"},{\"@type\":\"ListItem\",\"position\":2,\"name\":\"Shop\",\"item\":\"https:\/\/loshopdicamilla.net\/en\/shop\/\"},{\"@type\":\"ListItem\",\"position\":3,\"name\":\"Vegas Vital L-Carnitin 3 Pack Integratore Alimentare\"}]},{\"@type\":\"WebSite\",\"@id\":\"https:\/\/loshopdicamilla.net\/it\/#website\",\"url\":\"https:\/\/loshopdicamilla.net\/it\/\",\"name\":\"Lo Shop di Camilla\",\"description\":\"Idee Originalit\u00e0 Simpatia\",\"potentialAction\":[{\"@type\":\"SearchAction\",\"target\":{\"@type\":\"EntryPoint\",\"urlTemplate\":\"https:\/\/loshopdicamilla.net\/it\/?s={search_term_string}\"},\"query-input\":{\"@type\":\"PropertyValueSpecification\",\"valueRequired\":true,\"valueName\":\"search_term_string\"}}],\"inLanguage\":\"en-US\"}]}<\/script>\n<!-- \/ Yoast SEO plugin. -->","yoast_head_json":{"title":"Vegas Vital L-Carnitin 3 Pack Integratore Alimentare - Lo Shop di Camilla","description":"Vegas Vital L-Carnitin 3 Pack Perfect Body \u00e8 l'integratore alimentare di Vegas, a base di L-Carnitina e Guaran\u00e0. Scopri di pi\u00f9.","robots":{"index":"index","follow":"follow","max-snippet":"max-snippet:-1","max-image-preview":"max-image-preview:large","max-video-preview":"max-video-preview:-1"},"canonical":"https:\/\/loshopdicamilla.net\/it\/prodotto\/vegas-vital-l-carnitin-3-pack-integratore-alimentare\/","og_locale":"en_US","og_type":"article","og_title":"Vegas Vital L-Carnitin 3 Pack Integratore Alimentare - Lo Shop di Camilla","og_description":"Vegas Vital L-Carnitin 3 Pack Perfect Body \u00e8 l'integratore alimentare di Vegas, a base di L-Carnitina e Guaran\u00e0. Scopri di pi\u00f9.","og_url":"https:\/\/loshopdicamilla.net\/it\/prodotto\/vegas-vital-l-carnitin-3-pack-integratore-alimentare\/","og_site_name":"Lo Shop di Camilla","article_modified_time":"2026-02-02T21:10:21+00:00","og_image":[{"width":800,"height":800,"url":"https:\/\/loshopdicamilla.net\/wp-content\/uploads\/2022\/03\/vegas-l-carnitin-multipack3.jpg","type":"image\/jpeg"}],"twitter_card":"summary_large_image","twitter_misc":{"Est. reading time":"2 minutes"},"schema":{"@context":"https:\/\/schema.org","@graph":[{"@type":"WebPage","@id":"https:\/\/loshopdicamilla.net\/it\/prodotto\/vegas-vital-l-carnitin-3-pack-integratore-alimentare\/","url":"https:\/\/loshopdicamilla.net\/it\/prodotto\/vegas-vital-l-carnitin-3-pack-integratore-alimentare\/","name":"Vegas Vital L-Carnitin 3 Pack Integratore Alimentare - Lo Shop di Camilla","isPartOf":{"@id":"https:\/\/loshopdicamilla.net\/it\/#website"},"primaryImageOfPage":{"@id":"https:\/\/loshopdicamilla.net\/it\/prodotto\/vegas-vital-l-carnitin-3-pack-integratore-alimentare\/#primaryimage"},"image":{"@id":"https:\/\/loshopdicamilla.net\/it\/prodotto\/vegas-vital-l-carnitin-3-pack-integratore-alimentare\/#primaryimage"},"thumbnailUrl":"https:\/\/i0.wp.com\/loshopdicamilla.net\/wp-content\/uploads\/2022\/03\/vegas-l-carnitin-multipack3.jpg?fit=800%2C800&ssl=1","datePublished":"2022-03-31T21:08:33+00:00","dateModified":"2026-02-02T21:10:21+00:00","description":"Vegas Vital L-Carnitin 3 Pack Perfect Body \u00e8 l'integratore alimentare di Vegas, a base di L-Carnitina e Guaran\u00e0. Scopri di pi\u00f9.","breadcrumb":{"@id":"https:\/\/loshopdicamilla.net\/it\/prodotto\/vegas-vital-l-carnitin-3-pack-integratore-alimentare\/#breadcrumb"},"inLanguage":"en-US","potentialAction":[{"@type":"ReadAction","target":["https:\/\/loshopdicamilla.net\/it\/prodotto\/vegas-vital-l-carnitin-3-pack-integratore-alimentare\/"]}]},{"@type":"ImageObject","inLanguage":"en-US","@id":"https:\/\/loshopdicamilla.net\/it\/prodotto\/vegas-vital-l-carnitin-3-pack-integratore-alimentare\/#primaryimage","url":"https:\/\/i0.wp.com\/loshopdicamilla.net\/wp-content\/uploads\/2022\/03\/vegas-l-carnitin-multipack3.jpg?fit=800%2C800&ssl=1","contentUrl":"https:\/\/i0.wp.com\/loshopdicamilla.net\/wp-content\/uploads\/2022\/03\/vegas-l-carnitin-multipack3.jpg?fit=800%2C800&ssl=1","width":800,"height":800,"caption":"Vegas Vital L-Carnitin 3 Pack Integratore Alimentare"},{"@type":"BreadcrumbList","@id":"https:\/\/loshopdicamilla.net\/it\/prodotto\/vegas-vital-l-carnitin-3-pack-integratore-alimentare\/#breadcrumb","itemListElement":[{"@type":"ListItem","position":1,"name":"Home","item":"https:\/\/loshopdicamilla.net\/en\/"},{"@type":"ListItem","position":2,"name":"Shop","item":"https:\/\/loshopdicamilla.net\/en\/shop\/"},{"@type":"ListItem","position":3,"name":"Vegas Vital L-Carnitin 3 Pack Integratore Alimentare"}]},{"@type":"WebSite","@id":"https:\/\/loshopdicamilla.net\/it\/#website","url":"https:\/\/loshopdicamilla.net\/it\/","name":"Lo Shop di Camilla","description":"Idee Originalit\u00e0 Simpatia","potentialAction":[{"@type":"SearchAction","target":{"@type":"EntryPoint","urlTemplate":"https:\/\/loshopdicamilla.net\/it\/?s={search_term_string}"},"query-input":{"@type":"PropertyValueSpecification","valueRequired":true,"valueName":"search_term_string"}}],"inLanguage":"en-US"}]}},"jetpack-related-posts":[],"jetpack_sharing_enabled":true,"_links":{"self":[{"href":"https:\/\/loshopdicamilla.net\/en\/wp-json\/wp\/v2\/product\/2703","targetHints":{"allow":["GET"]}}],"collection":[{"href":"https:\/\/loshopdicamilla.net\/en\/wp-json\/wp\/v2\/product"}],"about":[{"href":"https:\/\/loshopdicamilla.net\/en\/wp-json\/wp\/v2\/types\/product"}],"replies":[{"embeddable":true,"href":"https:\/\/loshopdicamilla.net\/en\/wp-json\/wp\/v2\/comments?post=2703"}],"wp:featuredmedia":[{"embeddable":true,"href":"https:\/\/loshopdicamilla.net\/en\/wp-json\/wp\/v2\/media\/2704"}],"wp:attachment":[{"href":"https:\/\/loshopdicamilla.net\/en\/wp-json\/wp\/v2\/media?parent=2703"}],"wp:term":[{"taxonomy":"product_brand","embeddable":true,"href":"https:\/\/loshopdicamilla.net\/en\/wp-json\/wp\/v2\/product_brand?post=2703"},{"taxonomy":"product_cat","embeddable":true,"href":"https:\/\/loshopdicamilla.net\/en\/wp-json\/wp\/v2\/product_cat?post=2703"},{"taxonomy":"product_tag","embeddable":true,"href":"https:\/\/loshopdicamilla.net\/en\/wp-json\/wp\/v2\/product_tag?post=2703"}],"curies":[{"name":"wp","href":"https:\/\/api.w.org\/{rel}","templated":true}]}}