{"id":2678,"date":"2022-02-05T21:22:20","date_gmt":"2022-02-05T21:22:20","guid":{"rendered":"https:\/\/loshopdicamilla.net\/?post_type=product&#038;p=2678"},"modified":"2026-02-02T22:01:52","modified_gmt":"2026-02-02T22:01:52","slug":"vegas-cosmetics-aloe-vera-cleansing-foam","status":"publish","type":"product","link":"https:\/\/loshopdicamilla.net\/en\/prodotto\/vegas-cosmetics-aloe-vera-cleansing-foam\/","title":{"rendered":"Vegas Cosmetics Aloe Vera Cleansing Foam"},"content":{"rendered":"<p><strong>Vegas Cosmetics Aloe Vera Cleansing Foam<\/strong> \u00e8 una delicata schiuma da doccia, con 75% <strong>Aloe Vera Naturale<\/strong> di Coltivazione Biologica.<\/p>\n<p>Schiuma leggera per la pulizia delicata e profonda della pelle sensibile. Aloe vera, allantoina ed estratti di cotogno, leniscono la pelle stressata, garantendo idratazione e freschezza. Per una pelle levigata, morbida e rilassata.<\/p>\n<h2><strong>Aloe Vera Cleansing Foam, caratteristiche:<\/strong><\/h2>\n<ul>\n<li>Schiuma detergente soave per una pulizia delicata<\/li>\n<li>Ideale per pelli sensibili e miste<\/li>\n<li>Allantonia ed estratti di mela cotogna leniscono la pelle<\/li>\n<li>Contiene 75% di Aloe Vera Naturale<\/li>\n<\/ul>\n<h3><strong>Modo d&#8217;uso:<\/strong><\/h3>\n<p>Applicare una quantit\u00e0 ridotta di schiuma sulla pelle umida, massaggiando delicatamente il viso, il collo ed il d\u00e9collet\u00e9. Sciacquare con abbondante acqua tiepida, applicando in seguito la crema giorno o notte abituale.<\/p>\n<h3><strong>Ingredienti:<\/strong><\/h3>\n<p>Aloe Barbadensis Leaf Extract, Disodium Cocoamphodiacetate, Glycerin, Aqua, Decyl Glucoside, Cocamidopropyl Betaine, Polysorbate 20, Sodium, Cocoyl Glutamate, Propylene Glycol, Betaine, Parfum, Phenoxyethanol, Pyrus Cydonia Fruit Extract, Hamamelis Virginiana (Witch Hazel) Leaf Extract, Rosmarinus Officinalis (Rosemary) Leaf Extract, Salvia Officinalis (Sage) Leaf Extract, Thymus Vulgaris (Thyme) Flower\/Leaf Extract, Melissa Officinalis Leaf Extract, Allantoin, Ethylhexylglycerin, Citric Acid, Potassium Sorbate, Disodium Edta, Alpha- Isomethyl Ionone, Butylphenyl Methylpropional, Eugenol, Geraniol, Hexyl Cinnamal, Linalool.<\/p>\n<span class=\"et_bloom_bottom_trigger\"><\/span>","protected":false},"excerpt":{"rendered":"<p><strong>Vegas Cosmetics Aloe Vera Cleansing Foam<\/strong> \u00e8 una delicata schiuma da doccia, con 75% <strong>Aloe Vera Naturale<\/strong> di Coltivazione Biologica.<\/p>\n<p><strong>Confezione da 150 ml<\/strong><\/p>\n","protected":false},"featured_media":2679,"comment_status":"open","ping_status":"closed","template":"","meta":{"_et_pb_use_builder":"","_et_pb_old_content":"","_et_gb_content_width":""},"product_brand":[786],"product_cat":[626],"product_tag":[627,619,623],"class_list":{"0":"post-2678","1":"product","2":"type-product","3":"status-publish","4":"has-post-thumbnail","6":"product_brand-vegas-cosmetics","7":"product_cat-cura-del-corpo","8":"product_tag-aloe-vera","9":"product_tag-vegas","10":"product_tag-vegas-cosmetics","11":"product_shipping_class-0-2-kg","13":"first","14":"instock","15":"taxable","16":"shipping-taxable","17":"purchasable","18":"product-type-simple"},"yoast_head":"<!-- This site is optimized with the Yoast SEO plugin v26.5 - https:\/\/yoast.com\/wordpress\/plugins\/seo\/ -->\n<title>Vegas Cosmetics Aloe Vera Cleansing Foam - Lo Shop di Camilla<\/title>\n<meta name=\"description\" content=\"Vegas Cosmetics Aloe Vera Cleansing Foam \u00e8 una delicata schiuma da doccia, con 75% Aloe Vera Naturale di Coltivazione Biologica. Scopri di pi\u00f9\" \/>\n<meta name=\"robots\" content=\"index, follow, max-snippet:-1, max-image-preview:large, max-video-preview:-1\" \/>\n<link rel=\"canonical\" href=\"https:\/\/loshopdicamilla.net\/it\/prodotto\/vegas-cosmetics-aloe-vera-cleansing-foam\/\" \/>\n<meta property=\"og:locale\" content=\"en_US\" \/>\n<meta property=\"og:type\" content=\"article\" \/>\n<meta property=\"og:title\" content=\"Vegas Cosmetics Aloe Vera Cleansing Foam - Lo Shop di Camilla\" \/>\n<meta property=\"og:description\" content=\"Vegas Cosmetics Aloe Vera Cleansing Foam \u00e8 una delicata schiuma da doccia, con 75% Aloe Vera Naturale di Coltivazione Biologica. Scopri di pi\u00f9\" \/>\n<meta property=\"og:url\" content=\"https:\/\/loshopdicamilla.net\/it\/prodotto\/vegas-cosmetics-aloe-vera-cleansing-foam\/\" \/>\n<meta property=\"og:site_name\" content=\"Lo Shop di Camilla\" \/>\n<meta property=\"article:modified_time\" content=\"2026-02-02T22:01:52+00:00\" \/>\n<meta property=\"og:image\" content=\"https:\/\/loshopdicamilla.net\/wp-content\/uploads\/2022\/02\/vegas-aloe-vera-cleansing-foam.png\" \/>\n\t<meta property=\"og:image:width\" content=\"800\" \/>\n\t<meta property=\"og:image:height\" content=\"800\" \/>\n\t<meta property=\"og:image:type\" content=\"image\/png\" \/>\n<meta name=\"twitter:card\" content=\"summary_large_image\" \/>\n<meta name=\"twitter:label1\" content=\"Est. reading time\" \/>\n\t<meta name=\"twitter:data1\" content=\"2 minutes\" \/>\n<script type=\"application\/ld+json\" class=\"yoast-schema-graph\">{\"@context\":\"https:\/\/schema.org\",\"@graph\":[{\"@type\":\"WebPage\",\"@id\":\"https:\/\/loshopdicamilla.net\/it\/prodotto\/vegas-cosmetics-aloe-vera-cleansing-foam\/\",\"url\":\"https:\/\/loshopdicamilla.net\/it\/prodotto\/vegas-cosmetics-aloe-vera-cleansing-foam\/\",\"name\":\"Vegas Cosmetics Aloe Vera Cleansing Foam - Lo Shop di Camilla\",\"isPartOf\":{\"@id\":\"https:\/\/loshopdicamilla.net\/it\/#website\"},\"primaryImageOfPage\":{\"@id\":\"https:\/\/loshopdicamilla.net\/it\/prodotto\/vegas-cosmetics-aloe-vera-cleansing-foam\/#primaryimage\"},\"image\":{\"@id\":\"https:\/\/loshopdicamilla.net\/it\/prodotto\/vegas-cosmetics-aloe-vera-cleansing-foam\/#primaryimage\"},\"thumbnailUrl\":\"https:\/\/i0.wp.com\/loshopdicamilla.net\/wp-content\/uploads\/2022\/02\/vegas-aloe-vera-cleansing-foam.png?fit=800%2C800&ssl=1\",\"datePublished\":\"2022-02-05T21:22:20+00:00\",\"dateModified\":\"2026-02-02T22:01:52+00:00\",\"description\":\"Vegas Cosmetics Aloe Vera Cleansing Foam \u00e8 una delicata schiuma da doccia, con 75% Aloe Vera Naturale di Coltivazione Biologica. Scopri di pi\u00f9\",\"breadcrumb\":{\"@id\":\"https:\/\/loshopdicamilla.net\/it\/prodotto\/vegas-cosmetics-aloe-vera-cleansing-foam\/#breadcrumb\"},\"inLanguage\":\"en-US\",\"potentialAction\":[{\"@type\":\"ReadAction\",\"target\":[\"https:\/\/loshopdicamilla.net\/it\/prodotto\/vegas-cosmetics-aloe-vera-cleansing-foam\/\"]}]},{\"@type\":\"ImageObject\",\"inLanguage\":\"en-US\",\"@id\":\"https:\/\/loshopdicamilla.net\/it\/prodotto\/vegas-cosmetics-aloe-vera-cleansing-foam\/#primaryimage\",\"url\":\"https:\/\/i0.wp.com\/loshopdicamilla.net\/wp-content\/uploads\/2022\/02\/vegas-aloe-vera-cleansing-foam.png?fit=800%2C800&ssl=1\",\"contentUrl\":\"https:\/\/i0.wp.com\/loshopdicamilla.net\/wp-content\/uploads\/2022\/02\/vegas-aloe-vera-cleansing-foam.png?fit=800%2C800&ssl=1\",\"width\":800,\"height\":800,\"caption\":\"Vegas Cosmetics Aloe Vera Cleansing Foam\"},{\"@type\":\"BreadcrumbList\",\"@id\":\"https:\/\/loshopdicamilla.net\/it\/prodotto\/vegas-cosmetics-aloe-vera-cleansing-foam\/#breadcrumb\",\"itemListElement\":[{\"@type\":\"ListItem\",\"position\":1,\"name\":\"Home\",\"item\":\"https:\/\/loshopdicamilla.net\/en\/\"},{\"@type\":\"ListItem\",\"position\":2,\"name\":\"Shop\",\"item\":\"https:\/\/loshopdicamilla.net\/en\/shop\/\"},{\"@type\":\"ListItem\",\"position\":3,\"name\":\"Vegas Cosmetics Aloe Vera Cleansing Foam\"}]},{\"@type\":\"WebSite\",\"@id\":\"https:\/\/loshopdicamilla.net\/it\/#website\",\"url\":\"https:\/\/loshopdicamilla.net\/it\/\",\"name\":\"Lo Shop di Camilla\",\"description\":\"Idee Originalit\u00e0 Simpatia\",\"potentialAction\":[{\"@type\":\"SearchAction\",\"target\":{\"@type\":\"EntryPoint\",\"urlTemplate\":\"https:\/\/loshopdicamilla.net\/it\/?s={search_term_string}\"},\"query-input\":{\"@type\":\"PropertyValueSpecification\",\"valueRequired\":true,\"valueName\":\"search_term_string\"}}],\"inLanguage\":\"en-US\"}]}<\/script>\n<!-- \/ Yoast SEO plugin. -->","yoast_head_json":{"title":"Vegas Cosmetics Aloe Vera Cleansing Foam - Lo Shop di Camilla","description":"Vegas Cosmetics Aloe Vera Cleansing Foam \u00e8 una delicata schiuma da doccia, con 75% Aloe Vera Naturale di Coltivazione Biologica. Scopri di pi\u00f9","robots":{"index":"index","follow":"follow","max-snippet":"max-snippet:-1","max-image-preview":"max-image-preview:large","max-video-preview":"max-video-preview:-1"},"canonical":"https:\/\/loshopdicamilla.net\/it\/prodotto\/vegas-cosmetics-aloe-vera-cleansing-foam\/","og_locale":"en_US","og_type":"article","og_title":"Vegas Cosmetics Aloe Vera Cleansing Foam - Lo Shop di Camilla","og_description":"Vegas Cosmetics Aloe Vera Cleansing Foam \u00e8 una delicata schiuma da doccia, con 75% Aloe Vera Naturale di Coltivazione Biologica. Scopri di pi\u00f9","og_url":"https:\/\/loshopdicamilla.net\/it\/prodotto\/vegas-cosmetics-aloe-vera-cleansing-foam\/","og_site_name":"Lo Shop di Camilla","article_modified_time":"2026-02-02T22:01:52+00:00","og_image":[{"width":800,"height":800,"url":"https:\/\/loshopdicamilla.net\/wp-content\/uploads\/2022\/02\/vegas-aloe-vera-cleansing-foam.png","type":"image\/png"}],"twitter_card":"summary_large_image","twitter_misc":{"Est. reading time":"2 minutes"},"schema":{"@context":"https:\/\/schema.org","@graph":[{"@type":"WebPage","@id":"https:\/\/loshopdicamilla.net\/it\/prodotto\/vegas-cosmetics-aloe-vera-cleansing-foam\/","url":"https:\/\/loshopdicamilla.net\/it\/prodotto\/vegas-cosmetics-aloe-vera-cleansing-foam\/","name":"Vegas Cosmetics Aloe Vera Cleansing Foam - Lo Shop di Camilla","isPartOf":{"@id":"https:\/\/loshopdicamilla.net\/it\/#website"},"primaryImageOfPage":{"@id":"https:\/\/loshopdicamilla.net\/it\/prodotto\/vegas-cosmetics-aloe-vera-cleansing-foam\/#primaryimage"},"image":{"@id":"https:\/\/loshopdicamilla.net\/it\/prodotto\/vegas-cosmetics-aloe-vera-cleansing-foam\/#primaryimage"},"thumbnailUrl":"https:\/\/i0.wp.com\/loshopdicamilla.net\/wp-content\/uploads\/2022\/02\/vegas-aloe-vera-cleansing-foam.png?fit=800%2C800&ssl=1","datePublished":"2022-02-05T21:22:20+00:00","dateModified":"2026-02-02T22:01:52+00:00","description":"Vegas Cosmetics Aloe Vera Cleansing Foam \u00e8 una delicata schiuma da doccia, con 75% Aloe Vera Naturale di Coltivazione Biologica. Scopri di pi\u00f9","breadcrumb":{"@id":"https:\/\/loshopdicamilla.net\/it\/prodotto\/vegas-cosmetics-aloe-vera-cleansing-foam\/#breadcrumb"},"inLanguage":"en-US","potentialAction":[{"@type":"ReadAction","target":["https:\/\/loshopdicamilla.net\/it\/prodotto\/vegas-cosmetics-aloe-vera-cleansing-foam\/"]}]},{"@type":"ImageObject","inLanguage":"en-US","@id":"https:\/\/loshopdicamilla.net\/it\/prodotto\/vegas-cosmetics-aloe-vera-cleansing-foam\/#primaryimage","url":"https:\/\/i0.wp.com\/loshopdicamilla.net\/wp-content\/uploads\/2022\/02\/vegas-aloe-vera-cleansing-foam.png?fit=800%2C800&ssl=1","contentUrl":"https:\/\/i0.wp.com\/loshopdicamilla.net\/wp-content\/uploads\/2022\/02\/vegas-aloe-vera-cleansing-foam.png?fit=800%2C800&ssl=1","width":800,"height":800,"caption":"Vegas Cosmetics Aloe Vera Cleansing Foam"},{"@type":"BreadcrumbList","@id":"https:\/\/loshopdicamilla.net\/it\/prodotto\/vegas-cosmetics-aloe-vera-cleansing-foam\/#breadcrumb","itemListElement":[{"@type":"ListItem","position":1,"name":"Home","item":"https:\/\/loshopdicamilla.net\/en\/"},{"@type":"ListItem","position":2,"name":"Shop","item":"https:\/\/loshopdicamilla.net\/en\/shop\/"},{"@type":"ListItem","position":3,"name":"Vegas Cosmetics Aloe Vera Cleansing Foam"}]},{"@type":"WebSite","@id":"https:\/\/loshopdicamilla.net\/it\/#website","url":"https:\/\/loshopdicamilla.net\/it\/","name":"Lo Shop di Camilla","description":"Idee Originalit\u00e0 Simpatia","potentialAction":[{"@type":"SearchAction","target":{"@type":"EntryPoint","urlTemplate":"https:\/\/loshopdicamilla.net\/it\/?s={search_term_string}"},"query-input":{"@type":"PropertyValueSpecification","valueRequired":true,"valueName":"search_term_string"}}],"inLanguage":"en-US"}]}},"jetpack-related-posts":[],"jetpack_sharing_enabled":true,"_links":{"self":[{"href":"https:\/\/loshopdicamilla.net\/en\/wp-json\/wp\/v2\/product\/2678","targetHints":{"allow":["GET"]}}],"collection":[{"href":"https:\/\/loshopdicamilla.net\/en\/wp-json\/wp\/v2\/product"}],"about":[{"href":"https:\/\/loshopdicamilla.net\/en\/wp-json\/wp\/v2\/types\/product"}],"replies":[{"embeddable":true,"href":"https:\/\/loshopdicamilla.net\/en\/wp-json\/wp\/v2\/comments?post=2678"}],"wp:featuredmedia":[{"embeddable":true,"href":"https:\/\/loshopdicamilla.net\/en\/wp-json\/wp\/v2\/media\/2679"}],"wp:attachment":[{"href":"https:\/\/loshopdicamilla.net\/en\/wp-json\/wp\/v2\/media?parent=2678"}],"wp:term":[{"taxonomy":"product_brand","embeddable":true,"href":"https:\/\/loshopdicamilla.net\/en\/wp-json\/wp\/v2\/product_brand?post=2678"},{"taxonomy":"product_cat","embeddable":true,"href":"https:\/\/loshopdicamilla.net\/en\/wp-json\/wp\/v2\/product_cat?post=2678"},{"taxonomy":"product_tag","embeddable":true,"href":"https:\/\/loshopdicamilla.net\/en\/wp-json\/wp\/v2\/product_tag?post=2678"}],"curies":[{"name":"wp","href":"https:\/\/api.w.org\/{rel}","templated":true}]}}